{"id":32512,"date":"2023-08-02T08:42:01","date_gmt":"2023-08-02T08:42:01","guid":{"rendered":"https:\/\/www.erplybooks.com\/integracijos\/"},"modified":"2024-04-09T11:13:07","modified_gmt":"2024-04-09T11:13:07","slug":"integracijos","status":"publish","type":"page","link":"https:\/\/www.erplybooks.com\/lt\/integracijos\/","title":{"rendered":"Integracijos"},"content":{"rendered":"<p>[et_pb_section fb_built=\u201c1&#8243; custom_padding_last_edited=\u201con|phone\u201c disabled_on=\u201coff|off|off\u201c admin_label=\u201cIntegratsioonid\u201c module_class=\u201csec-inte\u201c _builder_version=\u201c4.9.7&#8243; _module_preset=\u201cdefault\u201c custom_padding=\u201c41px||||false|false\u201c custom_padding_tablet=\u201c\u201c custom_padding_phone=\u201c20px||20px||true|false\u201c collapsed=\u201coff\u201c][et_pb_row custom_padding_last_edited=\u201con|tablet\u201c admin_label=\u201cRow\u201c _builder_version=\u201c4.9.7&#8243; _module_preset=\u201cdefault\u201c width=\u201c95%\u201c width_tablet=\u201c\u201c width_phone=\u201c90%\u201c width_last_edited=\u201con|phone\u201c custom_margin=\u201c-80px|||30px|false|false\u201c custom_padding_tablet=\u201c||0px||false|false\u201c custom_padding_phone=\u201c\u201c locked=\u201coff\u201c][et_pb_column type=\u201c4_4&#8243; _builder_version=\u201c4.9.4&#8243; _module_preset=\u201cdefault\u201c][et_pb_text _builder_version=\u201c4.9.7&#8243; _module_preset=\u201cdefault\u201c header_2_font_size=\u201c40px\u201c header_2_line_height=\u201c49px\u201c text_orientation=\u201ccenter\u201c custom_padding_tablet=\u201c||0px||false|false\u201c custom_padding_phone=\u201c\u201c custom_padding_last_edited=\u201con|tablet\u201c header_2_font_size_tablet=\u201c36px\u201c header_2_font_size_phone=\u201c32px\u201c header_2_font_size_last_edited=\u201con|phone\u201c header_2_line_height_tablet=\u201c44px\u201c header_2_line_height_phone=\u201c39px\u201c header_2_line_height_last_edited=\u201con|phone\u201c text_orientation_tablet=\u201cleft\u201c text_orientation_phone=\u201c\u201c text_orientation_last_edited=\u201con|tablet\u201c]<\/p>\n<h2 style=\"text-align: left;\">Integracijos<\/h2>\n<p>[\/et_pb_text][et_pb_text _builder_version=\u201c4.9.7&#8243; _module_preset=\u201cdefault\u201c header_2_font_size=\u201c40px\u201c header_2_line_height=\u201c49px\u201c text_orientation=\u201ccenter\u201c custom_padding_tablet=\u201c||0px||false|false\u201c custom_padding_phone=\u201c\u201c custom_padding_last_edited=\u201con|tablet\u201c header_2_font_size_tablet=\u201c36px\u201c header_2_font_size_phone=\u201c32px\u201c header_2_font_size_last_edited=\u201con|phone\u201c header_2_line_height_tablet=\u201c44px\u201c header_2_line_height_phone=\u201c39px\u201c header_2_line_height_last_edited=\u201con|phone\u201c text_orientation_tablet=\u201cleft\u201c text_orientation_phone=\u201c\u201c text_orientation_last_edited=\u201con|tablet\u201c]<\/p>\n<p style=\"text-align: left;\"><span style=\"font-weight: 400;\">ERPLY Books gali b\u016bti integruotas su daugybe programin\u0117s \u012frangos, kad b\u016bt\u0173 sukurtas i\u0161samus ir geriausias sprendimas j\u016bs\u0173 \u012fmonei.<\/span><\/p>\n<p style=\"text-align: left;\"><strong>Pavyzd\u017eiui, ERPLY Books apskaitos programin\u0117 \u012franga gali b\u016bti susieta su:<\/strong><\/p>\n<ul>\n<li style=\"list-style-type: none;\">\n<ul style=\"text-align: left;\">\n<li style=\"font-weight: 400;\" aria-level=\"2\">Pavyzd\u017eiui, ERPLY Books apskaitos programin\u0117 \u012franga gali b\u016bti susieta su:<\/li>\n<li style=\"font-weight: 400;\" aria-level=\"2\">su sand\u0117lio programine \u012franga;<\/li>\n<li style=\"font-weight: 400;\" aria-level=\"2\">su i\u0161laid\u0173 valdymo programine \u012franga;<\/li>\n<li style=\"font-weight: 400;\" aria-level=\"2\">su kredito mok\u0117jimais;<\/li>\n<li style=\"font-weight: 400;\" aria-level=\"2\">su internetin\u0117mis parduotuv\u0117mis;<\/li>\n<li style=\"font-weight: 400;\" aria-level=\"2\">su banko i\u0161ra\u0161\u0173 importu.<\/li>\n<\/ul>\n<\/li>\n<\/ul>\n<p style=\"text-align: left;\"><span style=\"font-weight: 400;\">Prijunkite norim\u0105 programin\u0119 \u012frang\u0105 ir patogiai tvarkykite vis\u0105 apskait\u0105 ERPLY Books!<\/span><\/p>\n<p style=\"text-align: left;\"><span style=\"font-weight: 400;\">ERPLY Books nuolat kuria naujas integracijas, kurios prisideda prie efektyvesn\u0117s j\u016bs\u0173<\/span><span style=\"font-weight: 400;\">\u00a0\u012fmon\u0117s veiklos. Spustel\u0117kite \u017eemiau esan\u010dius logotipus ir skaitykite daugiau apie integracijas!<\/span><\/p>\n<p>[\/et_pb_text][\/et_pb_column][\/et_pb_row][et_pb_row _builder_version=\u201c4.9.7&#8243; _module_preset=\u201cdefault\u201c width=\u201c100%\u201c width_tablet=\u201c\u201c width_phone=\u201c90%\u201c width_last_edited=\u201con|phone\u201c custom_margin=\u201c||||false|false\u201c custom_padding=\u201c||0px||false|false\u201c hover_enabled=\u201c0&#8243; column_structure=\u201c1_5,1_5,1_5,1_5,1_5&#8243; sticky_enabled=\u201c0&#8243;][et_pb_column type=\u201c1_5&#8243; _builder_version=\u201c4.9.4&#8243; _module_preset=\u201cdefault\u201c custom_css_main_element=\u201cdisplay: flex;||flex-wrap: wrap;||justify-content: center;\u201c][et_pb_image src=\u201chttps:\/\/www.erplybooks.com\/wp-content\/uploads\/2021\/05\/erply-logo-blue-300&#215;82.png\u201c alt=\u201cERPLY\u201c title_text=\u201cERPLY\u201c url=\u201chttps:\/\/www.erplybooks.com\/et\/erply-integratsioon\/\u201c admin_label=\u201cImage\u201c _builder_version=\u201c4.9.7&#8243; _module_preset=\u201cdefault\u201c background_color=\u201c#FAFAFA\u201c width=\u201c100%\u201c custom_margin=\u201c|20px||20px|false|true\u201c][\/et_pb_image][et_pb_image src=\u201chttps:\/\/www.erplybooks.com\/wp-content\/uploads\/2021\/05\/swedbank-logo.png\u201c alt=\u201cSwedbank\u201c title_text=\u201cSwedbank\u201c url=\u201chttps:\/\/www.erplybooks.com\/lt\/swedbank\/\u201c _builder_version=\u201c4.9.7&#8243; _module_preset=\u201cdefault\u201c background_color=\u201c#FAFAFA\u201c custom_margin=\u201c|20px||20px|false|true\u201c][\/et_pb_image][et_pb_image src=\u201chttps:\/\/www.erplybooks.com\/wp-content\/uploads\/2021\/05\/wemply_logo.png\u201c alt=\u201cWemply\u201c title_text=\u201cWemply\u201c url=\u201chttps:\/\/www.erplybooks.com\/et\/wemply-integratsioon\/\u201c _builder_version=\u201c4.9.7&#8243; _module_preset=\u201cdefault\u201c background_color=\u201c#FAFAFA\u201c custom_margin=\u201c|20px||20px|false|true\u201c][\/et_pb_image][et_pb_image src=\u201chttps:\/\/www.erplybooks.com\/wp-content\/uploads\/2022\/09\/Untitled-design-3-e1663663507543.png\u201c title_text=\u201cTarkpay\u201c url=\u201chttps:\/\/www.erplybooks.com\/et\/tarkpay-integratsioon\/\u201c _builder_version=\u201c4.9.7&#8243; _module_preset=\u201cdefault\u201c][\/et_pb_image][\/et_pb_column][et_pb_column type=\u201c1_5&#8243; _builder_version=\u201c4.9.4&#8243; _module_preset=\u201cdefault\u201c custom_css_main_element=\u201cdisplay: flex;||flex-wrap: wrap;||justify-content: center;\u201c][et_pb_image src=\u201chttps:\/\/www.erplybooks.com\/wp-content\/uploads\/2021\/05\/envoice-logo903x300-300&#215;100.png\u201c alt=\u201cEnvoice\u201c title_text=\u201cEnvoice\u201c url=\u201chttps:\/\/www.erplybooks.com\/et\/envoice-integratsioonilahendus\/\u201c _builder_version=\u201c4.9.7&#8243; _module_preset=\u201cdefault\u201c background_color=\u201c#FAFAFA\u201c custom_margin=\u201c|20px||20px|false|true\u201c][\/et_pb_image][et_pb_image src=\u201chttps:\/\/www.erplybooks.com\/wp-content\/uploads\/2021\/07\/E-arved.png\u201c alt=\u201cSwedbank\u201c title_text=\u201cE-arved\u201c url=\u201chttps:\/\/www.erplybooks.com\/et\/e-arved-eestis\/\u201c _builder_version=\u201c4.9.7&#8243; _module_preset=\u201cdefault\u201c background_color=\u201c#FAFAFA\u201c custom_margin=\u201c|20px||20px|false|true\u201c][\/et_pb_image][et_pb_image src=\u201chttps:\/\/www.erplybooks.com\/wp-content\/uploads\/2022\/02\/finbite-logo.png\u201c title_text=\u201cFinbite\u201c url=\u201chttps:\/\/www.erplybooks.com\/et\/finbite-integratsioon\/\u201c _builder_version=\u201c4.9.7&#8243; _module_preset=\u201cdefault\u201c][\/et_pb_image][et_pb_image src=\u201chttps:\/\/www.erplybooks.com\/wp-content\/uploads\/2023\/04\/Logo_RGB_banqup_blue-horizontal-1.png\u201c title_text=\u201cBanqup\u201c url=\u201chttps:\/\/www.erplybooks.com\/et\/banqup-integratsioon\/\u201c _builder_version=\u201c4.9.7&#8243; _module_preset=\u201cdefault\u201c][\/et_pb_image][\/et_pb_column][et_pb_column type=\u201c1_5&#8243; _builder_version=\u201c4.9.4&#8243; _module_preset=\u201cdefault\u201c custom_css_main_element=\u201cdisplay: flex;||flex-wrap: wrap;||justify-content: center;\u201c][et_pb_image src=\u201chttps:\/\/www.erplybooks.com\/wp-content\/uploads\/2021\/07\/Logo-Blue-1.png\u201c alt=\u201cCostPocket\u201c title_text=\u201cCostPocket\u201c url=\u201chttps:\/\/www.erplybooks.com\/et\/costpocket\/\u201c admin_label=\u201cImage\u201c _builder_version=\u201c4.9.7&#8243; _module_preset=\u201cdefault\u201c background_color=\u201c#FAFAFA\u201c custom_margin=\u201c|20px||20px|false|true\u201c][\/et_pb_image][et_pb_image src=\u201chttps:\/\/www.erplybooks.com\/wp-content\/uploads\/2021\/07\/woocommerce-logo.png\u201c alt=\u201cWooCommerce\u201c title_text=\u201cWooCommerce\u201c url=\u201chttps:\/\/www.erplybooks.com\/et\/woocommerce-integratsioon\/\u201c _builder_version=\u201c4.9.7&#8243; _module_preset=\u201cdefault\u201c background_color=\u201c#FAFAFA\u201c custom_margin=\u201c|20px||20px|false|true\u201c][\/et_pb_image][et_pb_image src=\u201chttps:\/\/www.erplybooks.com\/wp-content\/uploads\/2022\/02\/fitekin-logo.png\u201c title_text=\u201cFitekin\u201c url=\u201chttps:\/\/www.erplybooks.com\/et\/fitekin-integratsioon\/\u201c _builder_version=\u201c4.9.7&#8243; _module_preset=\u201cdefault\u201c][\/et_pb_image][et_pb_image src=\u201chttps:\/\/www.erplybooks.com\/wp-content\/uploads\/2021\/05\/paylike.png\u201c alt=\u201cPaylike\u201c title_text=\u201cpaylike\u201c url=\u201chttps:\/\/www.erplybooks.com\/et\/paylike-integratsioon\/\u201c _builder_version=\u201c4.9.7&#8243; _module_preset=\u201cdefault\u201c][\/et_pb_image][\/et_pb_column][et_pb_column type=\u201c1_5&#8243; _builder_version=\u201c4.9.4&#8243; _module_preset=\u201cdefault\u201c custom_css_main_element=\u201cdisplay: flex;||flex-wrap: wrap;||justify-content: center;\u201c][et_pb_image src=\u201chttps:\/\/www.erplybooks.com\/wp-content\/uploads\/2021\/07\/API.png\u201c alt=\u201cKeypay\u201c title_text=\u201cAPI\u201c url=\u201chttps:\/\/www.erplybooks.com\/et\/api-integratsioon\/\u201c admin_label=\u201cImage\u201c _builder_version=\u201c4.9.7&#8243; _module_preset=\u201cdefault\u201c background_color=\u201c#FAFAFA\u201c custom_margin=\u201c|20px||20px|false|true\u201c][\/et_pb_image][et_pb_image src=\u201chttps:\/\/www.erplybooks.com\/wp-content\/uploads\/2021\/07\/Accountscoring.png\u201c alt=\u201cAccountscoring\u201c title_text=\u201cAccountscoring\u201c url=\u201chttps:\/\/www.erplybooks.com\/et\/accountscoring-integratsioon\/\u201c _builder_version=\u201c4.9.7&#8243; _module_preset=\u201cdefault\u201c background_color=\u201c#FAFAFA\u201c custom_margin=\u201c|20px||20px|false|true\u201c][\/et_pb_image][et_pb_image src=\u201chttps:\/\/www.erplybooks.com\/wp-content\/uploads\/2022\/02\/nordigen.png\u201c title_text=\u201cNordigen\u201c url=\u201chttps:\/\/www.erplybooks.com\/et\/nordigen-integratsioon\/\u201c _builder_version=\u201c4.9.7&#8243; _module_preset=\u201cdefault\u201c][\/et_pb_image][et_pb_image src=\u201chttps:\/\/www.erplybooks.com\/wp-content\/uploads\/2023\/07\/sliptree-logo-32px.png\u201c title_text=\u201cSliptree\u201c url=\u201chttps:\/\/www.erplybooks.com\/et\/sliptree-uhendus\/\u201c _builder_version=\u201c4.9.7&#8243; _module_preset=\u201cdefault\u201c][\/et_pb_image][\/et_pb_column][et_pb_column type=\u201c1_5&#8243; _builder_version=\u201c4.9.4&#8243; _module_preset=\u201cdefault\u201c custom_css_main_element=\u201cdisplay: flex;||flex-wrap: wrap;||justify-content: center;\u201c][et_pb_image src=\u201chttps:\/\/www.erplybooks.com\/wp-content\/uploads\/2021\/05\/Shopify_logo_wordmark-300&#215;87.png\u201c alt=\u201cShopify\u201c title_text=\u201cShopify\u201c url=\u201chttps:\/\/www.erplybooks.com\/et\/shopify-ja-erply-booksi-integratsiooni-juhend\/\u201c _builder_version=\u201c4.9.7&#8243; _module_preset=\u201cdefault\u201c background_color=\u201c#FAFAFA\u201c custom_margin=\u201c|20px||20px|false|true\u201c][\/et_pb_image][et_pb_image src=\u201chttps:\/\/www.erplybooks.com\/wp-content\/uploads\/2021\/07\/unnamed.png\u201c alt=\u201cvoog\u201c title_text=\u201cVoog\u201c url=\u201chttps:\/\/www.erplybooks.com\/et\/voog-integratsioon\/\u201c _builder_version=\u201c4.9.7&#8243; _module_preset=\u201cdefault\u201c background_color=\u201c#FAFAFA\u201c custom_margin=\u201c|20px||20px|false|true\u201c][\/et_pb_image][et_pb_image src=\u201chttps:\/\/www.erplybooks.com\/wp-content\/uploads\/2021\/07\/moderan-logo-color-2X.png\u201c alt=\u201cModeran Logo\u201c title_text=\u201cModeran\u201c url=\u201chttps:\/\/www.erplybooks.com\/et\/moderan-integratsioon\/\u201c _builder_version=\u201c4.9.7&#8243; _module_preset=\u201cdefault\u201c][\/et_pb_image][\/et_pb_column][\/et_pb_row][\/et_pb_section]<\/p>\n","protected":false},"excerpt":{"rendered":"<p>[et_pb_section fb_built=\u201c1&#8243; custom_padding_last_edited=\u201con|phone\u201c disabled_on=\u201coff|off|off\u201c admin_label=\u201cIntegratsioonid\u201c module_class=\u201csec-inte\u201c _builder_version=\u201c4.9.7&#8243; _module_preset=\u201cdefault\u201c custom_padding=\u201c41px||||false|false\u201c custom_padding_tablet=\u201c\u201c custom_padding_phone=\u201c20px||20px||true|false\u201c collapsed=\u201coff\u201c][et_pb_row custom_padding_last_edited=\u201con|tablet\u201c admin_label=\u201cRow\u201c _builder_version=\u201c4.9.7&#8243; _module_preset=\u201cdefault\u201c width=\u201c95%\u201c width_tablet=\u201c\u201c width_phone=\u201c90%\u201c width_last_edited=\u201con|phone\u201c custom_margin=\u201c-80px|||30px|false|false\u201c custom_padding_tablet=\u201c||0px||false|false\u201c custom_padding_phone=\u201c\u201c locked=\u201coff\u201c][et_pb_column type=\u201c4_4&#8243; _builder_version=\u201c4.9.4&#8243; _module_preset=\u201cdefault\u201c][et_pb_text _builder_version=\u201c4.9.7&#8243; _module_preset=\u201cdefault\u201c header_2_font_size=\u201c40px\u201c header_2_line_height=\u201c49px\u201c text_orientation=\u201ccenter\u201c custom_padding_tablet=\u201c||0px||false|false\u201c custom_padding_phone=\u201c\u201c custom_padding_last_edited=\u201con|tablet\u201c header_2_font_size_tablet=\u201c36px\u201c header_2_font_size_phone=\u201c32px\u201c header_2_font_size_last_edited=\u201con|phone\u201c header_2_line_height_tablet=\u201c44px\u201c header_2_line_height_phone=\u201c39px\u201c header_2_line_height_last_edited=\u201con|phone\u201c text_orientation_tablet=\u201cleft\u201c text_orientation_phone=\u201c\u201c text_orientation_last_edited=\u201con|tablet\u201c] Integracijos [\/et_pb_text][et_pb_text _builder_version=\u201c4.9.7&#8243; _module_preset=\u201cdefault\u201c header_2_font_size=\u201c40px\u201c header_2_line_height=\u201c49px\u201c text_orientation=\u201ccenter\u201c custom_padding_tablet=\u201c||0px||false|false\u201c custom_padding_phone=\u201c\u201c custom_padding_last_edited=\u201con|tablet\u201c header_2_font_size_tablet=\u201c36px\u201c [&hellip;]<\/p>\n","protected":false},"author":19,"featured_media":0,"parent":0,"menu_order":0,"comment_status":"closed","ping_status":"closed","template":"","meta":{"_et_pb_use_builder":"on","_et_pb_old_content":"","_et_gb_content_width":"","footnotes":""},"categories":[1213],"tags":[1214,1214],"class_list":["post-32512","page","type-page","status-publish","hentry","category-integracijos","tag-integracijos"],"_links":{"self":[{"href":"https:\/\/www.erplybooks.com\/lt\/wp-json\/wp\/v2\/pages\/32512","targetHints":{"allow":["GET"]}}],"collection":[{"href":"https:\/\/www.erplybooks.com\/lt\/wp-json\/wp\/v2\/pages"}],"about":[{"href":"https:\/\/www.erplybooks.com\/lt\/wp-json\/wp\/v2\/types\/page"}],"author":[{"embeddable":true,"href":"https:\/\/www.erplybooks.com\/lt\/wp-json\/wp\/v2\/users\/19"}],"replies":[{"embeddable":true,"href":"https:\/\/www.erplybooks.com\/lt\/wp-json\/wp\/v2\/comments?post=32512"}],"version-history":[{"count":0,"href":"https:\/\/www.erplybooks.com\/lt\/wp-json\/wp\/v2\/pages\/32512\/revisions"}],"wp:attachment":[{"href":"https:\/\/www.erplybooks.com\/lt\/wp-json\/wp\/v2\/media?parent=32512"}],"wp:term":[{"taxonomy":"category","embeddable":true,"href":"https:\/\/www.erplybooks.com\/lt\/wp-json\/wp\/v2\/categories?post=32512"},{"taxonomy":"post_tag","embeddable":true,"href":"https:\/\/www.erplybooks.com\/lt\/wp-json\/wp\/v2\/tags?post=32512"}],"curies":[{"name":"wp","href":"https:\/\/api.w.org\/{rel}","templated":true}]}}