{"id":21347,"date":"2021-05-28T18:07:32","date_gmt":"2021-05-28T18:07:32","guid":{"rendered":"https:\/\/www.erplybooks.com\/erply-books-professionaalne-raamatupidamistarkvara-sinu-ettevottele\/"},"modified":"2022-06-09T10:29:08","modified_gmt":"2022-06-09T10:29:08","slug":"profesine-apskaitos-programine-iranga-2","status":"publish","type":"page","link":"https:\/\/www.erplybooks.com\/lt\/","title":{"rendered":"ERPLY Books &#8211; Professionaalne raamatupidamistarkvara Sinu ettev\u00f5ttele"},"content":{"rendered":"<p>[et_pb_section fb_built=\u201c1&#8243; fullwidth=\u201con\u201c _builder_version=\u201c4.9.4&#8243; _module_preset=\u201cdefault\u201c][et_pb_fullwidth_code _builder_version=\u201c4.9.4&#8243; _module_preset=\u201cdefault\u201c hover_enabled=\u201c0&#8243; sticky_enabled=\u201c0&#8243;][\/et_pb_fullwidth_code][\/et_pb_section][et_pb_section fb_built=\u201c1&#8243; _builder_version=\u201c4.9.4&#8243; _module_preset=\u201cdefault\u201c][et_pb_row _builder_version=\u201c4.9.4&#8243; _module_preset=\u201cdefault\u201c][et_pb_column _builder_version=\u201c4.9.4&#8243; _module_preset=\u201cdefault\u201c type=\u201c4_4&#8243;][et_pb_text _builder_version=\u201c4.9.4&#8243; _module_preset=\u201cdefault\u201c hover_enabled=\u201c0&#8243; sticky_enabled=\u201c0&#8243;]<\/p>\n<p style=\"text-align: center;\">Sud\u0117tiniai elementai buvo paversti ai\u0161kiais veiksmais. Nuo dabar, kiekvienas gali tvarkyti buhalterin\u0117s apskaitos \u012fra\u0161us. ERPLY Books\u00a0apima visk\u0105, kas reikalinga apskaitai; nuo automatinio banko importo, pirkim\u0173 valdymo, iki logi\u0161k\u0173 ataskait\u0173.<\/p>\n<h2 style=\"text-align: center;\">J\u016bs\u0173 norimas ataskait\u0173 ruo\u0161imas<\/h2>\n<p style=\"text-align: center;\">12 m\u0117nesi\u0173 balanso ir pelno bei nuostoli\u0173 ataskaita, mokes\u010di\u0173 ataskaitos, klient\u0173 ir tiek\u0117j\u0173 ataskaitos, gryn\u0173j\u0173 pinig\u0173 sraut\u0173 atskaitos, veiklos rezultat\u0173 rodikliai ir t.t. Visas ataskaitas, sur\u016b\u0161iuotas pagal dat\u0105, vieta ir t.t. galite parsisi\u0173sti \u00a0Excel formatu.<\/p>\n<h2 style=\"text-align: center;\">Debesies principo technologija<\/h2>\n<p style=\"text-align: center;\">Debesies principo taikymas m\u016bs\u0173 programinei \u012frangai suteikia daugyb\u0119 privalum\u0173, palyginus su tradicine programine \u012franga. ERPLY Books leid\u017eia bet kuriuo metu pasiekti bet kokius duomenis. Reguliar\u016bs atnaujinimai \u012fkeliami i\u0161 karto po j\u0173 atlikimo.<\/p>\n<h2 style=\"text-align: center;\">Patikima t\u016bkstan\u010di\u0173<\/h2>\n<p style=\"text-align: center;\">ERPLY Books turi \u00a0daugiau nei\u00a0 10 000 klient\u0173 visame pasaulyje. M\u016bs\u0173 klientai \u2013 tiesioginis m\u016bs\u0173 patikimumo \u012frodymas!<\/p>\n<p>[\/et_pb_text][\/et_pb_column][\/et_pb_row][\/et_pb_section]<\/p>\n","protected":false},"excerpt":{"rendered":"<p>[et_pb_section fb_built=\u201c1&#8243; fullwidth=\u201con\u201c _builder_version=\u201c4.9.4&#8243; _module_preset=\u201cdefault\u201c][et_pb_fullwidth_code _builder_version=\u201c4.9.4&#8243; _module_preset=\u201cdefault\u201c hover_enabled=\u201c0&#8243; sticky_enabled=\u201c0&#8243;][\/et_pb_fullwidth_code][\/et_pb_section][et_pb_section fb_built=\u201c1&#8243; _builder_version=\u201c4.9.4&#8243; _module_preset=\u201cdefault\u201c][et_pb_row _builder_version=\u201c4.9.4&#8243; _module_preset=\u201cdefault\u201c][et_pb_column _builder_version=\u201c4.9.4&#8243; _module_preset=\u201cdefault\u201c type=\u201c4_4&#8243;][et_pb_text _builder_version=\u201c4.9.4&#8243; _module_preset=\u201cdefault\u201c hover_enabled=\u201c0&#8243; sticky_enabled=\u201c0&#8243;] Sud\u0117tiniai elementai buvo paversti ai\u0161kiais veiksmais. Nuo dabar, kiekvienas gali tvarkyti buhalterin\u0117s apskaitos \u012fra\u0161us. ERPLY Books\u00a0apima visk\u0105, kas reikalinga apskaitai; nuo automatinio banko importo, pirkim\u0173 valdymo, iki logi\u0161k\u0173 ataskait\u0173. J\u016bs\u0173 norimas ataskait\u0173 ruo\u0161imas 12 [&hellip;]<\/p>\n","protected":false},"author":17,"featured_media":0,"parent":0,"menu_order":38,"comment_status":"closed","ping_status":"closed","template":"","meta":{"_et_pb_use_builder":"on","_et_pb_old_content":"","_et_gb_content_width":"","footnotes":""},"categories":[],"tags":[],"class_list":["post-21347","page","type-page","status-publish","hentry"],"_links":{"self":[{"href":"https:\/\/www.erplybooks.com\/lt\/wp-json\/wp\/v2\/pages\/21347","targetHints":{"allow":["GET"]}}],"collection":[{"href":"https:\/\/www.erplybooks.com\/lt\/wp-json\/wp\/v2\/pages"}],"about":[{"href":"https:\/\/www.erplybooks.com\/lt\/wp-json\/wp\/v2\/types\/page"}],"author":[{"embeddable":true,"href":"https:\/\/www.erplybooks.com\/lt\/wp-json\/wp\/v2\/users\/17"}],"replies":[{"embeddable":true,"href":"https:\/\/www.erplybooks.com\/lt\/wp-json\/wp\/v2\/comments?post=21347"}],"version-history":[{"count":0,"href":"https:\/\/www.erplybooks.com\/lt\/wp-json\/wp\/v2\/pages\/21347\/revisions"}],"wp:attachment":[{"href":"https:\/\/www.erplybooks.com\/lt\/wp-json\/wp\/v2\/media?parent=21347"}],"wp:term":[{"taxonomy":"category","embeddable":true,"href":"https:\/\/www.erplybooks.com\/lt\/wp-json\/wp\/v2\/categories?post=21347"},{"taxonomy":"post_tag","embeddable":true,"href":"https:\/\/www.erplybooks.com\/lt\/wp-json\/wp\/v2\/tags?post=21347"}],"curies":[{"name":"wp","href":"https:\/\/api.w.org\/{rel}","templated":true}]}}