{"id":15355,"date":"2018-12-19T12:35:03","date_gmt":"2018-12-19T12:35:03","guid":{"rendered":"http:\/\/www.erplybooks.com\/?page_id=15355"},"modified":"2018-12-19T12:35:03","modified_gmt":"2018-12-19T12:35:03","slug":"manifestas-apskaitininkams","status":"publish","type":"page","link":"https:\/\/www.erplybooks.com\/lt\/manifestas-apskaitininkams\/","title":{"rendered":"Manifestas apskaitininkams"},"content":{"rendered":"<p><span style=\"font-weight: 400;\">ERPLY Books moto yra skirti daugiau laiko apskaitininkams ir verslininkams. Norint pasiekti tai, kad j\u016bs darytum\u0117te teisingus sprendimus &#8211; naudotum\u0117te tinkamas funkcijas ir prid\u0117tum\u0117te reikiamus nustatymus.<\/span><\/p>\n<p>&nbsp;<\/p>\n<h2>Privaloma informacija visiems apskaitininkams<\/h2>\n<ul>\n<li style=\"font-weight: 400;\"><span style=\"font-weight: 400;\">Kiekvienoje kompanijoje naudoti tas pa\u010dias funkcijas: Purchase Inbox, banko import\u0105 ir pan. Tai yra pasiekiama su naujuoju kain\u0173 planu. Pavyzd\u017eiui: jei j\u016bs turite ma\u017e\u0105 kompanij\u0105, kuriai nereikia kliento ataskaitos, tuomet jums nereikia jo u\u017esakyti. Tai rei\u0161kia, kad j\u016bs galite naudoti tas pa\u010dias funkcijas kiekvienoje kompanijoje, bet j\u016bs mok\u0117site tik u\u017e tas funkcijas, kurias naudojate.<\/span><\/li>\n<li style=\"font-weight: 400;\"><span style=\"font-weight: 400;\">Naudokit\u0117s visomis jums suteiktomis funkcijomis. Taip galite sutaupyti daugiau kaip 85% laiko. Tuo pa\u010diu principu taikoma su banku susijusi veikla. Automatizuokite visas su banku susijusias operacijas (galite automatizuoti operacijas vir\u0161 100%). Naudokit\u0117s \u0161iais sprendimais &#8211; \u017eenkite i\u0161 savo komforto zonos ir po met\u0173 steb\u0117sit\u0117s, kaip j\u016bs ank\u0161\u010diau dar\u0117te visk\u0105 skirtingai. Jei j\u016bs pradedate su tam tikromis funkcijomis, j\u016bs galite u\u017esisakyti mokymus, kuriuos mes rengiame arba galite nustatyti visk\u0105 patys rankiniu b\u016bdu.<\/span><\/li>\n<li style=\"font-weight: 400;\"><span style=\"font-weight: 400;\">Ne visos ataskaitos yra \u201eAtaskait\u0173\u201c meniu. J\u016bs galite sukurti visas reikiamas ataskaitas naudojant \u201eAtaskait\u0173 generatori\u0173\u201c. Mes galime jums pad\u0117ti gauti vis\u0105 reikiam\u0105 informacij\u0105 i\u0161 ERPLY Books.<\/span><\/li>\n<li style=\"font-weight: 400;\"><span style=\"font-weight: 400;\">Galite u\u017esisakyti specialias ataskaitas. Tai susij\u0119 su ankstesniu punktu. Jei jums kiekvien\u0105 m\u0117nes\u012f reikia kaupti tam tikras ataskaitas ir tai atima daugyb\u0119 valand\u0173, tuomet tai gali b\u016bti automatizuojama.<\/span><\/li>\n<li style=\"font-weight: 400;\"><span style=\"font-weight: 400;\">Yra daugyb\u0117 nustatym\u0173, kurie pad\u0117s jums sutaupyti laiko. \u0160ie klausimai pad\u0117s jums suprasti ar dar yra koki\u0173 nors \u017eingsni\u0173, j\u016bs\u0173 nustatym\u0173 procese, kuri\u0173 dar ne atlikote:<\/span>\n<ul>\n<li style=\"font-weight: 400;\"><span style=\"font-weight: 400;\"> Ar jums reikia prid\u0117ti papildom\u0105 informacij\u0105 \u012f s\u0105skait\u0105 fakt\u016br\u0105 apie klient\u0105? J\u016bs galite pagal savo poreikius nustatyti kliento informacijos laukus s\u0105skaitos &#8211; fakt\u016bros formoje (prid\u0117ti registro numer\u012f, banko IBAN ir pan.). <\/span><\/li>\n<li style=\"font-weight: 400;\"><span style=\"font-weight: 400;\">Ar jums reikia kas kart\u0105 pasirinkti bank\u0105, kai atliekate banko import\u0105? Tai gali b\u016bti nustatoma automati\u0161kai per nustatymus.<\/span><\/li>\n<li style=\"font-weight: 400;\"><span style=\"font-weight: 400;\">Ar praleid\u017eiate daug laiko tvarkant apmok\u0117jim\u0173 s\u0105skaitas? ERPLY Books turi daug funkcij\u0173 atliekant, ruo\u0161iant apmok\u0117jim\u0173 s\u0105skaitas su teisinga data, apra\u0161ymu ir pan. <\/span><\/li>\n<li style=\"font-weight: 400;\"><span style=\"font-weight: 400;\">Ar jums sunku greitai rasti reikiam\u0105 projekt\u0105, nes turite j\u0173 \u0161imtus? Galite naudoti projekt\u0173 grupavim\u0105.<\/span><\/li>\n<\/ul>\n<\/li>\n<li style=\"font-weight: 400;\"><span style=\"font-weight: 400;\">Automatiniai patikrinimai: ar jums reikia patikrinti tam tikr\u0105 informacij\u0105 kiekvien\u0105 dien\u0105? Pavyzd\u017eiui: ar visi i\u0161ankstiniai apmok\u0117jimai turi prid\u0117t\u0105 PVM, ar turite koki\u0173 nors nauj\u0173 s\u0105skait\u0173 &#8211; fakt\u016br\u0173 praeitame apskaitos periode? J\u016bs galite sutvarkyti \u0161ias problemas ir klausimus nustatymuose.<\/span><\/li>\n<li style=\"font-weight: 400;\"><span style=\"font-weight: 400;\"> Jums nereikia nar\u0161yti tarp daugyb\u0117s organizacij\u0173. Apskaitininkai, kurie turi sud\u0117tines kompanijas, turi kasdien patikrinti visas tas organizacijas, kad su\u017einoti ar yra kokios nors naujos informacijos, duomen\u0173 ir ar jose visi reikiami veiksmai yra atlikti. Galite naudoti partnerio panel\u0119, kad pamatytum\u0117te vis\u0105 informacij\u0105 vienoje vietoje. Tarkime, kad j\u016bs turite 30 kompanij\u0173, kurioms teikiate apskaitos paslaugas. Kiekvien\u0105 dien\u0105 j\u016bs spaudin\u0117jate kompiuterio pel\u0117s klavi\u0161\u0105, kad patikrintum\u0117te duomenis. Ta\u010diau su partnerio panele j\u016bs galite matyti prane\u0161imus, tokius kaip: kompanijoje \u201ex\u201c j\u016bs turite kelet\u0105 nauj\u0173 pirkim\u0173 s\u0105skait\u0173 &#8211; fakt\u016br\u0173, kurias reikia sudaryti, o kompanijoje \u201ey\u201c turite 8 naujus apmok\u0117jimus, laukian\u010dius banko importo ir pan. J\u016bs galite atidaryti \u0161ias kompanijas tiesiai i\u0161 modulio. Ir taip j\u016bs sutaupysite begales laiko, nes daugiau ne reik\u0117s tikrinti kompanij\u0173, kuriose nieko ne\u012fvyko.<\/span><\/li>\n<\/ul>\n","protected":false},"excerpt":{"rendered":"<p>ERPLY Books moto yra skirti daugiau laiko apskaitininkams ir verslininkams. Norint pasiekti tai, kad j\u016bs darytum\u0117te teisingus sprendimus &#8211; naudotum\u0117te tinkamas funkcijas ir prid\u0117tum\u0117te reikiamus nustatymus. &nbsp; Privaloma informacija visiems apskaitininkams Kiekvienoje kompanijoje naudoti tas pa\u010dias funkcijas: Purchase Inbox, banko import\u0105 ir pan. Tai yra pasiekiama su naujuoju kain\u0173 planu. Pavyzd\u017eiui: jei j\u016bs turite ma\u017e\u0105 [&hellip;]<\/p>\n","protected":false},"author":3,"featured_media":0,"parent":0,"menu_order":0,"comment_status":"closed","ping_status":"closed","template":"","meta":{"_et_pb_use_builder":"","_et_pb_old_content":"","_et_gb_content_width":"","footnotes":""},"categories":[],"tags":[],"class_list":["post-15355","page","type-page","status-publish","hentry"],"_links":{"self":[{"href":"https:\/\/www.erplybooks.com\/lt\/wp-json\/wp\/v2\/pages\/15355","targetHints":{"allow":["GET"]}}],"collection":[{"href":"https:\/\/www.erplybooks.com\/lt\/wp-json\/wp\/v2\/pages"}],"about":[{"href":"https:\/\/www.erplybooks.com\/lt\/wp-json\/wp\/v2\/types\/page"}],"author":[{"embeddable":true,"href":"https:\/\/www.erplybooks.com\/lt\/wp-json\/wp\/v2\/users\/3"}],"replies":[{"embeddable":true,"href":"https:\/\/www.erplybooks.com\/lt\/wp-json\/wp\/v2\/comments?post=15355"}],"version-history":[{"count":0,"href":"https:\/\/www.erplybooks.com\/lt\/wp-json\/wp\/v2\/pages\/15355\/revisions"}],"wp:attachment":[{"href":"https:\/\/www.erplybooks.com\/lt\/wp-json\/wp\/v2\/media?parent=15355"}],"wp:term":[{"taxonomy":"category","embeddable":true,"href":"https:\/\/www.erplybooks.com\/lt\/wp-json\/wp\/v2\/categories?post=15355"},{"taxonomy":"post_tag","embeddable":true,"href":"https:\/\/www.erplybooks.com\/lt\/wp-json\/wp\/v2\/tags?post=15355"}],"curies":[{"name":"wp","href":"https:\/\/api.w.org\/{rel}","templated":true}]}}