{"id":9354,"date":"2018-09-03T05:10:20","date_gmt":"2018-09-03T05:10:20","guid":{"rendered":"http:\/\/www.erplybooks.com\/?page_id=9354"},"modified":"2023-07-04T10:41:23","modified_gmt":"2023-07-04T10:41:23","slug":"lisainformatsiooni-lisamise-voimalused-moodulitesse","status":"publish","type":"page","link":"https:\/\/www.erplybooks.com\/et\/juhendid\/lisainformatsiooni-lisamise-voimalused-moodulitesse\/","title":{"rendered":"Lisav\u00f5imalused moodulitesse"},"content":{"rendered":"<h1><strong>Lisav\u00f5imalused moodulitesse<\/strong><\/h1>\n<p>&nbsp;<\/p>\n<p><span style=\"font-weight: 400;\">Lisav\u00f5imalused on m\u00f5eldud selleks, et erinevatele moodulitele saaks lisada juurde lisainformatsiooni. Lisav\u00f5imaluste v\u00e4li v\u00f5ib olla lihtne tekstilahter ostu- v\u00f5i m\u00fc\u00fcgiarvel v\u00f5i lisamen\u00fc\u00fc m\u00f5nes moodulis. See funktsionaalsus on selleks, et lisada moodulitele juurde lisav\u00f5imalusi informatsiooni sisestamiseks.<\/span><\/p>\n<h3><strong>Seadistamine<\/strong><\/h3>\n<p><span style=\"font-weight: 400;\">Selleks, et lisav\u00f5imalusi endale seadistada, ava &#8220;<\/span><b>S\u00e4tted&#8221; &gt; &#8220;\u00dcldised s\u00e4tted&#8221; &gt; &#8220;Lisav\u00f5imalused moodulitesse&#8221; &gt; &#8220;Halda&#8221;.<\/b><\/p>\n<p><img loading=\"lazy\" decoding=\"async\" class=\"alignnone size-full wp-image-24056\" src=\"https:\/\/www.erplybooks.com\/wp-content\/uploads\/2021\/09\/Screenshot-2021-09-17-at-12.58.39.png\" alt=\"\" width=\"2372\" height=\"284\" srcset=\"https:\/\/www.erplybooks.com\/wp-content\/uploads\/2021\/09\/Screenshot-2021-09-17-at-12.58.39.png 2372w, https:\/\/www.erplybooks.com\/wp-content\/uploads\/2021\/09\/Screenshot-2021-09-17-at-12.58.39-1280x153.png 1280w, https:\/\/www.erplybooks.com\/wp-content\/uploads\/2021\/09\/Screenshot-2021-09-17-at-12.58.39-980x117.png 980w, https:\/\/www.erplybooks.com\/wp-content\/uploads\/2021\/09\/Screenshot-2021-09-17-at-12.58.39-480x57.png 480w\" sizes=\"auto, (min-width: 0px) and (max-width: 480px) 480px, (min-width: 481px) and (max-width: 980px) 980px, (min-width: 981px) and (max-width: 1280px) 1280px, (min-width: 1281px) 2372px, 100vw\" \/><\/p>\n<p><span style=\"font-weight: 400;\">Lisav\u00f5imalusi saab lisada 5 erinevasse moodulisse: k<\/span>ontaktid<span style=\"font-weight: 400;\">, t\u00f6\u00f6tajad, <\/span>artiklid<span style=\"font-weight: 400;\">, arved, firma andmed. Kasuta &#8220;<\/span><b>Operatsioon&#8221;<\/b><span style=\"font-weight: 400;\"> veergu, et valida vastav moodul. <\/span><\/p>\n<p><img loading=\"lazy\" decoding=\"async\" class=\"alignnone wp-image-24068 size-full\" src=\"https:\/\/www.erplybooks.com\/wp-content\/uploads\/2021\/09\/Screenshot-2021-09-17-at-13.00.55-1.png\" alt=\"\" width=\"2144\" height=\"492\" srcset=\"https:\/\/www.erplybooks.com\/wp-content\/uploads\/2021\/09\/Screenshot-2021-09-17-at-13.00.55-1.png 2144w, https:\/\/www.erplybooks.com\/wp-content\/uploads\/2021\/09\/Screenshot-2021-09-17-at-13.00.55-1-1280x294.png 1280w, https:\/\/www.erplybooks.com\/wp-content\/uploads\/2021\/09\/Screenshot-2021-09-17-at-13.00.55-1-980x225.png 980w, https:\/\/www.erplybooks.com\/wp-content\/uploads\/2021\/09\/Screenshot-2021-09-17-at-13.00.55-1-480x110.png 480w\" sizes=\"auto, (min-width: 0px) and (max-width: 480px) 480px, (min-width: 481px) and (max-width: 980px) 980px, (min-width: 981px) and (max-width: 1280px) 1280px, (min-width: 1281px) 2144px, 100vw\" \/><\/p>\n<h3><strong>N\u00e4ited<\/strong><\/h3>\n<p>&nbsp;<\/p>\n<p><b>N\u00e4ide 1.<\/b><span style=\"font-weight: 400;\">\u00a0Kliendi viitenumber on erinevates riikides n\u00f5utud (n\u00e4iteks Soomes).<\/span><\/p>\n<p><img loading=\"lazy\" decoding=\"async\" class=\"alignnone wp-image-9486\" src=\"https:\/\/www.erplybooks.com\/wp-content\/uploads\/2018\/09\/capture2-300x141.png\" alt=\"\" width=\"1029\" height=\"484\" srcset=\"https:\/\/www.erplybooks.com\/wp-content\/uploads\/2018\/09\/capture2-300x141.png 300w, https:\/\/www.erplybooks.com\/wp-content\/uploads\/2018\/09\/capture2-768x362.png 768w, https:\/\/www.erplybooks.com\/wp-content\/uploads\/2018\/09\/capture2-1024x483.png 1024w, https:\/\/www.erplybooks.com\/wp-content\/uploads\/2018\/09\/capture2.png 1803w\" sizes=\"auto, (max-width: 1029px) 100vw, 1029px\" \/><\/p>\n<p><b>N\u00e4ide 2. <\/b><span style=\"font-weight: 400;\">T\u00f6\u00f6tajate pereliikmete kohta info lisamine (nimed, s\u00fcnnip\u00e4evad). <\/span><\/p>\n<p><span style=\"font-weight: 400;\">Ava &#8220;<\/span><b>S\u00e4tted&#8221; &gt; &#8220;\u00dcldised s\u00e4tted&#8221; &gt; &#8220;Lisav\u00f5imalused moodulitesse&#8221; &gt; &#8220;Halda&#8221;. <\/b>Lisa uus rida <strong>(+Lisa)<\/strong> ja sisesta j\u00e4rgnev info:<\/p>\n<ul>\n<li><strong>&#8220;T\u00fc\u00fcp&#8221;<\/strong> <span style=\"font-weight: 400;\">veergu vali tekstiv\u00e4lja t\u00fc\u00fcp, mida soovid lisada. K\u00f5ige sagedasemalt kasutatavad t\u00fc\u00fcbid on tekst<\/span><b>\u00a0(<\/b><span style=\"font-weight: 400;\">ACTIVITY_ITEM_TEXT<\/span><b>)<\/b>,Mitme valiku kast <span style=\"font-weight: 400;\">ehk <\/span>kombobox <b>(<\/b><span style=\"font-weight: 400;\">ACTIVITY_ITEM_COMBO<\/span><b>) <\/b>ja kuup\u00e4ev<b> (<\/b><span style=\"font-weight: 400;\">ACTIVITY_ITEM_DATE<\/span><b>)<\/b><span style=\"font-weight: 400;\">. Lisaks on palju teisi v\u00f5imalusi, mida endale seadistada<\/span><\/li>\n<li><b>&#8220;Attribuut&#8221;<\/b> on kindla mooduli alamsektsioon, kus kuvatakse lisatud informatsioon. Siia tuleks sisestada info lihtteksti kujul. Vigade v\u00e4ltimiseks tuleks sisestada alamsektsiooni nimi kujul, et see ei sisaldaks t\u00fchikuid. T\u00fchikutega s\u00f5nad on lubatud, kuid eelistatud on \u00fches\u00f5nalised nimed. N\u00e4ited on j\u00e4rgmisel pildil toodud v\u00e4lja punasega<\/li>\n<\/ul>\n<p><img loading=\"lazy\" decoding=\"async\" class=\"alignnone wp-image-9487\" src=\"https:\/\/www.erplybooks.com\/wp-content\/uploads\/2018\/09\/capture3-300x78.png\" alt=\"\" width=\"927\" height=\"241\" srcset=\"https:\/\/www.erplybooks.com\/wp-content\/uploads\/2018\/09\/capture3-300x78.png 300w, https:\/\/www.erplybooks.com\/wp-content\/uploads\/2018\/09\/capture3-768x200.png 768w, https:\/\/www.erplybooks.com\/wp-content\/uploads\/2018\/09\/capture3-1024x266.png 1024w, https:\/\/www.erplybooks.com\/wp-content\/uploads\/2018\/09\/capture3.png 1262w\" sizes=\"auto, (max-width: 927px) 100vw, 927px\" \/><\/p>\n<ul>\n<li><b>&#8220;Nimi&#8221;\u00a0<\/b><span style=\"font-weight: 400;\">on v\u00e4lja nimi<\/span><\/li>\n<li><b>&#8220;T\u00fc\u00fcp&#8221;\u00a0<\/b>on v\u00e4\u00e4rtuse t\u00fc\u00fcp, mida soovid oma tekstiv\u00e4ljal n\u00e4ha<\/li>\n<li><b>&#8220;V\u00e4\u00e4rtused&#8221;\u00a0<\/b>on veerg, kuhu saad lisada infot komboboxi kohta. V\u00e4\u00e4rtused eraldatakse p\u00fcstkriipsuga &#8220;<strong>|<\/strong>&#8221; ja v\u00e4\u00e4rtuste vahel ei tohiks olla t\u00fchikuid (n\u00e4ide: Mees|Naine, Poiss|T\u00fcdruk)<\/li>\n<\/ul>\n<p><img loading=\"lazy\" decoding=\"async\" class=\"alignnone wp-image-9488\" src=\"https:\/\/www.erplybooks.com\/wp-content\/uploads\/2018\/09\/capture4-300x78.png\" alt=\"\" width=\"915\" height=\"238\" srcset=\"https:\/\/www.erplybooks.com\/wp-content\/uploads\/2018\/09\/capture4-300x78.png 300w, https:\/\/www.erplybooks.com\/wp-content\/uploads\/2018\/09\/capture4-768x200.png 768w, https:\/\/www.erplybooks.com\/wp-content\/uploads\/2018\/09\/capture4-1024x266.png 1024w, https:\/\/www.erplybooks.com\/wp-content\/uploads\/2018\/09\/capture4.png 1262w\" sizes=\"auto, (max-width: 915px) 100vw, 915px\" \/><\/p>\n<ul>\n<li><b>&#8220;Luba mitu&#8221;\u00a0<\/b><span style=\"font-weight: 400;\">v\u00f5imaldab lisada rohkem kui \u00fche andmev\u00e4lja. N\u00e4iteks s<\/span>oovid lisada informatsiooni perekonna liikmete kohta ja peres on mitu last. Kui valid &#8220;<b>Luba mitu&#8221; &gt; &#8220;Jah&#8221;<\/b>, saad lisada mitu nimekasti.<\/li>\n<\/ul>\n<p><img loading=\"lazy\" decoding=\"async\" class=\"alignnone wp-image-9489\" src=\"https:\/\/www.erplybooks.com\/wp-content\/uploads\/2018\/09\/capture5-300x78.png\" alt=\"\" width=\"923\" height=\"240\" srcset=\"https:\/\/www.erplybooks.com\/wp-content\/uploads\/2018\/09\/capture5-300x78.png 300w, https:\/\/www.erplybooks.com\/wp-content\/uploads\/2018\/09\/capture5-768x200.png 768w, https:\/\/www.erplybooks.com\/wp-content\/uploads\/2018\/09\/capture5-1024x266.png 1024w, https:\/\/www.erplybooks.com\/wp-content\/uploads\/2018\/09\/capture5.png 1262w\" sizes=\"auto, (max-width: 923px) 100vw, 923px\" \/><\/p>\n<p><span style=\"font-weight: 400;\">See on n\u00e4ide sellest, kuidas lisada t\u00f6\u00f6taja kaardile attribuute pereliikmete kohta. L\u00e4\u00e4ne kultuuris, saab olla ainult \u00fcks ametlik abikaasa, seet\u00f5ttu on siia lisatud &#8220;<\/span><b>Luba mitu&#8221;<\/b><span style=\"font-weight: 400;\"> kasti &#8220;<\/span><b>Ei&#8221;. <\/b><span style=\"font-weight: 400;\">Kuna tavap\u00e4raselt on peres mitu last, on lisatud laste puhul &#8220;<\/span><b>Luba mitu&#8221;<\/b><span style=\"font-weight: 400;\"> kasti &#8220;<\/span><b>Jah&#8221;<\/b><span style=\"font-weight: 400;\">. <\/span><\/p>\n<p><span style=\"font-weight: 400;\">P\u00e4rast nende reeglite lisamist saad lisada kontakti kaardil <strong>(&#8220;M\u00fc\u00fck&#8221; v\u00f5i &#8220;Ost&#8221; &gt; &#8220;Kontaktid&#8221;)<\/strong> info t\u00f6\u00f6taja pereliikmete kohta. <\/span><\/p>\n<p><img loading=\"lazy\" decoding=\"async\" class=\"alignnone wp-image-9491\" src=\"https:\/\/www.erplybooks.com\/wp-content\/uploads\/2018\/09\/capture6-300x168.png\" alt=\"\" width=\"909\" height=\"509\" srcset=\"https:\/\/www.erplybooks.com\/wp-content\/uploads\/2018\/09\/capture6-300x168.png 300w, https:\/\/www.erplybooks.com\/wp-content\/uploads\/2018\/09\/capture6-768x429.png 768w, https:\/\/www.erplybooks.com\/wp-content\/uploads\/2018\/09\/capture6-1024x573.png 1024w, https:\/\/www.erplybooks.com\/wp-content\/uploads\/2018\/09\/capture6.png 1781w\" sizes=\"auto, (max-width: 909px) 100vw, 909px\" \/><\/p>\n<p><span style=\"font-weight: 400;\">Selleks, et hallata lisatud informatiooni, vajuta eelmisel pildil n\u00e4idatud sinisele nupule &#8220;<\/span><b>Halda&#8221; &gt; &#8220;Lisa&#8221; &gt; <\/b>muuda vajalikud andmed, mida Sul vaja lisada on<b> &gt; &#8220;Salvesta&#8221;. <\/b><\/p>\n<p><span style=\"font-weight: 400;\">Tekkinud k\u00fcsimuste v\u00f5i probleemide korral v\u00f5ta \u00fchendust meie <\/span><strong><a href=\"https:\/\/www.erplybooks.com\/et\/kontakt\/\">kasutajatoega<\/a>.<\/strong><\/p>\n<p style=\"text-align: right;\"><em>Uuendatud 17.09.2021<\/em><\/p>\n<p style=\"text-align: right;\">\n","protected":false},"excerpt":{"rendered":"<p>Lisav\u00f5imalused moodulitesse &nbsp; Lisav\u00f5imalused on m\u00f5eldud selleks, et erinevatele moodulitele saaks lisada juurde lisainformatsiooni. Lisav\u00f5imaluste v\u00e4li v\u00f5ib olla lihtne tekstilahter ostu- v\u00f5i m\u00fc\u00fcgiarvel v\u00f5i lisamen\u00fc\u00fc m\u00f5nes moodulis. See funktsionaalsus on selleks, et lisada moodulitele juurde lisav\u00f5imalusi informatsiooni sisestamiseks. Seadistamine Selleks, et lisav\u00f5imalusi endale seadistada, ava &#8220;S\u00e4tted&#8221; &gt; &#8220;\u00dcldised s\u00e4tted&#8221; &gt; &#8220;Lisav\u00f5imalused moodulitesse&#8221; &gt; &#8220;Halda&#8221;. Lisav\u00f5imalusi [&hellip;]<\/p>\n","protected":false},"author":3,"featured_media":0,"parent":3312,"menu_order":0,"comment_status":"closed","ping_status":"closed","template":"","meta":{"_et_pb_use_builder":"","_et_pb_old_content":"","_et_gb_content_width":"","footnotes":""},"categories":[450],"tags":[583,584],"class_list":["post-9354","page","type-page","status-publish","hentry","category-seadistused","tag-lisavoimalused","tag-moodul"],"_links":{"self":[{"href":"https:\/\/www.erplybooks.com\/et\/wp-json\/wp\/v2\/pages\/9354","targetHints":{"allow":["GET"]}}],"collection":[{"href":"https:\/\/www.erplybooks.com\/et\/wp-json\/wp\/v2\/pages"}],"about":[{"href":"https:\/\/www.erplybooks.com\/et\/wp-json\/wp\/v2\/types\/page"}],"author":[{"embeddable":true,"href":"https:\/\/www.erplybooks.com\/et\/wp-json\/wp\/v2\/users\/3"}],"replies":[{"embeddable":true,"href":"https:\/\/www.erplybooks.com\/et\/wp-json\/wp\/v2\/comments?post=9354"}],"version-history":[{"count":0,"href":"https:\/\/www.erplybooks.com\/et\/wp-json\/wp\/v2\/pages\/9354\/revisions"}],"up":[{"embeddable":true,"href":"https:\/\/www.erplybooks.com\/et\/wp-json\/wp\/v2\/pages\/3312"}],"wp:attachment":[{"href":"https:\/\/www.erplybooks.com\/et\/wp-json\/wp\/v2\/media?parent=9354"}],"wp:term":[{"taxonomy":"category","embeddable":true,"href":"https:\/\/www.erplybooks.com\/et\/wp-json\/wp\/v2\/categories?post=9354"},{"taxonomy":"post_tag","embeddable":true,"href":"https:\/\/www.erplybooks.com\/et\/wp-json\/wp\/v2\/tags?post=9354"}],"curies":[{"name":"wp","href":"https:\/\/api.w.org\/{rel}","templated":true}]}}