{"id":9302,"date":"2018-07-27T09:38:03","date_gmt":"2018-07-27T09:38:03","guid":{"rendered":"http:\/\/www.erplybooks.com\/?page_id=9302"},"modified":"2023-07-05T08:21:52","modified_gmt":"2023-07-05T08:21:52","slug":"ettemakse-kaibemaks","status":"publish","type":"page","link":"https:\/\/www.erplybooks.com\/et\/juhendid\/ettemakse-kaibemaks\/","title":{"rendered":"Ettemakse k\u00e4ibemaks"},"content":{"rendered":"<h1>Ettemakse k\u00e4ibemaks<\/h1>\r\n<p>&nbsp;<\/p>\r\n<p><span style=\"font-weight: 400;\">Ettemakse k\u00e4ibemaks on m\u00fc\u00fcgimaks, mis arvestatakse ettemakselt. N\u00e4iteks, kui saad kliendilt tellimuse 2000 + KM (20%) = 2400 ja klient tasub selle eest osade kaupa, siis tuleb laekunud ettemakselt arvestada k\u00e4ibemaks ja deklareerida see ettemakse laekumise kuu k\u00e4ibedeklaratsioonis.<\/span><\/p>\r\n<p>&nbsp;<\/p>\r\n<h3>K\u00e4ibemaksu lisamine ettemakse kandele<\/h3>\r\n<p><span style=\"font-weight: 400;\">Kui soovid, et laekunud ettemakse summalt arvestatakse k\u00e4ibemaks, siis koosta tavaline ettemakse kanne, avades <b>\u201cM\u00fc\u00fck\u201d &gt; \u201cLaekumata arved\u201d &gt;<\/b> ja vajuta alamen\u00fc\u00fcst <b>\u201cLisa makse\u201d<\/b>. Avanenud akna alaosas on k\u00e4ibemaksu lahter. Vali sealt maksum\u00e4\u00e4r. Selle toiminguga lisate ettemakse kandele k\u00e4ibemaksu.<\/span><\/p>\r\n<p><img loading=\"lazy\" decoding=\"async\" class=\"alignnone wp-image-20144 size-full\" src=\"https:\/\/www.erplybooks.com\/wp-content\/uploads\/2021\/01\/Screen-Shot-2021-01-13-at-09.41.19.png\" alt=\"\" width=\"648\" height=\"348\" srcset=\"https:\/\/www.erplybooks.com\/wp-content\/uploads\/2021\/01\/Screen-Shot-2021-01-13-at-09.41.19.png 648w, https:\/\/www.erplybooks.com\/wp-content\/uploads\/2021\/01\/Screen-Shot-2021-01-13-at-09.41.19-300x161.png 300w\" sizes=\"auto, (max-width: 648px) 100vw, 648px\" \/><\/p>\r\n<p>&nbsp;<\/p>\r\n<h3>K\u00e4ibemaksu lisamine ettemakse kandele kliendip\u00f5hiselt<\/h3>\r\n<p><span style=\"font-weight: 400;\">Kui soovid, et konkreetse kliendi ettemaksetelt arvestatakse alati k\u00e4ibemaksu ja kandele tekiks k\u00e4ibemaksu rida, siis saad selle m\u00e4\u00e4rata kliendip\u00f5hiselt kliendi kaardil.<\/span><\/p>\r\n<p><span style=\"font-weight: 400;\">Selleks ava\u00a0<b>\u201cM\u00fc\u00fck\u201d &gt; \u201cKontaktid\u201d &gt;<\/b> vali soovitud kontakt ja vajuta alamen\u00fc\u00fcl <b>\u201cKontakti kaart\u201d<\/b> v\u00f5i kliendi ees olevat \u201ci\u201d-ikooni. Vali\u00a0<b>\u201cK\u00e4ibemaks\u201d<\/b> kasti \u00f5ige k\u00e4ibemaksum\u00e4\u00e4r ja salvesta. J\u00e4rgneval joonisel on valitud kontaktikaardil k\u00e4ibemaksu liigiks <b>\u201cPeamine KM &#8211; 20%\u201d<\/b>.<\/span><br \/><img loading=\"lazy\" decoding=\"async\" class=\"alignnone wp-image-5098\" src=\"https:\/\/www.erplybooks.com\/wp-content\/uploads\/2020\/09\/Screen-Shot-2020-09-14-at-13.50.45.png\" alt=\"\" width=\"400\" height=\"200\" \/><\/p>\r\n<p><span style=\"font-weight: 400;\">Iga kord, kui kooostad sellele kliendile ettemakse kannet, siis arvestatakse ettemakselt k\u00e4ibemaksu ja <b>\u201cLisa makse\u201d<\/b> aknasse ilmub kontakti kaardil m\u00e4\u00e4ratud k\u00e4ibemaksum\u00e4\u00e4r automaatselt.<\/span><\/p>\r\n<p><span style=\"font-weight: 400;\">Pangaimpordis ilmub ettemaksetele samuti kliendi kaardil m\u00e4\u00e4ratud k\u00e4ibemaksu liik ja arvestatakse kliendikaardil m\u00e4\u00e4ratud k\u00e4ibemaks.<\/span><\/p>\r\n<p>&nbsp;<\/p>\r\n<h3>K\u00e4ibemaksu kanded<\/h3>\r\n<p><span style=\"font-weight: 400;\">Kui oled ettemakse koostanud koos k\u00e4ibemaksuga nii, nagu eelnevalt kirjeldatud, siis tekib j\u00e4rgnev raamatupidamiskanne:<\/span><\/p>\r\n<p><img loading=\"lazy\" decoding=\"async\" class=\"alignnone wp-image-20151 size-full\" src=\"https:\/\/www.erplybooks.com\/wp-content\/uploads\/2021\/01\/Screen-Shot-2021-01-13-at-10.29.41.png\" alt=\"\" width=\"1214\" height=\"190\" srcset=\"https:\/\/www.erplybooks.com\/wp-content\/uploads\/2021\/01\/Screen-Shot-2021-01-13-at-10.29.41.png 1214w, https:\/\/www.erplybooks.com\/wp-content\/uploads\/2021\/01\/Screen-Shot-2021-01-13-at-10.29.41-300x47.png 300w, https:\/\/www.erplybooks.com\/wp-content\/uploads\/2021\/01\/Screen-Shot-2021-01-13-at-10.29.41-1024x160.png 1024w, https:\/\/www.erplybooks.com\/wp-content\/uploads\/2021\/01\/Screen-Shot-2021-01-13-at-10.29.41-768x120.png 768w\" sizes=\"auto, (max-width: 1214px) 100vw, 1214px\" \/><\/p>\r\n<p><span style=\"font-weight: 400;\">Ettemakse k\u00e4ibemaks tekib ettemakse lisamisel, m\u00fc\u00fcgiarvel ja ettemakse kasutamisel. Kuna arve loomisega tekib omakorda k\u00e4ibemaksu kanne, siis tekib ettemakse kasutamisele vastupidine k\u00e4ibemaksusumma ja kokku on nende k\u00e4ibemaksude summa null.<\/span><\/p>\r\n<p>&nbsp;<\/p>\r\n<p><span style=\"font-weight: 400;\">J\u00e4rgnevalt on toodud v\u00e4lja kanded, mis tekivad, kui klient tegi ettemakse summas 1200 eur ja sellest arvestatakse k\u00e4ibemaksu summas 200 eur.<\/span><\/p>\r\n<p><strong>1. ETTEMAKSE LISAMINE<\/strong><\/p>\r\n<p><span style=\"font-weight: 400;\">\u00a0 \u00a0 \u00a0 \u00a0 \u00a0 \u00a0 \u00a0 \u00a0 \u00a0 \u00a0 \u00a0 \u00a0 \u00a0D: Pangakonto 1200<\/span><br \/><span style=\"font-weight: 400;\">\u00a0 \u00a0 \u00a0 \u00a0 \u00a0 \u00a0 \u00a0 \u00a0 \u00a0 \u00a0 \u00a0 \u00a0 \u00a0K: Klientide ettemaksed 1000<\/span><br \/><span style=\"font-weight: 400;\">\u00a0 \u00a0 \u00a0 \u00a0 \u00a0 \u00a0 \u00a0 \u00a0 \u00a0 \u00a0 \u00a0 \u00a0 \u00a0<span style=\"color: #0000ff;\">K: K\u00e4ibemaksuv\u00f5lg 200<\/span><\/span><\/p>\r\n<p><strong>2. M\u00dc\u00dcGIARVE KOOSTAMINE<\/strong><\/p>\r\n<p><span style=\"font-weight: 400;\">\u00a0 \u00a0 \u00a0 \u00a0 \u00a0 \u00a0 \u00a0 \u00a0 \u00a0 \u00a0 \u00a0 \u00a0 \u00a0D: N\u00f5uded ostjatele 1200<\/span><br \/><span style=\"font-weight: 400;\">\u00a0 \u00a0 \u00a0 \u00a0 \u00a0 \u00a0 \u00a0 \u00a0 \u00a0 \u00a0 \u00a0 \u00a0 \u00a0K: M\u00fc\u00fcgitulu 1000<\/span><br \/><span style=\"font-weight: 400;\">\u00a0 \u00a0 \u00a0 \u00a0 \u00a0 \u00a0 \u00a0 \u00a0 \u00a0 \u00a0 \u00a0 \u00a0 <span style=\"color: #0000ff;\">\u00a0K: K\u00e4ibemaksuv\u00f5lg 200<\/span><\/span><\/p>\r\n<p><strong>3. ETTEMAKSE KASUTAMINE<\/strong><\/p>\r\n<p><span style=\"font-weight: 400;\">\u00a0 \u00a0 \u00a0 \u00a0 \u00a0 \u00a0 \u00a0 \u00a0 \u00a0 \u00a0 \u00a0 \u00a0 \u00a0D: Klientide ettemaksed 1000<\/span><br \/><span style=\"font-weight: 400;\">\u00a0 \u00a0 \u00a0 \u00a0 \u00a0 \u00a0 \u00a0 \u00a0 \u00a0 \u00a0 \u00a0 \u00a0 \u00a0<span style=\"color: #0000ff;\">D: K\u00e4ibemaksuv\u00f5lg 200<\/span><\/span><br \/><span style=\"font-weight: 400;\">\u00a0 \u00a0 \u00a0 \u00a0 \u00a0 \u00a0 \u00a0 \u00a0 \u00a0 \u00a0 \u00a0 \u00a0 \u00a0K: N\u00f5uded ostjatele 1200<\/span><\/p>\r\n<p>&nbsp;<\/p>\r\n<h3>Ettemakse k\u00e4ibemaksu vahekonto<\/h3>\r\n<p><span style=\"font-weight: 400;\">Kui Sul pole m\u00e4\u00e4ratud vahekontot, siis tehakse j\u00e4rgnev kanne:<\/span><\/p>\r\n<p><span style=\"font-weight: 400;\">\u00a0 \u00a0 \u00a0 \u00a0 \u00a0 \u00a0 \u00a0 \u00a0 \u00a0 \u00a0 \u00a0 \u00a0 \u00a0D: Pangakonto 1200<\/span><br \/><span style=\"font-weight: 400;\">\u00a0 \u00a0 \u00a0 \u00a0 \u00a0 \u00a0 \u00a0 \u00a0 \u00a0 \u00a0 \u00a0 \u00a0 \u00a0<span style=\"color: #0000ff;\">K: K\u00e4ibemaksuv\u00f5lg 200<\/span><\/span><br \/><span style=\"font-weight: 400;\">\u00a0 \u00a0 \u00a0 \u00a0 \u00a0 \u00a0 \u00a0 \u00a0 \u00a0 \u00a0 \u00a0 \u00a0 \u00a0K: Klientide ettemaksed 1000<\/span><\/p>\r\n<p><span style=\"font-weight: 400;\">Sel juhul ei klapi bilanss kliendi raportiga, sest bilansis on kajastatud klientide ettemaksed 1000, aga kliendi raportis summas 1200. Selle jaoks on v\u00f5imalik lisada vahekonto, mis teeb j\u00e4rgneva kande: <\/span><\/p>\r\n<p><span style=\"font-weight: 400;\">\u00a0 \u00a0 \u00a0 \u00a0 \u00a0 \u00a0 \u00a0 \u00a0 \u00a0 \u00a0 \u00a0 \u00a0 \u00a0D: Pangakonto 1200<\/span><br \/><span style=\"font-weight: 400;\">\u00a0 \u00a0 \u00a0 \u00a0 \u00a0 \u00a0 \u00a0 \u00a0 \u00a0 \u00a0 \u00a0 \u00a0 \u00a0<span style=\"color: #0000ff;\">D: K\u00e4ibemaksu vahekonto 200<\/span><\/span><br \/><span style=\"font-weight: 400;\">\u00a0 \u00a0 \u00a0 \u00a0 \u00a0 \u00a0 \u00a0 \u00a0 \u00a0 \u00a0 \u00a0 \u00a0 \u00a0K: Klientide ettemaksed 1200<\/span><br \/><span style=\"font-weight: 400;\">\u00a0 \u00a0 \u00a0 \u00a0 \u00a0 \u00a0 \u00a0 \u00a0 \u00a0 \u00a0 \u00a0 \u00a0 \u00a0<span style=\"color: #0000ff;\">K: K\u00e4ibemaksuv\u00f5lg 200<\/span><\/span><\/p>\r\n<p><span style=\"font-weight: 400;\">Vahekonto seadistamiseks ava\u00a0<b>\u201cS\u00e4tted\u201d &gt; \u201cAlgandmed\u201d &gt; \u201cS\u00fcsteemikontod\u201d<\/b> ja lisa uus rida, mille t\u00fc\u00fcbiks m\u00e4rgi\u00a0<b>\u201cEttemaksu k\u00e4ibemaksu vahekonto\u201d<\/b>. Vali endale sobiv konto ja salvesta.\u00a0<\/span><\/p>\r\n<p>&nbsp;<\/p>\r\n<h3>Kust saab n\u00e4ha ettemakseid?<\/h3>\r\n<p><span style=\"font-weight: 400;\">Kliendile tehtud ettemakset saad n\u00e4ha, kui avad\u00a0<b>\u201cM\u00fc\u00fck\u201d &gt; \u201cLaekumiste raport\u201d<\/b>.<\/span><\/p>\r\n<p><img loading=\"lazy\" decoding=\"async\" class=\"alignnone wp-image-20163 size-full\" src=\"https:\/\/www.erplybooks.com\/wp-content\/uploads\/2021\/01\/Screen-Shot-2021-01-13-at-10.40.29-1.png\" alt=\"\" width=\"1435\" height=\"277\" srcset=\"https:\/\/www.erplybooks.com\/wp-content\/uploads\/2021\/01\/Screen-Shot-2021-01-13-at-10.40.29-1.png 1435w, https:\/\/www.erplybooks.com\/wp-content\/uploads\/2021\/01\/Screen-Shot-2021-01-13-at-10.40.29-1-300x58.png 300w, https:\/\/www.erplybooks.com\/wp-content\/uploads\/2021\/01\/Screen-Shot-2021-01-13-at-10.40.29-1-1024x198.png 1024w, https:\/\/www.erplybooks.com\/wp-content\/uploads\/2021\/01\/Screen-Shot-2021-01-13-at-10.40.29-1-768x148.png 768w\" sizes=\"auto, (max-width: 1435px) 100vw, 1435px\" \/><\/p>\r\n<p><span style=\"font-weight: 400;\">Ettemakse laekumine eristub arvete laekumisest selle poolest, et tulp <b>\u201cArve nr\u201d<\/b> on t\u00fchi. Arve tasumisel on seal arve number, mis tasuti. <\/span><\/p>\r\n<h3>\u00a0<\/h3>\r\n<h3>Ettemakse kasutamine<\/h3>\r\n<p><span style=\"font-weight: 400;\">Kui soovid antud ettemakset kasutada ja arvega siduda, mine <b>\u201cM\u00fc\u00fck\u201d &gt; \u201cLaekumata arved\u201d &gt;<\/b> tee linnuke soovitud arve rea ette ja vajuta sinist nuppu <b>\u201cSeo ettemaksuga\u201d<\/b>. Vali nimekirjast ettemaks ja salvesta.<\/span><\/p>\r\n<p><img loading=\"lazy\" decoding=\"async\" class=\"alignnone wp-image-20244 size-full\" src=\"https:\/\/www.erplybooks.com\/wp-content\/uploads\/2021\/01\/Screen-Shot-2021-01-13-at-11.10.54-1.png\" alt=\"Ettemakse k\u00e4ibemaks\" width=\"1428\" height=\"734\" srcset=\"https:\/\/www.erplybooks.com\/wp-content\/uploads\/2021\/01\/Screen-Shot-2021-01-13-at-11.10.54-1.png 1428w, https:\/\/www.erplybooks.com\/wp-content\/uploads\/2021\/01\/Screen-Shot-2021-01-13-at-11.10.54-1-300x154.png 300w, https:\/\/www.erplybooks.com\/wp-content\/uploads\/2021\/01\/Screen-Shot-2021-01-13-at-11.10.54-1-1024x526.png 1024w, https:\/\/www.erplybooks.com\/wp-content\/uploads\/2021\/01\/Screen-Shot-2021-01-13-at-11.10.54-1-768x395.png 768w\" sizes=\"auto, (max-width: 1428px) 100vw, 1428px\" \/><\/p>\r\n<p><span style=\"font-weight: 400;\">Ettemakse kasutamisel v\u00f5tab s\u00fcsteem k\u00e4ibemaksu alati tehtud ettemakse pealt. Kui Sul on aktiveeritud tellimuste ettemaksete lahendus v\u00f5i kasutate Erply ladu, siis makstud tellimusest arvet tehes kasutatakse ettemakse automaatselt \u00e4ra. Kanne on vastupidine ettemakse kandele ning s\u00f5ltub ettemakse k\u00e4ibemaksu vahekontost.<\/span><\/p>\r\n<p>&nbsp;<\/p>\r\n<h3>K\u00e4ibemaks k\u00e4ibemaksuaruandes<\/h3>\r\n<p><span style=\"font-weight: 400;\">Ettemakse k\u00e4ibemaks lisatakse k\u00e4ibemaksuaruandesse vastavalt laekumise kuup\u00e4evale. Seega, kui ettemaks tehti septembris, siis n\u00e4ed seda septembri k\u00e4ibearuandes. K\u00e4ibemaksuaruande avamiseks mine <b>\u201cAruanded\u201d &gt; \u201cK\u00e4ibemaksuaruanne\u201d<\/b>. Vali \u00f5ige ajavahemik ja vajuta\u00a0<b>\u201cOtsi\u201d<\/b>. <\/span><\/p>\r\n<p><img loading=\"lazy\" decoding=\"async\" class=\"alignnone wp-image-5098\" src=\"https:\/\/www.erplybooks.com\/wp-content\/uploads\/2020\/09\/Screen-Shot-2020-09-14-at-12.55.50.png\" alt=\"Ettemakse k\u00e4ibemaks\" width=\"600\" height=\"400\" \/><\/p>\r\n<p>&nbsp;<\/p>\r\n<p><span style=\"font-weight: 400;\">Kui oled koostanud m\u00fc\u00fcgiarve ja ettemakse kasutamise samas kuus, mil tekkis ettemakse, siis tuleb kokku tasuda k\u00e4ibemaksu 200 eur. Tekivad j\u00e4rgmiste k\u00e4ibemaksusummadega kanded.<\/span><\/p>\r\n<p><img loading=\"lazy\" decoding=\"async\" class=\"alignnone wp-image-5098\" src=\"https:\/\/www.erplybooks.com\/wp-content\/uploads\/2020\/09\/Screen-Shot-2020-09-14-at-13.08.47.png\" alt=\"Ettemakse k\u00e4ibemaks\" width=\"600\" height=\"400\" \/><\/p>\r\n<p>&nbsp;<\/p>\r\n<h3>Tellimuse\/ ettemaksuarve ridadel erinevad k\u00e4ibemaksu protsendid<\/h3>\r\n<p><span style=\"font-weight: 400;\">Kui tellimusel v\u00f5i ettemaksuarvel on erineva k\u00e4ibemaksum\u00e4\u00e4raga read, m\u00f5ned n\u00e4iteks 20%-ga ja m\u00f5ned 9%-ga, siis tuleb see seadistada.<\/span><\/p>\r\n<p>&nbsp;<\/p>\r\n<h3>Kinkekaardid<\/h3>\r\n<p><span style=\"font-weight: 400;\">\u00dcldiselt arvestatakse kinkekaartidelt k\u00e4ibemaksu. See t\u00e4hendab, et kinkekaart m\u00fc\u00fcakse t\u00e4issummas, aga see sisaldab k\u00e4ibemaksu. Kui soovid k\u00e4ibemaksu m\u00f5lema tehingu poole pealt arvestada, tuleb m\u00e4rkida k\u00e4ibemaks kinkekaardi artiklile. T\u00e4psemalt saad selle kohta lugeda kinkekaardi <a href=\"https:\/\/www.erplybooks.com\/et\/juhendid\/kinkekaardid-erply-booksis\/\"><strong>juhendist.<\/strong><\/a><\/span><\/p>\r\n<p>&nbsp;<\/p>\r\n<h3>Hankijale tehtud ettemakse k\u00e4ibemaks<\/h3>\r\n<p><span style=\"font-weight: 400;\">Ost on m\u00fc\u00fcgi p\u00f6\u00f6rdtehing ja eespool kirjeldatud protsess rakendub ostudele samamoodi nagu m\u00fc\u00fcgile. Arvestada tasub aga seda, et sisendk\u00e4ibemaksu tagasiarvamise aluseks on ostuarve, mitte makse. Seet\u00f5ttu soovitame hankijale tasutud ettemaksetelt \u00fcldiselt k\u00e4ibemaksu mitte arvestada. Selleks ava\u00a0<strong>&#8220;S\u00e4tted&#8221; &gt; &#8220;\u00dcldised s\u00e4tted&#8221;\u00a0<\/strong>ja m\u00e4rgi j\u00e4rgneva seade ette linnuke:<\/span><\/p>\r\n<p><!--more--><img loading=\"lazy\" decoding=\"async\" class=\"alignnone size-full wp-image-20394\" src=\"https:\/\/www.erplybooks.com\/wp-content\/uploads\/2021\/01\/Screen-Shot-2021-01-25-at-10.03.56.png\" alt=\"\" width=\"264\" height=\"34\" \/><\/p>\r\n<h3>ERPLY kassa ja lao kasutajale<\/h3>\r\n<p><span style=\"font-weight: 400;\">Kui kasutad ERPLY ladu ja soovid ettemakse k\u00e4ibemaksu automaatseks seadistada, siis toimi j\u00e4rgnevalt:<\/span><\/p>\r\n<ol>\r\n<li style=\"text-align: justify;\">Ava\u00a0<b>\u201cS\u00e4tted\u201d &gt; \u201cERPLY kassa ja lao s\u00e4tted\u201d &gt; \u201cMuud v\u00f5imalused\u201d &gt; \u201cKontakti k\u00e4ibemaks riigi j\u00e4rgi\u201d<\/b>. M\u00e4\u00e4ra sinna igale riigile sobiv k\u00e4ibemaks. Riigid pane ISO2 tunnusega. N\u00e4iteks Eesti = EE, L\u00e4ti =LV, Leedu =LT jne. Kui k\u00e4ibemaksu on vaja m\u00e4\u00e4rata kontaktile kus riik on t\u00fchi, siis v\u00e4\u00e4rtus = EMPTY.<\/li>\r\n<li style=\"text-align: justify;\">Seej\u00e4rel s\u00fcngi k\u00f5ik kliendid \u00fcle: <b>\u201cS\u00e4tted\u201d &gt; \u201cERPLY kassa ja lao s\u00e4tted\u201d &gt;<\/b> vajuta nuppu <b>\u201cS\u00fcnkroniseeri kliendid ja hankijad\u201d<\/b>.<\/li>\r\n<li>Ava\u00a0<b>\u201cS\u00e4tted\u201d &gt; \u201c\u00dcldised s\u00e4tted\u201d<\/b> ja m\u00e4\u00e4ra linnukene j\u00e4rgmisele valikule <b>\u201cArvuta ettemaksudelt k\u00e4ibemaksu?\u201d<\/b><\/li>\r\n<li style=\"text-align: justify;\">Ava\u00a0<b>\u201cS\u00e4tted\u201d &gt; \u201cERPLY kassa ja lao s\u00e4tted\u201d &gt; \u201cMuud v\u00f5imalused\u201d\u00a0<\/b> ja m\u00e4\u00e4ra linnukene j\u00e4rgmisele valikule <b>&#8220;S\u00fcnk. tellimused ja ettemaksuarved?&#8221;<\/b><\/li>\r\n<li style=\"text-align: justify;\">Seadista ettemakse k\u00e4ibemaksu vahekonto. Loe t\u00e4psemalt ettemakse k\u00e4ibemaksu vahekonto alt.<\/li>\r\n<li style=\"text-align: justify;\">Kui soovid k\u00e4ibemaksuaruandes ettemaksete k\u00e4ibemaksu filtreerida, siis tuleb lisada lisaindeksite plugin. Loe l\u00e4hemalt <a href=\"https:\/\/www.erplybooks.com\/et\/lisamoodulid\/koosta-ise-juhtimisaruanded-ja-kiirenda-paringute-kiirust-kumnetes-kordades\/\"><strong>siit<\/strong><\/a>.<\/li>\r\n<li style=\"text-align: justify;\">Vajalik oleks ka teatud periood \u00fcle s\u00fcnkroniseerida, et andmed \u00f5igeks l\u00e4heks. Selle jaoks ava\u00a0<b>\u201cS\u00e4tted\u201d &gt; \u201cErply kassa &amp; lao s\u00e4tted\u201d<\/b> ja pane linnuke <b>&#8220;Kirjuta laekumised s\u00fcnkroniseerides \u00fcle?&#8221;<\/b> ette.<\/li>\r\n<li style=\"text-align: justify;\">Seej\u00e4rel ava s\u00fcnkroniseerimise moodul ja s\u00fcnkroniseeri soovitud periood.<\/li>\r\n<\/ol>\r\n<p>&nbsp;<\/p>\r\n<p><span style=\"font-weight: 400;\">Kui soovid, et k\u00f5igile klientidele m\u00e4\u00e4ratakse automaatselt ettemaksetele k\u00e4ibemaksu protsent, siis otsi pealehe otsingukastist:<\/span><\/p>\r\n<ul>\r\n<li style=\"text-align: justify;\"><b>\u201cK\u00e4ibemaksu reeglid ERPLY klientidele vastavalt EU arve t\u00fc\u00fcbile\u201d<\/b> \u2013 saad m\u00e4\u00e4rata k\u00e4ibemaksum\u00e4\u00e4ra vastavalt sellele, kas klient on siseriiklik (DOMESTIC), Euroopa Liidus (EU), Euroopa Liidust v\u00e4ljaspool (OUTSIDE_EU)<\/li>\r\n<li style=\"text-align: justify;\"><b>\u201c\u00dchenda kliendigrupid k\u00e4ibemaksum\u00e4\u00e4radega\u201d<\/b> \u2013 saad m\u00e4\u00e4rata erinevatele kliendigruppidele erinevad k\u00e4ibemaksum\u00e4\u00e4rad<\/li>\r\n<\/ul>\r\n\r\n<p>&nbsp;<\/p>\r\n","protected":false},"excerpt":{"rendered":"<p>Ettemakse k\u00e4ibemaks &nbsp; Ettemakse k\u00e4ibemaks on m\u00fc\u00fcgimaks, mis arvestatakse ettemakselt. N\u00e4iteks, kui saad kliendilt tellimuse 2000 + KM (20%) = 2400 ja klient tasub selle eest osade kaupa, siis tuleb laekunud ettemakselt arvestada k\u00e4ibemaks ja deklareerida see ettemakse laekumise kuu k\u00e4ibedeklaratsioonis. &nbsp; K\u00e4ibemaksu lisamine ettemakse kandele Kui soovid, et laekunud ettemakse summalt arvestatakse k\u00e4ibemaks, siis [&hellip;]<\/p>\n","protected":false},"author":3,"featured_media":0,"parent":3312,"menu_order":0,"comment_status":"closed","ping_status":"closed","template":"","meta":{"_et_pb_use_builder":"","_et_pb_old_content":"","_et_gb_content_width":"","footnotes":""},"categories":[458],"tags":[791,83],"class_list":["post-9302","page","type-page","status-publish","hentry","category-kaibemaks","tag-ettemakse","tag-kaibemaks"],"_links":{"self":[{"href":"https:\/\/www.erplybooks.com\/et\/wp-json\/wp\/v2\/pages\/9302","targetHints":{"allow":["GET"]}}],"collection":[{"href":"https:\/\/www.erplybooks.com\/et\/wp-json\/wp\/v2\/pages"}],"about":[{"href":"https:\/\/www.erplybooks.com\/et\/wp-json\/wp\/v2\/types\/page"}],"author":[{"embeddable":true,"href":"https:\/\/www.erplybooks.com\/et\/wp-json\/wp\/v2\/users\/3"}],"replies":[{"embeddable":true,"href":"https:\/\/www.erplybooks.com\/et\/wp-json\/wp\/v2\/comments?post=9302"}],"version-history":[{"count":0,"href":"https:\/\/www.erplybooks.com\/et\/wp-json\/wp\/v2\/pages\/9302\/revisions"}],"up":[{"embeddable":true,"href":"https:\/\/www.erplybooks.com\/et\/wp-json\/wp\/v2\/pages\/3312"}],"wp:attachment":[{"href":"https:\/\/www.erplybooks.com\/et\/wp-json\/wp\/v2\/media?parent=9302"}],"wp:term":[{"taxonomy":"category","embeddable":true,"href":"https:\/\/www.erplybooks.com\/et\/wp-json\/wp\/v2\/categories?post=9302"},{"taxonomy":"post_tag","embeddable":true,"href":"https:\/\/www.erplybooks.com\/et\/wp-json\/wp\/v2\/tags?post=9302"}],"curies":[{"name":"wp","href":"https:\/\/api.w.org\/{rel}","templated":true}]}}