{"id":9170,"date":"2018-07-11T10:12:47","date_gmt":"2018-07-11T10:12:47","guid":{"rendered":"http:\/\/www.erplybooks.com\/?page_id=9170"},"modified":"2023-07-05T07:34:25","modified_gmt":"2023-07-05T07:34:25","slug":"envoice-integratsioonilahendus","status":"publish","type":"page","link":"https:\/\/www.erplybooks.com\/et\/envoice-integratsioonilahendus\/","title":{"rendered":"Envoice integratsioon"},"content":{"rendered":"<h1>Envoice integratsioon<\/h1>\n<p>&nbsp;<\/p>\n<h2>1. Partnerlus<\/h2>\n<p>Envoice on digiteerimis-ja kuluhaldustarkvara igas suuruses ettev\u00f5tetele. Envoice v\u00f5imaldab automaatset andmesisestuseta raamatupidamist ja toetab e-arveldust.\u00a0Lisainformatsioon: <a href=\"https:\/\/envoice.eu\/et\/\">www.envoice.eu<\/a> ja <a href=\"mailto:support@envoice.eu\">support@envoice.eu<\/a>.<\/p>\n<p>&nbsp;<\/p>\n<h2>2. Integratsioon<\/h2>\n<h3>2.1. Millist kasu saab integratsiooni lahendusest ERPLY Books\u2019i?<\/h3>\n<p>Envoice aitab ERPLY Books\u2019i kasutajatel astuda suure sammu paberiva raamatupidamise suunas. Envoice muudab ostuarved ja kviitungid elektroonilisteks dokumentideks ning seej\u00e4rel on neid Envoice keskkonnas lihtne konteerida, aruandeid koostada v\u00f5i soovi korral ettev\u00f5ttes kinnitada. Suure ajav\u00f5idu annavad Envoice\u2019s olevad automatiseerimise t\u00f6\u00f6riistad ja enamus toiminguid saab vajadusel, kas t\u00e4ielikult v\u00f5i osaliselt \u00e4ra automatiseerida. Kui k\u00f5ik soovitud toimingud on Envoice\u2019s tehtud, liiguvad arved ja kuluaruanded automaatselt ERPLY Books\u2019i.<\/p>\n<p>Envoice\u2019i kasutuselev\u00f5tmise teeb lihtsaks see, et andmevahetus toimub ka vastupidi. Envoice\u2019i liidestuse aktiveerimisel saadetakse vajalikud seadistused (kontod, projektid, hankijad, k\u00e4ibemaksud) ERPLY Books\u2019ist automaatselt Envoice\u2019i ja nii ei pea aega kulutama Envoice\u2019i seadistamisele. Edaspidi s\u00fcnkroniseeritakse muudatused, mis tehakse ERPLY Books\u2019i seadistustes, kord p\u00e4evas automaatselt Envoice\u2019i ning vajadusel saab seadistuste s\u00fcnkroniseerimise k\u00e4ivitada k\u00e4sitsi.<\/p>\n<p>&nbsp;<\/p>\n<h2>3. Kuidas integratsiooni luua?<\/h2>\n<p>Integratsiooni loomiseks mine <a href=\"http:\/\/www.envoice.eu\/\">www.envoice.eu<\/a> ja logi oma kontosse sisse. Seej\u00e4rel mine \u00fclamen\u00fc\u00fcst <strong>\u201cSeadistused\u201d &gt; \u201cLiidestused\u201d<\/strong> ja vali <strong>\u201cERPLY Books\u201d<\/strong>.<\/p>\n<p><img loading=\"lazy\" decoding=\"async\" class=\"alignnone wp-image-9171 \" src=\"https:\/\/www.erplybooks.com\/wp-content\/uploads\/2018\/07\/1.png\" alt=\"Envoice\" width=\"671\" height=\"377\" srcset=\"https:\/\/www.erplybooks.com\/wp-content\/uploads\/2018\/07\/1.png 1152w, https:\/\/www.erplybooks.com\/wp-content\/uploads\/2018\/07\/1-300x169.png 300w, https:\/\/www.erplybooks.com\/wp-content\/uploads\/2018\/07\/1-768x432.png 768w, https:\/\/www.erplybooks.com\/wp-content\/uploads\/2018\/07\/1-1024x576.png 1024w\" sizes=\"auto, (max-width: 671px) 100vw, 671px\" \/><\/p>\n<p>&nbsp;<\/p>\n<p>J\u00e4rgmiseks genereeri oma ERPLY Books&#8217;i kontole <b>API token<\/b> ning sisesta see pildil n\u00e4idatud lahtrisse, seej\u00e4rel salvesta:<\/p>\n<p><img loading=\"lazy\" decoding=\"async\" class=\"alignnone wp-image-9172 \" src=\"https:\/\/www.erplybooks.com\/wp-content\/uploads\/2018\/07\/2.png\" alt=\"Envoice\" width=\"522\" height=\"354\" srcset=\"https:\/\/www.erplybooks.com\/wp-content\/uploads\/2018\/07\/2.png 740w, https:\/\/www.erplybooks.com\/wp-content\/uploads\/2018\/07\/2-300x204.png 300w\" sizes=\"auto, (max-width: 522px) 100vw, 522px\" \/><\/p>\n<p>&nbsp;<\/p>\n<p><span style=\"font-weight: 400;\">Seej\u00e4rel n\u00e4ed j\u00e4rgnevat pilti:<\/span><\/p>\n<p>&nbsp;<\/p>\n<p><img loading=\"lazy\" decoding=\"async\" class=\"alignnone wp-image-9173 \" src=\"https:\/\/www.erplybooks.com\/wp-content\/uploads\/2018\/07\/3.png\" alt=\"Envoice\" width=\"763\" height=\"424\" srcset=\"https:\/\/www.erplybooks.com\/wp-content\/uploads\/2018\/07\/3.png 1390w, https:\/\/www.erplybooks.com\/wp-content\/uploads\/2018\/07\/3-300x167.png 300w, https:\/\/www.erplybooks.com\/wp-content\/uploads\/2018\/07\/3-768x427.png 768w, https:\/\/www.erplybooks.com\/wp-content\/uploads\/2018\/07\/3-1024x569.png 1024w\" sizes=\"auto, (max-width: 763px) 100vw, 763px\" \/><\/p>\n<p>&nbsp;<\/p>\n<p>Juhul kui liidestuse \u00fchendamise aknas tekib veateade <strong>&#8221;Credentials seem to be wrong&#8221;<\/strong>, siis tuleks ERPLY Booksi paroolid vahetada kas <strong>&#8221;S\u00e4tted -&gt; Kasutaja seaded&#8221;<\/strong> alt v\u00f5i logida kontolt v\u00e4lja ning sisse tagasi logides sisestada kasutajanimi ning seej\u00e4rel <strong>&#8221;Unustasid parooli?&#8221;<\/strong>.<\/p>\n<p>&nbsp;<\/p>\n<p><img loading=\"lazy\" decoding=\"async\" class=\"alignnone wp-image-30237 \" src=\"https:\/\/www.erplybooks.com\/wp-content\/uploads\/2023\/04\/Screen-Shot-2023-04-14-at-11.32.25-AM.png\" alt=\"\" width=\"496\" height=\"363\" srcset=\"https:\/\/www.erplybooks.com\/wp-content\/uploads\/2023\/04\/Screen-Shot-2023-04-14-at-11.32.25-AM.png 496w, https:\/\/www.erplybooks.com\/wp-content\/uploads\/2023\/04\/Screen-Shot-2023-04-14-at-11.32.25-AM-480x351.png 480w\" sizes=\"auto, (min-width: 0px) and (max-width: 480px) 480px, (min-width: 481px) 496px, 100vw\" \/><\/p>\n<p>&nbsp;<\/p>\n<p><span style=\"font-weight: 400;\">Tehtud liidestust n\u00e4ed, kui l\u00e4hed \u00fclamen\u00fc\u00fcst <strong>\u201cSeadistused\u201d -&gt; \u201cLiidestused\u201d<\/strong>.<\/span><\/p>\n<p><img loading=\"lazy\" decoding=\"async\" class=\"alignnone wp-image-9174 \" src=\"https:\/\/www.erplybooks.com\/wp-content\/uploads\/2018\/07\/4.png\" alt=\"Envoice\" width=\"732\" height=\"377\" srcset=\"https:\/\/www.erplybooks.com\/wp-content\/uploads\/2018\/07\/4.png 1327w, https:\/\/www.erplybooks.com\/wp-content\/uploads\/2018\/07\/4-300x155.png 300w, https:\/\/www.erplybooks.com\/wp-content\/uploads\/2018\/07\/4-768x396.png 768w, https:\/\/www.erplybooks.com\/wp-content\/uploads\/2018\/07\/4-1024x528.png 1024w\" sizes=\"auto, (max-width: 732px) 100vw, 732px\" \/><\/p>\n<h3>3.1 Hind<\/h3>\n<h4><b>3.1.1 Integratsiooni hind<\/b><\/h4>\n<p>Integratsiooni tegemine ja kasutamine on kliendile tasuta. Hind tekib kasutatud p\u00f5hifunktsionaalsuste eest, mitte selle eest, kuidas kaks tarkvara omavahel suhtlevad.<\/p>\n<p>&nbsp;<\/p>\n<h4><b>3.1.2 ERPLY Books&#8217;i ja Envoice hinnapaketid<\/b><\/h4>\n<p>ERPLY Books\u2019i ja Envoice\u2019i kasutamise hind kujuneb vastavalt valitud hinnaplaanidest.<\/p>\n<p>ERPLY Books\u2019is on olemas kolm erinevat hinnapaketti koos erinevate v\u00f5imalustega. Rohkem infot <strong><a href=\"https:\/\/www.erplybooks.com\/et\/juhendid\/hinnakirja-seadistused-erply-booksis\/\">siit<\/a><\/strong>.<\/p>\n<p>Envoice kuutasu s\u00f5ltub digiteeritud dokumentide hulgast ning sellest, kas valida automaatse digiteerimise v\u00f5i verifitseeritud digiteerimise pakett. Kasutajap\u00f5hist tasu Envoice\u2019s ei ole. Info hinnakirja kohta leiad <a href=\"https:\/\/envoice.eu\/et\/hinnakiri\/\"><strong>siit<\/strong><\/a>.<\/p>\n<p>&nbsp;<\/p>\n<h3>3.2 T\u00f6\u00f6protsess<\/h3>\n<p>Kui integratsioon on loodud, on Sul v\u00f5imalus hakata integratsioonilahendust kasutama. Selleks lae failid Envoice\u2019i \u00fcles \u00fchel viisil j\u00e4rgnevatest:<\/p>\n<ul>\n<li>oma arvutist;<\/li>\n<li>saates arved Envoice\u2019i e-maili teel;<\/li>\n<li>kasutades telefonirakendust \u201cEnvoice\u201d, et saata t\u0161ekke v\u00f5i tehes telefoniga pilt vastavast dokumendist.<\/li>\n<\/ul>\n<p><strong>\u201cSeadistused\u201d<\/strong> alt leiad Ostuarvete postkasti e-maili aadressi, kuhu saata fail, et see j\u00f5uaks Envoice keskkonda.<\/p>\n<p><img loading=\"lazy\" decoding=\"async\" class=\"alignnone wp-image-9175 \" src=\"https:\/\/www.erplybooks.com\/wp-content\/uploads\/2018\/07\/5.png\" alt=\"\" width=\"753\" height=\"300\" srcset=\"https:\/\/www.erplybooks.com\/wp-content\/uploads\/2018\/07\/5.png 1600w, https:\/\/www.erplybooks.com\/wp-content\/uploads\/2018\/07\/5-300x120.png 300w, https:\/\/www.erplybooks.com\/wp-content\/uploads\/2018\/07\/5-768x306.png 768w, https:\/\/www.erplybooks.com\/wp-content\/uploads\/2018\/07\/5-1024x408.png 1024w\" sizes=\"auto, (max-width: 753px) 100vw, 753px\" \/><\/p>\n<h4><strong>3.2.1 Arvete saatmine<\/strong><\/h4>\n<p>\u00dche kirjaga saab korraga saata kas \u00fche v\u00f5i mitu arvet. Saates mitu arvet korraga n\u00e4ed, et saabunud on PDF fail ja kui selle peale vajutada, n\u00e4ed saadetud arveid. Kui saadad \u00fche meiliga \u00fche arve, siis n\u00e4ed antud arve kuup\u00e4eva ja selle summat.<\/p>\n<p><img loading=\"lazy\" decoding=\"async\" class=\"alignnone wp-image-9176 \" src=\"https:\/\/www.erplybooks.com\/wp-content\/uploads\/2018\/07\/6.png\" alt=\"\" width=\"705\" height=\"514\" srcset=\"https:\/\/www.erplybooks.com\/wp-content\/uploads\/2018\/07\/6.png 1193w, https:\/\/www.erplybooks.com\/wp-content\/uploads\/2018\/07\/6-300x219.png 300w, https:\/\/www.erplybooks.com\/wp-content\/uploads\/2018\/07\/6-768x560.png 768w, https:\/\/www.erplybooks.com\/wp-content\/uploads\/2018\/07\/6-1024x747.png 1024w\" sizes=\"auto, (max-width: 705px) 100vw, 705px\" \/><\/p>\n<p>Kui fail on Envoice\u2019i saadetud, saabub see moodulisse <strong>\u201cOstuarved\u201d<\/strong>, kus n\u00e4ed uue saabunud arve puhul punast m\u00e4rki. \u00a0Vajuta \u00fclamen\u00fc\u00fcs <strong>\u201cOstuarved\u201d<\/strong> mooduli peale ja seej\u00e4rel avage saadetud arve. Arve parameetreid n\u00e4ed vasakul, ning arve PDF vaadet paremal:<\/p>\n<p><img loading=\"lazy\" decoding=\"async\" class=\"alignnone wp-image-9195 size-full\" src=\"https:\/\/www.erplybooks.com\/wp-content\/uploads\/2018\/07\/7-1.png\" alt=\"\" width=\"1600\" height=\"741\" srcset=\"https:\/\/www.erplybooks.com\/wp-content\/uploads\/2018\/07\/7-1.png 1600w, https:\/\/www.erplybooks.com\/wp-content\/uploads\/2018\/07\/7-1-300x139.png 300w, https:\/\/www.erplybooks.com\/wp-content\/uploads\/2018\/07\/7-1-768x356.png 768w, https:\/\/www.erplybooks.com\/wp-content\/uploads\/2018\/07\/7-1-1024x474.png 1024w\" sizes=\"auto, (max-width: 1600px) 100vw, 1600px\" \/><\/p>\n<p>&nbsp;<\/p>\n<p>&nbsp;<\/p>\n<p><img loading=\"lazy\" decoding=\"async\" class=\"alignnone wp-image-9197\" src=\"https:\/\/www.erplybooks.com\/wp-content\/uploads\/2018\/07\/8-2-300x137.png\" alt=\"\" width=\"1077\" height=\"491\" srcset=\"https:\/\/www.erplybooks.com\/wp-content\/uploads\/2018\/07\/8-2-300x137.png 300w, https:\/\/www.erplybooks.com\/wp-content\/uploads\/2018\/07\/8-2-768x349.png 768w, https:\/\/www.erplybooks.com\/wp-content\/uploads\/2018\/07\/8-2-1024x466.png 1024w, https:\/\/www.erplybooks.com\/wp-content\/uploads\/2018\/07\/8-2.png 1600w\" sizes=\"auto, (max-width: 1077px) 100vw, 1077px\" \/><\/p>\n<p>&nbsp;<\/p>\n<p>&nbsp;<\/p>\n<p><img loading=\"lazy\" decoding=\"async\" class=\"alignnone wp-image-9198\" src=\"https:\/\/www.erplybooks.com\/wp-content\/uploads\/2018\/07\/10-1-300x138.png\" alt=\"\" width=\"1072\" height=\"493\" srcset=\"https:\/\/www.erplybooks.com\/wp-content\/uploads\/2018\/07\/10-1-300x138.png 300w, https:\/\/www.erplybooks.com\/wp-content\/uploads\/2018\/07\/10-1-768x354.png 768w, https:\/\/www.erplybooks.com\/wp-content\/uploads\/2018\/07\/10-1-1024x472.png 1024w, https:\/\/www.erplybooks.com\/wp-content\/uploads\/2018\/07\/10-1.png 1600w\" sizes=\"auto, (max-width: 1072px) 100vw, 1072px\" \/><\/p>\n<p><span style=\"font-weight: 400;\">Kui oled dokumendiga vajalikud toimingud teinud, siis salvesta. Seej\u00e4rel vajuta uuel avanenud lehel rohelisele nupule <strong>\u201cEdasta\u201d<\/strong>. Seej\u00e4rel edastatakse arve ERPLY Books&#8217;i raamatupidamistarkvarasse. Kui dokument on edastatud, saad sellekohase teate. <\/span><\/p>\n<p><img loading=\"lazy\" decoding=\"async\" class=\"alignnone wp-image-9180\" src=\"https:\/\/www.erplybooks.com\/wp-content\/uploads\/2018\/07\/11-300x72.png\" alt=\"\" width=\"1054\" height=\"253\" srcset=\"https:\/\/www.erplybooks.com\/wp-content\/uploads\/2018\/07\/11-300x72.png 300w, https:\/\/www.erplybooks.com\/wp-content\/uploads\/2018\/07\/11-768x184.png 768w, https:\/\/www.erplybooks.com\/wp-content\/uploads\/2018\/07\/11-1024x245.png 1024w, https:\/\/www.erplybooks.com\/wp-content\/uploads\/2018\/07\/11.png 1110w\" sizes=\"auto, (max-width: 1054px) 100vw, 1054px\" \/><\/p>\n<h3>3.4 Digiteerimine<\/h3>\n<p>Envoice keskkonnas on Sul v\u00f5imalik kasutada<a href=\"https:\/\/envoice.eu\/et\/tooted\/digiteerimine\/\"> ExactExtract digimist<\/a>. Kui edastanud PDF faili v\u00f5i .jpg pildifaili, tuleb need edastada digiteerimisse, et need oleksid s\u00fcsteemile arvena loetavad. Ava saabunud fail ja vajuta lehe \u00fclaosas \u201cEdasta dokumendid ExactExtract digimisele\u201d. Seej\u00e4rel avaneb j\u00e4rgnev vaade:<\/p>\n<p><img loading=\"lazy\" decoding=\"async\" class=\"alignnone wp-image-9199\" src=\"https:\/\/www.erplybooks.com\/wp-content\/uploads\/2018\/07\/12-1-300x141.png\" alt=\"Envoice\" width=\"1028\" height=\"483\" srcset=\"https:\/\/www.erplybooks.com\/wp-content\/uploads\/2018\/07\/12-1-300x141.png 300w, https:\/\/www.erplybooks.com\/wp-content\/uploads\/2018\/07\/12-1-768x360.png 768w, https:\/\/www.erplybooks.com\/wp-content\/uploads\/2018\/07\/12-1-1024x480.png 1024w, https:\/\/www.erplybooks.com\/wp-content\/uploads\/2018\/07\/12-1.png 1600w\" sizes=\"auto, (max-width: 1028px) 100vw, 1028px\" \/><\/p>\n<p><span style=\"font-weight: 400;\">K\u00f5ik digiteeritud dokumendid saadetakse integreeritud tarkvarasse ja digiteeritud dokumendid arhiveeritakse. <\/span><\/p>\n<p>&nbsp;<\/p>\n<h2>4. Kuidas integratsiooni eemaldada<\/h2>\n<p>Integratsiooni eemaldamiseks mine \u00fclamen\u00fc\u00fcst <strong>\u201cSeadistused\u201d &gt; \u201cLiidestused\u201d<\/strong>, seej\u00e4rel vajuta ERPLY Books\u2019i logole ja avaneb lehek\u00fclg, kust saad vajutada deaktiveeri:<\/p>\n<p><img loading=\"lazy\" decoding=\"async\" class=\"alignnone wp-image-9182\" src=\"https:\/\/www.erplybooks.com\/wp-content\/uploads\/2018\/07\/13-300x120.png\" alt=\"Envoice\" width=\"1045\" height=\"418\" srcset=\"https:\/\/www.erplybooks.com\/wp-content\/uploads\/2018\/07\/13-300x120.png 300w, https:\/\/www.erplybooks.com\/wp-content\/uploads\/2018\/07\/13-768x307.png 768w, https:\/\/www.erplybooks.com\/wp-content\/uploads\/2018\/07\/13-1024x410.png 1024w, https:\/\/www.erplybooks.com\/wp-content\/uploads\/2018\/07\/13.png 1600w\" sizes=\"auto, (max-width: 1045px) 100vw, 1045px\" \/><\/p>\n<p><span style=\"font-weight: 400;\">Seej\u00e4rel avaneb aken:<\/span><\/p>\n<p><img loading=\"lazy\" decoding=\"async\" class=\"alignnone wp-image-9183\" src=\"https:\/\/www.erplybooks.com\/wp-content\/uploads\/2018\/07\/14-300x92.png\" alt=\"Envoice\" width=\"897\" height=\"275\" srcset=\"https:\/\/www.erplybooks.com\/wp-content\/uploads\/2018\/07\/14-300x92.png 300w, https:\/\/www.erplybooks.com\/wp-content\/uploads\/2018\/07\/14-768x235.png 768w, https:\/\/www.erplybooks.com\/wp-content\/uploads\/2018\/07\/14.png 886w\" sizes=\"auto, (max-width: 897px) 100vw, 897px\" \/><\/p>\n<p>&nbsp;<\/p>\n<p><span style=\"font-weight: 400;\">Vajutades <strong>\u201cJah\u201d<\/strong> toimub deaktiveerimine ja katkestatakse tehtud integratsioon.<\/span><\/p>\n<p><img loading=\"lazy\" decoding=\"async\" class=\"alignnone wp-image-9184\" src=\"https:\/\/www.erplybooks.com\/wp-content\/uploads\/2018\/07\/15-300x34.png\" alt=\"Envoice\" width=\"741\" height=\"84\" srcset=\"https:\/\/www.erplybooks.com\/wp-content\/uploads\/2018\/07\/15-300x34.png 300w, https:\/\/www.erplybooks.com\/wp-content\/uploads\/2018\/07\/15.png 461w\" sizes=\"auto, (max-width: 741px) 100vw, 741px\" \/><\/p>\n<p>&nbsp;<\/p>\n<h2>Korduma kippuvad k\u00fcsimused<\/h2>\n<p><b>Mis juhtub, kui ma integratsiooni kogemata katkestan?<\/b><\/p>\n<p>Integreeri enda Envoice ja ERPLY Books\u2019i konto uuesti nagu on kirjeldatud punktis 3.<\/p>\n<p>&nbsp;<\/p>\n<p><b>Kas on limiit, kui mitu arvet v\u00f5in iga kuu ERPLY Books\u2019i ja Envoice vahel edastada? <\/b><\/p>\n<p>Limiit s\u00f5ltub ERPLY Books\u2019is valitud hinnapaketist:<\/p>\n<p>V\u00e4ike pakett- 10 arvet, keskmine pakett- 1000 arvet, suur pakett- piiramatult arveid.<\/p>\n<p>&nbsp;<\/p>\n<p><b>Kas arveldamine toimub ERPLY Books\u2019i ja Envoice vahel eraldi v\u00f5i on olemas \u00fchine leping ja hinnapakett?<\/b><\/p>\n<p>Arveldamine toimub eraldi. ERPLY Books\u2019is kujuneb hind vastavalt valitud paketile ja Envoice\u2019s vastavalt dokumentide arvule. Integratsiooni tegemine on tasuta.<\/p>\n<p>&nbsp;<\/p>\n<p><b>Kui olen Envoice klient, kui palju maksab mulle ERPLY Books\u2019i kasutamine?<\/b><\/p>\n<p>Hind kujuneb vastavalt ERPLY Books\u2019is valitud hinnapaketile.<\/p>\n<p>&nbsp;<\/p>\n<p><b>Kui olen ERPLY Books\u2019i klient, kui palju maksab mulle Envoice kasutamine?<\/b><\/p>\n<p>Envoice hind kujuneb vastavalt saadetud dokumentide arvule.<\/p>\n<p>&nbsp;<\/p>\n<p><b>Kui olen edastanud arve ERPLY Books\u2019i ja kustutan selle hiljem ERPLY Books\u2019ist, kas see kustub ka Envoice\u2019st?<\/b><\/p>\n<p>Ei, arve ei kustu Envoice\u2019st. Arvet on v\u00f5imalik uuesti edastada, kui l\u00e4hed Envoice\u2019s <strong>\u201cOstuarved\u201d &gt; \u201cArhiiv<\/strong>\u201d \u00a0ja vajutad arve rea l\u00f5pus olevale noolekesel, avaneb aken\u00a0<strong>\u201cEdasta uuesti\u201d<\/strong>.<\/p>\n<p><img loading=\"lazy\" decoding=\"async\" class=\"alignnone wp-image-9185\" src=\"https:\/\/www.erplybooks.com\/wp-content\/uploads\/2018\/07\/16-300x105.png\" alt=\"Envoice\" width=\"831\" height=\"291\" srcset=\"https:\/\/www.erplybooks.com\/wp-content\/uploads\/2018\/07\/16-300x105.png 300w, https:\/\/www.erplybooks.com\/wp-content\/uploads\/2018\/07\/16.png 568w\" sizes=\"auto, (max-width: 831px) 100vw, 831px\" \/><\/p>\n<p>&nbsp;<\/p>\n","protected":false},"excerpt":{"rendered":"<p>Envoice integratsioon &nbsp; 1. Partnerlus Envoice on digiteerimis-ja kuluhaldustarkvara igas suuruses ettev\u00f5tetele. Envoice v\u00f5imaldab automaatset andmesisestuseta raamatupidamist ja toetab e-arveldust.\u00a0Lisainformatsioon: www.envoice.eu ja support@envoice.eu. &nbsp; 2. Integratsioon 2.1. Millist kasu saab integratsiooni lahendusest ERPLY Books\u2019i? Envoice aitab ERPLY Books\u2019i kasutajatel astuda suure sammu paberiva raamatupidamise suunas. Envoice muudab ostuarved ja kviitungid elektroonilisteks dokumentideks ning seej\u00e4rel on [&hellip;]<\/p>\n","protected":false},"author":3,"featured_media":0,"parent":0,"menu_order":36,"comment_status":"closed","ping_status":"closed","template":"","meta":{"_et_pb_use_builder":"","_et_pb_old_content":"","_et_gb_content_width":"","footnotes":""},"categories":[459],"tags":[752,750],"class_list":["post-9170","page","type-page","status-publish","hentry","category-integratsioonid","tag-envoice-2","tag-integratsioon-2"],"_links":{"self":[{"href":"https:\/\/www.erplybooks.com\/et\/wp-json\/wp\/v2\/pages\/9170","targetHints":{"allow":["GET"]}}],"collection":[{"href":"https:\/\/www.erplybooks.com\/et\/wp-json\/wp\/v2\/pages"}],"about":[{"href":"https:\/\/www.erplybooks.com\/et\/wp-json\/wp\/v2\/types\/page"}],"author":[{"embeddable":true,"href":"https:\/\/www.erplybooks.com\/et\/wp-json\/wp\/v2\/users\/3"}],"replies":[{"embeddable":true,"href":"https:\/\/www.erplybooks.com\/et\/wp-json\/wp\/v2\/comments?post=9170"}],"version-history":[{"count":0,"href":"https:\/\/www.erplybooks.com\/et\/wp-json\/wp\/v2\/pages\/9170\/revisions"}],"wp:attachment":[{"href":"https:\/\/www.erplybooks.com\/et\/wp-json\/wp\/v2\/media?parent=9170"}],"wp:term":[{"taxonomy":"category","embeddable":true,"href":"https:\/\/www.erplybooks.com\/et\/wp-json\/wp\/v2\/categories?post=9170"},{"taxonomy":"post_tag","embeddable":true,"href":"https:\/\/www.erplybooks.com\/et\/wp-json\/wp\/v2\/tags?post=9170"}],"curies":[{"name":"wp","href":"https:\/\/api.w.org\/{rel}","templated":true}]}}