{"id":9137,"date":"2018-07-06T14:05:07","date_gmt":"2018-07-06T14:05:07","guid":{"rendered":"http:\/\/www.erplybooks.com\/?page_id=9137"},"modified":"2026-03-30T13:04:59","modified_gmt":"2026-03-30T13:04:59","slug":"kreeditarved","status":"publish","type":"page","link":"https:\/\/www.erplybooks.com\/et\/juhendid\/kreeditarved\/","title":{"rendered":"Kreeditarved"},"content":{"rendered":"<h1>Kreeditarved<\/h1>\n<p>&nbsp;<\/p>\n<p><span style=\"font-weight: 400;\">Kreeditarved ja nende koostamine on ettev\u00f5tte jaoks igap\u00e4evane tegevus. N\u00e4iteks ettev\u00f5te ostab tooteid, kuid need on vales m\u00f5\u00f5dus, defektiga v\u00f5i esineb m\u00f5ni muu p\u00f5hjus, miks soovitakse tagastada. <\/span><span style=\"font-weight: 400;\">Olukord v\u00f5ib olla ka vastupidine (n\u00e4iteks tagasiostmine). See t\u00e4hendab, et ettev\u00f5te peab koostama kreeditarve, et tagastusprotsessi kajastada.<\/span><\/p>\n<p>&nbsp;<\/p>\n<p><span style=\"font-weight: 400;\">Selles juhendis r\u00e4\u00e4gime kahest viisist, kuidas koostada kreeditarvet.<\/span><\/p>\n<h3><strong>1. Meetod<\/strong><\/h3>\n<p>Ava <strong>\u201cM\u00fc\u00fck\u201d &gt; &#8220;M\u00fc\u00fcgiarved&#8221; &gt; \u201cLaekumata arved\u201d. <\/strong>Vali arve, millele soovid kreediatrvet koostada ja pane selle ette linnukene. Siis vali alamen\u00fc\u00fcst<strong> \u201cVeel\u201d &gt; \u201cKreeditarve\u201d.<\/strong><\/p>\n<p><img loading=\"lazy\" decoding=\"async\" class=\"alignnone wp-image-24115 size-full\" src=\"https:\/\/www.erplybooks.com\/wp-content\/uploads\/2021\/09\/Screenshot-2021-09-23-at-15.15.21.png\" alt=\"\" width=\"2840\" height=\"1552\" data-wp-editing=\"1\" srcset=\"https:\/\/www.erplybooks.com\/wp-content\/uploads\/2021\/09\/Screenshot-2021-09-23-at-15.15.21.png 2840w, https:\/\/www.erplybooks.com\/wp-content\/uploads\/2021\/09\/Screenshot-2021-09-23-at-15.15.21-1280x699.png 1280w, https:\/\/www.erplybooks.com\/wp-content\/uploads\/2021\/09\/Screenshot-2021-09-23-at-15.15.21-980x536.png 980w, https:\/\/www.erplybooks.com\/wp-content\/uploads\/2021\/09\/Screenshot-2021-09-23-at-15.15.21-480x262.png 480w\" sizes=\"auto, (min-width: 0px) and (max-width: 480px) 480px, (min-width: 481px) and (max-width: 980px) 980px, (min-width: 981px) and (max-width: 1280px) 1280px, (min-width: 1281px) 2840px, 100vw\" \/><\/p>\n<p><span style=\"font-weight: 400;\">Selle toiminguga kopeerid soovitud arvet, aga negatiivse summaga. Seej\u00e4rel salvesta.<\/span><\/p>\n<p><img loading=\"lazy\" decoding=\"async\" class=\"alignnone size-full wp-image-24133\" src=\"https:\/\/www.erplybooks.com\/wp-content\/uploads\/2021\/09\/Screenshot-2021-09-23-at-15.18.27-2.png\" alt=\"\" width=\"2858\" height=\"1554\" srcset=\"https:\/\/www.erplybooks.com\/wp-content\/uploads\/2021\/09\/Screenshot-2021-09-23-at-15.18.27-2.png 2858w, https:\/\/www.erplybooks.com\/wp-content\/uploads\/2021\/09\/Screenshot-2021-09-23-at-15.18.27-2-1280x696.png 1280w, https:\/\/www.erplybooks.com\/wp-content\/uploads\/2021\/09\/Screenshot-2021-09-23-at-15.18.27-2-980x533.png 980w, https:\/\/www.erplybooks.com\/wp-content\/uploads\/2021\/09\/Screenshot-2021-09-23-at-15.18.27-2-480x261.png 480w\" sizes=\"auto, (min-width: 0px) and (max-width: 480px) 480px, (min-width: 481px) and (max-width: 980px) 980px, (min-width: 981px) and (max-width: 1280px) 1280px, (min-width: 1281px) 2858px, 100vw\" \/><\/p>\n<p><span style=\"font-weight: 400;\">S\u00fcsteem ei lisa makset automaatselt. J\u00e4rgmiseks toiminguks on raha kliendile tagastamine ehk arvele makse lisamine. Ava <strong>\u201cLaekumata arved\u201d<\/strong>, vali esialgne arve (see arve, millest tegid kreeditarve) ning lisa sellele makse.<\/span><\/p>\n<p>&nbsp;<\/p>\n<h3><strong>2. Meetod<\/strong><\/h3>\n<p>Ava <strong>\u201cM\u00fc\u00fck\u201d \u00a0&gt; \u201cLaekumiste raport\u201d <\/strong>ja vali soovitud arve. Seej\u00e4rel vajuta alamen\u00fc\u00fcst<strong> \u201cVeel\u201d &gt; \u201cTagasta raha\u201d<\/strong>.<\/p>\n<p><img loading=\"lazy\" decoding=\"async\" class=\"alignnone wp-image-24103 size-full\" src=\"https:\/\/www.erplybooks.com\/wp-content\/uploads\/2021\/09\/Screenshot-2021-09-23-at-15.08.17.png\" alt=\"\" width=\"1412\" height=\"661\" srcset=\"https:\/\/www.erplybooks.com\/wp-content\/uploads\/2021\/09\/Screenshot-2021-09-23-at-15.08.17.png 1412w, https:\/\/www.erplybooks.com\/wp-content\/uploads\/2021\/09\/Screenshot-2021-09-23-at-15.08.17-1280x599.png 1280w, https:\/\/www.erplybooks.com\/wp-content\/uploads\/2021\/09\/Screenshot-2021-09-23-at-15.08.17-980x459.png 980w, https:\/\/www.erplybooks.com\/wp-content\/uploads\/2021\/09\/Screenshot-2021-09-23-at-15.08.17-480x225.png 480w\" sizes=\"auto, (min-width: 0px) and (max-width: 480px) 480px, (min-width: 481px) and (max-width: 980px) 980px, (min-width: 981px) and (max-width: 1280px) 1280px, (min-width: 1281px) 1412px, 100vw\" \/><\/p>\n<p><span style=\"font-weight: 400;\">Seej\u00e4rel suunatakse Sind <strong>\u201cKoosta maksefail\u201d<\/strong> moodulisse, kus saad maksefaili printida, saata e-mailiga v\u00f5i luua XML fail, mida panka \u00fcles laadida. <\/span><\/p>\n<p><img loading=\"lazy\" decoding=\"async\" class=\"alignnone wp-image-24109 size-full\" src=\"https:\/\/www.erplybooks.com\/wp-content\/uploads\/2021\/09\/Screenshot-2021-09-23-at-15.12.49.png\" alt=\"\" width=\"1205\" height=\"657\" srcset=\"https:\/\/www.erplybooks.com\/wp-content\/uploads\/2021\/09\/Screenshot-2021-09-23-at-15.12.49.png 1205w, https:\/\/www.erplybooks.com\/wp-content\/uploads\/2021\/09\/Screenshot-2021-09-23-at-15.12.49-980x534.png 980w, https:\/\/www.erplybooks.com\/wp-content\/uploads\/2021\/09\/Screenshot-2021-09-23-at-15.12.49-480x262.png 480w\" sizes=\"auto, (min-width: 0px) and (max-width: 480px) 480px, (min-width: 481px) and (max-width: 980px) 980px, (min-width: 981px) 1205px, 100vw\" \/><\/p>\n<p><span style=\"font-weight: 400;\">Kui Sul on automaat\u00fchendus pangaga (automaatse integratsiooni korra ei pea eraldi faili \u00fcles laadima) ja soovid luua kreeditarvet, vali pangaimpordis makset\u00fc\u00fcbi modulis m\u00fc\u00fcgiarve.<\/span><\/p>\n<p><img loading=\"lazy\" decoding=\"async\" class=\"alignnone wp-image-9144\" src=\"https:\/\/www.erplybooks.com\/wp-content\/uploads\/2018\/07\/Untitled14-300x164.png\" alt=\"\" width=\"1030\" height=\"563\" srcset=\"https:\/\/www.erplybooks.com\/wp-content\/uploads\/2018\/07\/Untitled14-300x164.png 300w, https:\/\/www.erplybooks.com\/wp-content\/uploads\/2018\/07\/Untitled14-768x420.png 768w, https:\/\/www.erplybooks.com\/wp-content\/uploads\/2018\/07\/Untitled14-1024x560.png 1024w, https:\/\/www.erplybooks.com\/wp-content\/uploads\/2018\/07\/Untitled14.png 1821w\" sizes=\"auto, (max-width: 1030px) 100vw, 1030px\" \/><\/p>\n<p style=\"text-align: right;\"><em>Uuendatud 23.09.2021<\/em><\/p>\n","protected":false},"excerpt":{"rendered":"<p>Kreeditarved &nbsp; Kreeditarved ja nende koostamine on ettev\u00f5tte jaoks igap\u00e4evane tegevus. N\u00e4iteks ettev\u00f5te ostab tooteid, kuid need on vales m\u00f5\u00f5dus, defektiga v\u00f5i esineb m\u00f5ni muu p\u00f5hjus, miks soovitakse tagastada. Olukord v\u00f5ib olla ka vastupidine (n\u00e4iteks tagasiostmine). See t\u00e4hendab, et ettev\u00f5te peab koostama kreeditarve, et tagastusprotsessi kajastada. &nbsp; Selles juhendis r\u00e4\u00e4gime kahest viisist, kuidas koostada kreeditarvet. [&hellip;]<\/p>\n","protected":false},"author":3,"featured_media":0,"parent":3312,"menu_order":0,"comment_status":"closed","ping_status":"closed","template":"","meta":{"_et_pb_use_builder":"","_et_pb_old_content":"","_et_gb_content_width":"","footnotes":""},"categories":[452],"tags":[107],"class_list":["post-9137","page","type-page","status-publish","hentry","category-muuk","tag-kreeditarve"],"_links":{"self":[{"href":"https:\/\/www.erplybooks.com\/et\/wp-json\/wp\/v2\/pages\/9137","targetHints":{"allow":["GET"]}}],"collection":[{"href":"https:\/\/www.erplybooks.com\/et\/wp-json\/wp\/v2\/pages"}],"about":[{"href":"https:\/\/www.erplybooks.com\/et\/wp-json\/wp\/v2\/types\/page"}],"author":[{"embeddable":true,"href":"https:\/\/www.erplybooks.com\/et\/wp-json\/wp\/v2\/users\/3"}],"replies":[{"embeddable":true,"href":"https:\/\/www.erplybooks.com\/et\/wp-json\/wp\/v2\/comments?post=9137"}],"version-history":[{"count":0,"href":"https:\/\/www.erplybooks.com\/et\/wp-json\/wp\/v2\/pages\/9137\/revisions"}],"up":[{"embeddable":true,"href":"https:\/\/www.erplybooks.com\/et\/wp-json\/wp\/v2\/pages\/3312"}],"wp:attachment":[{"href":"https:\/\/www.erplybooks.com\/et\/wp-json\/wp\/v2\/media?parent=9137"}],"wp:term":[{"taxonomy":"category","embeddable":true,"href":"https:\/\/www.erplybooks.com\/et\/wp-json\/wp\/v2\/categories?post=9137"},{"taxonomy":"post_tag","embeddable":true,"href":"https:\/\/www.erplybooks.com\/et\/wp-json\/wp\/v2\/tags?post=9137"}],"curies":[{"name":"wp","href":"https:\/\/api.w.org\/{rel}","templated":true}]}}