{"id":898,"date":"2013-04-08T12:19:18","date_gmt":"2013-04-08T12:19:18","guid":{"rendered":"http:\/\/ajaveeb.margn.com\/?p=898"},"modified":"2023-07-05T11:35:16","modified_gmt":"2023-07-05T11:35:16","slug":"kuidas-avada-csv-faile","status":"publish","type":"page","link":"https:\/\/www.erplybooks.com\/et\/kuidas-avada-csv-faile\/","title":{"rendered":"Kuidas avada CSV faile?"},"content":{"rendered":"<p><b id=\"internal-source-marker_0.18822319828905165\">CSV fail on \u00e4\u00e4rmiselt lihtne ja universaalne failiformaat, mida erinevad kontoritarkvarad ja andmet\u00f6\u00f6tlusvahendid probleemideta lugeda oskavad. Kuna Margn kasutab aruandluses palju CSV faile, on ka nende avamine tekitanud mitmeid k\u00fcsimusi. Loodame, et siinne \u00f5petus annab infot, kuidas edaspidi CSV failidega toimetada.\u00a0<\/b><\/p>\n<p>Comma-seperated t\u00e4hendab, et veergude eraldajaks on koma.\u00a0Vahel kasutatakse ka teisi veergude eraldajaid nagu semikoolon v\u00f5i tab. CSV-faili tabelarvutustarkvarasse importimisel (n\u00e4iteks Excel) tuleb valida CSV-failis kasutatud eraldaja, et fail muutuks loetavaks.<\/p>\n<p dir=\"ltr\"><strong>CSV avamine MS Excelis<\/strong>: File &gt; Import&#8230; &gt; CSV file<\/p>\n<p>Seej\u00e4rel tuleb valida soovitud fail. K\u00fcsitakse, kas failis on kasutatud eraldajat (koma vmt) v\u00f5i on tabelite vahed t\u00fchikutega fikseeritud. Enamasti kasutataksegi CSV-failides eraldajana koma v\u00f5i semikoolonit \u2013 ehk valida tuleb Delimited (eraldajaga).<\/p>\n<p dir=\"ltr\">J\u00e4rgmises dialoogiaknas tuleb valida eraldaja: tab, semicolon, comma ja teised. Valiku all on n\u00e4ha fragment avatavast dokumendist ja valides erinevaid eraldajaid saab n\u00e4ha eelvaadet. Tuleb valida selline eraldaja (delimeter), mille korral dokument on kuvatud \u00f5igesti tulpades, teisis\u00f5nu \u2013 paistab loetav ja arusaadav.<\/p>\n<p dir=\"ltr\">Soovitud dokumendi avamiseks tuleb l\u00f5petuseks vajutada Finish.<\/p>\n<p>Video\u00f5petuse, kuidas CSV faili MS Excelisse laadida, leiab <strong><a href=\"http:\/\/www.youtube.com\/watch?v=KnugjDii3Ws\">siit<\/a><\/strong>.\u00a0<b id=\"internal-source-marker_0.18822319828905165\"><br \/>\n<\/b><\/p>\n<p dir=\"ltr\"><strong>CSV avamine OpenOffices<\/strong>: Open&#8230; &gt; vali fail<\/p>\n<p dir=\"ltr\">Seej\u00e4rel avaneb aken, kus saab sarnaselt eelpool kirjeldatule valida eraldaja koma, semikooloni v\u00f5i muu eraldaja n\u00e4ol. K\u00f5ik muud eraldajad, mida dokumendis ei kasutata, tuleb valikust vabastada (linnuke eest \u00e4ra v\u00f5tta).<\/p>\n<p dir=\"ltr\"><strong>CSV avamine Google Docs&#8217;is<\/strong>:<\/p>\n<p dir=\"ltr\">1) Kui oled spreadsheet\u2019i juba avanud, siis mine: File &gt; Import&#8230; &gt; Choose File<\/p>\n<p dir=\"ltr\">P\u00e4rast faili valimist ilmub fail Preview aknas n\u00e4htavale. Erinevalt kahest eelmisest on Google \u00a0Docsis valik Automatic, mis leiab suure t\u00f5en\u00e4osusega ise \u00f5ige eraldaja ja j\u00e4\u00e4b vaid \u00fcle vajutata Import. Kui Google Docs ei kuva faili \u00f5igesti, tuleb eraldaja faili importimisviisardis k\u00e4sitsi m\u00e4\u00e4rata. Valides File &gt; Import &gt; Choose File ja seej\u00e4rel Seperator character\u2019i alt Automatic, Comma v\u00f5i Custom, ja sedasi valida m\u00f5ne muu eraldaja (n\u00e4iteks semikooloni).<\/p>\n<p>2) Olles Goolge Docsi avalehel vali Upload &gt; Files\u2026 ja seej\u00e4rel soovitud fail. Seej\u00e4rel ilmub fail My Drive loendisse. Faili avades tunneb Google Docs eraldaja automaatselt \u00e4ra ja kuvab dokumendi \u00f5igesti. Kui mingil p\u00f5hjusel ei kuva \u00f5igesti (kasutatud on ebatraditsioonilist eraldajat), siis saab eraldaja k\u00e4sitsi m\u00e4\u00e4rata kasutades faili importi (vaata eelmine punkt).<\/p>\n","protected":false},"excerpt":{"rendered":"<p>CSV fail on \u00e4\u00e4rmiselt lihtne ja universaalne failiformaat, mida erinevad kontoritarkvarad ja andmet\u00f6\u00f6tlusvahendid probleemideta lugeda oskavad. Kuna Margn kasutab aruandluses palju CSV faile, on ka nende avamine tekitanud mitmeid k\u00fcsimusi. Loodame, et siinne \u00f5petus annab infot, kuidas edaspidi CSV failidega toimetada.\u00a0 Comma-seperated t\u00e4hendab, et veergude eraldajaks on koma.\u00a0Vahel kasutatakse ka teisi veergude eraldajaid nagu semikoolon [&hellip;]<\/p>\n","protected":false},"author":3,"featured_media":0,"parent":0,"menu_order":0,"comment_status":"closed","ping_status":"closed","template":"","meta":{"_et_pb_use_builder":"","_et_pb_old_content":"","_et_gb_content_width":"","footnotes":""},"categories":[449],"tags":[843,547],"class_list":["post-898","page","type-page","status-publish","hentry","category-juhendid","tag-csv","tag-fail"],"_links":{"self":[{"href":"https:\/\/www.erplybooks.com\/et\/wp-json\/wp\/v2\/pages\/898","targetHints":{"allow":["GET"]}}],"collection":[{"href":"https:\/\/www.erplybooks.com\/et\/wp-json\/wp\/v2\/pages"}],"about":[{"href":"https:\/\/www.erplybooks.com\/et\/wp-json\/wp\/v2\/types\/page"}],"author":[{"embeddable":true,"href":"https:\/\/www.erplybooks.com\/et\/wp-json\/wp\/v2\/users\/3"}],"replies":[{"embeddable":true,"href":"https:\/\/www.erplybooks.com\/et\/wp-json\/wp\/v2\/comments?post=898"}],"version-history":[{"count":0,"href":"https:\/\/www.erplybooks.com\/et\/wp-json\/wp\/v2\/pages\/898\/revisions"}],"wp:attachment":[{"href":"https:\/\/www.erplybooks.com\/et\/wp-json\/wp\/v2\/media?parent=898"}],"wp:term":[{"taxonomy":"category","embeddable":true,"href":"https:\/\/www.erplybooks.com\/et\/wp-json\/wp\/v2\/categories?post=898"},{"taxonomy":"post_tag","embeddable":true,"href":"https:\/\/www.erplybooks.com\/et\/wp-json\/wp\/v2\/tags?post=898"}],"curies":[{"name":"wp","href":"https:\/\/api.w.org\/{rel}","templated":true}]}}