{"id":865,"date":"2013-03-06T12:52:50","date_gmt":"2013-03-06T12:52:50","guid":{"rendered":"http:\/\/ajaveeb.margn.com\/?p=865"},"modified":"2023-08-21T12:43:51","modified_gmt":"2023-08-21T12:43:51","slug":"kaibemaksuliigid-vol2-kaibemaksu-kasutamine-kaibemaksuliikidega","status":"publish","type":"page","link":"https:\/\/www.erplybooks.com\/et\/kaibemaksuliigid-vol2-kaibemaksu-kasutamine-kaibemaksuliikidega\/","title":{"rendered":"K\u00e4ibemaksuliigid &#8211; k\u00e4ibemaksu kasutamine k\u00e4ibemaksuliikidega"},"content":{"rendered":"<p><strong>T\u00e4nu k\u00e4ibemaksuliikidele on n\u00fc\u00fcdsest Margn&#8217;s v\u00f5imalik j\u00e4lgida tunduvalt paremini k\u00e4ibemaksuga seotud informatsiooni. Kuidas seda t\u00e4pselt teha, kirjeldame k\u00e4esolevas postituses.<\/strong><\/p>\n<p>K\u00e4ibemaksu arvestamine \u00fche kuu l\u00f5ikes on \u00fcks t\u00e4htsamaid raamatupidamistegevusi, kirjeldades, kuidas ettev\u00f5ttel tolle kuu jooksul l\u00e4inud on: k\u00e4ive, ostud, eksport, import, investeeringud p\u00f5hivarasse. Sellest ka maksuameti k\u00f5rgendatud huvi k\u00e4ibedeklaratsioonidele. K\u00e4ibemaksuaruande kokkupanekul on aga peamiseks probleemiks see, et k\u00e4ive, ostud ja k\u00f5ik muu peab tulema erinevate k\u00e4ibemaksuprotsentide l\u00f5ikes ning summad kujunevad arvete p\u00f5hjal.<\/p>\n<p>Kui minna k\u00e4ibemaksuliikide moodulisse, on seal vaikimisi olemas peamine k\u00e4ibemaks, ekspordi k\u00e4ibemaks ning p\u00f5hivara k\u00e4ibemaks. Vaikimisi m\u00e4\u00e4ratakse k\u00f5ikidele tehingutele peamine k\u00e4ibemaks. K\u00e4ibemaksuliikide t\u00fc\u00fcpidest on hetkel toetatud vaikimisi peamine, ekspordi, p\u00f5hivara ja muu k\u00e4ibemaks. T\u00fc\u00fcbid on vajalikud Margn&#8217;le, et oleks v\u00f5imalik leida \u00fcles mingile t\u00fc\u00fcbile vastav k\u00e4ibemaks.<\/p>\n<p><strong>Kuidas j\u00f5uavad k\u00e4ibemaksum\u00e4\u00e4rad arvele?<\/strong><br \/>\nK\u00e4ibemaksum\u00e4\u00e4rad j\u00f5uavad arvele ostu-m\u00fc\u00fcgiartiklite moodulist. Kui viimases luua uus artikkel ning muuta selle t\u00fc\u00fcp p\u00f5hivaraks, p\u00fc\u00fcab Margn leida ka p\u00f5hivara k\u00e4ibemaksuliigi vaste ning m\u00e4rgib selle artiklile.<\/p>\n<p>K\u00fcll aga saab arvel alati k\u00e4ibemaksu k\u00e4sitsi muuta.<\/p>\n<p><strong>Kuidas panna kokku k\u00e4ibedeklaratsioon Margn k\u00e4ibemaksuaruande p\u00f5hjal?<\/strong><br \/>\nMargn k\u00e4ibemaksuaruanne on jaotatud kaheks: \u00fcldinfo ja ridade koondinfo. Vaikimisi on \u00fcldinfo all olemas k\u00f5ik vajalik. Probleemid tekivad p\u00f6\u00f6rdk\u00e4ibemaksu, k\u00e4ibemaksu erijuhtude, tolli k\u00e4ibemaksu jms juhtudega.<\/p>\n<p>Margn ei saa k\u00e4ibemaksuaruandes imesid teha, liita ja lahutada k\u00f5ike automaatselt. Kui on palju k\u00e4ibemaksu erijuhte, peab ise l\u00f5plikud arvutused tegema. K\u00fcll aga v\u00f5imaldavad k\u00e4ibemaksuliigid kohandada k\u00e4ibemaksuaruannet endale sobivas suunas.<\/p>\n<p>N\u00e4iteks kui p\u00f6\u00f6rdk\u00e4ibemaksu arvestamine t\u00e4hendab p\u00f6\u00f6ritatava k\u00e4ibemaksusumma juurdeliitmist mitmele teisele k\u00e4ibemaksule, saab p\u00f6\u00f6rdk\u00e4ibemaksusumma n\u00e4idata Margn&#8217;s eraldi real ning selle summa liita k\u00e4sitsi k\u00e4ibemaksum\u00e4\u00e4radele juurde, enne kui andmed EMTA&#8217;sse viia.<\/p>\n<p><strong>K\u00e4ibemaksuaruandes on mingid kirjed vale k\u00e4ibemaksut\u00fc\u00fcbi all. Kuidas seda parandada?<\/strong><br \/>\nMinge arve peale, vahetage t\u00fc\u00fcp mingi muu t\u00fc\u00fcbi vastu ning seej\u00e4rel \u00f5ige t\u00fc\u00fcbi peale. Seej\u00e4rel salvestage.<\/p>\n<p>ERPLY kliendid saavad vastavast perioodist lihtsalt uue s\u00fcnkroniseerimise l\u00e4bi viia, et k\u00e4ibemaksum\u00e4\u00e4rad l\u00e4heksid koosk\u00f5lla ERPLY k\u00e4ibemaksum\u00e4\u00e4radega.<\/p>\n<p>&nbsp;<\/p>\n","protected":false},"excerpt":{"rendered":"<p>T\u00e4nu k\u00e4ibemaksuliikidele on n\u00fc\u00fcdsest Margn&#8217;s v\u00f5imalik j\u00e4lgida tunduvalt paremini k\u00e4ibemaksuga seotud informatsiooni. Kuidas seda t\u00e4pselt teha, kirjeldame k\u00e4esolevas postituses. K\u00e4ibemaksu arvestamine \u00fche kuu l\u00f5ikes on \u00fcks t\u00e4htsamaid raamatupidamistegevusi, kirjeldades, kuidas ettev\u00f5ttel tolle kuu jooksul l\u00e4inud on: k\u00e4ive, ostud, eksport, import, investeeringud p\u00f5hivarasse. Sellest ka maksuameti k\u00f5rgendatud huvi k\u00e4ibedeklaratsioonidele. K\u00e4ibemaksuaruande kokkupanekul on aga peamiseks probleemiks see, [&hellip;]<\/p>\n","protected":false},"author":3,"featured_media":0,"parent":0,"menu_order":0,"comment_status":"closed","ping_status":"closed","template":"","meta":{"_et_pb_use_builder":"","_et_pb_old_content":"","_et_gb_content_width":"","footnotes":""},"categories":[15],"tags":[83],"class_list":["post-865","page","type-page","status-publish","hentry","category-raamatupidamine","tag-kaibemaks"],"_links":{"self":[{"href":"https:\/\/www.erplybooks.com\/et\/wp-json\/wp\/v2\/pages\/865","targetHints":{"allow":["GET"]}}],"collection":[{"href":"https:\/\/www.erplybooks.com\/et\/wp-json\/wp\/v2\/pages"}],"about":[{"href":"https:\/\/www.erplybooks.com\/et\/wp-json\/wp\/v2\/types\/page"}],"author":[{"embeddable":true,"href":"https:\/\/www.erplybooks.com\/et\/wp-json\/wp\/v2\/users\/3"}],"replies":[{"embeddable":true,"href":"https:\/\/www.erplybooks.com\/et\/wp-json\/wp\/v2\/comments?post=865"}],"version-history":[{"count":0,"href":"https:\/\/www.erplybooks.com\/et\/wp-json\/wp\/v2\/pages\/865\/revisions"}],"wp:attachment":[{"href":"https:\/\/www.erplybooks.com\/et\/wp-json\/wp\/v2\/media?parent=865"}],"wp:term":[{"taxonomy":"category","embeddable":true,"href":"https:\/\/www.erplybooks.com\/et\/wp-json\/wp\/v2\/categories?post=865"},{"taxonomy":"post_tag","embeddable":true,"href":"https:\/\/www.erplybooks.com\/et\/wp-json\/wp\/v2\/tags?post=865"}],"curies":[{"name":"wp","href":"https:\/\/api.w.org\/{rel}","templated":true}]}}