{"id":8539,"date":"2018-04-04T14:14:20","date_gmt":"2018-04-04T14:14:20","guid":{"rendered":"http:\/\/www.erplybooks.com\/?page_id=8539"},"modified":"2024-01-08T12:50:31","modified_gmt":"2024-01-08T12:50:31","slug":"poordkaibemaks-erply-booksis","status":"publish","type":"page","link":"https:\/\/www.erplybooks.com\/et\/juhendid\/poordkaibemaks-erply-booksis\/","title":{"rendered":"P\u00f6\u00f6rdk\u00e4ibemaks"},"content":{"rendered":"<h1>P\u00f6\u00f6rdk\u00e4ibemaks<\/h1>\r\n<p>&nbsp;<\/p>\r\n<p><span style=\"font-weight: 400;\">P\u00f6\u00f6rdk\u00e4ibemaks on maksu, kus k\u00e4ive tekib teenuse v\u00f5i kauba m\u00fc\u00fcjal, aga reaalne maksukohustus on teenuse v\u00f5i kauba saajal. Maksustamine toimub riigis kehtivate maksum\u00e4\u00e4rade kohaselt. M\u00f5lemal osapoolel (ostja ja m\u00fc\u00fcja) peab olema kehtiv KMKR number. <\/span><\/p>\r\n<p><span style=\"font-weight: 400;\">Piltlikult \u00f6eldes aitab p\u00f6\u00f6rdk\u00e4ibemaks v\u00e4ltida maksupettuseid. Kui kaks k\u00e4ibemaksukohuslasest juriidilist isikut esitavad \u00fcksteisele arveid, siis varasemalt oli v\u00f5imalus, et ostja k\u00fcsis Maksuametilt sisendk\u00e4ibemaksu tagasi, aga m\u00fc\u00fcja j\u00e4ttis selle omalt poolt maksmata. Tulemusena kandis Maksuamet selle p\u00e4rast kahju. P\u00f6\u00f6rdk\u00e4ibemaksu rakendumisega sellist v\u00f5imalust enam ei ole. <\/span><\/p>\r\n<p><span style=\"font-weight: 400;\">N\u00e4iteks: kui A ostab B k\u00e4est 100+KM, siis: <\/span><\/p>\r\n<ul>\r\n<li style=\"list-style-type: none;\">\r\n<ul>\r\n<li style=\"font-weight: 400;\">A deklareerib sisend\u00e4ibemaksu summas 20 &#8211; ehk k\u00fcsib tagasi 20 EUR<\/li>\r\n<li style=\"font-weight: 400;\">B deklareerib m\u00fc\u00fcgi summas 100 &#8211; ehk maksab 20 EUR<\/li>\r\n<li style=\"font-weight: 400;\">Kokku 20 &#8211; 20 = 0 EUR<\/li>\r\n<\/ul>\r\n<\/li>\r\n<\/ul>\r\n<p><span style=\"font-weight: 400;\">Selleks, et v\u00e4ltida, et A deklareerib sisendk\u00e4ibemaksu 20 EUR, kuid B j\u00e4tab m\u00fc\u00fcgi deklareerimata, kasutatakse p\u00f6\u00f6rdk\u00e4ibemaksu &#8211; A maksab B\u2019le 100 EUR mitte 120 ja kokku ei saa keegi maksupettust teha.<\/span><\/p>\r\n<h3>P\u00f6\u00f6rdk\u00e4ibemaksu liigi seadistamine<\/h3>\r\n<p><span style=\"font-weight: 400;\">EU siseste tehingute puhul on k\u00e4ibemaksu liigid juba seadistatud ja saad kasutada liike <b>\u201cEU KM (tooted)\u201d<\/b> ja <b>\u201cEU KM (teenused)\u201d<\/b>. Saad need vajadusel aga ka ise lisada k\u00e4esoleva juhendi p\u00f5hjal.<\/span><\/p>\r\n<p><span style=\"font-weight: 400;\">P\u00f6\u00f6rdk\u00e4ibemaksu seadistamiseks ava ERPLY Books&#8217;is <b>\u201cS\u00e4tted\u201d &gt; \u201cKM liigid\u201d<\/b>. Vajuta all paremas servas olevat <strong>\u201c+\u201d <\/strong>nuppu, et lisada uus rida. Vali sobiv nimetus, n\u00e4iteks <b>\u201cP\u00f6\u00f6rdk\u00e4ibemaks\u201d<\/b>. T\u00fc\u00fcbiks vali\u00a0<b>\u201cP\u00f6\u00f6rdk\u00e4ibemaks\u201d<\/b>. Maksuprotsendiks m\u00e4\u00e4ra\u00a0<strong>\u201c0\u201d<\/strong>. Kui vajutad sinist nuppu <b>\u201cLisainfo\u201d<\/b>, siis avanevad lisaread. Veergudes <b>\u201cProtsent (M\u00fc\u00fck)\u201d<\/b> ja <b>\u201cProtsent (Ost)\u201d<\/b> on m\u00e4\u00e4ratud protsent, mida p\u00f6\u00f6rdmaksustamisel rakendatakse. Vajuta\u00a0<b>\u201cSalvesta\u201d<\/b> nuppu ja uuenda lehek\u00fclge (refresh).<\/span><\/p>\r\n<p><img loading=\"lazy\" decoding=\"async\" class=\"alignnone wp-image-20373 size-full\" src=\"https:\/\/www.erplybooks.com\/wp-content\/uploads\/2021\/01\/Screen-Shot-2021-01-22-at-15.55.18.png\" alt=\"p\u00f6\u00f6rdk\u00e4ibemaks\" width=\"1338\" height=\"310\" srcset=\"https:\/\/www.erplybooks.com\/wp-content\/uploads\/2021\/01\/Screen-Shot-2021-01-22-at-15.55.18.png 1338w, https:\/\/www.erplybooks.com\/wp-content\/uploads\/2021\/01\/Screen-Shot-2021-01-22-at-15.55.18-300x70.png 300w, https:\/\/www.erplybooks.com\/wp-content\/uploads\/2021\/01\/Screen-Shot-2021-01-22-at-15.55.18-1024x237.png 1024w, https:\/\/www.erplybooks.com\/wp-content\/uploads\/2021\/01\/Screen-Shot-2021-01-22-at-15.55.18-768x178.png 768w\" sizes=\"auto, (max-width: 1338px) 100vw, 1338px\" \/><\/p>\r\n<h3>Kajastamine raamatupidamiskannetes<\/h3>\r\n<p><span style=\"font-weight: 400;\">Kui soovid, et p\u00f6\u00f6rdk\u00e4ibemaks kajastuks kannete peal ja tekiks pluss-miinus 20% kanded, siis ava\u00a0<b>\u201cS\u00e4tted\u201d &gt; \u201cKM liigid\u201d<\/b> ja vajuta alamen\u00fc\u00fcs nupule <b>\u201cLisainfo\u201d<\/b>. Seej\u00e4rel t\u00e4ida \u00e4ra kas ostu v\u00f5i m\u00fc\u00fcgi p\u00f6\u00f6rdk\u00e4ibemaksu protsendi ja kontode read. Vajuta\u00a0<b>\u201cSalvesta\u201d<\/b> nuppu. N\u00fc\u00fcd kui lisad p\u00f6\u00f6rdk\u00e4ibemaksu ostuarve peale, siis 100 EUR kulu korral tekivad j\u00e4rgmised kanded: <\/span><\/p>\r\n<ul>\r\n<li style=\"list-style-type: none;\">\r\n<ul>\r\n<li style=\"font-weight: 400;\"><span style=\"font-weight: 400;\">D: kulu 100<\/span><\/li>\r\n<li style=\"font-weight: 400;\"><span style=\"font-weight: 400;\">K: v\u00f5lad tarnijatele 100<\/span><\/li>\r\n<li style=\"font-weight: 400;\"><span style=\"font-weight: 400;\">D: p\u00f6\u00f6rdk\u00e4ibemaksu deebetkonto 20 (kui m\u00e4\u00e4rasite p\u00f6\u00f6rdk\u00e4ibemaksu protsendiks 20%)<\/span><\/li>\r\n<li style=\"font-weight: 400;\"><span style=\"font-weight: 400;\">K: p\u00f6\u00f6rdk\u00e4ibemaksu kreeditkonto 20 (kui m\u00e4\u00e4rasite p\u00f6\u00f6rdk\u00e4ibemaksu protsendiks 20%)<\/span><\/li>\r\n<\/ul>\r\n<\/li>\r\n<\/ul>\r\n<h3>Kajastamine k\u00e4ibedeklaratsioonis<\/h3>\r\n<p><span style=\"font-weight: 400;\">P\u00f6\u00f6rdk\u00e4ibemaks kajastatakse k\u00e4ibedeklaratsiooni erinevatel ridadel, tulenevalt k\u00e4ibemaksuseaduse erinevatest paragrahvidest.<\/span><\/p>\r\n<p><span style=\"font-weight: 400;\">Seda, et andmed kajastuksid k\u00e4ibemaksudeklaratsiooni \u00f5igetel ridadel, saad seadistada lisareeglitega. Kirjuta pealehe otsingulahtrisse <b>\u201cK\u00e4ibemaksu lisareeglid\u201d<\/b>. P\u00f6\u00f6rdk\u00e4ibemaksu puhul kontrolli, kas on t\u00e4idetud j\u00e4rgmised read:<\/span><\/p>\r\n<ul>\r\n<li style=\"list-style-type: none;\">\r\n<ul>\r\n<li style=\"font-weight: 400;\"><span style=\"font-weight: 400;\"><b>KM<\/b> &#8211; k\u00e4ibemaksuliik, millele soovid lisareeglit lisada<\/span><\/li>\r\n<li style=\"font-weight: 400;\"><span style=\"font-weight: 400;\"><b>T\u00fc\u00fcp<\/b> &#8211; k\u00e4ibedeklaratsiooni rea number<\/span><\/li>\r\n<li style=\"font-weight: 400;\"><span style=\"font-weight: 400;\"><b>Milliseid n\u00e4idata<\/b> &#8211; mis summat n\u00e4idatakse (&#8220;purchase&#8221; ostuarvete puhul, &#8220;sales&#8221; m\u00fc\u00fcgiarvete puhul, netosumma, k\u00e4ibemaksusumma vm)<\/span><\/li>\r\n<\/ul>\r\n<\/li>\r\n<\/ul>\r\n<p><span style=\"font-weight: 400;\">J\u00e4rgneval pildil on kuvatud, kuidas on seadistatud p\u00f6\u00f6rdk\u00e4ibemaks, kui seda on vaja kuvada k\u00e4ibedeklaratsiooni ridadel 1, 4, 5, 7.<\/span><\/p>\r\n<p><img loading=\"lazy\" decoding=\"async\" class=\"alignnone wp-image-20380 size-full\" src=\"https:\/\/www.erplybooks.com\/wp-content\/uploads\/2021\/01\/Screen-Shot-2021-01-22-at-15.59.38.png\" alt=\"k\u00e4ibemaksu lisareeglid\" width=\"597\" height=\"196\" srcset=\"https:\/\/www.erplybooks.com\/wp-content\/uploads\/2021\/01\/Screen-Shot-2021-01-22-at-15.59.38.png 597w, https:\/\/www.erplybooks.com\/wp-content\/uploads\/2021\/01\/Screen-Shot-2021-01-22-at-15.59.38-300x98.png 300w\" sizes=\"auto, (max-width: 597px) 100vw, 597px\" \/><\/p>\r\n<p><span style=\"font-weight: 400;\">Ostja n\u00e4itab real 1 ja 7 maksustatavat ostusummat, real 4 ja 5 deklareeritakse p\u00f6\u00f6rdk\u00e4ibemaksu summa.<\/span><\/p>\r\n<p><span style=\"font-weight: 400;\">*ADDITIONAL_PURCAHSES on k\u00e4ibemaksu osa, mida tuleb p\u00f6\u00f6ritada. P\u00f6\u00f6ratav k\u00e4ibemaksu osa (vastav protsent) tuleb m\u00e4\u00e4rata KM liikide all veergudes <b>\u201cProtsent (M\u00fc\u00fck)\u201d<\/b> ja <b>\u201cProtsent (Ost)\u201d<\/b>.<\/span><\/p>\r\n<p>K\u00e4ibemaksuseaduse <strong>\u00a7 41<sup>1 <\/sup><\/strong>(Kinnisasja, metallij\u00e4\u00e4tmete, v\u00e4\u00e4rismetalli ja metalltoodete k\u00e4ibemaksuga maksustamise erikord) puhul lisa k\u00e4ibemaksu lisareeglite alla ka rida 7.1 (Purchases net total) ja m\u00fc\u00fcgi jaoks rida 9 (Sales net total).<\/p>\r\n<p><span style=\"font-weight: 400;\"><b>NB! Kui alustasid ERPLY Books&#8217;i kasutamist enne 2019 aastat, siis kontrolli k\u00e4ibemaksu lisareeglite alt \u00fcle, kas Sul on p\u00f6\u00f6rdk\u00e4ibemaksu puhul lisareeglid seadistatud.<\/b><\/span><\/p>\r\n<h2>\u00a0<\/h2>\r\n<h2>P\u00f6\u00f6rdk\u00e4ibemaksu 2024 aasta muudatused<\/h2>\r\n<p>Selle jaoks, et korrektselt arvestada p\u00f6\u00f6rdk\u00e4ibemaksu 22% vs 20%, tuleb k\u00f5ikidele p\u00f6\u00f6rdk\u00e4ibemaksuliikidele ka teha vastavad muudatused. S\u00fcsteem loob juurde uued p\u00f6\u00f6rdk\u00e4ibemaksuliigid &#8211; aga t\u00f6\u00f6p\u00f5him\u00f5te vaja \u00fcle k\u00e4ia.<\/p>\r\n<p>P\u00f6\u00f6rdk\u00e4ibemaks t\u00f6\u00f6tab Booksis kahel erineval p\u00f5him\u00f5ttel: <br \/>&#8211; t\u00fc\u00fcp: EU KM (tooted), EU KM (teenused), P\u00f6\u00f6rdk\u00e4ibemaks, EU KM (tooted &#8211; v\u00e4hendatud), EU KM (teenused &#8211; v\u00e4hendatud)<br \/>&#8211; p\u00f6\u00f6rdk\u00e4ibemaksu protsent<\/p>\r\n<p><br \/>Viimast n\u00e4eb kui vajutada KM liikide all &#8220;lisainfo&#8221;. Kui protsenti pole m\u00e4\u00e4ratud, siis 10\/01\/2024 m\u00e4\u00e4rab s\u00fcsteem selle ise.<\/p>\r\n<p>Analoogselt nagu peamise k\u00e4ibemaksuga, saab ka p\u00f6\u00f6rdk\u00e4ibemaksule m\u00e4rkida koodi lahtrisse aasta ehk viimase hetke, kui ta veel aktiivne oli.<\/p>\r\n<p>K\u00fcll aga erinevus tuleb erinevate s\u00fcsteemide kasutamisel:<br \/>&#8211; sisestades ERPLY Books kasutajaliidesest andmeid, ei tohiks tekkida probleeme, sest vanad p\u00f6\u00f6rdk\u00e4ibemaksuliigid on muudetud mitteaktiivseks. Kui on vaja teha vana p\u00f6\u00f6rdk\u00e4ibemaksuga tehinguid (kreeditarved jms), siis muuda need aktiivseks tagasi<br \/>&#8211; ERPLY laost, API-st ja muudest integratsioonidest tulevad tehingud l\u00e4bivad automaatse kontrolli: kui valitud tehing on p\u00f6\u00f6rdk\u00e4ibemaksuga maksustatud, siis s\u00fcsteem kontrollib, kas tehingu kuup\u00e4eva arvesse v\u00f5ttes peaks valima hoopis uuema p\u00f6\u00f6rdk\u00e4ibemaksu liigi<br \/>&#8211; importides arveid Booksi l\u00e4bi faili, peaks failis olema korrektne p\u00f6\u00f6rdk\u00e4ibemaksu liik<\/p>\r\n<p><strong>NB: tulevikus hakkab s\u00fcsteem k\u00e4ibedeklaratsiooni lisama p\u00f6\u00f6rdk\u00e4ibemaksu puhtalt p\u00f6\u00f6rdk\u00e4ibemaksu protsendi j\u00e4rgi.<\/strong><\/p>\r\n<p>&nbsp;<\/p>\r\n<h3>Metalli KM seadistamine ERPLY lao klientidele<\/h3>\r\n<p><span style=\"font-weight: 400;\">Logi sisse <a href=\"https:\/\/login.erply.com\/?r=ee\">ERPLY lattu<\/a>. Ava\u00a0<b>\u201cSeaded\u201d &gt; \u201cSisesta k\u00e4ibemaksum\u00e4\u00e4rad\u201d<\/b>. Avanenud lehel kirjuta maksu nimi <b>\u201cMetalli KM\u201d<\/b>, k\u00e4ibemaksum\u00e4\u00e4raks lisa\u00a0<strong>0%<\/strong>, tee linnuke p\u00f6\u00f6rdk\u00e4ibemaksu lahtrisse ja p\u00f6\u00f6rdk\u00e4ibemaksu m\u00e4\u00e4raks lisa\u00a0<strong>20%<\/strong>. Seej\u00e4rel salvesta.<\/span><\/p>\r\n<p><span style=\"font-weight: 400;\">N\u00fc\u00fcd ava ERPLY Books&#8217;is <b>\u201cS\u00e4tted\u201d &gt; \u201cERPLY Kassa ja lao s\u00e4tted\u201d &gt; \u201cS\u00fcnk artiklid ja KM v\u00e4\u00e4rtused\u201d &gt; \u201cS\u00fcnkroniseeri (km liigid)\u201d<\/b>.<\/span><\/p>\r\n<p><span style=\"font-weight: 400;\">Kui s\u00fcnkroniseerimine on tehtud, toimi nagu on kirjeldatud eelnevalt.<\/span><\/p>\r\n","protected":false},"excerpt":{"rendered":"<p>P\u00f6\u00f6rdk\u00e4ibemaks &nbsp; P\u00f6\u00f6rdk\u00e4ibemaks on maksu, kus k\u00e4ive tekib teenuse v\u00f5i kauba m\u00fc\u00fcjal, aga reaalne maksukohustus on teenuse v\u00f5i kauba saajal. Maksustamine toimub riigis kehtivate maksum\u00e4\u00e4rade kohaselt. M\u00f5lemal osapoolel (ostja ja m\u00fc\u00fcja) peab olema kehtiv KMKR number. Piltlikult \u00f6eldes aitab p\u00f6\u00f6rdk\u00e4ibemaks v\u00e4ltida maksupettuseid. Kui kaks k\u00e4ibemaksukohuslasest juriidilist isikut esitavad \u00fcksteisele arveid, siis varasemalt oli v\u00f5imalus, et [&hellip;]<\/p>\n","protected":false},"author":3,"featured_media":0,"parent":3312,"menu_order":0,"comment_status":"closed","ping_status":"closed","template":"","meta":{"_et_pb_use_builder":"","_et_pb_old_content":"","_et_gb_content_width":"","footnotes":""},"categories":[458],"tags":[735],"class_list":["post-8539","page","type-page","status-publish","hentry","category-kaibemaks","tag-poordkaibemaks"],"_links":{"self":[{"href":"https:\/\/www.erplybooks.com\/et\/wp-json\/wp\/v2\/pages\/8539","targetHints":{"allow":["GET"]}}],"collection":[{"href":"https:\/\/www.erplybooks.com\/et\/wp-json\/wp\/v2\/pages"}],"about":[{"href":"https:\/\/www.erplybooks.com\/et\/wp-json\/wp\/v2\/types\/page"}],"author":[{"embeddable":true,"href":"https:\/\/www.erplybooks.com\/et\/wp-json\/wp\/v2\/users\/3"}],"replies":[{"embeddable":true,"href":"https:\/\/www.erplybooks.com\/et\/wp-json\/wp\/v2\/comments?post=8539"}],"version-history":[{"count":0,"href":"https:\/\/www.erplybooks.com\/et\/wp-json\/wp\/v2\/pages\/8539\/revisions"}],"up":[{"embeddable":true,"href":"https:\/\/www.erplybooks.com\/et\/wp-json\/wp\/v2\/pages\/3312"}],"wp:attachment":[{"href":"https:\/\/www.erplybooks.com\/et\/wp-json\/wp\/v2\/media?parent=8539"}],"wp:term":[{"taxonomy":"category","embeddable":true,"href":"https:\/\/www.erplybooks.com\/et\/wp-json\/wp\/v2\/categories?post=8539"},{"taxonomy":"post_tag","embeddable":true,"href":"https:\/\/www.erplybooks.com\/et\/wp-json\/wp\/v2\/tags?post=8539"}],"curies":[{"name":"wp","href":"https:\/\/api.w.org\/{rel}","templated":true}]}}