{"id":822,"date":"2013-02-11T11:28:51","date_gmt":"2013-02-11T11:28:51","guid":{"rendered":"http:\/\/ajaveeb.margn.com\/?p=822"},"modified":"2023-07-12T11:38:49","modified_gmt":"2023-07-12T11:38:49","slug":"kasumiaruanne-12-kuud","status":"publish","type":"page","link":"https:\/\/www.erplybooks.com\/et\/kasumiaruanne-12-kuud\/","title":{"rendered":"Kasumiaruanne 12 kuud"},"content":{"rendered":"<p><strong>Margn meeskonna \u00fcheks suurimaks eesm\u00e4rgiks 2013. aastal on teha imesid aruannetega. Ikka selleks, et tarkvara annaks v\u00e4\u00e4rtuslikku infot, mitte ainult ei talletaks andmeid. T\u00e4na hommikul j\u00f5udis live&#8217;i kasumiaruanne, mis n\u00e4itab kasumit aasta l\u00f5ikes kuude v\u00f5rdluses.\u00a0<\/strong><\/p>\n<p>Raport on k\u00e4ttesaadav tasulises paketis ning n\u00e4itab tulusid, kulusid ja kasumit kontode (mitte kasumiaruande t\u00fc\u00fcpide) l\u00f5ikes. Raport n\u00e4eb v\u00e4lja selline:<\/p>\n<p><a href=\"https:\/\/www.erplybooks.com\/wp-content\/uploads\/2013\/02\/tulemiaruanne.png\"><img loading=\"lazy\" decoding=\"async\" class=\"alignnone size-full wp-image-824\" src=\"https:\/\/www.erplybooks.com\/wp-content\/uploads\/2013\/02\/tulemiaruanne.png\" alt=\"tulemiaruanne\" width=\"1198\" height=\"694\" \/><\/a><\/p>\n<p>Raportil saab valida aasta, mille l\u00f5ikes on soovi aruannet n\u00e4ha. Kuidagi teistmoodi pole raportit k\u00e4esoleval hetkel piiritleda v\u00f5imalik. Kui on soovi n\u00e4ha kasumit esimesest jaanuarist 31 detsembrini, siis seda v\u00f5imaldab tavap\u00e4rane kasumiaruanne.<\/p>\n","protected":false},"excerpt":{"rendered":"<p>Margn meeskonna \u00fcheks suurimaks eesm\u00e4rgiks 2013. aastal on teha imesid aruannetega. Ikka selleks, et tarkvara annaks v\u00e4\u00e4rtuslikku infot, mitte ainult ei talletaks andmeid. T\u00e4na hommikul j\u00f5udis live&#8217;i kasumiaruanne, mis n\u00e4itab kasumit aasta l\u00f5ikes kuude v\u00f5rdluses.\u00a0 Raport on k\u00e4ttesaadav tasulises paketis ning n\u00e4itab tulusid, kulusid ja kasumit kontode (mitte kasumiaruande t\u00fc\u00fcpide) l\u00f5ikes. Raport n\u00e4eb v\u00e4lja selline: [&hellip;]<\/p>\n","protected":false},"author":3,"featured_media":0,"parent":0,"menu_order":0,"comment_status":"closed","ping_status":"closed","template":"","meta":{"_et_pb_use_builder":"","_et_pb_old_content":"","_et_gb_content_width":"","footnotes":""},"categories":[15],"tags":[89],"class_list":["post-822","page","type-page","status-publish","hentry","category-raamatupidamine","tag-kasumiaruanne"],"_links":{"self":[{"href":"https:\/\/www.erplybooks.com\/et\/wp-json\/wp\/v2\/pages\/822","targetHints":{"allow":["GET"]}}],"collection":[{"href":"https:\/\/www.erplybooks.com\/et\/wp-json\/wp\/v2\/pages"}],"about":[{"href":"https:\/\/www.erplybooks.com\/et\/wp-json\/wp\/v2\/types\/page"}],"author":[{"embeddable":true,"href":"https:\/\/www.erplybooks.com\/et\/wp-json\/wp\/v2\/users\/3"}],"replies":[{"embeddable":true,"href":"https:\/\/www.erplybooks.com\/et\/wp-json\/wp\/v2\/comments?post=822"}],"version-history":[{"count":0,"href":"https:\/\/www.erplybooks.com\/et\/wp-json\/wp\/v2\/pages\/822\/revisions"}],"wp:attachment":[{"href":"https:\/\/www.erplybooks.com\/et\/wp-json\/wp\/v2\/media?parent=822"}],"wp:term":[{"taxonomy":"category","embeddable":true,"href":"https:\/\/www.erplybooks.com\/et\/wp-json\/wp\/v2\/categories?post=822"},{"taxonomy":"post_tag","embeddable":true,"href":"https:\/\/www.erplybooks.com\/et\/wp-json\/wp\/v2\/tags?post=822"}],"curies":[{"name":"wp","href":"https:\/\/api.w.org\/{rel}","templated":true}]}}