{"id":6761,"date":"2017-12-20T09:15:14","date_gmt":"2017-12-20T09:15:14","guid":{"rendered":"http:\/\/www.erplybooks.com\/?page_id=6761\/"},"modified":"2023-07-25T11:26:13","modified_gmt":"2023-07-25T11:26:13","slug":"maksefaili-koostamine-ja-selle-eriparad-erply-booksis","status":"publish","type":"page","link":"https:\/\/www.erplybooks.com\/et\/juhendid\/maksefaili-koostamine-ja-selle-eriparad-erply-booksis\/","title":{"rendered":"Maksefaili koostamine"},"content":{"rendered":"<h1>Maksefaili koostamine<\/h1>\r\n<p><span style=\"font-weight: 400;\">Antud juhend kirjeldab, kuidas k\u00e4ib ERPLY Books&#8217;is maksefaili koostamine, mida hiljem panka saata.<\/span><\/p>\r\n<p><span style=\"font-weight: 400;\">Vastavalt ettev\u00f5ttesisestele reeglitele vali ostuarved (kord p\u00e4eva, n\u00e4dala, kuu jooksul), mida maksta soovid. Seej\u00e4rel kontrolli maksefaili koostamisel andmeid: kontrolli info, mis Sulle kuvatakse ning vajadusel tee parandusi. Vali \u00f5ige maksefaili t\u00fc\u00fcp, ning laadi maksefail alla. Seej\u00e4rel laadi maksefail \u00fcles oma panka.<\/span><\/p>\r\n<p>&nbsp;<\/p>\r\n<h2><span style=\"font-weight: 400;\">Maksmata ostuarved<\/span><\/h2>\r\n<p><span style=\"font-weight: 400;\">Ava maksmata ostuarvete moodul. Selleks kas vajuta pealehel olevale nupule <\/span><b>\u201cV\u00f5lad tarnijatele\u201d<\/b><span style=\"font-weight: 400;\"> v\u00f5i mine \u00fclamen\u00fc\u00fcst <\/span><b>&#8220;Ost&#8221; &gt; \u201cOstuarved\u201d &gt; \u201cMaksmata ostuarved\u201d<\/b><span style=\"font-weight: 400;\">. Avanenud moodulist vali arved, mida soovid \u00e4ra tasuda (m\u00e4rgi need \u00e4ra linnukesega) ning seej\u00e4rel vali alamen\u00fc\u00fcst nupp <\/span><b>\u201cKoosta maksefail\u201d<\/b><span style=\"font-weight: 400;\">.<\/span><\/p>\r\n<p>&nbsp;<\/p>\r\n<p><img loading=\"lazy\" decoding=\"async\" class=\"alignnone wp-image-28511 size-full\" src=\"https:\/\/www.erplybooks.com\/wp-content\/uploads\/2022\/09\/Screenshot-2022-09-06-at-12.50.44.png\" alt=\"\" width=\"1875\" height=\"813\" srcset=\"https:\/\/www.erplybooks.com\/wp-content\/uploads\/2022\/09\/Screenshot-2022-09-06-at-12.50.44.png 1875w, https:\/\/www.erplybooks.com\/wp-content\/uploads\/2022\/09\/Screenshot-2022-09-06-at-12.50.44-1280x555.png 1280w, https:\/\/www.erplybooks.com\/wp-content\/uploads\/2022\/09\/Screenshot-2022-09-06-at-12.50.44-980x425.png 980w, https:\/\/www.erplybooks.com\/wp-content\/uploads\/2022\/09\/Screenshot-2022-09-06-at-12.50.44-480x208.png 480w\" sizes=\"auto, (min-width: 0px) and (max-width: 480px) 480px, (min-width: 481px) and (max-width: 980px) 980px, (min-width: 981px) and (max-width: 1280px) 1280px, (min-width: 1281px) 1875px, 100vw\" \/><\/p>\r\n<p>&nbsp;<\/p>\r\n<h2><span style=\"font-weight: 400;\">Firma andmed<\/span><\/h2>\r\n<p><span style=\"font-weight: 400;\">Kui oled vajutanud nupule<\/span><b> \u201cKoosta maksefail\u201d<\/b><span style=\"font-weight: 400;\">, siis avaneb lehek\u00fclg, kus n\u00e4ed enda pangainfot ja neid maksmata ostuarveid, mida just eelnevalt valisid. Pangainfo kuvatakse andmete p\u00f5hjal, mida oled sisestanud moodulis <\/span><b>\u201cFirma andmed\u201d<\/b><span style=\"font-weight: 400;\"> (<\/span><b>\u201cS\u00e4tted\u201d &gt; \u201cFirma andmed\u201d<\/b><span style=\"font-weight: 400;\">).\u00a0\u00a0<\/span><\/p>\r\n<p><span style=\"font-weight: 400;\">Firma andmete alla tuleb kindlasti lisada pangakonto andmed. Kui firma andmetesse pole andmeid sisestatud, siis saad sellekohase veateate (t\u00e4itke \u00e4ra panga nimi, kontonumber ja IBAN. SWIFTi genereerib s\u00fcsteem automaatselt, seega seda k\u00e4sitsi ei ole vaja t\u00e4ita. Kui aga tasud v\u00e4lismaisele hankijale, tuleb t\u00e4ita SWIFT lahter ise).<\/span><\/p>\r\n<p>&nbsp;<\/p>\r\n<p><img loading=\"lazy\" decoding=\"async\" class=\"alignnone wp-image-28523 size-full\" src=\"https:\/\/www.erplybooks.com\/wp-content\/uploads\/2022\/09\/Screenshot-2022-09-06-at-12.55.21-1.png\" alt=\"\" width=\"1432\" height=\"388\" srcset=\"https:\/\/www.erplybooks.com\/wp-content\/uploads\/2022\/09\/Screenshot-2022-09-06-at-12.55.21-1.png 1432w, https:\/\/www.erplybooks.com\/wp-content\/uploads\/2022\/09\/Screenshot-2022-09-06-at-12.55.21-1-1280x347.png 1280w, https:\/\/www.erplybooks.com\/wp-content\/uploads\/2022\/09\/Screenshot-2022-09-06-at-12.55.21-1-980x266.png 980w, https:\/\/www.erplybooks.com\/wp-content\/uploads\/2022\/09\/Screenshot-2022-09-06-at-12.55.21-1-480x130.png 480w\" sizes=\"auto, (min-width: 0px) and (max-width: 480px) 480px, (min-width: 481px) and (max-width: 980px) 980px, (min-width: 981px) and (max-width: 1280px) 1280px, (min-width: 1281px) 1432px, 100vw\" \/><\/p>\r\n<p>&nbsp;<\/p>\r\n<h2><span style=\"font-weight: 400;\">Maksefailide t\u00fc\u00fcbid<\/span><\/h2>\r\n<p><strong>Kes kannab tasud:<\/strong><br \/><span style=\"font-weight: 400;\"><strong>CRED<\/strong> K\u00f5ik tehingutasud kannab v\u00f5lausaldaja<br \/><\/span><span style=\"font-weight: 400;\"><strong>DEBT<\/strong> K\u00f5ik tehingutasud kannab v\u00f5lgnik.<br \/><strong>SHAR\u00a0<\/strong>M\u00f5lemad pooled kannavad oma tasud ise.\u00a0<br \/><strong>SLEV<\/strong> M\u00f5lemad pooled tasuvad oma tasud ise (soovitatav SEPA maksete puhul)<\/span><\/p>\r\n<p><span style=\"font-weight: 400;\">Vajutades maksefaili koostamise moodulis <\/span><b>\u201cT\u00fc\u00fcp\u201d<\/b><span style=\"font-weight: 400;\"> lahtri j\u00e4rel olevale noolekesele, avaneb erinevate maksefaili t\u00fc\u00fcpide nimekiri:<\/span><\/p>\r\n<p>&nbsp;<\/p>\r\n<p><img loading=\"lazy\" decoding=\"async\" class=\"alignnone wp-image-6762\" src=\"https:\/\/www.erplybooks.com\/wp-content\/uploads\/2017\/12\/Capture7-1-300x204.png\" alt=\"Maksefaili koostamine\" width=\"515\" height=\"350\" srcset=\"https:\/\/www.erplybooks.com\/wp-content\/uploads\/2017\/12\/Capture7-1-300x204.png 300w, https:\/\/www.erplybooks.com\/wp-content\/uploads\/2017\/12\/Capture7-1.png 503w\" sizes=\"auto, (max-width: 515px) 100vw, 515px\" \/><\/p>\r\n<p><b>Swedbank &#8211; <\/b><span style=\"font-weight: 400;\">see valik pole n\u00e4htav, sest selle panga puhul on tegemist eraldi integratsioonilahendusega ERPLY Books&#8217;i ja Swedbanki vahel, mille kaudu liigub maksekorraldus automaatselt. Rohkem informatsiooni integratsiooni kohta leiate siit.<\/span><\/p>\r\n<p>&nbsp;<\/p>\r\n<h2><span style=\"font-weight: 400;\">IBANi valideerimine<\/span><\/h2>\r\n<p><span style=\"font-weight: 400;\">IBANi valideerimine toimub SEPA makset\u00fc\u00fcpi valides. EU riikides kasutatakse IBAN (<\/span><i><span style=\"font-weight: 400;\">International Bank Account Number<\/span><\/i><span style=\"font-weight: 400;\">) kontonumbrit, et muuta rahvusvahelisi makseid efektiivsemaks ja kiiremaks. Euroopa Liidu liikmesriikides kasutatavad makses\u00fcsteemid tunnevad IBANi kasutades \u00e4ra klientide kontonumbrid ja suudavad kontrollida nende \u00f5igsust. Kui s\u00fcsteem annab m\u00e4rku, et kontonumber pole valiidne, kuid Sinu arust on k\u00f5ik korras, siis vajuta uuesti nupule <\/span><b>&#8220;Koosta maksefail&#8221;<\/b><span style=\"font-weight: 400;\">.<\/span><\/p>\r\n<p>&nbsp;<\/p>\r\n<h2><span style=\"font-weight: 400;\">Hankija pangainfo arvel<\/span><\/h2>\r\n<p><span style=\"font-weight: 400;\">Kui vaikimisi pole hankijatele kontaktikaardile pangainfot lisatud, siis on need lahtrid maksefaili koostamisel arvete ridadel t\u00fchjad. Saad need sealsamas moodulis \u00e4ra t\u00e4ita. Kui oled hankijate pangainfo lisanud, vajuta alamen\u00fc\u00fcs nupule <\/span><b>\u201cKoosta maksefail\u201d<\/b><span style=\"font-weight: 400;\">. Seej\u00e4rel laeb s\u00fcsteem alla faili, mille saad panka \u00fcles laadida.<\/span><\/p>\r\n<p>&nbsp;<\/p>\r\n<h2><span style=\"font-weight: 400;\">Ettemaks hankijale, palgamaksed ja muud v\u00e4ljamaksed<\/span><\/h2>\r\n<p><span style=\"font-weight: 400;\">Vajutades alamen\u00fc\u00fcs\u00a0 <\/span><b>\u201c+\u201d<\/b><span style=\"font-weight: 400;\"> nupule, avaneb aken.<\/span><\/p>\r\n<p>&nbsp;<\/p>\r\n<p><img loading=\"lazy\" decoding=\"async\" class=\"alignnone wp-image-6763\" src=\"https:\/\/www.erplybooks.com\/wp-content\/uploads\/2017\/12\/Capture8-300x203.png\" alt=\"\" width=\"415\" height=\"281\" srcset=\"https:\/\/www.erplybooks.com\/wp-content\/uploads\/2017\/12\/Capture8-300x203.png 300w, https:\/\/www.erplybooks.com\/wp-content\/uploads\/2017\/12\/Capture8.png 374w\" sizes=\"auto, (max-width: 415px) 100vw, 415px\" \/><\/p>\r\n<p>&nbsp;<\/p>\r\n<p><span style=\"font-weight: 400;\">Sisesta summa ja hankija nimi, kellele soovid teha ettemaksu v\u00f5i lisada makset.<\/span><\/p>\r\n<p>&nbsp;<\/p>\r\n<h1><span style=\"font-weight: 400;\">Arve makstuks m\u00e4rkimine<\/span><\/h1>\r\n<p><b>NB: antud punkti kasuta \u00fcksnes siis, kui Sa ei kasuta \u201cKinnitatud ja maksefail koostatud\u201d protsessi ja pangaimporti.<\/b><\/p>\r\n<p><span style=\"font-weight: 400;\">Peale maksefaili allalaadimist tekkis alamen\u00fc\u00fcsse juurde nupp <\/span><b>\u201cM\u00e4rgi makstuks\u201d<\/b><span style=\"font-weight: 400;\">. Kui soovid, et valitud ostuarved l\u00e4heksid ERPLY Books&#8217;i s\u00fcsteemis makstud staatusega, siis vajuta sellele nupule. Vaikimisi s\u00fcsteem arveid makstuks ei m\u00e4rgi, seega on see kliendi valik, kas antud nuppu kasutada. <\/span><b>Ennek\u00f5ike soovitame pangaimpordi ajal valida need arved, mis tasuti.<\/b><span style=\"font-weight: 400;\"> Nupp <\/span><b>\u201cM\u00e4rgi makstuks\u201d<\/b><span style=\"font-weight: 400;\"> annab \u00fclevaate ainult kliendi jaoks.<\/span><\/p>\r\n<p>&nbsp;<\/p>\r\n<h2><span style=\"font-weight: 400;\">Mis kontot s\u00fcsteem kasutab?<\/span><\/h2>\r\n<p><span style=\"font-weight: 400;\">Mine <\/span><b>\u201cS\u00e4tted\u201d &gt; \u201cAlgandmed\u201d -&gt; \u201cS\u00fcsteemikontod\u201d<\/b><span style=\"font-weight: 400;\">.\u00a0 N\u00e4ed, et on olemas konto <\/span><b>\u201cRaha teel\u201d<\/b><span style=\"font-weight: 400;\"> kuhu oled seadistanud konto, mida s\u00fcsteem kasutab. Vajadusel saad selle \u00e4ra muuta. Salvesta k\u00f5ik tehtud muutused.<\/span><\/p>\r\n<p>&nbsp;<\/p>\r\n<h2><span style=\"font-weight: 400;\">Viitenumber<\/span><\/h2>\r\n<p><span style=\"font-weight: 400;\">Kui tegid \u00fchele hankijale kaks makset, aga maksetel puudus viitenumber, siis paneb s\u00fcsteem need kokku. Seega tasutakse kaks arvet \u00fche maksmisega (sellest ei teki lisa pangakulu). Pangatehingut tehes lisatakse kirjeldusse \u201c<\/span><i><span style=\"font-weight: 400;\">1. arve number, 2. arve number<\/span><\/i><span style=\"font-weight: 400;\">\u201d, kui viitenumber puudus ja maksed pandi kokku.<\/span><\/p>\r\n<p>&nbsp;<\/p>\r\n<h1><span style=\"font-weight: 400;\">KKK<\/span><\/h1>\r\n<p>&nbsp;<\/p>\r\n<h2><span style=\"font-weight: 400;\">Millised arved ma olen juba panka saatnud?<\/span><\/h2>\r\n<p><span style=\"font-weight: 400;\">Panka saatmise tingimust j\u00e4lgitakse parajasti siis, kui lisatud on reegel number 5 <\/span><b>\u201cMuuda arve staatus &#8216;kinnitatud ja panka saadetud&#8217; maksefaili koostades\u201d<\/b><span style=\"font-weight: 400;\"> \u00fcldiste s\u00e4tete all (<\/span><b>\u201cS\u00e4tted\u201d &gt; \u201c\u00dcldised s\u00e4tted\u201d<\/b><span style=\"font-weight: 400;\">).\u00a0<\/span><\/p>\r\n<p>&nbsp;<\/p>\r\n<p><img loading=\"lazy\" decoding=\"async\" class=\"alignnone wp-image-28463 size-full\" src=\"https:\/\/www.erplybooks.com\/wp-content\/uploads\/2022\/09\/image8.png\" alt=\"\" width=\"438\" height=\"33\" srcset=\"https:\/\/www.erplybooks.com\/wp-content\/uploads\/2022\/09\/image8.png 438w, https:\/\/www.erplybooks.com\/wp-content\/uploads\/2022\/09\/image8-300x23.png 300w\" sizes=\"auto, (max-width: 438px) 100vw, 438px\" \/><\/p>\r\n<p>&nbsp;<\/p>\r\n<p><span style=\"font-weight: 400;\">Kui lisad mingi ostuarve maksefaili, siis p\u00e4rast faili koostamist muudab programm automaatselt dokumendi staatust <\/span><b>\u201cKinnitatud ja maksefail koostatud\u201d<\/b><span style=\"font-weight: 400;\">.\u00a0<\/span><br \/><br \/><\/p>\r\n<p>&nbsp;<\/p>\r\n<p><img loading=\"lazy\" decoding=\"async\" class=\"alignnone wp-image-28475 size-full\" src=\"https:\/\/www.erplybooks.com\/wp-content\/uploads\/2022\/09\/image6.png\" alt=\"\" width=\"1914\" height=\"426\" srcset=\"https:\/\/www.erplybooks.com\/wp-content\/uploads\/2022\/09\/image6.png 1914w, https:\/\/www.erplybooks.com\/wp-content\/uploads\/2022\/09\/image6-1280x285.png 1280w, https:\/\/www.erplybooks.com\/wp-content\/uploads\/2022\/09\/image6-980x218.png 980w, https:\/\/www.erplybooks.com\/wp-content\/uploads\/2022\/09\/image6-480x107.png 480w\" sizes=\"auto, (min-width: 0px) and (max-width: 480px) 480px, (min-width: 481px) and (max-width: 980px) 980px, (min-width: 981px) and (max-width: 1280px) 1280px, (min-width: 1281px) 1914px, 100vw\" \/><\/p>\r\n<p>&nbsp;<\/p>\r\n<h2><span style=\"font-weight: 400;\">Arvete kinnitamise protsess<\/span><\/h2>\r\n<ul>\r\n<li style=\"font-weight: 400;\" aria-level=\"1\"><span style=\"font-weight: 400;\">Kui \u00fcldiste s\u00e4tete all on aktiveeritud <\/span><b>\u2018\u2019Kasuta arvete kinnitamist\u2019\u2019<\/b><span style=\"font-weight: 400;\"> reegel, siis ostuarve koostamisel on vaikimisi arve staatus peale salvestamist <\/span><b>\u201cKinnitamata\u201d<\/b><span style=\"font-weight: 400;\">.\u00a0<\/span><\/li>\r\n<\/ul>\r\n<p><img loading=\"lazy\" decoding=\"async\" class=\"alignnone size-full wp-image-28487\" src=\"https:\/\/www.erplybooks.com\/wp-content\/uploads\/2022\/09\/image4.png\" alt=\"\" width=\"193\" height=\"30\" \/><\/p>\r\n<ul>\r\n<li style=\"font-weight: 400;\" aria-level=\"1\"><span style=\"font-weight: 400;\">Staatust saad muuta otse ostuarve peal (pannes staatuse lahtrisse \u201cKinnitatud\u201d).<\/span><\/li>\r\n<\/ul>\r\n<p>&nbsp;<\/p>\r\n<p><img loading=\"lazy\" decoding=\"async\" class=\"alignnone wp-image-28499 size-full\" src=\"https:\/\/www.erplybooks.com\/wp-content\/uploads\/2022\/09\/image2.png\" alt=\"\" width=\"1827\" height=\"816\" srcset=\"https:\/\/www.erplybooks.com\/wp-content\/uploads\/2022\/09\/image2.png 1827w, https:\/\/www.erplybooks.com\/wp-content\/uploads\/2022\/09\/image2-1280x572.png 1280w, https:\/\/www.erplybooks.com\/wp-content\/uploads\/2022\/09\/image2-980x438.png 980w, https:\/\/www.erplybooks.com\/wp-content\/uploads\/2022\/09\/image2-480x214.png 480w\" sizes=\"auto, (min-width: 0px) and (max-width: 480px) 480px, (min-width: 481px) and (max-width: 980px) 980px, (min-width: 981px) and (max-width: 1280px) 1280px, (min-width: 1281px) 1827px, 100vw\" \/><\/p>\r\n<p>&nbsp;<\/p>\r\n<ul>\r\n<li style=\"font-weight: 400;\" aria-level=\"1\"><span style=\"font-weight: 400;\">Kui arvete kinnitamise reegel aktiveeritud pole, siis on ostuarve koostamisel staatus koheselt <\/span><b>\u2018\u2019Kinnitatud\u2019\u2019<\/b><span style=\"font-weight: 400;\">. K\u00f5iki kinnitatud ostuarveid on v\u00f5imalik vaadata maksmata ostuarvete moodulist (<\/span><b>OST -&gt; Ostuarved -&gt; Maksmata ostuarved<\/b><span style=\"font-weight: 400;\">).\u00a0<\/span><\/li>\r\n<\/ul>\r\n<p><span style=\"font-weight: 400;\">Arve staatuse massmuutmine on v\u00f5imalik kui avad <\/span><b>\u201cAruanded\u201d -&gt; \u201cOstuarved\u201d<\/b><span style=\"font-weight: 400;\">, kus saad valida soovitud ostuarved (tee linnuke) ja vajuta kollast <\/span><b>\u201cKinnita\u201d<\/b><span style=\"font-weight: 400;\"> nuppu.\u00a0<\/span><\/p>\r\n<p>&nbsp;<\/p>\r\n<p><img loading=\"lazy\" decoding=\"async\" class=\"alignnone wp-image-28481 size-full\" src=\"https:\/\/www.erplybooks.com\/wp-content\/uploads\/2022\/09\/image5.png\" alt=\"\" width=\"1909\" height=\"811\" srcset=\"https:\/\/www.erplybooks.com\/wp-content\/uploads\/2022\/09\/image5.png 1909w, https:\/\/www.erplybooks.com\/wp-content\/uploads\/2022\/09\/image5-1280x544.png 1280w, https:\/\/www.erplybooks.com\/wp-content\/uploads\/2022\/09\/image5-980x416.png 980w, https:\/\/www.erplybooks.com\/wp-content\/uploads\/2022\/09\/image5-480x204.png 480w\" sizes=\"auto, (min-width: 0px) and (max-width: 480px) 480px, (min-width: 481px) and (max-width: 980px) 980px, (min-width: 981px) and (max-width: 1280px) 1280px, (min-width: 1281px) 1909px, 100vw\" \/><\/p>\r\n<p>&nbsp;<\/p>\r\n<ul>\r\n<li style=\"font-weight: 400;\" aria-level=\"1\"><span style=\"font-weight: 400;\">Kuna maksmata ostuarved n\u00e4itavad ainult kinnitatud dokumente, siis neid sinna enam ei kuvata.<\/span><\/li>\r\n<li style=\"font-weight: 400;\" aria-level=\"1\"><span style=\"font-weight: 400;\">Kui soovid mingit arvet ikkagi uuesti tasuda (midagi juhtus maksefailiga vms), siis saab arve avada ja sinna k\u00e4sitsi uus staatus lisada.<\/span><\/li>\r\n<\/ul>\r\n<p>&nbsp;<\/p>\r\n<h2><span style=\"font-weight: 400;\">Kas on v\u00f5imalik koostada maksefaili vastavalt arve t\u00e4htajale ja mitte t\u00e4nase kuup\u00e4eva j\u00e4rgi?<\/span><\/h2>\r\n<p><span style=\"font-weight: 400;\">Kuna tegu on ettev\u00f5ttep\u00f5histe seadistustega, tuleb nende kohta reeglid lisada. Selleks ava <\/span><b>\u201cS\u00e4tted\u201d -&gt; \u201c\u00dcldised s\u00e4tted&#8221;<\/b><span style=\"font-weight: 400;\"> ja\u00a0 lisa linnukene reegli number 4 <\/span><b>\u201cKoosta maksefail t\u00e4htaja j\u00e4rgi?\u201d<\/b><span style=\"font-weight: 400;\"> ette.\u00a0<\/span><\/p>\r\n<p><img loading=\"lazy\" decoding=\"async\" class=\"alignnone size-full wp-image-28493\" src=\"https:\/\/www.erplybooks.com\/wp-content\/uploads\/2022\/09\/image3.png\" alt=\"\" width=\"217\" height=\"32\" \/><\/p>\r\n<p><span style=\"font-weight: 400;\">Seej\u00e4rel valides maksmata ostuarvete alt arved, lisab ERPLY Books neile maksekuup\u00e4evaks kas arve makset\u00e4htaja v\u00f5i t\u00e4nase kuup\u00e4eva (kui makset\u00e4htaeg on minevikus).<\/span><\/p>\r\n<p><b>NB:<\/b><span style=\"font-weight: 400;\"> Kui \u00fchele hankijale minevad maksed l\u00e4hevad eri kuup\u00e4evadega, siis tehakse ka mitu makset hankijale, mitte ei koondata neid kokku.<\/span><\/p>\r\n<p>&nbsp;<\/p>\r\n<p>&nbsp;<\/p>\r\n<h1>Maksefaili kirjelduse sidumine viitava lingi lahtriga<\/h1>\r\n<p>&nbsp;<\/p>\r\n<p>Antud peat\u00fckk kirjeldab v\u00f5imalust, kuidas on v\u00f5imalik siduda maksefaili kirjeldus viitava lingi lahtriga, kui maksefaili kirjeldus on ette n\u00e4htud t\u00e4hem\u00e4rkide arvust suurem.<\/p>\r\n<p>&nbsp;<\/p>\r\n<h2>Millisel juhul on see vajalik?\u00a0<\/h2>\r\n<p>Selline lahendus on vajalik selleks, et suuremahuliste maksefailide puhul suudetaks pangaimpordis antud tehing maksefaili kirjelduse j\u00e4rgi \u00e4ra siduda.\u00a0<\/p>\r\n<p>SEPA maksefaili kirjelduse maksimaalseks pikkuseks on 140 t\u00e4hem\u00e4rki ning kui maksefaili kirjeldusse k\u00f5ik arve numbrid \u00e4ra ei mahu, sest neid on suuremas mahus, lisatakse l\u00f5ppu\u00a0<b>\u2018\u2019\u2026\u2019\u2019<\/b>.<\/p>\r\n<p>Selliselt ei suuda aga hiljem tarkvara antud tehingut pangaimpordis \u00e4ra siduda ilma vastava reeglita, kui maksefaili kirjelduse l\u00f5pus on \u2018\u2019\u2026\u2019\u2019.\u00a0\u00a0<\/p>\r\n<p>Seet\u00f5ttu on vaja lisada reegel, sest sellega lisatakse see sama maksefaili kirjeldus\u00a0<b>\u2018\u2019Viitav link\u2019\u2019<\/b>\u00a0lahtrisse ja t\u00e4nu sellele suudab s\u00fcsteem pangaimporti tehes selle maksefaili tehingu \u00e4ra siduda.\u00a0<\/p>\r\n<p>Antud reegliga kontrollitakse v\u00e4ljaminevate summade korral pangaimpordis esmalt, kas leidub viitava lingi vasteid.\u00a0<\/p>\r\n<ul>\r\n<li aria-level=\"1\">Viitava lingi lahtrisse lisatakse maksefaili kirjeldus vaid siis, kui viitava lingi lahter juba t\u00e4idetud pole (see v\u00f5ib olla varasemalt t\u00e4idetud n\u00e4iteks lao\u00fchenduse korral e-poe tellimuse numbriga).\u00a0<\/li>\r\n<li aria-level=\"1\">Samuti pole v\u00f5imalik maksefaili kirjeldust viitava lingi lahtrisse lisada kui arve numbrid pole unikaalsed (n\u00e4iteks \u00fcks arve number on 328748721 ja teine on 874872 ehk 874872 sisaldub esimeses numbris)<\/li>\r\n<\/ul>\r\n<p>&nbsp;<\/p>\r\n<h2>Seadistamine<\/h2>\r\n<p>Sellise lahenduse jaoks on vaja seadistada reegel Globaalsete Atribuutide alla.\u00a0<\/p>\r\n<p>1. Ava\u00a0<b>Globaalsed Atribuudid<\/b>\u00a0pealehe otsingust<\/p>\r\n<p>2. Lisa uus reegel:\u00a0<\/p>\r\n<p><b>Nimi<\/b>:\u00a0GLOBAL_CONNECT_PAYMENT_EXPORT_REFERRING_LINK<\/p>\r\n<p><b>V\u00e4\u00e4rtus<\/b>: true<\/p>\r\n<p>3. Salvesta ja logi kontolt v\u00e4lja ja uuesti tagasi sisse, et muudatused rakenduksid<\/p>\r\n<p><b>N\u00e4ide<\/b><\/p>\r\n<p>N\u00e4iteks koostad sellise maksefaili, kus arve numbrid on pikad ning \u00fcletavad t\u00e4hem\u00e4rkide piirangu mahtu:\u00a0<\/p>\r\n<p>&nbsp;<\/p>\r\n<p><img loading=\"lazy\" decoding=\"async\" class=\"alignnone wp-image-30305 size-full\" src=\"https:\/\/www.erplybooks.com\/wp-content\/uploads\/2023\/04\/image2-4.png\" sizes=\"auto, (min-width: 0px) and (max-width: 480px) 480px, (min-width: 481px) and (max-width: 980px) 980px, (min-width: 981px) and (max-width: 1280px) 1280px, (min-width: 1281px) 1442px, 100vw\" srcset=\"https:\/\/www.erplybooks.com\/wp-content\/uploads\/2023\/04\/image2-4.png 1442w, https:\/\/www.erplybooks.com\/wp-content\/uploads\/2023\/04\/image2-4-1280x266.png 1280w, https:\/\/www.erplybooks.com\/wp-content\/uploads\/2023\/04\/image2-4-980x204.png 980w, https:\/\/www.erplybooks.com\/wp-content\/uploads\/2023\/04\/image2-4-480x100.png 480w\" alt=\"\" width=\"1442\" height=\"300\" \/><\/p>\r\n<p>&nbsp;<\/p>\r\n<p>Kui oled lisanud eelnevalt reegli, siis lisatakse maksefaili kirjeldus viitava lingi lahtrisse:\u00a0<\/p>\r\n<p>&nbsp;<\/p>\r\n<p><img loading=\"lazy\" decoding=\"async\" class=\"alignnone wp-image-30311 size-full\" src=\"https:\/\/www.erplybooks.com\/wp-content\/uploads\/2023\/04\/image3-3.png\" sizes=\"auto, (min-width: 0px) and (max-width: 480px) 480px, (min-width: 481px) and (max-width: 980px) 980px, (min-width: 981px) and (max-width: 1280px) 1280px, (min-width: 1281px) 1778px, 100vw\" srcset=\"https:\/\/www.erplybooks.com\/wp-content\/uploads\/2023\/04\/image3-3.png 1778w, https:\/\/www.erplybooks.com\/wp-content\/uploads\/2023\/04\/image3-3-1280x502.png 1280w, https:\/\/www.erplybooks.com\/wp-content\/uploads\/2023\/04\/image3-3-980x384.png 980w, https:\/\/www.erplybooks.com\/wp-content\/uploads\/2023\/04\/image3-3-480x188.png 480w\" alt=\"\" width=\"1778\" height=\"697\" \/><\/p>\r\n<p>&nbsp;<\/p>\r\n<p>Hiljem panagimporti tehes oskab tarkvara \u00e4ra siduda antud tehingu maksefaili kirjelduse j\u00e4rgi, mis on lisatud viitava lingi lahtrisse:\u00a0<\/p>\r\n<p>&nbsp;<\/p>\r\n<p><img loading=\"lazy\" decoding=\"async\" class=\"alignnone wp-image-30317 size-full\" src=\"https:\/\/www.erplybooks.com\/wp-content\/uploads\/2023\/04\/image1-4.png\" sizes=\"auto, (min-width: 0px) and (max-width: 480px) 480px, (min-width: 481px) and (max-width: 980px) 980px, (min-width: 981px) and (max-width: 1280px) 1280px, (min-width: 1281px) 1399px, 100vw\" srcset=\"https:\/\/www.erplybooks.com\/wp-content\/uploads\/2023\/04\/image1-4.png 1399w, https:\/\/www.erplybooks.com\/wp-content\/uploads\/2023\/04\/image1-4-1280x157.png 1280w, https:\/\/www.erplybooks.com\/wp-content\/uploads\/2023\/04\/image1-4-980x120.png 980w, https:\/\/www.erplybooks.com\/wp-content\/uploads\/2023\/04\/image1-4-480x59.png 480w\" alt=\"\" width=\"1399\" height=\"172\" \/><\/p>\r\n<p>&nbsp;<\/p>\r\n<p>&nbsp;<\/p>\r\n<p><iframe loading=\"lazy\" title=\"Panga maksefaili koostamine ERPLY finantsis\" width=\"1080\" height=\"608\" src=\"https:\/\/www.youtube.com\/embed\/LN2tGBacjHo?feature=oembed\"  allow=\"accelerometer; autoplay; clipboard-write; encrypted-media; gyroscope; picture-in-picture; web-share\" allowfullscreen><\/iframe><\/p>\r\n<p>&nbsp;<\/p>\r\n","protected":false},"excerpt":{"rendered":"<p>Maksefaili koostamine Antud juhend kirjeldab, kuidas k\u00e4ib ERPLY Books&#8217;is maksefaili koostamine, mida hiljem panka saata. Vastavalt ettev\u00f5ttesisestele reeglitele vali ostuarved (kord p\u00e4eva, n\u00e4dala, kuu jooksul), mida maksta soovid. Seej\u00e4rel kontrolli maksefaili koostamisel andmeid: kontrolli info, mis Sulle kuvatakse ning vajadusel tee parandusi. Vali \u00f5ige maksefaili t\u00fc\u00fcp, ning laadi maksefail alla. Seej\u00e4rel laadi maksefail \u00fcles oma [&hellip;]<\/p>\n","protected":false},"author":3,"featured_media":0,"parent":3312,"menu_order":0,"comment_status":"closed","ping_status":"closed","template":"","meta":{"_et_pb_use_builder":"","_et_pb_old_content":"","_et_gb_content_width":"","footnotes":""},"categories":[456],"tags":[716,715],"class_list":["post-6761","page","type-page","status-publish","hentry","category-pank","tag-koostamine","tag-maksefail"],"_links":{"self":[{"href":"https:\/\/www.erplybooks.com\/et\/wp-json\/wp\/v2\/pages\/6761","targetHints":{"allow":["GET"]}}],"collection":[{"href":"https:\/\/www.erplybooks.com\/et\/wp-json\/wp\/v2\/pages"}],"about":[{"href":"https:\/\/www.erplybooks.com\/et\/wp-json\/wp\/v2\/types\/page"}],"author":[{"embeddable":true,"href":"https:\/\/www.erplybooks.com\/et\/wp-json\/wp\/v2\/users\/3"}],"replies":[{"embeddable":true,"href":"https:\/\/www.erplybooks.com\/et\/wp-json\/wp\/v2\/comments?post=6761"}],"version-history":[{"count":0,"href":"https:\/\/www.erplybooks.com\/et\/wp-json\/wp\/v2\/pages\/6761\/revisions"}],"up":[{"embeddable":true,"href":"https:\/\/www.erplybooks.com\/et\/wp-json\/wp\/v2\/pages\/3312"}],"wp:attachment":[{"href":"https:\/\/www.erplybooks.com\/et\/wp-json\/wp\/v2\/media?parent=6761"}],"wp:term":[{"taxonomy":"category","embeddable":true,"href":"https:\/\/www.erplybooks.com\/et\/wp-json\/wp\/v2\/categories?post=6761"},{"taxonomy":"post_tag","embeddable":true,"href":"https:\/\/www.erplybooks.com\/et\/wp-json\/wp\/v2\/tags?post=6761"}],"curies":[{"name":"wp","href":"https:\/\/api.w.org\/{rel}","templated":true}]}}