{"id":6646,"date":"2017-12-08T09:07:20","date_gmt":"2017-12-08T09:07:20","guid":{"rendered":"http:\/\/www.erplybooks.com\/?page_id=6646\/"},"modified":"2026-03-25T09:06:42","modified_gmt":"2026-03-25T09:06:42","slug":"hinnakirja-seadistused-erply-booksis","status":"publish","type":"page","link":"https:\/\/www.erplybooks.com\/et\/juhendid\/hinnakirja-seadistused-erply-booksis\/","title":{"rendered":"Hinnakirja seadistused"},"content":{"rendered":"<h1>Hinnakirja seadistused<\/h1>\n<p>&nbsp;<\/p>\n<p><span style=\"font-weight: 400;\">Hinnakirja seadistused leiad ERPLY Books&#8217;i kontole sisselogides ja minnes\u00a0<b>\u201cS\u00e4tted\u201d &gt; \u201cHinnakiri\u201d<\/b>.<\/span><\/p>\n<p><span style=\"font-weight: 400;\">Klientidel on v\u00f5imalik valida enda ettev\u00f5tte vajadustele sobivaim pakett ja pakkumine. Muutused rakenduvad koheselt, kui oled teinud soovitud valiku ning selle aktiveerinud.<\/span><br \/>\n<span style=\"font-weight: 400;\">V\u00f5imalik on valida ka tasuta pakett, mis sisaldab endas peamiseid raamatupidamise funktsioone. Erinevad funktsionaalsused pole piiratud hinnapaketiga &#8211; soovi korral saad valida enda ettev\u00f5ttele just selle funktsionaalsuse, mida ettev\u00f5ttel vaja. \u00dche funktsioon puudumise, n\u00e4iteks \u201cOstuarvete postkasti\u201d p\u00e4rast, ei pea hakkama v\u00e4iksemat paketti suuremaks vahetama.<\/span><\/p>\n<p>&nbsp;<\/p>\n<h3>Paketid<\/h3>\n<p>&nbsp;<\/p>\n<p><span style=\"font-weight: 400;\">ERPLY Books&#8217;is on olemas kolm erineva suuruse ja v\u00f5imalustega paketti:<\/span><\/p>\n<ul>\n<li style=\"font-weight: 400;\">Komplekteeri ise<\/li>\n<li style=\"font-weight: 400;\">Keskmine pakett<\/li>\n<li style=\"font-weight: 400;\">Suur pakett<\/li>\n<\/ul>\n<p><span style=\"font-weight: 400;\">T\u00e4psema info k\u00f5ikide pakettide kohta leiad ERPLY Books&#8217;i kodulehel olevast <\/span><a href=\"https:\/\/www.erplybooks.com\/et\/hinnakiri-ettevottele\/\"><span style=\"font-weight: 400;\">hinnakirjast<\/span><\/a><span style=\"font-weight: 400;\">. <\/span><\/p>\n<p><span style=\"font-weight: 400;\">Hetkel valitud paketti n\u00e4ed kohe mooduli \u00fclaosas: <b>\u201cAktiivne pakett\u201d<\/b>. Lisaks n\u00e4ed infot maksmise ja arvete kohta.<\/span><\/p>\n<p><img loading=\"lazy\" decoding=\"async\" class=\"alignnone wp-image-6648\" src=\"https:\/\/www.erplybooks.com\/wp-content\/uploads\/2020\/08\/aktiivne.png\" width=\"424\" height=\"341\" \/><\/p>\n<p>&nbsp;<\/p>\n<h3>Hinnakirja seadistused \u2013 lisav\u00f5imalused<\/h3>\n<p>&nbsp;<\/p>\n<p><span style=\"font-weight: 400;\">Klientidel on v\u00f5imalus tellida erinevaid lisafeatuure. Nende hind lisatakse p\u00f5hiarvele juurde.<\/span><br \/>\n<span style=\"font-weight: 400;\"><b>\u201cSuur pakett\u201d<\/b> puhul on v\u00f5imalik valida j\u00e4rgmised lisafunktsioonid:<\/span><\/p>\n<p><img loading=\"lazy\" decoding=\"async\" class=\"alignnone wp-image-6649\" src=\"https:\/\/www.erplybooks.com\/wp-content\/uploads\/2020\/08\/suur.png\" alt=\"hinnakirja seadistused\" width=\"407\" height=\"500\" \/><\/p>\n<p><span style=\"font-weight: 400;\"><b>\u201cKeskmine pakett\u201d<\/b> puhul on v\u00f5imalik valida j\u00e4rgmised lisafunktsioonid:<\/span><\/p>\n<p><img loading=\"lazy\" decoding=\"async\" class=\"alignnone wp-image-9588\" src=\"https:\/\/www.erplybooks.com\/wp-content\/uploads\/2020\/08\/keskmine.png\" alt=\"hinnakirja seadistused\" width=\"476\" height=\"430\" \/><\/p>\n<p><span style=\"font-weight: 400;\"><b>\u201cKomplekteeri ise\u201d<\/b> puhul on v\u00f5imalik valida j\u00e4rgmised lisafunktsioonid:<\/span><\/p>\n<p><img loading=\"lazy\" decoding=\"async\" class=\"alignnone wp-image-9589\" src=\"https:\/\/www.erplybooks.com\/wp-content\/uploads\/2020\/08\/komplekteeri.png\" alt=\"hinnakirja seadistused\" width=\"507\" height=\"653\" \/><br \/>\n<img loading=\"lazy\" decoding=\"async\" class=\"alignnone wp-image-9589\" src=\"https:\/\/www.erplybooks.com\/wp-content\/uploads\/2020\/08\/moodulid.png\" alt=\"\" width=\"507\" height=\"653\" \/><\/p>\n<p>&nbsp;<\/p>\n<h3>Maksmine<\/h3>\n<p>&nbsp;<\/p>\n<p><span style=\"font-weight: 400;\">Paketi eest on v\u00f5imalik tasuda nii arvega kui ka krediitkaardi v\u00f5i PayPaliga. Eestis ja teistes EU riikides on v\u00f5imalik maksta m\u00f5lemal viisil. EU v\u00e4listes riikides saab maksta vaid krediitkaardiga.\u00a0<\/span><\/p>\n<p><img loading=\"lazy\" decoding=\"async\" class=\"alignnone wp-image-6650\" src=\"https:\/\/www.erplybooks.com\/wp-content\/uploads\/2020\/08\/meetodid.png\" alt=\"\" width=\"430\" height=\"301\" \/><\/p>\n<p><span style=\"font-weight: 400;\">Iga kuu l\u00f5pus esitatakse valitud paketi eest arve.<\/span><\/p>\n<p><span style=\"font-weight: 400;\"><strong>NB!<\/strong> Kui oled alles hakanud ERPLY Books&#8217;i kasutajaks ning hetkel on veel tasuta pakett, siis valides soovitud paketi, lisatakse tasuta paketi kasutamata j\u00e4\u00e4nud p\u00e4evade arv uuele paketile juurde. N\u00e4iteks kui k\u00e4tte on j\u00f5udnud Sinu kahen\u00e4dalase tasuta prooviperioodi viimane p\u00e4ev, siis saate koheselt arve. Kui prooviperioodi l\u00f5puni on j\u00e4\u00e4nud veel 10 p\u00e4eva, siis saate arve 10 p\u00e4eva p\u00e4rast.<\/span><\/p>\n<p>&nbsp;<\/p>\n<h4>1. Kuidas olemasolevat paketti muuta ja uut paketti rakendada?<\/h4>\n<p>&nbsp;<\/p>\n<p><span style=\"font-weight: 400;\">Kui oled valinud maksemeetodiks <b>\u201cArvega\u201d<\/b>, siis vajutades nupule <b>\u201cAktiveeri\u201d<\/b>, saadetakse Sinu e-mailile kiri, kus antakse teada, et antud organisatsioonile on tehtud uus paketivalik ja hinnapaketi p\u00e4ring. Paketi aktiveerimiseks tuleb vajutada kirjas olevale nupule. Vajutades nupule saad teate uue paketi aktiveerimisest:<\/span><\/p>\n<p><img loading=\"lazy\" decoding=\"async\" class=\"alignnone wp-image-9590\" src=\"https:\/\/www.erplybooks.com\/wp-content\/uploads\/2017\/12\/Capture5-1.png\" alt=\"\" width=\"649\" height=\"355\" \/><\/p>\n<p><span style=\"font-weight: 400;\"> Seej\u00e4rel saad e-maili peale teate, et rakendatud on uus pakett ja manusena on kaasa lisatud ka arve.<\/span><\/p>\n<p>&nbsp;<\/p>\n<h4>2. Krediitkaardiga maksmine<\/h4>\n<p>&nbsp;<\/p>\n<p><span style=\"font-weight: 400;\">Kui soovid tasuda krediitkaardiga, siis sarnaselt eelmisele punktile vali maksemeetodiks <b>\u201ckrediitkaardiga\u201d<\/b>. Vali pakett, mida soovid enda kontole rakendada ning vajuta nupule <b>\u201cAktiveeri\u201d<\/b>. Seej\u00e4rel saad e-mailile teavituse, et antud kontole soovitakse rakendada uut paketti. Kui vajutad meilis olevale nupule, avaneb aken, kus pead sisestama oma krediitkaardi andmed:<\/span><br \/>\n<img loading=\"lazy\" decoding=\"async\" class=\"alignnone wp-image-6651\" src=\"https:\/\/www.erplybooks.com\/wp-content\/uploads\/2017\/12\/Capture6-1.png\" alt=\"\" width=\"550\" height=\"297\" \/><br \/>\n<span style=\"font-weight: 400;\">Pakett rakendub p\u00e4rast krediitkaarti andmete kinnitamist. Kui soovid kasutada maksmiseks PayPal kontot, rakendub uus pakett p\u00e4rast konto andmete kinnitamist.<\/span><br \/>\n<span style=\"font-weight: 400;\"><b>NB!<\/b> Krediitkaarti v\u00f5i PayPal kastuades l\u00e4heb raha automaatselt kontolt maha.<\/span><\/p>\n<p>&nbsp;<\/p>\n<h4>3. Arve tasumine teise organisatsiooni poolt<\/h4>\n<p>&nbsp;<\/p>\n<p>Juhul, kui soovid, et Sinu organisatsiooni paketi arve tasub m\u00f5ni muu kontoga seotud organisatsioon, siis seda on v\u00f5imalik muuta kui l\u00e4hed hinnakirja seadete alla (&#8216;<strong>&#8216;S\u00e4tted -&gt; Hinnakiri&#8221;<\/strong>) ning kerides alla leiad sealt valiku <strong>&#8221;Maksja organisatsioon&#8221;<\/strong>.<\/p>\n<p>&nbsp;<\/p>\n<p><img loading=\"lazy\" decoding=\"async\" class=\"alignnone wp-image-27995 size-full\" src=\"https:\/\/www.erplybooks.com\/wp-content\/uploads\/2022\/08\/Screenshot-2022-08-08-at-12.19.29.png\" alt=\"\" width=\"477\" height=\"295\" srcset=\"https:\/\/www.erplybooks.com\/wp-content\/uploads\/2022\/08\/Screenshot-2022-08-08-at-12.19.29.png 477w, https:\/\/www.erplybooks.com\/wp-content\/uploads\/2022\/08\/Screenshot-2022-08-08-at-12.19.29-300x186.png 300w\" sizes=\"auto, (max-width: 477px) 100vw, 477px\" \/><\/p>\n<p>&nbsp;<\/p>\n<p>Seal on Sul v\u00f5imalik valida k\u00f5ikide organisatsioonide vahel, millega on Sinu konto seotud. Kui oled valinud sobiva organisatsiooni, vajuta &#8221;<strong>Salvesta<\/strong>&#8221; nuppu. J\u00e4rgnevad arved saadetakse valitud ettev\u00f5tte administraatorile.<\/p>\n<p>&nbsp;<\/p>\n<h3>Paketi muutmine<\/h3>\n<p>&nbsp;<\/p>\n<p><span style=\"font-weight: 400;\">Paketi saad alati uuesti valida. Vali sobiv pakett ja vajuta nupule <b>\u201cVali\u201d<\/b>.<\/span><br \/>\n<img loading=\"lazy\" decoding=\"async\" class=\"alignnone wp-image-6652\" src=\"https:\/\/www.erplybooks.com\/wp-content\/uploads\/2017\/12\/Capture2-4.png\" alt=\"hinnakirja seadistused\" width=\"539\" height=\"343\" \/><br \/>\n<span style=\"font-weight: 400;\">Vali maksemeetod &#8211; kas arvega v\u00f5i krediitkaardiga. Seej\u00e4rel keri allapoole, et aktiveerida uus pakett:<\/span><br \/>\n<img loading=\"lazy\" decoding=\"async\" class=\"alignnone wp-image-6652\" src=\"https:\/\/www.erplybooks.com\/wp-content\/uploads\/2017\/12\/Capture3-3.png\" alt=\"\" width=\"539\" height=\"343\" \/><\/p>\n<p>&nbsp;<\/p>\n<h3>Paketist loobumine<\/h3>\n<p>&nbsp;<\/p>\n<p><span style=\"font-weight: 400;\">Kui Sa ei soovi enam paketti tellida, siis vajuta lehe alumises servas olevale nupule <b>\u201cL\u00f5peta tellimine\u201d<\/b>. Seej\u00e4rel k\u00fcsib programm kinnitust ja saadab e-mailile teate, et on tehtud p\u00e4ring paketi l\u00f5petamiseks. Kui soovid vahetada oma praeguse paketi tasuta paketi vastu, siis vajuta kirjas olevale nupule.<\/span><\/p>\n<p>&nbsp;<\/p>\n<h3>KKK<\/h3>\n<p>&nbsp;<\/p>\n<h5><b>Soovin paketti keset kuud vahetada, kas saan seda teha ja kuidas muutub hind?<\/b><\/h5>\n<p><span style=\"font-weight: 400;\">Paketti on v\u00f5imalik vahetada t\u00e4pselt siis, kui selleks tekib soov. Kui vahetad keset kuud paketi suuremaks, siis esitatakse antud kuu arve suure paketi hinna eest. Kui vahetad paketi keset kuud v\u00e4iksemaks, siis saad sellel kuul arve veel vana paketi eest (sest kasutasite vanema paketi funktsioone ja v\u00f5imalusi), uuest kuust rakendub aga v\u00e4iksema paketi hind.<\/span><\/p>\n<h5><strong>Mis juhtub siis, kui valin paketi enne tasuta perioodi l\u00f5ppu?<\/strong><\/h5>\n<p><span style=\"font-weight: 400;\">Kontol aktiveeritakse valitud pakett ja selle funktsioonid. Arve t\u00e4htajale lisanduvad prooviperioodi l\u00f5puni j\u00e4\u00e4nud p\u00e4evad. Muidugi v\u00f5ib paketti keset kuud veel muuta (vaata eelmise k\u00fcsimuse vastust).<\/span><\/p>\n<h5><b>Mis juhtub kui paketi limiite \u00fcletada?<\/b><\/h5>\n<p><span style=\"font-weight: 400;\">Kui \u00fcletad ettem\u00e4\u00e4ratud paketi limiite, siis esmalt saate sellekohase teavituse. Kuu limiidi \u00fcletamise puhul ei saa vastavat toimingut enam sooritada (n\u00e4iteks ei saa lisada uut kasutajat, kui on lisatud liiga palju kasutajaid v\u00f5i ei saa teha uut arvet, kui on tehtud rohkem arveid, kui limiit v\u00f5imaldab). Selleks, et t\u00f6\u00f6d j\u00e4tkata, tuleb pakett muuta suuremaks, sest olemasoleva paketi limiite \u00fcletati ning seega ei rahulda v\u00e4iksem pakett kliendi soove. Kui klient ei soovi paketti vahetada, siis on antud toiming lukustatud kuni uue kuu alguseni.<\/span><\/p>\n<h5><b>Vajutasin kogemata nupule \u201cL\u00f5peta tellimine\u201d, tegelikult ei tahtnud ma paketi kasutamist l\u00f5petada, kuidas toimin?<\/b><\/h5>\n<p><span style=\"font-weight: 400;\">ERPLY Books on klientide jaoks turvaline. Kui vajutate nupule <b>\u201cL\u00f5peta tellimine\u201d<\/b> saate kinnitus-nuppu vajutades e-maili peale teavituse, kus saate l\u00f5plikult kinnitada paketi tellimise l\u00f5petamist. Kinnitus e-maili saavad k\u00f5ik antud organisatsiooni administraatorid. Seega paketti saab l\u00f5petada ainult Sinu e-mailile juurdep\u00e4\u00e4su omav isik, Sinu konto administraator. Lihtsalt kogemata nupule vajutades ei l\u00f5ppe paketi kasutamine.<\/span><\/p>\n","protected":false},"excerpt":{"rendered":"<p>Hinnakirja seadistused &nbsp; Hinnakirja seadistused leiad ERPLY Books&#8217;i kontole sisselogides ja minnes\u00a0\u201cS\u00e4tted\u201d &gt; \u201cHinnakiri\u201d. Klientidel on v\u00f5imalik valida enda ettev\u00f5tte vajadustele sobivaim pakett ja pakkumine. Muutused rakenduvad koheselt, kui oled teinud soovitud valiku ning selle aktiveerinud. V\u00f5imalik on valida ka tasuta pakett, mis sisaldab endas peamiseid raamatupidamise funktsioone. Erinevad funktsionaalsused pole piiratud hinnapaketiga &#8211; soovi [&hellip;]<\/p>\n","protected":false},"author":3,"featured_media":0,"parent":3312,"menu_order":0,"comment_status":"closed","ping_status":"closed","template":"","meta":{"_et_pb_use_builder":"","_et_pb_old_content":"","_et_gb_content_width":"","footnotes":""},"categories":[450],"tags":[493,466,467],"class_list":["post-6646","page","type-page","status-publish","hentry","category-seadistused","tag-hinnad","tag-hinnakiri","tag-satted"],"_links":{"self":[{"href":"https:\/\/www.erplybooks.com\/et\/wp-json\/wp\/v2\/pages\/6646","targetHints":{"allow":["GET"]}}],"collection":[{"href":"https:\/\/www.erplybooks.com\/et\/wp-json\/wp\/v2\/pages"}],"about":[{"href":"https:\/\/www.erplybooks.com\/et\/wp-json\/wp\/v2\/types\/page"}],"author":[{"embeddable":true,"href":"https:\/\/www.erplybooks.com\/et\/wp-json\/wp\/v2\/users\/3"}],"replies":[{"embeddable":true,"href":"https:\/\/www.erplybooks.com\/et\/wp-json\/wp\/v2\/comments?post=6646"}],"version-history":[{"count":0,"href":"https:\/\/www.erplybooks.com\/et\/wp-json\/wp\/v2\/pages\/6646\/revisions"}],"up":[{"embeddable":true,"href":"https:\/\/www.erplybooks.com\/et\/wp-json\/wp\/v2\/pages\/3312"}],"wp:attachment":[{"href":"https:\/\/www.erplybooks.com\/et\/wp-json\/wp\/v2\/media?parent=6646"}],"wp:term":[{"taxonomy":"category","embeddable":true,"href":"https:\/\/www.erplybooks.com\/et\/wp-json\/wp\/v2\/categories?post=6646"},{"taxonomy":"post_tag","embeddable":true,"href":"https:\/\/www.erplybooks.com\/et\/wp-json\/wp\/v2\/tags?post=6646"}],"curies":[{"name":"wp","href":"https:\/\/api.w.org\/{rel}","templated":true}]}}