{"id":604,"date":"2012-07-09T13:28:34","date_gmt":"2012-07-09T13:28:34","guid":{"rendered":"http:\/\/ajaveeb.margn.com\/?p=604"},"modified":"2023-06-27T08:10:46","modified_gmt":"2023-06-27T08:10:46","slug":"raha-liikumise-kirjeldamine-margns","status":"publish","type":"page","link":"https:\/\/www.erplybooks.com\/et\/raha-liikumise-kirjeldamine-margns\/","title":{"rendered":"Raha liikumise kirjeldamine Margn&#8217;s"},"content":{"rendered":"<p><strong>Iga ettev\u00f5tja tahab aru saada, millised on ettev\u00f5tte rahavood olnud mingil perioodil, mis neid m\u00f5jutab ning kuidas olukorda s\u00e4ilitada \/ parandada. Lisaks v\u00f5ib \u00f6elda, et suure t\u00f5en\u00e4osusega k\u00e4ib raamatupidamine ajaga kaasas, kui pangakonto kontosaldo majandustarkvaras klapib firma pangakontol oleva summaga. K\u00e4esolevas postituses kirjeldame, mida tuleks teha, et Margn&#8217;ga raha liikumist j\u00e4lgida.\u00a0<\/strong><\/p>\n<p>Margn&#8217;s on pangakonto seotud s\u00fcsteemikontoga. S\u00fcsteemikontode moodulist saab ka valitud kontot muuta. Margn on jaotanud raha kaheks: pangakonto ja kassa. Kui ettev\u00f5ttes on mitu sularaha ja pangakonto halduskohta, peab need eraldi kontodel kajastama, kui on soov n\u00e4ha nende saldosid eraldi. Vaikimisi valib Margn alati rahakontoks pangakonto s\u00fcsteemikonto.<\/p>\n<p>Margn&#8217;s on hetkel arvestatud, et raha v\u00f5ib liikuda nelja erinevat moodi:<\/p>\n<ol>\n<li>arvete laekumine,<\/li>\n<li>arvete maksmine,<\/li>\n<li>muu raha sissetulek,<\/li>\n<li>muud kulud.<\/li>\n<\/ol>\n<p>Arvetega seotud laekumisi ja maksmisi saab hallata laekumata ja maksmata arvete moodulis.<\/p>\n<p>Muu raha sissetuleku alla liigituvad n\u00e4iteks omanike sissemaksed, saadud laenud, intressid jms tulud, laenud v\u00f5i omakapitali suurendavad kirjed. Muude kulude alla kuuluvad n\u00e4iteks pangakulud, intressimaksed, erinevate maksude kulud jms kulud, mis ei kajastu mingi arve peal. Lisaks v\u00f5ib muude kulude all kajastada v\u00e4ljaminekuid, mis pole ostuarvetega seotud.<\/p>\n<p>Kui k\u00f5ik rahaga seotud liikumised kirjeldatakse nimetatud moodulites, oskab Margn n\u00e4ha selles raha liikumist ning fikseerida kanded vastavates raportites. Kui nendest moodulitest aga ei piisa (kandes on rohkem kui kolm kontot), siis tuleb kande t\u00fc\u00fcbiks m\u00e4\u00e4rata &#8220;Laekumised, va arved&#8221; v\u00f5i &#8220;Maksmised, va arved&#8221;. K\u00fcll aga j\u00e4\u00e4b Margn seal h\u00e4tta sellega, milline konto valida rahakontoks? Ehk millisel real on rahakonto? Seet\u00f5ttu on soovitatav k\u00f5igepealt teha \u00f5iges summas kanne eelkirjeldatud muu raha sissetuleku v\u00f5i muude kulude moodulis ning seda seej\u00e4rel kannete moodulis redigeerida.<\/p>\n<p>Kui k\u00e4ituda nagu siin kirjeldatud, jooksevad k\u00f5ik rahaga seotud kanded \u00fchte kohta.<\/p>\n","protected":false},"excerpt":{"rendered":"<p>Iga ettev\u00f5tja tahab aru saada, millised on ettev\u00f5tte rahavood olnud mingil perioodil, mis neid m\u00f5jutab ning kuidas olukorda s\u00e4ilitada \/ parandada. Lisaks v\u00f5ib \u00f6elda, et suure t\u00f5en\u00e4osusega k\u00e4ib raamatupidamine ajaga kaasas, kui pangakonto kontosaldo majandustarkvaras klapib firma pangakontol oleva summaga. K\u00e4esolevas postituses kirjeldame, mida tuleks teha, et Margn&#8217;ga raha liikumist j\u00e4lgida.\u00a0 Margn&#8217;s on pangakonto seotud [&hellip;]<\/p>\n","protected":false},"author":3,"featured_media":0,"parent":0,"menu_order":0,"comment_status":"closed","ping_status":"closed","template":"","meta":{"_et_pb_use_builder":"","_et_pb_old_content":"","_et_gb_content_width":"","footnotes":""},"categories":[15],"tags":[111,125,151,177,181],"class_list":["post-604","page","type-page","status-publish","hentry","category-raamatupidamine","tag-kulud","tag-maksed","tag-pangakonto","tag-rahavood","tag-reskontro"],"_links":{"self":[{"href":"https:\/\/www.erplybooks.com\/et\/wp-json\/wp\/v2\/pages\/604","targetHints":{"allow":["GET"]}}],"collection":[{"href":"https:\/\/www.erplybooks.com\/et\/wp-json\/wp\/v2\/pages"}],"about":[{"href":"https:\/\/www.erplybooks.com\/et\/wp-json\/wp\/v2\/types\/page"}],"author":[{"embeddable":true,"href":"https:\/\/www.erplybooks.com\/et\/wp-json\/wp\/v2\/users\/3"}],"replies":[{"embeddable":true,"href":"https:\/\/www.erplybooks.com\/et\/wp-json\/wp\/v2\/comments?post=604"}],"version-history":[{"count":0,"href":"https:\/\/www.erplybooks.com\/et\/wp-json\/wp\/v2\/pages\/604\/revisions"}],"wp:attachment":[{"href":"https:\/\/www.erplybooks.com\/et\/wp-json\/wp\/v2\/media?parent=604"}],"wp:term":[{"taxonomy":"category","embeddable":true,"href":"https:\/\/www.erplybooks.com\/et\/wp-json\/wp\/v2\/categories?post=604"},{"taxonomy":"post_tag","embeddable":true,"href":"https:\/\/www.erplybooks.com\/et\/wp-json\/wp\/v2\/tags?post=604"}],"curies":[{"name":"wp","href":"https:\/\/api.w.org\/{rel}","templated":true}]}}