{"id":5653,"date":"2017-10-19T07:08:27","date_gmt":"2017-10-19T07:08:27","guid":{"rendered":"http:\/\/www.erplybooks.com\/?page_id=5653\/"},"modified":"2024-01-04T10:55:13","modified_gmt":"2024-01-04T10:55:13","slug":"swedbank-eesti","status":"publish","type":"page","link":"https:\/\/www.erplybooks.com\/et\/swedbank-eesti\/","title":{"rendered":"Swedbank integratsioon"},"content":{"rendered":"<h2><strong>Swedbank Gateway<\/strong><\/h2>\n<p>Koost\u00f6\u00f6s partneritega, muudab Swedbank Sinu raamatupidamise automaatsemaks ja lihtsamaks. N\u00fc\u00fcdsest on v\u00f5imalus saata maksed kiirelt raamatupidamiss\u00fcsteemi, mis omakorda t\u00e4hendab palkade kiiremat v\u00e4ljamaksmist, sujuvamat suhtlust hankijatega ning dokumentide t\u00e4htaegadest kinnipidamist.<\/p>\n<p><strong>Swedbank Gateway &#8211; \u00fchendus ERPLY Books&#8217;i ja panga vahel<\/strong><\/p>\n<p>Alates 2023.aasta oktoobrist on \u00fchendus raamatupidamistarkvara ja panga vahel uuenenud. Uuema \u00fchenduse kasutamiseks, nii uutel kui ka juba Swedbank&#8217;i \u00fchendust kasutavatel klientidel, tuleb s\u00f5lmida Swedbank Gateway leping (juhend allpool).<\/p>\n<p>L\u00e4bi Swedbanki panganduse on v\u00f5imalus kasutada raamatupidamistarkvara, mis on integreeritud Swedbanki internetipangaga. Lisaks on v\u00f5imalus kasutada ERPLY Booksi raamatupidamispartnereid, et saada s\u00fcsteemi kasutamiskogemusest maksimumi.<\/p>\n<p>Swedbanki raamatupidamist opereerib ERPLY Books&#8217;i raamatupidamistarkvara, mist\u00f5ttu k\u00f5ik pangatehingud s\u00fcnkroniseeritakse automaatlselt Swedbankist ERPLY Books&#8217;i. Omakorda on v\u00f5imalik ainult \u00fche nupuvajutusega saata maksed tagasi panka.<\/p>\n<p>See t\u00e4hendab, et\u00a0Sinu igap\u00e4evane pangandus ja arveldamine liigub uuele tasemele ja on kiire ning mis k\u00f5ige t\u00e4htsam &#8211; lihtne.<\/p>\n<p><strong>Kasutad ERPLY Booksi? Vaata, kuidas saab Swedbank Gateway kasutamine Sinu jaoks lisav\u00e4\u00e4rtust luua:<\/strong><\/p>\n<ul>\n<li style=\"list-style-type: none;\">\n<ul>\n<li>Automaatsed pangalaekumised ja -maksed\n<ul>\n<li>Kasutades kiirteavituste funktsiooni tuleb iga laekumine ERPLY Books&#8217;i m\u00f5ne minutiga ja 90% \u00fchendatakse arvete ja raamatupidamiskontodega.<\/li>\n<li><span style=\"font-weight: 400;\">Loobudes teenusest \u201eKiirteavitus\u201c, s\u00fcnkroniseeritakse maksed \u00f6\u00f6sel.<\/span><\/li>\n<\/ul>\n<\/li>\n<\/ul>\n<\/li>\n<\/ul>\n<ul>\n<li style=\"list-style-type: none;\"><\/li>\n<\/ul>\n<ul>\n<li style=\"list-style-type: none;\">\n<ul>\n<li>V\u00f5imalus kasutada funktsioone, milleks eelnevalt puudus v\u00f5imalus &#8211; n\u00e4iteks automaatsed maksemeenutused, sest kogu m\u00fc\u00fcgireskontra on automatiseeritud.<\/li>\n<li>Hulgi-, jaem\u00fc\u00fcgipoed ja ettev\u00f5tted, kes tegelevad e-kaubandusega &#8211; kaupa saab pakkima hakata n\u00fc\u00fcdsest paar minutit p\u00e4rast panga\u00fclekande tegemist.<\/li>\n<li>Seadistage reeglid, mille abil saab raamatupidamistoiminguid automatiseerida kuni 100% &#8211; keskenduge \u00e4rile, mitte raamatupidamisele.<\/li>\n<\/ul>\n<\/li>\n<\/ul>\n<p><strong>Hinnakiri<\/strong><\/p>\n<ul>\n<li><span style=\"font-weight: 400;\">kui soovite saada kohest teavitust laekumise kohta \/ kiirteavitusi (kui klient teostab makse, on sellekohane kanne Booksis m\u00f5ne minuti jooksul), on <\/span><b>kuutasu 10 eurot<\/b><span style=\"font-weight: 400;\">;<\/span><\/li>\n<li>eelkirjeldatud teenus on Swedbankiga s\u00f5lmitavas lepingus vaikimisi m\u00e4rgitud kui &#8220;Kiirteavitus&#8221;. Kui te seda teenust ei vaja, siis eemaldage m\u00e4rge. Kui loobute teenusest \u201eKiirteavitus\u201c, <strong>on kuutasu 0 eurot<\/strong>.<\/li>\n<\/ul>\n<p>&nbsp;<\/p>\n<h2><strong>Swedbank Gateway integreerimine<\/strong><\/h2>\n<p>&nbsp;<\/p>\n<p><strong>Kuidas Swedbank integratsioon t\u00e4psemalt toimib?<\/strong><\/p>\n<ul>\n<li style=\"list-style-type: none;\">\n<ul>\n<li style=\"font-weight: 400;\"><span style=\"font-weight: 400;\">Pangatehingud s\u00fcnkroniseeritakse ERPLY Booksi. Kui tarkvara suudab siduda makse arvega v\u00f5i pangakontoga, siis makse salvestatakse ja luuakse kanne.<\/span><\/li>\n<\/ul>\n<\/li>\n<\/ul>\n<ul>\n<li style=\"list-style-type: none;\">\n<ul>\n<li style=\"font-weight: 400;\"><span style=\"font-weight: 400;\">Ilma kasutaja-spetsiifiliste reegliteta suudab ERPLY Books \u00fchendada makseid arvetega kuni 90% tehtud tehingutest.<\/span><\/li>\n<\/ul>\n<\/li>\n<\/ul>\n<ul>\n<li style=\"list-style-type: none;\">\n<ul>\n<li style=\"font-weight: 400;\"><span style=\"font-weight: 400;\">V\u00f5imalus on lisada spetsiifilisi reegleid, mis automatiseerivad arvete ja maksete \u00fchendamist kuni 100%.<\/span><\/li>\n<\/ul>\n<\/li>\n<\/ul>\n<ul>\n<li style=\"list-style-type: none;\">\n<ul>\n<li style=\"font-weight: 400;\"><span style=\"font-weight: 400;\">Kui soovid saata makseid panka, vajuta lihtsalt \u201cSaada panka\u201d. Sa ei pea \u00fcles ega alla laadima eraldi faile. NB! ERPLY Books aitab saata maksed panka, keegi Swedbankist peab makse kinnitama. <\/span><\/li>\n<\/ul>\n<\/li>\n<li>Kasutades ostuarvete postkastis arvete kinnitamist, on v\u00f5imalus koostada arveid ERPLY Books&#8217;is automaatselt. Lisaks saab kasutada e-maili kaudu arvete kinnitamist, et saata arved otse panka.<\/li>\n<\/ul>\n<p><strong>Integreerimine<\/strong><\/p>\n<p><span style=\"font-weight: 400;\">ERPLY Books &#8211; Swedbank integratsiooni loomiseks tuleb minna Swedbanki ja valige igap\u00e4evapanganduse alt Swedbank Gateway.<\/span><\/p>\n<p><img loading=\"lazy\" decoding=\"async\" class=\"alignnone size-full wp-image-33947\" src=\"https:\/\/www.erplybooks.com\/wp-content\/uploads\/2023\/10\/Screenshot-2023-10-24-at-12.51.07-PM.png\" alt=\"\" width=\"1462\" height=\"1046\" srcset=\"https:\/\/www.erplybooks.com\/wp-content\/uploads\/2023\/10\/Screenshot-2023-10-24-at-12.51.07-PM.png 1462w, https:\/\/www.erplybooks.com\/wp-content\/uploads\/2023\/10\/Screenshot-2023-10-24-at-12.51.07-PM-1280x916.png 1280w, https:\/\/www.erplybooks.com\/wp-content\/uploads\/2023\/10\/Screenshot-2023-10-24-at-12.51.07-PM-980x701.png 980w, https:\/\/www.erplybooks.com\/wp-content\/uploads\/2023\/10\/Screenshot-2023-10-24-at-12.51.07-PM-480x343.png 480w\" sizes=\"auto, (min-width: 0px) and (max-width: 480px) 480px, (min-width: 481px) and (max-width: 980px) 980px, (min-width: 981px) and (max-width: 1280px) 1280px, (min-width: 1281px) 1462px, 100vw\" \/><\/p>\n<p><span style=\"font-weight: 400;\">Valige \u201cS\u00f5lmin lepingu\u201d: <\/span><\/p>\n<p><img loading=\"lazy\" decoding=\"async\" class=\"alignnone size-full wp-image-33953\" src=\"https:\/\/www.erplybooks.com\/wp-content\/uploads\/2023\/10\/Screenshot-2023-10-24-at-1.00.07-PM.png\" alt=\"\" width=\"1260\" height=\"630\" srcset=\"https:\/\/www.erplybooks.com\/wp-content\/uploads\/2023\/10\/Screenshot-2023-10-24-at-1.00.07-PM.png 1260w, https:\/\/www.erplybooks.com\/wp-content\/uploads\/2023\/10\/Screenshot-2023-10-24-at-1.00.07-PM-980x490.png 980w, https:\/\/www.erplybooks.com\/wp-content\/uploads\/2023\/10\/Screenshot-2023-10-24-at-1.00.07-PM-480x240.png 480w\" sizes=\"auto, (min-width: 0px) and (max-width: 480px) 480px, (min-width: 481px) and (max-width: 980px) 980px, (min-width: 981px) 1260px, 100vw\" \/><\/p>\n<p><span style=\"font-weight: 400;\">Lepingu \u00fcldistes tingimustes valige operaatoriks <\/span><b>ERPLY<\/b><span style=\"font-weight: 400;\">.\u00a0<\/span><\/p>\n<p><span style=\"font-weight: 400;\">Seej\u00e4rel m\u00e4\u00e4rake seadistuste eelistused mida soovite:\u00a0<\/span><\/p>\n<p><b>NB: Kiirteavituste funktsioon maksab 10 EUR kuus! Kui te seda ei soovi, on kuutasu Swedbank Gateway kasutamise eest 0 EUR.<\/b><\/p>\n<p><span style=\"font-weight: 400;\">Kindlasti valige regulaarne konto v\u00e4ljav\u00f5te &#8211; ilma selleta ei tule iga \u00f6\u00f6 eelmise p\u00e4eva v\u00e4ljav\u00f5tet.<\/span><\/p>\n<p><img loading=\"lazy\" decoding=\"async\" class=\"alignnone size-full wp-image-33959\" src=\"https:\/\/www.erplybooks.com\/wp-content\/uploads\/2023\/10\/Screenshot-2023-10-24-at-1.04.11-PM.png\" alt=\"\" width=\"1246\" height=\"658\" srcset=\"https:\/\/www.erplybooks.com\/wp-content\/uploads\/2023\/10\/Screenshot-2023-10-24-at-1.04.11-PM.png 1246w, https:\/\/www.erplybooks.com\/wp-content\/uploads\/2023\/10\/Screenshot-2023-10-24-at-1.04.11-PM-980x518.png 980w, https:\/\/www.erplybooks.com\/wp-content\/uploads\/2023\/10\/Screenshot-2023-10-24-at-1.04.11-PM-480x253.png 480w\" sizes=\"auto, (min-width: 0px) and (max-width: 480px) 480px, (min-width: 481px) and (max-width: 980px) 980px, (min-width: 981px) 1246px, 100vw\" \/><\/p>\n<p>Seej\u00e4rel suunab internetipank Teid lepingut s\u00f5lmima, Lepingut saate s\u00f5lmida kasutades Smart-ID, Biomeetriat\/PIN-koodi, Mobiili-ID, ID-kaarti v\u00f5i PIN-kalkulaatorit.<\/p>\n<p><img loading=\"lazy\" decoding=\"async\" class=\"alignnone size-full wp-image-33965\" src=\"https:\/\/www.erplybooks.com\/wp-content\/uploads\/2023\/10\/Screenshot-2023-10-24-at-1.09.25-PM.png\" alt=\"\" width=\"1242\" height=\"780\" srcset=\"https:\/\/www.erplybooks.com\/wp-content\/uploads\/2023\/10\/Screenshot-2023-10-24-at-1.09.25-PM.png 1242w, https:\/\/www.erplybooks.com\/wp-content\/uploads\/2023\/10\/Screenshot-2023-10-24-at-1.09.25-PM-980x615.png 980w, https:\/\/www.erplybooks.com\/wp-content\/uploads\/2023\/10\/Screenshot-2023-10-24-at-1.09.25-PM-480x301.png 480w\" sizes=\"auto, (min-width: 0px) and (max-width: 480px) 480px, (min-width: 481px) and (max-width: 980px) 980px, (min-width: 981px) 1242px, 100vw\" \/><\/p>\n<p><span style=\"font-weight: 400;\">P\u00e4rast lepingu s\u00f5lmimist kuvatakse internetipangas Teile lepingu ID ehk lepingu number. Kopeerige see v\u00e4\u00e4rtus ja ERPLY Booksis minge s\u00e4tted -&gt; integratsioonid ning valige Swedbank juurest \u201chalda\u201d. Hiljem n\u00e4eb lepingu ID-d kui l\u00e4hete uuesti Swedbank Gateway lehele &#8211; sealt leiate olemasolevat s\u00f5lmitud lepingud.\u00a0<\/span><\/p>\n<p><img loading=\"lazy\" decoding=\"async\" class=\"alignnone size-full wp-image-33989\" src=\"https:\/\/www.erplybooks.com\/wp-content\/uploads\/2023\/10\/Kuvatommis-2023-10-24-104441-1.png\" alt=\"\" width=\"1377\" height=\"412\" srcset=\"https:\/\/www.erplybooks.com\/wp-content\/uploads\/2023\/10\/Kuvatommis-2023-10-24-104441-1.png 1377w, https:\/\/www.erplybooks.com\/wp-content\/uploads\/2023\/10\/Kuvatommis-2023-10-24-104441-1-1280x383.png 1280w, https:\/\/www.erplybooks.com\/wp-content\/uploads\/2023\/10\/Kuvatommis-2023-10-24-104441-1-980x293.png 980w, https:\/\/www.erplybooks.com\/wp-content\/uploads\/2023\/10\/Kuvatommis-2023-10-24-104441-1-480x144.png 480w\" sizes=\"auto, (min-width: 0px) and (max-width: 480px) 480px, (min-width: 481px) and (max-width: 980px) 980px, (min-width: 981px) and (max-width: 1280px) 1280px, (min-width: 1281px) 1377px, 100vw\" \/><\/p>\n<p>&nbsp;<\/p>\n<h2>NB: p\u00e4rast Swedbankis lepingu s\u00f5lmimist oota palun kaks minutit enne kui Booksis \u00fchenduse lood.<\/h2>\n<p><img loading=\"lazy\" decoding=\"async\" class=\"alignnone size-full wp-image-33977\" src=\"https:\/\/www.erplybooks.com\/wp-content\/uploads\/2023\/10\/Screenshot-2023-10-24-at-1.18.20-PM.png\" alt=\"\" width=\"1146\" height=\"416\" srcset=\"https:\/\/www.erplybooks.com\/wp-content\/uploads\/2023\/10\/Screenshot-2023-10-24-at-1.18.20-PM.png 1146w, https:\/\/www.erplybooks.com\/wp-content\/uploads\/2023\/10\/Screenshot-2023-10-24-at-1.18.20-PM-980x356.png 980w, https:\/\/www.erplybooks.com\/wp-content\/uploads\/2023\/10\/Screenshot-2023-10-24-at-1.18.20-PM-480x174.png 480w\" sizes=\"auto, (min-width: 0px) and (max-width: 480px) 480px, (min-width: 481px) and (max-width: 980px) 980px, (min-width: 981px) 1146px, 100vw\" \/><\/p>\n<p><span style=\"font-weight: 400;\">Avanevasse aknasse lisage lepingu ID (lepingunumber) ja ongi \u00fchendus loodud: <\/span><\/p>\n<p><img loading=\"lazy\" decoding=\"async\" class=\"alignnone size-full wp-image-33995\" src=\"https:\/\/www.erplybooks.com\/wp-content\/uploads\/2023\/10\/Screenshot-2023-10-24-at-1.19.39-PM-1.png\" alt=\"\" width=\"720\" height=\"278\" srcset=\"https:\/\/www.erplybooks.com\/wp-content\/uploads\/2023\/10\/Screenshot-2023-10-24-at-1.19.39-PM-1.png 720w, https:\/\/www.erplybooks.com\/wp-content\/uploads\/2023\/10\/Screenshot-2023-10-24-at-1.19.39-PM-1-480x185.png 480w\" sizes=\"auto, (min-width: 0px) and (max-width: 480px) 480px, (min-width: 481px) 720px, 100vw\" \/><\/p>\n<p><span style=\"font-weight: 400;\">Kui tarkvara annab veateate, siis on v\u00f5imalus, et teil on vale registrikood. Seejuures, kui olete varasemalt Booksi kasutanud ja teil on vale registrikood firma andmete all, siis seda saate muuta ainult l\u00e4bi kasutajatoe <\/span><a href=\"mailto:support@erplybooks.com\"><span style=\"font-weight: 400;\">support@erplybooks.com<\/span><\/a><span style=\"font-weight: 400;\">.\u00a0<\/span><\/p>\n<p>&nbsp;<\/p>\n<p><span style=\"font-weight: 400;\">N\u00fc\u00fcd kui uus \u00fchendus loodud, siis s\u00fcsteem automaatselt sulgeb vana \u00fchenduse kui see on aktiveeritud.<\/span><\/p>\n<p><strong>KKK<\/strong><\/p>\n<p><b>1. Mis info tuleb \u00fcle Swedbankist ERPLY Booksi?<\/b><\/p>\n<p><span style=\"font-weight: 400;\">Swedbankist s\u00fcnkroniseeritakse ERPLY Booksi pangav\u00e4ljav\u00f5tte info &#8211; st laekumised ja maksmised. <\/span><\/p>\n<p><b>2. Mis info liigub ERPLY Booksist Swedbanki?<\/b><\/p>\n<p><span style=\"font-weight: 400;\">Booksist on v\u00f5imalik saata v\u00e4ljamaksete infot Swedbanki. See v\u00f5ib olla nii ostuarvete, palkade kui ka muude maksete sooritamine. See t\u00e4hendab, et kui on ostuarved, mis vajavad tasumist, siis nende makseinfo saadetakse panka ja seal on v\u00f5imalik need kinnitada. ERPLY Books makseid ei soorita, ta saadab vaid ettevalmistatud maksed panka. <\/span><\/p>\n<p><b>3. Kui kiiresti info ERPLY Booksi ja Swedbanki vahel liigub?<\/b><\/p>\n<p><span style=\"font-weight: 400;\">Automaatsed pangalaekumised ja -maksed liiguvad ERPLY Booksi ja Swedbanki vahel minutitega kui oled valinud kiirteavituste seadistuse\/funktsiooni (kuutasu 10 EUR). St kui klient maksab Sulle ja raha j\u00f5uab Sinu Swedbanki kontole, peaks laekumise info j\u00f5udma Booksi paari minuti jooksul. E<\/span>elkirjeldatud teenus on Swedbankiga s\u00f5lmitavas lepingus vaikimisi m\u00e4rgitud kui &#8220;Kiirteavitus&#8221;. Kui te seda teenust ei vaja, siis eemaldage m\u00e4rge, sellisel juhul kuutasu 0 EUR.<\/p>\n<p><b>4. Kuidas makseid panka saata? Kas selleks peab logima ERPLY Books&#8217;i v\u00f5i saab seda teha l\u00e4bi Swedbank\u2019i?<\/b><\/p>\n<p>P\u00e4rast \u00fchenduse aktiveerimist muutub &#8220;Koosta maksefail&#8221; nupp &#8220;Saada makse(d) panka&#8221;. Kui soovite siiski faili koostada, siis saate valida maksefaili moodulis vasakul \u00fclal t\u00fc\u00fcbiks SEPA. Kui ei soovi panka saatmise v\u00f5imalust \u00fcldse, siis minge pealehele, otsige sealt &#8220;globaalsed atribuudid&#8221; ja eemaldage rida, kus nimi v\u00f5rdub GLOBAL_PAYMENTS_DIRECTLY_TO_BANK<\/p>\n<p><img loading=\"lazy\" decoding=\"async\" class=\"alignnone wp-image-5690\" src=\"https:\/\/www.erplybooks.com\/wp-content\/uploads\/2017\/10\/N\u00c4IDEO\u00dc-300x130.png\" alt=\"\" width=\"731\" height=\"317\" srcset=\"https:\/\/www.erplybooks.com\/wp-content\/uploads\/2017\/10\/N\u00c4IDEO\u00dc-300x130.png 300w, https:\/\/www.erplybooks.com\/wp-content\/uploads\/2017\/10\/N\u00c4IDEO\u00dc-768x334.png 768w, https:\/\/www.erplybooks.com\/wp-content\/uploads\/2017\/10\/N\u00c4IDEO\u00dc-1024x445.png 1024w, https:\/\/www.erplybooks.com\/wp-content\/uploads\/2017\/10\/N\u00c4IDEO\u00dc.png 1413w\" sizes=\"auto, (max-width: 731px) 100vw, 731px\" \/><\/p>\n<p><span style=\"font-weight: 400;\">Avatakse pangaekspordi moodul, kus saad vajadusel hankija pangainfot muuta ja samal ajal ka makseid juurde lisada. Sama moodul avatakse kui teed palgaarvestust ja vajutad \u201cKoosta maksefail\u201d p\u00e4rast salvestamist. <\/span><\/p>\n<p><img loading=\"lazy\" decoding=\"async\" class=\"alignnone wp-image-5691\" src=\"https:\/\/www.erplybooks.com\/wp-content\/uploads\/2017\/10\/n\u00e4ide2-300x146.png\" alt=\"\" width=\"738\" height=\"359\" srcset=\"https:\/\/www.erplybooks.com\/wp-content\/uploads\/2017\/10\/n\u00e4ide2-300x146.png 300w, https:\/\/www.erplybooks.com\/wp-content\/uploads\/2017\/10\/n\u00e4ide2-768x373.png 768w, https:\/\/www.erplybooks.com\/wp-content\/uploads\/2017\/10\/n\u00e4ide2-1024x498.png 1024w, https:\/\/www.erplybooks.com\/wp-content\/uploads\/2017\/10\/n\u00e4ide2.png 1420w\" sizes=\"auto, (max-width: 738px) 100vw, 738px\" \/><\/p>\n<p><span style=\"font-weight: 400;\">Peale makse panka saatmist saad teavituse m\u00f5ne hetke p\u00e4rast:<\/span><\/p>\n<p><img loading=\"lazy\" decoding=\"async\" class=\"alignnone wp-image-5692\" src=\"https:\/\/www.erplybooks.com\/wp-content\/uploads\/2017\/10\/N\u00c4IDE3-300x104.png\" alt=\"\" width=\"724\" height=\"251\" srcset=\"https:\/\/www.erplybooks.com\/wp-content\/uploads\/2017\/10\/N\u00c4IDE3-300x104.png 300w, https:\/\/www.erplybooks.com\/wp-content\/uploads\/2017\/10\/N\u00c4IDE3.png 547w\" sizes=\"auto, (max-width: 724px) 100vw, 724px\" \/><\/p>\n<p><b>5. Kuidas teiste pankade faile \u00fcles laadida?<\/b><\/p>\n<p><span style=\"font-weight: 400;\">Mine pangaimpordi moodulisse ja vajuta nupule \u201cVali fail\u201d, seej\u00e4rel avaneb aken, kust saad valida soovitud panga ja faili \u00fcles laadida.<\/span><\/p>\n<p style=\"text-align: center;\"><strong>Kui Sul on k\u00fcsimusi, siis v\u00f5ta meiega \u00fchendust<\/strong><\/p>\n<p style=\"text-align: center;\"><strong>support@erplybooks.com<\/strong><\/p>\n","protected":false},"excerpt":{"rendered":"<p>Swedbank Gateway Koost\u00f6\u00f6s partneritega, muudab Swedbank Sinu raamatupidamise automaatsemaks ja lihtsamaks. N\u00fc\u00fcdsest on v\u00f5imalus saata maksed kiirelt raamatupidamiss\u00fcsteemi, mis omakorda t\u00e4hendab palkade kiiremat v\u00e4ljamaksmist, sujuvamat suhtlust hankijatega ning dokumentide t\u00e4htaegadest kinnipidamist. Swedbank Gateway &#8211; \u00fchendus ERPLY Books&#8217;i ja panga vahel Alates 2023.aasta oktoobrist on \u00fchendus raamatupidamistarkvara ja panga vahel uuenenud. Uuema \u00fchenduse kasutamiseks, nii uutel [&hellip;]<\/p>\n","protected":false},"author":3,"featured_media":0,"parent":0,"menu_order":0,"comment_status":"closed","ping_status":"closed","template":"","meta":{"_et_pb_use_builder":"","_et_pb_old_content":"","_et_gb_content_width":"","footnotes":""},"categories":[478,459],"tags":[750,790],"class_list":["post-5653","page","type-page","status-publish","hentry","category-integrations","category-integratsioonid","tag-integratsioon-2","tag-swedbank"],"_links":{"self":[{"href":"https:\/\/www.erplybooks.com\/et\/wp-json\/wp\/v2\/pages\/5653","targetHints":{"allow":["GET"]}}],"collection":[{"href":"https:\/\/www.erplybooks.com\/et\/wp-json\/wp\/v2\/pages"}],"about":[{"href":"https:\/\/www.erplybooks.com\/et\/wp-json\/wp\/v2\/types\/page"}],"author":[{"embeddable":true,"href":"https:\/\/www.erplybooks.com\/et\/wp-json\/wp\/v2\/users\/3"}],"replies":[{"embeddable":true,"href":"https:\/\/www.erplybooks.com\/et\/wp-json\/wp\/v2\/comments?post=5653"}],"version-history":[{"count":0,"href":"https:\/\/www.erplybooks.com\/et\/wp-json\/wp\/v2\/pages\/5653\/revisions"}],"wp:attachment":[{"href":"https:\/\/www.erplybooks.com\/et\/wp-json\/wp\/v2\/media?parent=5653"}],"wp:term":[{"taxonomy":"category","embeddable":true,"href":"https:\/\/www.erplybooks.com\/et\/wp-json\/wp\/v2\/categories?post=5653"},{"taxonomy":"post_tag","embeddable":true,"href":"https:\/\/www.erplybooks.com\/et\/wp-json\/wp\/v2\/tags?post=5653"}],"curies":[{"name":"wp","href":"https:\/\/api.w.org\/{rel}","templated":true}]}}