{"id":5456,"date":"2017-08-25T09:49:13","date_gmt":"2017-08-25T09:49:13","guid":{"rendered":"http:\/\/www.erplybooks.com\/?page_id=5456\/"},"modified":"2023-07-05T06:54:49","modified_gmt":"2023-07-05T06:54:49","slug":"kaarditerminali-maksete-kinnitamine-pangas","status":"publish","type":"page","link":"https:\/\/www.erplybooks.com\/et\/juhendid\/kaarditerminali-maksete-kinnitamine-pangas\/","title":{"rendered":"Kaarditerminali maksete kinnitamine"},"content":{"rendered":"<h1>Kaarditerminali maksete kinnitamine<\/h1>\n<p>&nbsp;<\/p>\n<p>Loe k\u00e4esolevast juhendist, kuidas toimib kaarditerminali maksete kinnitamine\u00a0<span style=\"font-weight: 400;\">ERPLY Books&#8217;is.\u00a0<\/span>Kaarditerminali maksete kinnitamise seadistused ja toimingud kehtivad \u00fchtemoodi nii ostu- kui ka m\u00fc\u00fcgitehingutele.<\/p>\n<p>&nbsp;<\/p>\n<h2><b>1. \u00dcldised s\u00e4tted<\/b><\/h2>\n<p><span style=\"font-weight: 400;\">Esmalt m\u00e4\u00e4ra konto, mida pangaimpordis kinnitatakse (konto, mida peab k\u00e4sitsi kinnitama). Selleks mine <strong>\u201cS\u00e4tted\u201d &gt; \u201c\u00dcldised S\u00e4tted\u201d<\/strong> ja k\u00f5ige viimases rubriigis <strong>\u201cKinnita pangaimpordis seda kontot\u201d<\/strong> vali konto, mida kinnitatakse k\u00e4sitsi (N: kaardimakse konto). Seej\u00e4rel salvesta. Uuenda lehek\u00fclge, et seadistus j\u00f5ustuks.<\/span><\/p>\n<p>See seadistus t\u00e4hendab, et maksed ja laekumised, mis on seotud kontoga, mida just \u00fcldistes s\u00e4tetes kinnitasid, tuleb kinnitada k\u00e4sitsi. Neile ei panda vaikimisi kinnitatus staatust (saavad staatuse not reconciled).<\/p>\n<p><span style=\"font-weight: 400;\">NB! Kui pead valima mitu kontot, mida k\u00e4sitsi kinnitada, siis palun v\u00f5ta \u00fchendust meie klienditoega: <\/span><span style=\"font-weight: 400;\"><a href=\"mailto:support@erplybooks.com\">support@erplybooks.com<\/a><\/span>.<\/p>\n<p>&nbsp;<\/p>\n<h2><b>2. Pangaimport<\/b><\/h2>\n<p><span style=\"font-weight: 400;\">Kui laed pangaimporti (<strong>\u201cM\u00fc\u00fck\u201d\/ \u201cOst\u201d &gt; \u201cPangaimport\u201d<\/strong>) \u00fcles faili koos kaardimakseterminali laekumistega, saavad laekumised, millel on \u00fcldistes s\u00e4tetes m\u00e4\u00e4ratud konto staatuse \u201cnot reconciled\u201d. Vajuta laekumise peal paremklikk ning vali <strong>\u201cOtsi ootel makseid\u201d<\/strong>. <\/span><\/p>\n<p><span style=\"font-weight: 400;\">Avanevad maksed. Vali soovitud maksed ning alamen\u00fc\u00fcst vajuta<\/span><span style=\"font-weight: 400;\">\u00a0nupule <strong>\u201cVali\u201d<\/strong>. Seej\u00e4rel k\u00fcsib ERPLY Books, et kuhu paigutada \u00fclej\u00e4\u00e4nud raha (vaikimis m\u00e4\u00e4ratakse see pangakulukontole). Seega summat saab jaotada arvete tasumiseks laiali. <\/span><\/p>\n<p>N\u00e4ide: Sul on n\u00e4iteks viis 20 EUR makset (100 EUR), kuid panka laekub 98 EUR (ehk 2 EUR on teenustasu). Sellisel juhul otsi ootel makseid, vali need k\u00f5ik ning kinnita. S\u00fcsteem k\u00fcsib, kuhu soovid paigutada \u00fclej\u00e4\u00e4nud raha (vaikimisi pangakulukontole). Seej\u00e4rel teeb Books kande 100 EUR kaarditerminali kontole ja -2 EUR valitud kulukontole (see l\u00e4heb kreeditisse ehk kokkuv\u00f5ttes deebet +2 EUR).<\/p>\n<p>See annab v\u00f5imaluse eraldiseisvaid makseid \u00fchendada \u00e4ra koondsummana.<\/p>\n<p>&nbsp;<\/p>\n<h2><b>3. Projektidega sidumine<\/b><\/h2>\n<p><span style=\"font-weight: 400;\">Kaarditerminali maksete projektidega sidumiseks on kaks v\u00f5imalust: k\u00e4stitsi ja automaatselt.<\/span><\/p>\n<p>Kui soovid makseid projektidega k\u00e4sitsi siduda, siis pangaimpordis vajuta makse\/laekumise peale ning vali parempoolselt men\u00fc\u00fcst projekt, millega soovid siduda.<\/p>\n<p>Kui soovid protsessi automatiseerida, siis pead rakendama endale globaalse attribuudi, mille kaudu jagab s\u00fcsteem makseid ja laekumisi projektigruppidesse.<\/p>\n<p><span style=\"font-weight: 400;\">Mine <strong>\u201cS\u00e4tted\u201d &gt; \u201c\u00dcldsed s\u00e4tted\u201d<\/strong> ja tee linnuke sedistuse <strong>\u201c<\/strong><\/span><span style=\"font-weight: 400;\"><strong>\u00dchenda automaatselt projektid kui pangaimpordis kaardimakseid kinnitad\u201d<\/strong> ette.<\/span><\/p>\n<p><img loading=\"lazy\" decoding=\"async\" class=\"alignnone wp-image-23197\" src=\"https:\/\/www.erplybooks.com\/wp-content\/uploads\/2021\/08\/Screenshot-2021-08-11-at-12.41.50.png\" alt=\"Kaarditerminali maksete kinnitamine\" width=\"487\" height=\"306\" \/><\/p>\n<p><span style=\"font-weight: 400;\">Seej\u00e4rel salvesta ja uuenda lehek\u00fclge, et seadistus j\u00f5ustuks. <\/span><\/p>\n<p>&nbsp;<\/p>\n<p><b>N\u00e4ide:<\/b><\/p>\n<p><b>Seadistuse t\u00f6\u00f6p\u00f5him\u00f5te<\/b><\/p>\n<p>Vali 10 makset, neist kolm on seotud projektidega X ja Y, \u00fclej\u00e4\u00e4nud seitse on seotud projektidega X ja Z. S\u00fcsteem teeb kaks jaotust:<\/p>\n<ul>\n<li style=\"font-weight: 400;\"><span style=\"font-weight: 400;\">teeb kande kolme makse summa ulatuses X ja Y projektidesse<\/span><\/li>\n<li style=\"font-weight: 400;\"><span style=\"font-weight: 400;\">teeb kande seitsme makse summa ulatuses \u00a0X ja Z projektidesse<\/span><\/li>\n<\/ul>\n<p><span style=\"font-weight: 400;\">NB! Osakaaludesse jaotamist kasutatakse ka kulu juures. <\/span><\/p>\n<p><span style=\"font-weight: 400;\">N\u00e4iteks, kui kulu on 2 EUR \u00a0siis v\u00f5ivad tekkida sellised read nagu 0.5, 0.3, 1.2 EUR<\/span><\/p>\n<p><span style=\"font-weight: 400;\">ehk s\u00fcsteem jaotab tehingud nendesse projektidesse, kus nad algselt olid.<\/span><\/p>\n<p>Samamoodi saab projektidesse jagada ka klientidelt tulnud kulut\u0161ekke. Pangaimpordis saab \u00fchendada tsekke arvetega ja jagada neid projektigruppide alla.<\/p>\n<p>&nbsp;<\/p>\n<h2><b>4. Kinnituse mahav\u00f5tmine<\/b><\/h2>\n<p><span style=\"font-weight: 400;\">Minnes laekumiste raportisse (<strong>\u201cM\u00fc\u00fck\u201d &gt; \u201cLaekumiste raport\u201d<\/strong>) on v\u00f5imalik korra kinnitatud laekumise kinnitust eemaldada. Leia otsitud laekumine, tee selle ette linnuke. Vajuta <strong>\u201cVeel\u201d &gt; \u201cM\u00e4rgi mittekinnitatuks\u201d<\/strong>. <\/span><\/p>\n<p>&nbsp;<\/p>\n","protected":false},"excerpt":{"rendered":"<p>Kaarditerminali maksete kinnitamine &nbsp; Loe k\u00e4esolevast juhendist, kuidas toimib kaarditerminali maksete kinnitamine\u00a0ERPLY Books&#8217;is.\u00a0Kaarditerminali maksete kinnitamise seadistused ja toimingud kehtivad \u00fchtemoodi nii ostu- kui ka m\u00fc\u00fcgitehingutele. &nbsp; 1. \u00dcldised s\u00e4tted Esmalt m\u00e4\u00e4ra konto, mida pangaimpordis kinnitatakse (konto, mida peab k\u00e4sitsi kinnitama). Selleks mine \u201cS\u00e4tted\u201d &gt; \u201c\u00dcldised S\u00e4tted\u201d ja k\u00f5ige viimases rubriigis \u201cKinnita pangaimpordis seda kontot\u201d vali [&hellip;]<\/p>\n","protected":false},"author":3,"featured_media":0,"parent":3312,"menu_order":0,"comment_status":"closed","ping_status":"closed","template":"","meta":{"_et_pb_use_builder":"","_et_pb_old_content":"","_et_gb_content_width":"","footnotes":""},"categories":[456],"tags":[721,681,722],"class_list":["post-5456","page","type-page","status-publish","hentry","category-pank","tag-kaarditerminal","tag-kinnitamine","tag-makse"],"_links":{"self":[{"href":"https:\/\/www.erplybooks.com\/et\/wp-json\/wp\/v2\/pages\/5456","targetHints":{"allow":["GET"]}}],"collection":[{"href":"https:\/\/www.erplybooks.com\/et\/wp-json\/wp\/v2\/pages"}],"about":[{"href":"https:\/\/www.erplybooks.com\/et\/wp-json\/wp\/v2\/types\/page"}],"author":[{"embeddable":true,"href":"https:\/\/www.erplybooks.com\/et\/wp-json\/wp\/v2\/users\/3"}],"replies":[{"embeddable":true,"href":"https:\/\/www.erplybooks.com\/et\/wp-json\/wp\/v2\/comments?post=5456"}],"version-history":[{"count":0,"href":"https:\/\/www.erplybooks.com\/et\/wp-json\/wp\/v2\/pages\/5456\/revisions"}],"up":[{"embeddable":true,"href":"https:\/\/www.erplybooks.com\/et\/wp-json\/wp\/v2\/pages\/3312"}],"wp:attachment":[{"href":"https:\/\/www.erplybooks.com\/et\/wp-json\/wp\/v2\/media?parent=5456"}],"wp:term":[{"taxonomy":"category","embeddable":true,"href":"https:\/\/www.erplybooks.com\/et\/wp-json\/wp\/v2\/categories?post=5456"},{"taxonomy":"post_tag","embeddable":true,"href":"https:\/\/www.erplybooks.com\/et\/wp-json\/wp\/v2\/tags?post=5456"}],"curies":[{"name":"wp","href":"https:\/\/api.w.org\/{rel}","templated":true}]}}