{"id":5263,"date":"2017-08-03T08:25:42","date_gmt":"2017-08-03T08:25:42","guid":{"rendered":"http:\/\/www.erplybooks.com\/?page_id=5263\/"},"modified":"2023-07-04T12:31:00","modified_gmt":"2023-07-04T12:31:00","slug":"ostu-muugi-artiklid-erply-booksis","status":"publish","type":"page","link":"https:\/\/www.erplybooks.com\/et\/juhendid\/ostu-muugi-artiklid-erply-booksis\/","title":{"rendered":"Ostu-M\u00fc\u00fcgi artiklid ERPLY Booksis"},"content":{"rendered":"<h1>Ostu-m\u00fc\u00fcgi artiklid<\/h1>\n<p>&nbsp;<\/p>\n<p><span style=\"font-weight: 400;\">Artikkel on ERPLY Books&#8217;is tunnus\/parameeter, mis t\u00f6\u00f6tab arvete moodulis. Artiklitega saab siduda tulu, kulu ja p\u00f5hivara kontosid. Lisaks saab m\u00e4\u00e4rata, kas artikkel on seotud ostu- v\u00f5i m\u00fc\u00fcgiarvega.<\/span><\/p>\n<p><span style=\"font-weight: 400;\">Artiklid leiad, avades \u00fclamen\u00fc\u00fcst <\/span><b>\u201cOst\u201d\/ \u201cM\u00fc\u00fck\u201d &gt; \u201cOstu-m\u00fc\u00fcgi artiklid\u201d.<\/b><\/p>\n<p>&nbsp;<\/p>\n<p><img loading=\"lazy\" decoding=\"async\" class=\"alignnone wp-image-24171 size-full\" src=\"https:\/\/www.erplybooks.com\/wp-content\/uploads\/2021\/09\/Screenshot-2021-09-23-at-15.30.17-1.png\" alt=\"\" width=\"2862\" height=\"1554\" srcset=\"https:\/\/www.erplybooks.com\/wp-content\/uploads\/2021\/09\/Screenshot-2021-09-23-at-15.30.17-1.png 2862w, https:\/\/www.erplybooks.com\/wp-content\/uploads\/2021\/09\/Screenshot-2021-09-23-at-15.30.17-1-1280x695.png 1280w, https:\/\/www.erplybooks.com\/wp-content\/uploads\/2021\/09\/Screenshot-2021-09-23-at-15.30.17-1-980x532.png 980w, https:\/\/www.erplybooks.com\/wp-content\/uploads\/2021\/09\/Screenshot-2021-09-23-at-15.30.17-1-480x261.png 480w\" sizes=\"auto, (min-width: 0px) and (max-width: 480px) 480px, (min-width: 481px) and (max-width: 980px) 980px, (min-width: 981px) and (max-width: 1280px) 1280px, (min-width: 1281px) 2862px, 100vw\" \/><\/p>\n<p><span style=\"font-weight: 400;\">Artiklite mooduli \u00fclaosas saad teostada otsingut artikli nime ja t\u00fc\u00fcbi (kaup ja valmistoodang, p\u00f5hivara, teenus\/kuluks minev kaup) ning milliseid artikleid n\u00e4idata (kas ostu- v\u00f5i m\u00fc\u00fcgiartikleid). <\/span><\/p>\n<p><b>Artikli t\u00fc\u00fcbid:<\/b><\/p>\n<ul>\n<li><strong>Kaup ja valmistoodang<\/strong> &#8211; k\u00e4ib laotoodete kohta<\/li>\n<li><strong>P\u00f5hivara<\/strong> &#8211; p\u00f5hivara alla kuuluvad artiklid<\/li>\n<li><strong>Teenus\/ kuluks minev kaup<\/strong> &#8211; teenused, mittelaotooted<\/li>\n<\/ul>\n<p><span style=\"font-weight: 400;\">Uusi artikleid saad juurde lisada vajutades alamen\u00fc\u00fcs \u201c<\/span><b>+<\/b><span style=\"font-weight: 400;\">\u201d nuppu. Seej\u00e4rel avaneb artikli kaart, kus saad vajalikud v\u00e4lja t\u00e4ita.<\/span><\/p>\n<p>&nbsp;<\/p>\n<p><img loading=\"lazy\" decoding=\"async\" class=\"alignnone size-full wp-image-24177\" src=\"https:\/\/www.erplybooks.com\/wp-content\/uploads\/2021\/09\/Screenshot-2021-09-23-at-12.48.36-1.png\" alt=\"\" width=\"357\" height=\"628\" srcset=\"https:\/\/www.erplybooks.com\/wp-content\/uploads\/2021\/09\/Screenshot-2021-09-23-at-12.48.36-1.png 357w, https:\/\/www.erplybooks.com\/wp-content\/uploads\/2021\/09\/Screenshot-2021-09-23-at-12.48.36-1-171x300.png 171w\" sizes=\"auto, (max-width: 357px) 100vw, 357px\" \/><\/p>\n<p><span style=\"font-weight: 400;\">Kui oled artikli lisanud ning soovid hiljem artikli kohta k\u00e4ivat informatsiooni muuta v\u00f5i lisada, siis saab seda teha kui vajutad artikli peale ja valid alamen\u00fc\u00fcst <\/span><b>\u201cArtikli kaart\u201d<\/b><span style=\"font-weight: 400;\"> v\u00f5i muudad informatsiooni otse artikli rea peal.<\/span><\/p>\n<p>&nbsp;<\/p>\n<h3>Artiklite kohta k\u00e4ivad filtrid:<\/h3>\n<p>&nbsp;<\/p>\n<ul>\n<li style=\"font-weight: 400;\"><span style=\"font-weight: 400;\"><strong>Nimi<\/strong> &#8211; artikli kohta sisestatud nimi<\/span><\/li>\n<li style=\"font-weight: 400;\"><span style=\"font-weight: 400;\"><strong>Artiklid m\u00fc\u00fcgiarvetel<\/strong> &#8211; m\u00fc\u00fcgiarvete kohta k\u00e4ivad artiklid<\/span><\/li>\n<li style=\"font-weight: 400;\"><span style=\"font-weight: 400;\"><strong>Artiklid ostuarvetel<\/strong> &#8211; ostuarvete kohta k\u00e4ivad artiklid<\/span><\/li>\n<li style=\"font-weight: 400;\"><span style=\"font-weight: 400;\"><strong>Kood<\/strong> &#8211; saab kasutada artikli otsinguks<\/span><\/li>\n<li style=\"font-weight: 400;\"><span style=\"font-weight: 400;\"><strong>\u00dchik<\/strong> &#8211; sisestatud \u00fchik (tk, l jne&#8230;)<\/span><\/li>\n<li style=\"font-weight: 400;\"><span style=\"font-weight: 400;\"><strong>Tulukonto<\/strong> &#8211; sisesta artikli kohta k\u00e4iv tulukonto<\/span><\/li>\n<li style=\"font-weight: 400;\"><span style=\"font-weight: 400;\"><strong>Kulukonto<\/strong> &#8211; sisesta artikli kohta k\u00e4iv kulukonto<\/span><\/li>\n<li style=\"font-weight: 400;\"><span style=\"font-weight: 400;\"><strong>Varu\/ p\u00f5hivarakonto<\/strong> &#8211; saab sisestada artikli kaartil. M\u00e4\u00e4ratakse kaubale ja valmistoodangule ja p\u00f5hivarale<\/span><\/li>\n<li style=\"font-weight: 400;\"><span style=\"font-weight: 400;\"><strong>Amortisatsioonikonto<\/strong> &#8211; saab m\u00e4\u00e4rata p\u00f5hivara artiklitele (pole kohustuslik)<\/span><\/li>\n<li style=\"font-weight: 400;\"><span style=\"font-weight: 400;\"><strong>T\u00fc\u00fcp<\/strong> &#8211; kas kaup ja valmistoodang, p\u00f5hivara v\u00f5i teenus\/kuluks minev kaup<\/span><\/li>\n<li style=\"font-weight: 400;\"><span style=\"font-weight: 400;\"><strong>Baashind<\/strong> &#8211; alghind (pole kohustuslik)<\/span><\/li>\n<li style=\"font-weight: 400;\"><span style=\"font-weight: 400;\"><strong>% lisa<\/strong> &#8211; juurdehindlus (pole kohustuslik)<\/span><\/li>\n<li style=\"font-weight: 400;\"><span style=\"font-weight: 400;\"><strong>Hind<\/strong> &#8211; hind koos juurdehindlusega<\/span><\/li>\n<li style=\"font-weight: 400;\"><span style=\"font-weight: 400;\"><strong>K\u00e4ibemaks<\/strong> &#8211; k\u00e4ibemaksu %<\/span><\/li>\n<li style=\"font-weight: 400;\"><span style=\"font-weight: 400;\"><strong>Varade eluiga kuudes<\/strong> &#8211; p\u00f5hivarade eluiga<\/span><\/li>\n<li style=\"font-weight: 400;\"><span style=\"font-weight: 400;\"><strong>Kirjeldus<\/strong> &#8211; lisainformatsioon<\/span><\/li>\n<\/ul>\n<p><span style=\"font-weight: 400;\">Peale muudatuste tegemist vajuta <strong>&#8220;Salvesta&#8221;<\/strong> nuppu.<\/span><\/p>\n<p><span style=\"font-weight: 400;\">Kui soovid artiklit kustutada, vajuta artikli peale ja seej\u00e4rel vali alamen\u00fc\u00fcst <\/span><b>punane pr\u00fcgikasti m\u00e4rk<\/b><span style=\"font-weight: 400;\">. Kustutamise kinnitamiseks vajuta <\/span><b>\u201cJah\u201d.<\/b><\/p>\n<p><span style=\"font-weight: 400;\">Kui lood uut ostu- v\u00f5i m\u00fc\u00fcgiarvet ning kasutad artiklit, siis ilmub arve rea peale informatsioon, mille oled antud artikli kohta salvestanud (\u00fchik, tulu ja kulukonto, hind, km liik).<\/span><\/p>\n<p><span style=\"font-weight: 400;\">Kui soovid artiklite kirjeldusi arvetes kasutada, ava <\/span><b>\u201cS\u00e4tted\u201d &gt; \u201c\u00dcldised s\u00e4tted\u201d<\/b><span style=\"font-weight: 400;\"> ja tee linnuke valiku <\/span><b>\u201cKasuta artiklite kirjeldust arvetes?\u201d<\/b><span style=\"font-weight: 400;\"> j\u00e4rgi.\u00a0<\/span><\/p>\n<p><img loading=\"lazy\" decoding=\"async\" class=\"alignnone wp-image-24189\" src=\"https:\/\/www.erplybooks.com\/wp-content\/uploads\/2021\/09\/Screenshot-2021-09-23-at-15.36.08-2.png\" alt=\"\" width=\"313\" height=\"41\" \/><\/p>\n<p><span style=\"font-weight: 400;\">Ehk kui artikli nimi on \u201cKonstulatsioon\u201d ilmub ostuarvel artiklit \u201cKonsultatsioon\u201d valides see nimetus ka kirjeldusse ning saab t\u00e4psustada artiklit. Kui linnukest s\u00e4tetes ei tehta, saab arvel valida vaid artiklit, kirjelduse lahtrit ei ilmu.<\/span><\/p>\n<p><span style=\"font-weight: 400;\">Avades <\/span><b>\u201cAruanded\u201d &gt; \u201cArtiklite raport\u201d<\/b><span style=\"font-weight: 400;\">, n\u00e4ed raporti nii ostu- kui m\u00fc\u00fcgiarvete kohta. Raportis on v\u00f5imalus n\u00e4ha iga artikli l\u00f5ikes, millal on artiklit kasutatud, millise arvega, kes oli hankija jne.<\/span><\/p>\n<p>&nbsp;<\/p>\n<h2><span style=\"font-weight: 400;\">Artiklite vaatamine ja otsimine<\/span><\/h2>\n<p>&nbsp;<\/p>\n<p><span style=\"font-weight: 400;\">Vaikimisi kuvatakse artiklid nende loomise j\u00e4rjekorras. Kui on soov neid teistmoodi sorteerida, siis tuleb lisada <\/span><b>Globaalsetes Atribuutides<\/b><span style=\"font-weight: 400;\"> reegel. Selle reegli lisamiseks mine pealehele ning otsi <\/span><b>Globaalsed Atribuudid<\/b><span style=\"font-weight: 400;\">.<\/span><\/p>\n<ul>\n<li style=\"font-weight: 400;\" aria-level=\"1\"><b>Nime<\/b><span style=\"font-weight: 400;\"> veergu lisa: <\/span><span style=\"font-weight: 400;\">GLOBAL_SORT_ARTICLES<\/span><\/li>\n<li style=\"font-weight: 400;\" aria-level=\"1\"><b>V\u00e4\u00e4rtuste<\/b><span style=\"font-weight: 400;\"> veergu: code\/name (lisa seda, mille j\u00e4rgi tahad sorteerida artikleid)<\/span><\/li>\n<\/ul>\n<p><span style=\"font-weight: 400;\">Kui see reegel puudub, siis artiklid sorteeritakse nende <\/span><span style=\"font-weight: 400;\">loomise hetke<\/span><span style=\"font-weight: 400;\"> j\u00e4rgi. <\/span><span style=\"font-weight: 400;\">Kui sorteeritakse koodi j\u00e4rgi, aga see puudub, siis see lisatakse k\u00f5ige l\u00f5ppu.<\/span><\/p>\n<p><span style=\"font-weight: 400;\">V\u00f5imalik on s\u00e4testada ka seda, kas n\u00e4idata artiklite otsingus toote koodi v\u00f5i mitte. Selle s\u00e4testamiseks mine (<\/span><b>S\u00e4tted -&gt; \u00dcldised s\u00e4tted<\/b><span style=\"font-weight: 400;\">) ning otsi <\/span><b>\u201cN\u00e4ita artiklite otsingus toote koodi\u201d<\/b><span style=\"font-weight: 400;\">.<\/span><\/p>\n<p>&nbsp;<\/p>\n<p><img loading=\"lazy\" decoding=\"async\" class=\"alignnone wp-image-28207 \" src=\"https:\/\/www.erplybooks.com\/wp-content\/uploads\/2022\/08\/image1-4.png\" alt=\"\" width=\"345\" height=\"81\" srcset=\"https:\/\/www.erplybooks.com\/wp-content\/uploads\/2022\/08\/image1-4.png 473w, https:\/\/www.erplybooks.com\/wp-content\/uploads\/2022\/08\/image1-4-300x70.png 300w\" sizes=\"auto, (max-width: 345px) 100vw, 345px\" \/><\/p>\n<p>&nbsp;<\/p>\n<p><span style=\"font-weight: 400;\">On olemas kolm t\u00fc\u00fcpi: true, false ja noInbox.<\/span><\/p>\n<ul>\n<li style=\"font-weight: 400;\" aria-level=\"1\"><b>true<\/b><span style=\"font-weight: 400;\"> &#8211; jah, n\u00e4ita<\/span><\/li>\n<li style=\"font-weight: 400;\" aria-level=\"1\"><b>false<\/b><span style=\"font-weight: 400;\"> &#8211; \u00e4ra n\u00e4ita (kustutab reegli \u00e4ra)<\/span><\/li>\n<li style=\"font-weight: 400;\" aria-level=\"1\"><b>noInbox<\/b><span style=\"font-weight: 400;\"> &#8211; n\u00e4itab ainult mitte ostuarvete postkastis<\/span><\/li>\n<\/ul>\n<p>&nbsp;<\/p>\n<h2><span style=\"font-weight: 400;\">Kuidas v\u00f5ib artikleid arvetel kasutada?<\/span><\/h2>\n<p>&nbsp;<\/p>\n<p><span style=\"font-weight: 400;\">K\u00e4esolev alapeat\u00fckk kirjeldab seda, kuidas seadistada reeglid arvetele artiklite kasutamisel. Reeglitega saad paika panna, milliseid artikleid tohib arvetel kasutada.\u00a0<\/span><\/p>\n<p><span style=\"font-weight: 400;\">N\u00e4ited, millal v\u00f5ib aritklite kasutamise reegli seadistamine vajalik olla j\u00e4\u00e4tmemajanduses:\u00a0\u00a0<\/span><\/p>\n<ul>\n<li style=\"font-weight: 400;\" aria-level=\"1\"><span style=\"font-weight: 400;\">Lepingus on lisatud alumiinium ning lepingust tehtavale ostuarvele ei tohi panna vaske, kuid tohib panna n\u00e4iteks mustust, mis autokoormas koos alumiiniumiga kaasa tuli<\/span><\/li>\n<li style=\"font-weight: 400;\" aria-level=\"1\"><span style=\"font-weight: 400;\">Eraisikutele ei tohi m\u00fc\u00fca ohtlikke j\u00e4\u00e4tmeid v\u00f5i roostevaba materjale<\/span><\/li>\n<\/ul>\n<p><span style=\"font-weight: 400;\">Reeglite lisamiseks ava \u00dcldised s\u00e4tted (<\/span><b>S\u00e4tted -&gt; \u00dcldised s\u00e4tted<\/b><span style=\"font-weight: 400;\">) ja otsi \u00fcles rubriik<\/span><b> \u2018\u2019Kuidas artikleid v\u00f5ib kasutada arvetes\u2019\u2019<\/b><\/p>\n<p>&nbsp;<\/p>\n<p><img loading=\"lazy\" decoding=\"async\" class=\"alignnone wp-image-29420 size-full\" src=\"https:\/\/www.erplybooks.com\/wp-content\/uploads\/2022\/12\/image2.png\" alt=\"\" width=\"1999\" height=\"234\" srcset=\"https:\/\/www.erplybooks.com\/wp-content\/uploads\/2022\/12\/image2.png 1999w, https:\/\/www.erplybooks.com\/wp-content\/uploads\/2022\/12\/image2-1280x150.png 1280w, https:\/\/www.erplybooks.com\/wp-content\/uploads\/2022\/12\/image2-980x115.png 980w, https:\/\/www.erplybooks.com\/wp-content\/uploads\/2022\/12\/image2-480x56.png 480w\" sizes=\"auto, (min-width: 0px) and (max-width: 480px) 480px, (min-width: 481px) and (max-width: 980px) 980px, (min-width: 981px) and (max-width: 1280px) 1280px, (min-width: 1281px) 1999px, 100vw\" \/><\/p>\n<p>&nbsp;<\/p>\n<p><span style=\"font-weight: 400;\">J\u00e4rgmisena vajuta sinist <\/span><b>\u2018\u2019Halda\u2019\u2019<\/b><span style=\"font-weight: 400;\"> nuppu ja avanenud aknas saad lisada reeglid. Iga reegli kohta on \u00fcks rida ning v\u00f5imalik on lisada nii palju reegleid kui vaja. Reeglid k\u00e4ivad ainult nende dokumentide kohta, mis m\u00f5jutavad ladu.\u00a0<\/span><\/p>\n<p><span style=\"font-weight: 400;\">Vajutades <\/span><b>\u2018\u2019Lisa\u2019\u2019<\/b><span style=\"font-weight: 400;\"> nuppu lisatakse uus rida, kus tuleb t\u00e4ita veerud artikli kasutamise kohta.<\/span><\/p>\n<p>&nbsp;<\/p>\n<p><img loading=\"lazy\" decoding=\"async\" class=\"alignnone wp-image-29426 \" src=\"https:\/\/www.erplybooks.com\/wp-content\/uploads\/2022\/12\/image1.png\" alt=\"\" width=\"592\" height=\"94\" \/><\/p>\n<p>&nbsp;<\/p>\n<ul>\n<li><b>Artikkel<\/b><span style=\"font-weight: 400;\"> &#8211; vali artikkel, mille kohta reegel k\u00e4ib<\/span><\/li>\n<li><b>Klient\/Hankija<\/b><span style=\"font-weight: 400;\"> &#8211; vali klient\/hankija, kelle puhul reeglit rakendatakse<\/span><\/li>\n<li><b>T\u00fc\u00fcp<\/b><span style=\"font-weight: 400;\"> &#8211; vali dokumendi t\u00fc\u00fcp, mille puhul reeglit rakendatakse<\/span><\/li>\n<li><b>V\u00e4\u00e4rtus<\/b><span style=\"font-weight: 400;\"> &#8211; sisesta v\u00e4\u00e4rtus, mille puhul reeglit rakendatakse (n\u00e4iteks valid t\u00fc\u00fcbi alt MAX_QUANTITY ja siia v\u00e4\u00e4rtuse lahtrisse paned 5000)\u00a0<\/span><\/li>\n<\/ul>\n<p><span style=\"font-weight: 400;\">Kui oled reeglid lisanud, siis salvesta muudatused ja v\u00e4rskenda lehte, et reeglid rakenduksid.\u00a0<\/span><\/p>\n<p>&nbsp;<\/p>\n<h3><span style=\"font-weight: 400;\">Erinevad t\u00fc\u00fcbid, mida on v\u00f5imalik kasutada<\/span><\/h3>\n<p>&nbsp;<\/p>\n<p><span style=\"font-weight: 400;\">T\u00fc\u00fcbi lahtris on v\u00f5imalik seadistada aritklite kasutamise reegleid j\u00e4rgnevatele dokumendi t\u00fc\u00fcpidele:\u00a0<\/span><\/p>\n<ul>\n<li style=\"font-weight: 400;\" aria-level=\"1\"><span style=\"font-weight: 400;\">&#8220;<\/span><b>MAX_QUANTITY<\/b><span style=\"font-weight: 400;\">&#8221; &#8211; max kogus, mida tohib arvele lisada<\/span><\/li>\n<li style=\"font-weight: 400;\" aria-level=\"1\"><span style=\"font-weight: 400;\">&#8220;<\/span><b>MIN_QUANTITY<\/b><span style=\"font-weight: 400;\">&#8221; &#8211; min kogus, mida tohib arvele lisada<\/span><\/li>\n<li style=\"font-weight: 400;\" aria-level=\"1\"><span style=\"font-weight: 400;\">&#8220;<\/span><b>NO_PURCHASES<\/b><span style=\"font-weight: 400;\">&#8221; &#8211; ei tohi osta seda toodet<\/span><\/li>\n<li style=\"font-weight: 400;\" aria-level=\"1\"><span style=\"font-weight: 400;\">&#8220;<\/span><b>NO_SALES<\/b><span style=\"font-weight: 400;\">&#8221; &#8211; ei tohi m\u00fc\u00fca seda toodet<\/span><\/li>\n<li style=\"font-weight: 400;\" aria-level=\"1\"><span style=\"font-weight: 400;\">&#8220;<\/span><b>LEGAL_PERSON_ONLY_VIA_CONTRACT<\/b><span style=\"font-weight: 400;\">&#8221; &#8211; kui on jur isik, siis seda toodet tohib osta\/m\u00fc\u00fca \u00fcksnes lepingu alusel<\/span><\/li>\n<li style=\"font-weight: 400;\" aria-level=\"1\"><span style=\"font-weight: 400;\">&#8220;<\/span><b>PRIVATE_PERSON_NO_PURCHASES<\/b><span style=\"font-weight: 400;\">&#8221; &#8211; eraisikult ei tohi seda toodet osta<\/span><\/li>\n<li style=\"font-weight: 400;\" aria-level=\"1\"><span style=\"font-weight: 400;\">&#8220;<\/span><b>PRIVATE_PERSON_NO_SALES<\/b><span style=\"font-weight: 400;\">&#8221; &#8211; eraisikule ei tohi seda toodet m\u00fc\u00fca<\/span><\/li>\n<li style=\"font-weight: 400;\" aria-level=\"1\"><span style=\"font-weight: 400;\">&#8220;<\/span><b>ONLY_CONTRACT_PURCHASES<\/b><span style=\"font-weight: 400;\">&#8221; &#8211; seda toodet tohib osta \u00fcksnes lepingu alusel<\/span><\/li>\n<li style=\"font-weight: 400;\" aria-level=\"1\"><span style=\"font-weight: 400;\">&#8220;<\/span><b>IF_BASE_IS_CONTRACT_THEN_ONLY_CONTRACT_CONNECTION<\/b><span style=\"font-weight: 400;\">&#8221; &#8211; kui dokumendi aluseks on leping, siis see toode peab ka lepingus sees olema<\/span><\/li>\n<li style=\"font-weight: 400;\" aria-level=\"1\"><span style=\"font-weight: 400;\">&#8220;<\/span><b>USE_CONTRACT_FIXATION<\/b><span style=\"font-weight: 400;\">&#8221; &#8211; toodet ei tohi lisada ilma konkreetse lepingu fikseerimiseta<\/span><\/li>\n<\/ul>\n<p>&nbsp;<\/p>\n<h2><span style=\"font-weight: 400;\">Kuidas s\u00fcnkroniseerida laost kindlad toote lahtrid ERPLY Booksi artiklile?\u00a0<\/span><\/h2>\n<p>&nbsp;<\/p>\n<p><span style=\"font-weight: 400;\">Vaikimisi s\u00fcnkroniseeritakse laost toote artikli koodi puhul nimi ja koodi lahter. Lisades aga vastava reegli on v\u00f5imalus lisada veel kindlaid toote lahtreid artiklile.\u00a0<\/span><\/p>\n<p><span style=\"font-weight: 400;\">Vaikimisi on v\u00f5imalik lisada kolm lisav\u00e4lja:\u00a0<\/span><\/p>\n<ul>\n<li><span style=\"font-weight: 400;\">Code2<\/span><\/li>\n<li><span style=\"font-weight: 400;\">Code3<\/span><\/li>\n<li><span style=\"font-weight: 400;\">Code4<\/span><\/li>\n<\/ul>\n<p><span style=\"font-weight: 400;\">Artiklile s\u00fcnkroniseerimisel lisalahtrite lisamiseks tuleb lisada reegel Globaalsete Atribuutide alla.<\/span><\/p>\n<ol>\n<li style=\"font-weight: 400;\" aria-level=\"1\"><span style=\"font-weight: 400;\">Ava pealehe otsingukastist Globaalsed Atribuudid<\/span><\/li>\n<li style=\"font-weight: 400;\" aria-level=\"1\"><span style=\"font-weight: 400;\">Lisa uus rida<\/span><\/li>\n<\/ol>\n<ul>\n<li style=\"font-weight: 400;\" aria-level=\"1\"><b>Nimi<\/b><span style=\"font-weight: 400;\">=SYNC_SET_ARTICLE_CODES<\/span><\/li>\n<li style=\"font-weight: 400;\" aria-level=\"1\"><b>V\u00e4\u00e4rtus <\/b><span style=\"font-weight: 400;\">= true<\/span><\/li>\n<li style=\"font-weight: 400;\" aria-level=\"1\"><b>Altvalue2<\/b><span style=\"font-weight: 400;\"> = lahter, mis lisatakse code2 alla<\/span><\/li>\n<li style=\"font-weight: 400;\" aria-level=\"1\"><b>Altvalue3<\/b><span style=\"font-weight: 400;\"> = lahter, mis lisatakse code3 alla<\/span><\/li>\n<li style=\"font-weight: 400;\" aria-level=\"1\"><b>Altvalue4<\/b><span style=\"font-weight: 400;\"> = lahter, mis lisatakse code4 alla<\/span><\/li>\n<\/ul>\n<p><span style=\"font-weight: 400;\">K\u00f5ik v\u00f5imalikud v\u00e4\u00e4rtused, mida on v\u00f5imalik lisada koodi lahtri alla:\u00a0<\/span><\/p>\n<ul>\n<li style=\"font-weight: 400;\" aria-level=\"1\"><span style=\"font-weight: 400;\">code2,\u00a0<\/span><\/li>\n<li style=\"font-weight: 400;\" aria-level=\"1\"><span style=\"font-weight: 400;\">code3,\u00a0<\/span><\/li>\n<li style=\"font-weight: 400;\" aria-level=\"1\"><span style=\"font-weight: 400;\">groupName,\u00a0<\/span><\/li>\n<li style=\"font-weight: 400;\" aria-level=\"1\"><span style=\"font-weight: 400;\">supplierCode,\u00a0<\/span><\/li>\n<li style=\"font-weight: 400;\" aria-level=\"1\"><span style=\"font-weight: 400;\">code5,\u00a0<\/span><\/li>\n<li style=\"font-weight: 400;\" aria-level=\"1\"><span style=\"font-weight: 400;\">code6,\u00a0<\/span><\/li>\n<li style=\"font-weight: 400;\" aria-level=\"1\"><span style=\"font-weight: 400;\">code7,\u00a0<\/span><\/li>\n<li style=\"font-weight: 400;\" aria-level=\"1\"><span style=\"font-weight: 400;\">code8,\u00a0<\/span><\/li>\n<li style=\"font-weight: 400;\" aria-level=\"1\"><span style=\"font-weight: 400;\">brandName,\u00a0<\/span><\/li>\n<li style=\"font-weight: 400;\" aria-level=\"1\"><span style=\"font-weight: 400;\">categoryName,\u00a0<\/span><\/li>\n<li style=\"font-weight: 400;\" aria-level=\"1\"><span style=\"font-weight: 400;\">nameENG (see on vajalik n\u00e4iteks j\u00e4\u00e4tmekoodide s\u00fcnkroniseerimisel, kui need on categoryName lahtris)<\/span><\/li>\n<\/ul>\n<h2><span style=\"font-weight: 400;\">Kuidas s\u00fcnkroniseerida laost k\u00f5ik tooted ja kogused?\u00a0<\/span><\/h2>\n<p>&nbsp;<\/p>\n<p><span style=\"font-weight: 400;\">Antud juhend kirjeldab protsessi, kuidas s\u00fcnkroniseerida laost k\u00f5ik tooted ja kogused.\u00a0<\/span><\/p>\n<p><b>NB! Seda v\u00f5imalust on v\u00f5imalik kasutada vaid sel juhul kui tooteid on v\u00e4hem kui 5000 t\u00fckki.\u00a0<\/b><\/p>\n<p>&nbsp;<\/p>\n<h3><span style=\"font-weight: 400;\">Seadistamine<\/span><\/h3>\n<p>&nbsp;<\/p>\n<p><span style=\"font-weight: 400;\">Esmalt ava ERPLY Kassa &amp; Lao s\u00e4tted ( S\u00e4tted -&gt; ERPLY Kassa &amp; Lao s\u00e4tted) ja kontrolli, et <\/span><b>ei oleks <\/b><span style=\"font-weight: 400;\">aktiveeritud reegel 1. \u00c4ra s\u00fcnkroniseeri ostusaatelehti ning linnuke oleks reegli <\/span><b>\u2018\u2019S\u00fcnkroniseeri saatelehti?\u2019\u2019<\/b><span style=\"font-weight: 400;\"> ees:\u00a0<\/span><\/p>\n<p>&nbsp;<\/p>\n<p><img loading=\"lazy\" decoding=\"async\" class=\"alignnone wp-image-30084 \" src=\"https:\/\/www.erplybooks.com\/wp-content\/uploads\/2023\/04\/Screenshot-2023-04-12-at-09.21.46.png\" alt=\"\" width=\"309\" height=\"84\" \/><\/p>\n<p>&nbsp;<\/p>\n<p><span style=\"font-weight: 400;\">J\u00e4rgmisena kirjeldatakse reegleid, mis on vaja lisada ERPLY s\u00fcngi parameetrite alla.\u00a0\u00a0<\/span><\/p>\n<p><span style=\"font-weight: 400;\">Selleks ava pealehelt <\/span><b>\u2018\u2019Assign organisation parameters for ERPLY sync\u2019\u2019. <\/b><span style=\"font-weight: 400;\">Uue rea lisamiseks vajuta sinist \u2018\u2019Lisa\u2019\u2019 nuppu.\u00a0<\/span><\/p>\n<p><span style=\"text-decoration: underline;\"><span style=\"font-weight: 400;\">Soovid, et artiklite alla kuvataks k\u00f5iki tooteid<\/span><\/span><\/p>\n<ul>\n<li style=\"font-weight: 400;\" aria-level=\"1\"><b>Attribute<\/b><span style=\"font-weight: 400;\">=ATTRIBUTE_ERPLY_SYNC_GET_ALL_PRODUCTS<\/span><\/li>\n<li style=\"font-weight: 400;\" aria-level=\"1\"><b>Value<\/b><span style=\"font-weight: 400;\">=true<\/span><\/li>\n<\/ul>\n<p><span style=\"text-decoration: underline;\"><span style=\"font-weight: 400;\">Soovid, et arve read tuleksid laost \u00fcle kogustega<\/span><\/span><\/p>\n<ul>\n<li style=\"font-weight: 400;\" aria-level=\"1\"><b>Attribute<\/b><span style=\"font-weight: 400;\">= ATTRIBUTE_ERPLY_SYNC_GET_ALL_UNIQUE_ROW_NAMES<\/span><\/li>\n<li style=\"font-weight: 400;\" aria-level=\"1\"><b>Value<\/b><span style=\"font-weight: 400;\">= true<\/span><\/li>\n<li style=\"font-weight: 400;\" aria-level=\"1\"><b>AltValue<\/b><span style=\"font-weight: 400;\">= true -&gt; s\u00fcnkroniseerib m\u00fc\u00fcgid\u00a0<\/span><\/li>\n<li style=\"font-weight: 400;\" aria-level=\"1\"><b>AltValue2<\/b><span style=\"font-weight: 400;\">= true -&gt; s\u00fcnkroniseerib ka ostud<\/span><\/li>\n<\/ul>\n<p><span style=\"text-decoration: underline;\"><span style=\"font-weight: 400;\">Soovid, et laost toodete s\u00fcnkroniseerimine ei tekitaks koondarvet<\/span><\/span><\/p>\n<ul>\n<li style=\"font-weight: 400;\" aria-level=\"1\"><b>Attribute<\/b><span style=\"font-weight: 400;\">= SYNC_INVOICE_ONLY_MAIN_ARTICLE<\/span><\/li>\n<li style=\"font-weight: 400;\" aria-level=\"1\"><b>Value<\/b><span style=\"font-weight: 400;\">= true<\/span><\/li>\n<\/ul>\n<p>&nbsp;<\/p>\n","protected":false},"excerpt":{"rendered":"<p>Ostu-m\u00fc\u00fcgi artiklid &nbsp; Artikkel on ERPLY Books&#8217;is tunnus\/parameeter, mis t\u00f6\u00f6tab arvete moodulis. Artiklitega saab siduda tulu, kulu ja p\u00f5hivara kontosid. Lisaks saab m\u00e4\u00e4rata, kas artikkel on seotud ostu- v\u00f5i m\u00fc\u00fcgiarvega. Artiklid leiad, avades \u00fclamen\u00fc\u00fcst \u201cOst\u201d\/ \u201cM\u00fc\u00fck\u201d &gt; \u201cOstu-m\u00fc\u00fcgi artiklid\u201d. &nbsp; Artiklite mooduli \u00fclaosas saad teostada otsingut artikli nime ja t\u00fc\u00fcbi (kaup ja valmistoodang, p\u00f5hivara, teenus\/kuluks [&hellip;]<\/p>\n","protected":false},"author":3,"featured_media":0,"parent":3312,"menu_order":0,"comment_status":"closed","ping_status":"closed","template":"","meta":{"_et_pb_use_builder":"","_et_pb_old_content":"","_et_gb_content_width":"","footnotes":""},"categories":[452],"tags":[644,127,137],"class_list":["post-5263","page","type-page","status-publish","hentry","category-muuk","tag-artiklid","tag-muuk","tag-ost"],"_links":{"self":[{"href":"https:\/\/www.erplybooks.com\/et\/wp-json\/wp\/v2\/pages\/5263","targetHints":{"allow":["GET"]}}],"collection":[{"href":"https:\/\/www.erplybooks.com\/et\/wp-json\/wp\/v2\/pages"}],"about":[{"href":"https:\/\/www.erplybooks.com\/et\/wp-json\/wp\/v2\/types\/page"}],"author":[{"embeddable":true,"href":"https:\/\/www.erplybooks.com\/et\/wp-json\/wp\/v2\/users\/3"}],"replies":[{"embeddable":true,"href":"https:\/\/www.erplybooks.com\/et\/wp-json\/wp\/v2\/comments?post=5263"}],"version-history":[{"count":0,"href":"https:\/\/www.erplybooks.com\/et\/wp-json\/wp\/v2\/pages\/5263\/revisions"}],"up":[{"embeddable":true,"href":"https:\/\/www.erplybooks.com\/et\/wp-json\/wp\/v2\/pages\/3312"}],"wp:attachment":[{"href":"https:\/\/www.erplybooks.com\/et\/wp-json\/wp\/v2\/media?parent=5263"}],"wp:term":[{"taxonomy":"category","embeddable":true,"href":"https:\/\/www.erplybooks.com\/et\/wp-json\/wp\/v2\/categories?post=5263"},{"taxonomy":"post_tag","embeddable":true,"href":"https:\/\/www.erplybooks.com\/et\/wp-json\/wp\/v2\/tags?post=5263"}],"curies":[{"name":"wp","href":"https:\/\/api.w.org\/{rel}","templated":true}]}}