{"id":5183,"date":"2017-07-26T09:17:30","date_gmt":"2017-07-26T09:17:30","guid":{"rendered":"http:\/\/www.erplybooks.com\/?page_id=5183\/"},"modified":"2023-07-05T06:40:21","modified_gmt":"2023-07-05T06:40:21","slug":"ettemaksugrupid","status":"publish","type":"page","link":"https:\/\/www.erplybooks.com\/et\/juhendid\/ettemaksugrupid\/","title":{"rendered":"Ettemaksugrupid"},"content":{"rendered":"<h1>Ettemaksugrupid<\/h1>\r\n<p>&nbsp;<\/p>\r\n<p>J\u00e4rgnevas juhendis on lahti seletatud ettemaksugrupid, ettemaksukontod ja nende lisamine ning kasutamine ERPLY Books&#8217;is.<\/p>\r\n<p>&nbsp;<\/p>\r\n<h3>Tavap\u00e4rased ettemaksukontod<\/h3>\r\n<p><span style=\"font-weight: 400;\">Vaikimisi on m\u00e4\u00e4ratud ettemaksude kasutamiseks \u00fcks ettemaksukonto hankijate ja \u00fcks klientide jaoks. Need ettemaksukontod m\u00e4\u00e4ratakse s\u00fcsteemikontode all. Ava\u00a0<b>\u201cS\u00e4tted\u201d &gt; \u201cAlgandmed\u201d &gt; \u201cS\u00fcsteemikontod\u201d<\/b>. Siin m\u00e4\u00e4ratud ettemaksukontosid kasutatakse vaikimisi ettemaksete kajastamisel.<\/span><\/p>\r\n<p><span style=\"font-weight: 400;\">Pildil on n\u00e4ha, et kui teed ettemakse tarnijale, siis kajastatakse seda kontol 16200 ja kui saad klientidelt ettemakse, siis kajastatakse seda kontol 21200. Nii on ettemaksukontod m\u00e4\u00e4ratud tavap\u00e4raselt.<\/span><\/p>\r\n<p><img loading=\"lazy\" decoding=\"async\" class=\"alignnone wp-image-20525 size-full\" src=\"https:\/\/www.erplybooks.com\/wp-content\/uploads\/2021\/02\/Screen-Shot-2021-02-26-at-15.01.35-1.png\" alt=\"Ettemaksugrupid\" width=\"467\" height=\"402\" srcset=\"https:\/\/www.erplybooks.com\/wp-content\/uploads\/2021\/02\/Screen-Shot-2021-02-26-at-15.01.35-1.png 467w, https:\/\/www.erplybooks.com\/wp-content\/uploads\/2021\/02\/Screen-Shot-2021-02-26-at-15.01.35-1-300x258.png 300w\" sizes=\"auto, (max-width: 467px) 100vw, 467px\" \/><\/p>\r\n<h2>\u00a0<\/h2>\r\n<h2>Uue ettemaksukonto lisamine<\/h2>\r\n<p><span style=\"font-weight: 400;\">Kui soovid lisaks s\u00fcsteemikontode all juba m\u00e4\u00e4ratud ettemaksukontodele kasutada lisaks veel teisi ettemaksukontosid, siis saad neid sinna lisada. N\u00e4iteks v\u00f5ib selline vajadus tekkida, kui soovid\u00a0<b>\u201cKliendi raportis\u201d<\/b> v\u00f5i <b>\u201cHankija raportis\u201d<\/b> eristada tagatisrahasid tavap\u00e4rastest ettemaksetest. Selleks kasuta ettemaksugruppe.<\/span><\/p>\r\n<p>&nbsp;<\/p>\r\n<p><span style=\"font-weight: 400;\">Uue ettemaksukonto seadistamiseks tuleb teha j\u00e4rgnevad sammud:<\/span><\/p>\r\n<ol>\r\n<li>Ava\u00a0<b>\u201cS\u00e4tted\u201d &gt; \u201c\u00dcldised s\u00e4tted\u201d<\/b> ja rubriigis <b>\u201cMuud v\u00f5imalused\u201d<\/b> pane linnuke <b>\u201cKasuta ettemaksugruppe?\u201d<\/b> ette. Salvesta ja uuenda lehek\u00fclge, et muutus j\u00f5ustuks.<\/li>\r\n<\/ol>\r\n<p><img loading=\"lazy\" decoding=\"async\" class=\"alignnone wp-image-20531 size-full\" style=\"font-size: inherit;\" src=\"https:\/\/www.erplybooks.com\/wp-content\/uploads\/2021\/02\/Screen-Shot-2021-02-26-at-15.09.32.png\" alt=\"Ettemaksugrupid\" width=\"185\" height=\"32\" \/><\/p>\r\n<p>2. Ava\u00a0<b>\u201cRMP\u201d &gt; \u201cKontoplaan\u201d<\/b> ja loo konto.<\/p>\r\n<p>3. Uue ettemaksugrupi lisamiseks ava\u00a0<b>\u201cS\u00e4tted\u201d &gt; \u201cAlgandmed\u201d &gt; \u201cS\u00fcsteemikontod\u201d.<\/b><\/p>\r\n<p><span style=\"font-weight: 400;\">Vajuta alamen\u00fc\u00fcst <b>\u201c+\u201d<\/b> nuppu, et lisada uus s\u00fcsteemikonto. Kui teed ettemaksugruppi klientidele, kirjuta s\u00fcsteemikonto t\u00fc\u00fcbi veergu <b>\u201cEttemaksugrupp\u201d<\/b>, hankija puhul kirjuta\u00a0<b>\u201cHankija ettemaksugrupp\u201d<\/b>. Veergu <b>\u201cKonto number\u201d<\/b> m\u00e4\u00e4ra soovitud konto. Vajuta\u00a0<b>\u201cSalvesta\u201d<\/b> nuppu.<br \/><\/span><\/p>\r\n<p><img loading=\"lazy\" decoding=\"async\" class=\"alignnone wp-image-20537 size-full\" src=\"https:\/\/www.erplybooks.com\/wp-content\/uploads\/2021\/02\/Screen-Shot-2021-02-26-at-15.16.31.png\" alt=\"Ettemaksugrupid\" width=\"427\" height=\"43\" srcset=\"https:\/\/www.erplybooks.com\/wp-content\/uploads\/2021\/02\/Screen-Shot-2021-02-26-at-15.16.31.png 427w, https:\/\/www.erplybooks.com\/wp-content\/uploads\/2021\/02\/Screen-Shot-2021-02-26-at-15.16.31-300x30.png 300w\" sizes=\"auto, (max-width: 427px) 100vw, 427px\" \/><\/p>\r\n<p>&nbsp;<\/p>\r\n<p><span style=\"font-weight: 400;\">Kui lisad n\u00fc\u00fcd uue ettemakse v\u00f5i teed pangaimporti, saad lisaks esialgsele ettemaksukontole valida ka uue ettemaksukonto ja see seotakse kliendi v\u00f5i hankijaga. Eelneval pildil loodi klientide jaoks uus ettemaksukonto <b>\u201cTagatisraha &#8211; klientidelt\u201d<\/b> ja hankijate jaoks loodi uus ettemaksukonto <b>\u201cTagatisraha &#8211; hankijatele\u201d.<\/b><\/span><\/p>\r\n<p><span style=\"font-weight: 400;\">Ettemaksugrupi kasutamine on oluline seet\u00f5ttu, et lisandunud ettemaksukontod oleksid samuti seotud klientide ja hankijatega ning need kajastuksid kliendi ja hankija aruannetes. Minnes <b>\u201cM\u00fc\u00fck\u201d &gt; \u201cKliendi raport\u201d v\u00f5i \u201cOst\u201d &gt; \u201cHankija raport\u201d<\/b> saad n\u00e4ha ettemaksugruppide veergu loodud konto nimetusega.<\/span><\/p>\r\n<p><br \/><span style=\"font-weight: 400;\">Antud n\u00e4ite puhul lisati sinna veerg <b>\u201cTagatisraha-klientidelt\u201d<\/b> <\/span><\/p>\r\n<p><img loading=\"lazy\" decoding=\"async\" class=\"alignnone wp-image-20543 size-full\" src=\"https:\/\/www.erplybooks.com\/wp-content\/uploads\/2021\/02\/Screen-Shot-2021-02-26-at-15.19.23.png\" alt=\"Ettemaksugrupid\" width=\"1419\" height=\"231\" srcset=\"https:\/\/www.erplybooks.com\/wp-content\/uploads\/2021\/02\/Screen-Shot-2021-02-26-at-15.19.23.png 1419w, https:\/\/www.erplybooks.com\/wp-content\/uploads\/2021\/02\/Screen-Shot-2021-02-26-at-15.19.23-300x49.png 300w, https:\/\/www.erplybooks.com\/wp-content\/uploads\/2021\/02\/Screen-Shot-2021-02-26-at-15.19.23-1024x167.png 1024w, https:\/\/www.erplybooks.com\/wp-content\/uploads\/2021\/02\/Screen-Shot-2021-02-26-at-15.19.23-768x125.png 768w\" sizes=\"auto, (max-width: 1419px) 100vw, 1419px\" \/><\/p>\r\n<p>&nbsp;<\/p>\r\n<p><span style=\"font-weight: 400;\">Hankija raportisse lisati veerg <b>\u201cTagatisraha &#8211; hankijatele\u201d.<\/b> <\/span><\/p>\r\n<p><img loading=\"lazy\" decoding=\"async\" class=\"alignnone wp-image-20550 size-full\" src=\"https:\/\/www.erplybooks.com\/wp-content\/uploads\/2021\/02\/Screen-Shot-2021-02-26-at-15.20.08.png\" alt=\"\" width=\"1422\" height=\"253\" srcset=\"https:\/\/www.erplybooks.com\/wp-content\/uploads\/2021\/02\/Screen-Shot-2021-02-26-at-15.20.08.png 1422w, https:\/\/www.erplybooks.com\/wp-content\/uploads\/2021\/02\/Screen-Shot-2021-02-26-at-15.20.08-300x53.png 300w, https:\/\/www.erplybooks.com\/wp-content\/uploads\/2021\/02\/Screen-Shot-2021-02-26-at-15.20.08-1024x182.png 1024w, https:\/\/www.erplybooks.com\/wp-content\/uploads\/2021\/02\/Screen-Shot-2021-02-26-at-15.20.08-768x137.png 768w\" sizes=\"auto, (max-width: 1422px) 100vw, 1422px\" \/><\/p>\r\n<p>&nbsp;<\/p>\r\n<p><span style=\"font-weight: 400;\"><b>\u201cLaekumiste raport\u201d<\/b> ja <b>\u201cMaksmiste raport\u201d<\/b> alla tekib samuti uus veerg <b>\u201cEttemaksugrupp\u201d<\/b>.<br \/><\/span><br \/><img loading=\"lazy\" decoding=\"async\" class=\"alignnone wp-image-20556 size-full\" src=\"https:\/\/www.erplybooks.com\/wp-content\/uploads\/2021\/02\/Screen-Shot-2021-02-26-at-15.25.30.png\" alt=\"\" width=\"1165\" height=\"300\" srcset=\"https:\/\/www.erplybooks.com\/wp-content\/uploads\/2021\/02\/Screen-Shot-2021-02-26-at-15.25.30.png 1165w, https:\/\/www.erplybooks.com\/wp-content\/uploads\/2021\/02\/Screen-Shot-2021-02-26-at-15.25.30-300x77.png 300w, https:\/\/www.erplybooks.com\/wp-content\/uploads\/2021\/02\/Screen-Shot-2021-02-26-at-15.25.30-1024x264.png 1024w, https:\/\/www.erplybooks.com\/wp-content\/uploads\/2021\/02\/Screen-Shot-2021-02-26-at-15.25.30-768x198.png 768w\" sizes=\"auto, (max-width: 1165px) 100vw, 1165px\" \/><\/p>\r\n\r\n<p>&nbsp;<\/p>\r\n","protected":false},"excerpt":{"rendered":"<p>Ettemaksugrupid &nbsp; J\u00e4rgnevas juhendis on lahti seletatud ettemaksugrupid, ettemaksukontod ja nende lisamine ning kasutamine ERPLY Books&#8217;is. &nbsp; Tavap\u00e4rased ettemaksukontod Vaikimisi on m\u00e4\u00e4ratud ettemaksude kasutamiseks \u00fcks ettemaksukonto hankijate ja \u00fcks klientide jaoks. Need ettemaksukontod m\u00e4\u00e4ratakse s\u00fcsteemikontode all. Ava\u00a0\u201cS\u00e4tted\u201d &gt; \u201cAlgandmed\u201d &gt; \u201cS\u00fcsteemikontod\u201d. Siin m\u00e4\u00e4ratud ettemaksukontosid kasutatakse vaikimisi ettemaksete kajastamisel. Pildil on n\u00e4ha, et kui teed ettemakse [&hellip;]<\/p>\n","protected":false},"author":3,"featured_media":0,"parent":3312,"menu_order":0,"comment_status":"closed","ping_status":"closed","template":"","meta":{"_et_pb_use_builder":"","_et_pb_old_content":"","_et_gb_content_width":"","footnotes":""},"categories":[455],"tags":[703,704],"class_list":["post-5183","page","type-page","status-publish","hentry","category-maksed-ja-ettemaksed","tag-ettemaksud","tag-grupid"],"_links":{"self":[{"href":"https:\/\/www.erplybooks.com\/et\/wp-json\/wp\/v2\/pages\/5183","targetHints":{"allow":["GET"]}}],"collection":[{"href":"https:\/\/www.erplybooks.com\/et\/wp-json\/wp\/v2\/pages"}],"about":[{"href":"https:\/\/www.erplybooks.com\/et\/wp-json\/wp\/v2\/types\/page"}],"author":[{"embeddable":true,"href":"https:\/\/www.erplybooks.com\/et\/wp-json\/wp\/v2\/users\/3"}],"replies":[{"embeddable":true,"href":"https:\/\/www.erplybooks.com\/et\/wp-json\/wp\/v2\/comments?post=5183"}],"version-history":[{"count":0,"href":"https:\/\/www.erplybooks.com\/et\/wp-json\/wp\/v2\/pages\/5183\/revisions"}],"up":[{"embeddable":true,"href":"https:\/\/www.erplybooks.com\/et\/wp-json\/wp\/v2\/pages\/3312"}],"wp:attachment":[{"href":"https:\/\/www.erplybooks.com\/et\/wp-json\/wp\/v2\/media?parent=5183"}],"wp:term":[{"taxonomy":"category","embeddable":true,"href":"https:\/\/www.erplybooks.com\/et\/wp-json\/wp\/v2\/categories?post=5183"},{"taxonomy":"post_tag","embeddable":true,"href":"https:\/\/www.erplybooks.com\/et\/wp-json\/wp\/v2\/tags?post=5183"}],"curies":[{"name":"wp","href":"https:\/\/api.w.org\/{rel}","templated":true}]}}