{"id":5122,"date":"2017-07-18T07:40:38","date_gmt":"2017-07-18T07:40:38","guid":{"rendered":"http:\/\/www.erplybooks.com\/?page_id=5122\/"},"modified":"2023-07-05T08:23:20","modified_gmt":"2023-07-05T08:23:20","slug":"kaibemaksuaruanne","status":"publish","type":"page","link":"https:\/\/www.erplybooks.com\/et\/juhendid\/kaibemaksuaruanne\/","title":{"rendered":"K\u00e4ibemaksuaruanne"},"content":{"rendered":"<h1>K\u00e4ibemaksuaruanne<\/h1>\n<p>&nbsp;<\/p>\n<p><span style=\"font-weight: 400;\">Ava\u00a0<b>\u201cAruanded\u201d &gt; \u201cK\u00e4ibemaksuaruanne\u201d<\/b>. Sulle avaneb k\u00e4ibemaksuaruanne, kus Sulle n\u00e4idatakse k\u00e4ibemaksu andmeid k\u00f5ikide seadistatud k\u00e4ibemaksu liikide l\u00f5ikes (vaata k\u00e4ibemaksu seadistamise juhendit <a href=\"https:\/\/www.erplybooks.com\/et\/kaibemaksu-liigid\/\">siin<\/a>). Kuvatakse m\u00fc\u00fcgisumma, m\u00fc\u00fcgi k\u00e4ibemaks, ostusumma, sisendk\u00e4ibemaks ja kokku summad. Andmete n\u00e4gemiseks vali\u00a0<b>\u201cPeriood\u201d<\/b> ja vajuta\u00a0<b>\u201cOtsi\u201d<\/b> nuppu. <\/span><\/p>\n<p><img loading=\"lazy\" decoding=\"async\" class=\"alignnone wp-image-5098\" src=\"https:\/\/www.erplybooks.com\/wp-content\/uploads\/2020\/09\/kmaruanne.png\" alt=\"K\u00e4ibemaksuaruanne\" width=\"483\" height=\"291\" \/><\/p>\n<p>&nbsp;<\/p>\n<h3>K\u00e4ibedeklaratsioon<\/h3>\n<p><span style=\"font-weight: 400;\">K\u00e4ibedeklaratsioon moodustatakse k\u00e4ibemaksu liikidele m\u00e4\u00e4ratud t\u00fc\u00fcpide kaudu. Igale k\u00e4ibemaksu t\u00fc\u00fcbile vastab k\u00e4ibedeklaratsioonis kindel rida v\u00f5i mitu rida. \u00d5igesti seadistatud k\u00e4ibemaksu liikide korral j\u00f5uab k\u00e4ibemaksuga seotud info Maksu- ja Tolliametile esitatava k\u00e4ibedeklaratsiooni \u00f5igetele ridadele. KM liikide t\u00fc\u00fcpe saad kontrollida, kui avad <b>\u201cS\u00e4tted\u201d &gt; \u201cKM liigid\u201d<\/b>.<\/span><\/p>\n<p><span style=\"font-weight: 400;\">Vajutades K\u00e4ibemaksuaruande moodulis nuppu <b>\u201cKMD\u201d<\/b>, avaneb Maksu- ja Tolliametile esitatav k\u00e4ibedeklaratsioon. Lahtrist <b>\u201cPeriood\u201d<\/b> saad valida \u00f5ige perioodi ja Sulle kuvatakse valitud perioodi andmed.<\/span><\/p>\n<p><img loading=\"lazy\" decoding=\"async\" class=\"alignnone wp-image-5098\" src=\"https:\/\/www.erplybooks.com\/wp-content\/uploads\/2020\/09\/kmdeklar.png\" alt=\"k\u00e4ibedeklaratsioon\" width=\"400\" height=\"500\" \/><\/p>\n<p><span style=\"font-weight: 400;\">Lahtrist <b>\u201cPeriood\u201d<\/b> saad valida kuu, mille kohta soovid k\u00e4ibedeklaratsiooni moodustada. Lisaks k\u00e4ibedeklaratsioonile kuvatakse samal lehel <b>\u201cKMD lisa &#8211; 1000 euro k\u00e4ibe deklareerimine\u201d<\/b>, mille all n\u00e4ed arvete listi, mis deklareeritakse KMD lisana. <\/span><\/p>\n<p><img loading=\"lazy\" decoding=\"async\" class=\"alignnone wp-image-5098\" src=\"https:\/\/www.erplybooks.com\/wp-content\/uploads\/2020\/09\/kmdlisa.png\" alt=\"K\u00e4ibemaksuaruanne\" width=\"579\" height=\"159\" \/><\/p>\n<p><span style=\"font-weight: 400;\">Olles andmed \u00fcle vaadanud ja veendunud k\u00e4ibedeklaratsiooni \u00f5igsuses, siis vajuta\u00a0<b>\u201cKinnita\u201d<\/b> nuppu.<\/span><\/p>\n<p><span style=\"font-weight: 400;\">Kui soovid k\u00e4ibedeklaratsiooni <b>XML<\/b> kujul maksuametisse saata, siis vajuta faili moodustamiseks <b>\u201cXML\u201d<\/b> nuppu. Kui soovid deklaratsiooni PDF kujul salvestada v\u00f5i v\u00e4lja printida, siis vajuta\u00a0<b>\u201cPDF\u201d<\/b> nuppu.<\/span><\/p>\n<p><span style=\"font-weight: 400;\">Juhul, kui soovid peale kinnitamist k\u00e4ibedeklaratsiooni muuta, siis kirjuta pealehe otsingulahtrisse <b>\u201cKMD kinnitatud v\u00e4\u00e4rtused\u201d<\/b> ja kustuta soovitud perioodi kohta k\u00e4ivad read. Seej\u00e4rel kinnita antud perioodi k\u00e4ibedeklaratsioon uuesti.<\/span><\/p>\n","protected":false},"excerpt":{"rendered":"<p>K\u00e4ibemaksuaruanne &nbsp; Ava\u00a0\u201cAruanded\u201d &gt; \u201cK\u00e4ibemaksuaruanne\u201d. Sulle avaneb k\u00e4ibemaksuaruanne, kus Sulle n\u00e4idatakse k\u00e4ibemaksu andmeid k\u00f5ikide seadistatud k\u00e4ibemaksu liikide l\u00f5ikes (vaata k\u00e4ibemaksu seadistamise juhendit siin). Kuvatakse m\u00fc\u00fcgisumma, m\u00fc\u00fcgi k\u00e4ibemaks, ostusumma, sisendk\u00e4ibemaks ja kokku summad. Andmete n\u00e4gemiseks vali\u00a0\u201cPeriood\u201d ja vajuta\u00a0\u201cOtsi\u201d nuppu. &nbsp; K\u00e4ibedeklaratsioon K\u00e4ibedeklaratsioon moodustatakse k\u00e4ibemaksu liikidele m\u00e4\u00e4ratud t\u00fc\u00fcpide kaudu. Igale k\u00e4ibemaksu t\u00fc\u00fcbile vastab k\u00e4ibedeklaratsioonis kindel rida v\u00f5i [&hellip;]<\/p>\n","protected":false},"author":3,"featured_media":0,"parent":3312,"menu_order":0,"comment_status":"closed","ping_status":"closed","template":"","meta":{"_et_pb_use_builder":"","_et_pb_old_content":"","_et_gb_content_width":"","footnotes":""},"categories":[458],"tags":[610,83],"class_list":["post-5122","page","type-page","status-publish","hentry","category-kaibemaks","tag-aruanne","tag-kaibemaks"],"_links":{"self":[{"href":"https:\/\/www.erplybooks.com\/et\/wp-json\/wp\/v2\/pages\/5122","targetHints":{"allow":["GET"]}}],"collection":[{"href":"https:\/\/www.erplybooks.com\/et\/wp-json\/wp\/v2\/pages"}],"about":[{"href":"https:\/\/www.erplybooks.com\/et\/wp-json\/wp\/v2\/types\/page"}],"author":[{"embeddable":true,"href":"https:\/\/www.erplybooks.com\/et\/wp-json\/wp\/v2\/users\/3"}],"replies":[{"embeddable":true,"href":"https:\/\/www.erplybooks.com\/et\/wp-json\/wp\/v2\/comments?post=5122"}],"version-history":[{"count":0,"href":"https:\/\/www.erplybooks.com\/et\/wp-json\/wp\/v2\/pages\/5122\/revisions"}],"up":[{"embeddable":true,"href":"https:\/\/www.erplybooks.com\/et\/wp-json\/wp\/v2\/pages\/3312"}],"wp:attachment":[{"href":"https:\/\/www.erplybooks.com\/et\/wp-json\/wp\/v2\/media?parent=5122"}],"wp:term":[{"taxonomy":"category","embeddable":true,"href":"https:\/\/www.erplybooks.com\/et\/wp-json\/wp\/v2\/categories?post=5122"},{"taxonomy":"post_tag","embeddable":true,"href":"https:\/\/www.erplybooks.com\/et\/wp-json\/wp\/v2\/tags?post=5122"}],"curies":[{"name":"wp","href":"https:\/\/api.w.org\/{rel}","templated":true}]}}