{"id":5101,"date":"2017-07-07T14:10:49","date_gmt":"2017-07-07T14:10:49","guid":{"rendered":"http:\/\/www.erplybooks.com\/?page_id=5101\/"},"modified":"2023-07-04T10:13:30","modified_gmt":"2023-07-04T10:13:30","slug":"projektigrupid","status":"publish","type":"page","link":"https:\/\/www.erplybooks.com\/et\/juhendid\/projektigrupid\/","title":{"rendered":"Projektigrupid"},"content":{"rendered":"<h1>Projektigrupid<\/h1>\n<p>&nbsp;<\/p>\n<p><span style=\"font-weight: 400;\">Samalaadsed projektid saab \u00fchendada \u00fche projektigrupi alla. Selline grupeerimine annab rohkem v\u00f5imalusi projektide kasutamiseks erinevates tehingutes ja ka nende aruannetes kajastamisel. Kokkuv\u00f5ttes loovad projektigrupid rohkem v\u00f5imalusi ja dimensioone aruannete kajastamiseks.<\/span><\/p>\n<p><span style=\"font-weight: 400;\">N\u00e4iteks on v\u00f5imalik luua projektigrupp\u00a0<b>\u201cT\u00f6\u00f6tajad\u201d<\/b>, kuhu on koondatud k\u00f5ik t\u00f6\u00f6tajad ning\u00a0<b>\u201cLaod\u201d<\/b>, kuhu on koondatud k\u00f5ik laod. Ostu- ja m\u00fc\u00fcgiarvete sisestamisel tekivad siis tavalise projekti asemele kaks projekti nimetustega <b>\u201cT\u00f6\u00f6tajad\u201d<\/b> ja <b>\u201cLaod\u201d<\/b>. Nii on v\u00f5imalik arve siduda kas ainult \u00fche, ainult teise v\u00f5i m\u00f5lema projektigrupiga.<\/span><\/p>\n<p><span style=\"font-weight: 400;\">Projektigruppide kasutamiseks tuleb lisada esmalt seadistus, et oleks v\u00f5imalik mitme projekti valik. Ava\u00a0<b>\u201cS\u00e4tted\u201d &gt; \u201c\u00dcldised S\u00e4tted\u201d &gt;<\/b> ja tee linnuke <b>\u201cV\u00f5imalda mitme projekti valikut\u201d<\/b> taha.<\/span><\/p>\n<p>&nbsp;<\/p>\n<p><img loading=\"lazy\" decoding=\"async\" class=\"alignnone wp-image-25470\" src=\"https:\/\/www.erplybooks.com\/wp-content\/uploads\/2022\/03\/Screenshot-2022-03-28-at-11.50.16-1-921x1024.png\" alt=\"\" width=\"400\" height=\"445\" \/><\/p>\n<p><span style=\"font-weight: 400;\">See plugin k\u00e4ib koos globaalse parameetriga nimega <\/span><b>GLOBAL_USE_PROJECT_GROUP-REPORTING. <\/b><span style=\"font-weight: 400;\">Seda parameetrit saab n\u00e4ha, kui otsida pealehel otsingukastis <\/span><b>\u2018\u2019Globaalsed atribuudid\u2019\u2019<\/b><span style=\"font-weight: 400;\">.<\/span><\/p>\n<p>&nbsp;<\/p>\n<h3>Projektigrupi loomine<\/h3>\n<p><span style=\"font-weight: 400;\">Projektigrupi lisamiseks ava\u00a0<b>\u201cS\u00e4tted\u201d &gt; \u201cAlgandmed\u201d &gt; \u201cProjektigrupid\u201d<\/b>. Vajuta <strong>\u201c+\u201d<\/strong> nuppu ja lisa enda valitud nimega projektigrupp. Peale uue projektigrupi lisamist salvesta ja uuenda lehte (refresh). J\u00e4rgneval pildil on m\u00e4\u00e4ratud projektigrupid <b>\u201cT\u00f6\u00f6tajad\u201d, \u201cLaod\u201d<\/b> ja <b>\u201cKonverentsid\u201d<\/b>.<\/span><\/p>\n<p><img loading=\"lazy\" decoding=\"async\" class=\" wp-image-5282 alignnone\" src=\"https:\/\/www.erplybooks.com\/wp-content\/uploads\/2020\/10\/Screen-Shot-2020-10-14-at-15.30.29.png\" alt=\"\" width=\"217\" height=\"120\" \/><\/p>\n<p>&nbsp;<\/p>\n<h3>Projektide lisamine projektigruppide alla<\/h3>\n<p><span style=\"font-weight: 400;\">Seej\u00e4rel ava\u00a0<b>\u201cS\u00e4tted\u201d &gt; \u201cAlgandmed\u201d &gt; \u201cProjektid\u201d<\/b>. Siin saad m\u00e4\u00e4rata projektigruppide alla erinevad projektid. J\u00e4rgneval pildil on m\u00e4\u00e4ratud k\u00f5ikidele t\u00f6\u00f6tajatele projektigrupiks <b>\u201cT\u00f6\u00f6tajad\u201d<\/b> ja k\u00f5ikidele ladudele on m\u00e4\u00e4ratud projektigrupiks <b>\u201cLaod\u201d<\/b>. <\/span><\/p>\n<p><img loading=\"lazy\" decoding=\"async\" class=\" wp-image-5282 alignnone\" src=\"https:\/\/www.erplybooks.com\/wp-content\/uploads\/2020\/10\/Screen-Shot-2020-10-14-at-15.38.39.png\" alt=\"\" width=\"609\" height=\"413\" \/><\/p>\n<p>&nbsp;<\/p>\n<h3>Projektigrupid ostuarvel<\/h3>\n<p><span style=\"font-weight: 400;\">Ostuarve lisamiseks ava\u00a0<b>\u201cOst\u201d &gt; \u201cOstuarve (Lisa uus)\u201d &gt; \u201cOstuarve\u201d<\/b>. Ostuarve sisestamisel on n\u00e4ha, et eelnevalt lisatud projektigrupid ilmusid ka ostuarvele. J\u00e4rgneval joonisel on n\u00e4ha, et vasakul hallis kastis ja ka paremal kande ridadel on lahtrid, kust saab projektigruppe lisada. Sel moel saad \u00fchendada ostuarve uute projektigruppidega.<\/span><\/p>\n<p><img loading=\"lazy\" decoding=\"async\" class=\"alignnone wp-image-19716 size-full\" src=\"https:\/\/www.erplybooks.com\/wp-content\/uploads\/2020\/12\/Screen-Shot-2020-10-14-at-15.54.43.png\" alt=\"\" width=\"1268\" height=\"396\" \/><\/p>\n<p>&nbsp;<\/p>\n<h3>Projektigrupid aruannetes<\/h3>\n<p><span style=\"font-weight: 400;\">Aruannete moodustamine projektigruppide puhul t\u00f6\u00f6tab samamoodi nagu tavaliste projektidega. <\/span><span style=\"font-weight: 400;\">Projektigruppe saab valida erinevates aruannetes nagu bilanss, kasumiaruanne, rahavoogude aruanne, saldoaruanne, pearaamat, kannete register, p\u00e4evaraamat, k\u00e4ibeandmik, kliendi-hankija raport, laekumiste ja maksmiste otsingus jne. Valiku tegemiseks vajuta lahtris <b>\u201cProjekt\u201d<\/b> olevat noolekest.<\/span><\/p>\n<p><span style=\"font-weight: 400;\">Kui muidu on aruannetes n\u00e4htav info k\u00f5ikide projektide peale kokku, siis lisades vastava plugina on v\u00f5imalik n\u00e4ha aruandeid ka erinevate projektigruppide l\u00f5ikes (n\u00e4iteks erinevad asukohad, osakonnad).\u00a0<\/span><\/p>\n<p>Kui soovite vaadata n\u00e4iteks bilanssi ja kasumiaruannet projektide l\u00f5ikes, siis tuleb lisaks <strong>&#8221;V\u00f5imalda mitme projekti valikut&#8221;<\/strong> seadistusele <span style=\"font-weight: 400;\">bilansi ja kasumiaruande lehel panna linnuke \u2018<\/span><b>\u2019Detailne\u2019<\/b><span style=\"font-weight: 400;\">\u2019 lahtrissee ja vajutada &#8221;<\/span><b>Otsi&#8221;.<\/b><span style=\"font-weight: 400;\">\u00a0<\/span><\/p>\n<p>&nbsp;<\/p>\n<p><img loading=\"lazy\" decoding=\"async\" class=\"alignnone wp-image-25452 size-large\" src=\"https:\/\/www.erplybooks.com\/wp-content\/uploads\/2022\/03\/Screenshot-2022-03-28-at-11.47.51-1024x212.png\" alt=\"\" width=\"1024\" height=\"212\" srcset=\"https:\/\/www.erplybooks.com\/wp-content\/uploads\/2022\/03\/Screenshot-2022-03-28-at-11.47.51-980x203.png 980w, https:\/\/www.erplybooks.com\/wp-content\/uploads\/2022\/03\/Screenshot-2022-03-28-at-11.47.51-480x100.png 480w\" sizes=\"auto, (min-width: 0px) and (max-width: 480px) 480px, (min-width: 481px) and (max-width: 980px) 980px, (min-width: 981px) 1024px, 100vw\" \/><\/p>\n<p><span style=\"font-weight: 400;\">N\u00fc\u00fcd n\u00e4ed bilanssi ja kasumiaruannet erinevate gruppide l\u00f5ikes.<\/span><\/p>\n<p>&nbsp;<\/p>\n<p>&nbsp;<\/p>\n<p>&nbsp;<\/p>\n","protected":false},"excerpt":{"rendered":"<p>Projektigrupid &nbsp; Samalaadsed projektid saab \u00fchendada \u00fche projektigrupi alla. Selline grupeerimine annab rohkem v\u00f5imalusi projektide kasutamiseks erinevates tehingutes ja ka nende aruannetes kajastamisel. Kokkuv\u00f5ttes loovad projektigrupid rohkem v\u00f5imalusi ja dimensioone aruannete kajastamiseks. N\u00e4iteks on v\u00f5imalik luua projektigrupp\u00a0\u201cT\u00f6\u00f6tajad\u201d, kuhu on koondatud k\u00f5ik t\u00f6\u00f6tajad ning\u00a0\u201cLaod\u201d, kuhu on koondatud k\u00f5ik laod. Ostu- ja m\u00fc\u00fcgiarvete sisestamisel tekivad siis tavalise [&hellip;]<\/p>\n","protected":false},"author":3,"featured_media":0,"parent":3312,"menu_order":0,"comment_status":"closed","ping_status":"closed","template":"","meta":{"_et_pb_use_builder":"","_et_pb_old_content":"","_et_gb_content_width":"","footnotes":""},"categories":[450],"tags":[167,552],"class_list":["post-5101","page","type-page","status-publish","hentry","category-seadistused","tag-projektid","tag-projektigrupid"],"_links":{"self":[{"href":"https:\/\/www.erplybooks.com\/et\/wp-json\/wp\/v2\/pages\/5101","targetHints":{"allow":["GET"]}}],"collection":[{"href":"https:\/\/www.erplybooks.com\/et\/wp-json\/wp\/v2\/pages"}],"about":[{"href":"https:\/\/www.erplybooks.com\/et\/wp-json\/wp\/v2\/types\/page"}],"author":[{"embeddable":true,"href":"https:\/\/www.erplybooks.com\/et\/wp-json\/wp\/v2\/users\/3"}],"replies":[{"embeddable":true,"href":"https:\/\/www.erplybooks.com\/et\/wp-json\/wp\/v2\/comments?post=5101"}],"version-history":[{"count":0,"href":"https:\/\/www.erplybooks.com\/et\/wp-json\/wp\/v2\/pages\/5101\/revisions"}],"up":[{"embeddable":true,"href":"https:\/\/www.erplybooks.com\/et\/wp-json\/wp\/v2\/pages\/3312"}],"wp:attachment":[{"href":"https:\/\/www.erplybooks.com\/et\/wp-json\/wp\/v2\/media?parent=5101"}],"wp:term":[{"taxonomy":"category","embeddable":true,"href":"https:\/\/www.erplybooks.com\/et\/wp-json\/wp\/v2\/categories?post=5101"},{"taxonomy":"post_tag","embeddable":true,"href":"https:\/\/www.erplybooks.com\/et\/wp-json\/wp\/v2\/tags?post=5101"}],"curies":[{"name":"wp","href":"https:\/\/api.w.org\/{rel}","templated":true}]}}