{"id":4917,"date":"2017-05-15T11:21:41","date_gmt":"2017-05-15T11:21:41","guid":{"rendered":"http:\/\/www.erplybooks.com\/?page_id=4917\/"},"modified":"2026-04-08T09:18:28","modified_gmt":"2026-04-08T09:18:28","slug":"uue-osakonna-lisamine","status":"publish","type":"page","link":"https:\/\/www.erplybooks.com\/et\/juhendid\/uue-osakonna-lisamine\/","title":{"rendered":"Uue osakonna lisamine"},"content":{"rendered":"<h1><strong>Uue osakonna lisamine<\/strong><\/h1>\n<h3><\/h3>\n<h3>1. Uue osakonna lisamine<\/h3>\n<p><span style=\"font-weight: 400;\"> Uue osakonna lisamine toimub ERPLY keskkonnas \u201cLaod\u201d kaudu. ERPLY Books&#8217;is ava\u00a0<b>\u201cS\u00e4tted\u201d &gt; \u201cERPLY kassa &amp; lao s\u00e4tted\u201d<\/b> ja vajuta nuppu <b>\u201cS\u00fcnkroniseeri laod projektideks\u201d<\/b>. Sel moel toimub \u00fchekordne s\u00fcnkroniseerimine. Kui soovid, et lisandunud osakondi s\u00fcnkroniseeritakse regulaarselt, vajuta\u00a0<b>\u201cMuud v\u00f5imalused\u201d<\/b> ja tee linnuke <b>\u201cS\u00fcnkroniseeri lisandunud laod projektideks\u201d<\/b> ette. Siis toimub lisandunud osakondade s\u00fcnkroniseerimine iga kord, kui toimub Sinu automaatne s\u00fcnkronisatsioon.<\/span><\/p>\n<p>&nbsp;<\/p>\n<h3>2. Uue osakonnaga seotud kasutaja\u00f5igused<\/h3>\n<p><span style=\"font-weight: 400;\"> Kui uus ladu on lisatud, siis sellega seotud raamatupidaja n\u00e4eb automaatselt vaikimisi antud laoga seotud informatsiooni. Selleks, et n\u00e4iteks osakonnajuhataja n\u00e4eks antud osakonda, saab siduda kasutajaid projektidega. Mine <b>\u201cS\u00e4tted\u201d &gt; \u201dKasutajad\u201d &gt; \u201dLisa kasutajad\u201d<\/b> ja avanenud aknas saab m\u00e4\u00e4rata rolli ja projekti.<br \/>\nErinevate kasutajarollide kohta loe j\u00e4rgnevast <a href=\"https:\/\/www.erplybooks.com\/et\/?page_id=1422\">juhendist.<\/a><\/span><\/p>\n<h3><\/h3>\n<h3>3. Kontode m\u00e4\u00e4ramine ladude l\u00f5ikes<\/h3>\n<p><span style=\"font-weight: 400;\">Kui soovid kontosid m\u00e4\u00e4rata ladude l\u00f5ikes, siis otsi vajuta <strong>&#8220;S\u00e4tted&#8221;<\/strong> <b>&gt; &#8220;Algandmed&#8221; &gt; &#8220;S\u00fcsteemikontod&#8221; <\/b><\/span><span style=\"font-weight: 400;\">. V\u00f5imalikud t\u00fc\u00fcbid on:<\/span><\/p>\n<ul>\n<li><span style=\"font-weight: 400;\">Osakonna kaubakulu<\/span><\/li>\n<li><span style=\"font-weight: 400;\">Osakonna tulukonto<\/span><\/li>\n<li><span style=\"font-weight: 400;\">Osakonna k\u00e4ibemaks<\/span><\/li>\n<li><span style=\"font-weight: 400;\">Osakonna laokonto<\/span><\/li>\n<li><span style=\"font-weight: 400;\">Osakonna maksmata ostuarved<\/span><\/li>\n<li><span style=\"font-weight: 400;\">Osakonna laekumata m\u00fc\u00fcgiarved<\/span><\/li>\n<li><span style=\"font-weight: 400;\">Osakonnale m\u00e4\u00e4ratud sularaha konto<\/span><\/li>\n<li><span style=\"font-weight: 400;\">Osakonnale m\u00e4\u00e4ratud kaardimakse konto<\/span><\/li>\n<\/ul>\n<p><img loading=\"lazy\" decoding=\"async\" class=\"alignnone size-full wp-image-37465\" src=\"https:\/\/www.erplybooks.com\/wp-content\/uploads\/2026\/04\/Screenshot-2026-04-08-110926-2.png\" alt=\"\" width=\"1830\" height=\"817\" srcset=\"https:\/\/www.erplybooks.com\/wp-content\/uploads\/2026\/04\/Screenshot-2026-04-08-110926-2.png 1830w, https:\/\/www.erplybooks.com\/wp-content\/uploads\/2026\/04\/Screenshot-2026-04-08-110926-2-1280x571.png 1280w, https:\/\/www.erplybooks.com\/wp-content\/uploads\/2026\/04\/Screenshot-2026-04-08-110926-2-980x438.png 980w, https:\/\/www.erplybooks.com\/wp-content\/uploads\/2026\/04\/Screenshot-2026-04-08-110926-2-480x214.png 480w\" sizes=\"auto, (min-width: 0px) and (max-width: 480px) 480px, (min-width: 481px) and (max-width: 980px) 980px, (min-width: 981px) and (max-width: 1280px) 1280px, (min-width: 1281px) 1830px, 100vw\" \/><\/p>\n<p><span style=\"font-weight: 400;\">ERPLY Books s\u00fcsteemikontode moodulis saab lisada kontole sobiva Projekti (Lao) . Uue konto lisamiseks vajuta all paremas servas olevat sinist <strong>\u201c+\u201d<\/strong> nuppu, millega lisandub uus rida. Vali sellele konto ning projekt.<br \/>\nKui oled m\u00e4\u00e4ranud osakonnale spetsiifilisi kontosid, siis igal s\u00fcnkroniseerimisel m\u00e4\u00e4ratakse tehingutega seotud kontod vastavalt tehingu osakonnale.<br \/>\n<\/span><\/p>\n<p>&nbsp;<\/p>\n<p>&nbsp;<\/p>\n","protected":false},"excerpt":{"rendered":"<p>Uue osakonna lisamine 1. Uue osakonna lisamine Uue osakonna lisamine toimub ERPLY keskkonnas \u201cLaod\u201d kaudu. ERPLY Books&#8217;is ava\u00a0\u201cS\u00e4tted\u201d &gt; \u201cERPLY kassa &amp; lao s\u00e4tted\u201d ja vajuta nuppu \u201cS\u00fcnkroniseeri laod projektideks\u201d. Sel moel toimub \u00fchekordne s\u00fcnkroniseerimine. Kui soovid, et lisandunud osakondi s\u00fcnkroniseeritakse regulaarselt, vajuta\u00a0\u201cMuud v\u00f5imalused\u201d ja tee linnuke \u201cS\u00fcnkroniseeri lisandunud laod projektideks\u201d ette. Siis toimub lisandunud [&hellip;]<\/p>\n","protected":false},"author":3,"featured_media":0,"parent":3312,"menu_order":0,"comment_status":"closed","ping_status":"closed","template":"","meta":{"_et_pb_use_builder":"","_et_pb_old_content":"","_et_gb_content_width":"","footnotes":""},"categories":[450],"tags":[941,940],"class_list":["post-4917","page","type-page","status-publish","hentry","category-seadistused","tag-lisamine","tag-osakond"],"_links":{"self":[{"href":"https:\/\/www.erplybooks.com\/et\/wp-json\/wp\/v2\/pages\/4917","targetHints":{"allow":["GET"]}}],"collection":[{"href":"https:\/\/www.erplybooks.com\/et\/wp-json\/wp\/v2\/pages"}],"about":[{"href":"https:\/\/www.erplybooks.com\/et\/wp-json\/wp\/v2\/types\/page"}],"author":[{"embeddable":true,"href":"https:\/\/www.erplybooks.com\/et\/wp-json\/wp\/v2\/users\/3"}],"replies":[{"embeddable":true,"href":"https:\/\/www.erplybooks.com\/et\/wp-json\/wp\/v2\/comments?post=4917"}],"version-history":[{"count":0,"href":"https:\/\/www.erplybooks.com\/et\/wp-json\/wp\/v2\/pages\/4917\/revisions"}],"up":[{"embeddable":true,"href":"https:\/\/www.erplybooks.com\/et\/wp-json\/wp\/v2\/pages\/3312"}],"wp:attachment":[{"href":"https:\/\/www.erplybooks.com\/et\/wp-json\/wp\/v2\/media?parent=4917"}],"wp:term":[{"taxonomy":"category","embeddable":true,"href":"https:\/\/www.erplybooks.com\/et\/wp-json\/wp\/v2\/categories?post=4917"},{"taxonomy":"post_tag","embeddable":true,"href":"https:\/\/www.erplybooks.com\/et\/wp-json\/wp\/v2\/tags?post=4917"}],"curies":[{"name":"wp","href":"https:\/\/api.w.org\/{rel}","templated":true}]}}