{"id":4912,"date":"2017-05-15T11:14:21","date_gmt":"2017-05-15T11:14:21","guid":{"rendered":"http:\/\/www.erplybooks.com\/?page_id=4912\/"},"modified":"2026-04-29T13:32:56","modified_gmt":"2026-04-29T13:32:56","slug":"uue-pangakonto-lisamine","status":"publish","type":"page","link":"https:\/\/www.erplybooks.com\/et\/juhendid\/uue-pangakonto-lisamine\/","title":{"rendered":"Uue pangakonto lisamine"},"content":{"rendered":"<h1>Uue pangakonto lisamine<\/h1>\n<p>&nbsp;<\/p>\n<h2>1. Lisa uus raamatupidamiskonto<\/h2>\n<p><span style=\"font-weight: 400;\">Uue pangakonto jaoks on vaja lisada uus raamatupidamiskonto. Vali \u00fclamen\u00fc\u00fcst <\/span><b>\u201cRMP\u201d &gt; \u201dKontoplaan\u201d. <\/b><\/p>\n<p><span style=\"font-weight: 400;\">Avaneb kontoplaan, vali alamen\u00fc\u00fcst \u201c<\/span><b>+<\/b><span style=\"font-weight: 400;\">\u201d nupp, et lisada konto. Kui kogu vajalik informatsioon on lisatud, vajuta \u201c<\/span><b>Salvesta<\/b><span style=\"font-weight: 400;\">\u201d.<\/span><\/p>\n<p><img loading=\"lazy\" decoding=\"async\" class=\"alignleft wp-image-905 size-full\" src=\"https:\/\/www.erplybooks.com\/wp-content\/uploads\/2020\/08\/uus-konto-1.png\" alt=\"pangakonto\" width=\"302\" height=\"400\" \/><\/p>\n<h2>2. Lisa uus pangakonto<\/h2>\n<p><span style=\"font-weight: 400;\">Pangakonto lisamiseks ava\u00a0<\/span><b>\u201cS\u00e4tted\u201d &gt; \u201dFirma Andmed\u201d<\/b><span style=\"font-weight: 400;\">. Avaneb leht, mille alamen\u00fc\u00fcs on nupp <\/span><b>\u201cLisa pangakonto\u201d. <\/b><span style=\"font-weight: 400;\">Avanenud aknas saad lisada vastava informatsiooni uue pangakonto kohta. Peale j\u00e4rgmiste v\u00e4ljade t\u00e4itmist vajuta\u00a0<\/span><b>\u201cSalvesta\u201d. <\/b><\/p>\n<p><img loading=\"lazy\" decoding=\"async\" class=\"alignleft wp-image-905 size-full\" src=\"https:\/\/www.erplybooks.com\/wp-content\/uploads\/2020\/08\/uus-pangakonto-3.png\" width=\"302\" height=\"400\" \/><\/p>\n<p><span style=\"font-weight: 400;\">Pangakonto real l\u00f5pus olev nupp <b>\u201cVaikimisi\u201d<\/b> t\u00e4hendab, et see konto on valitud kontoks, mis seotakse maksetega. Vaikimisi m\u00e4\u00e4ratud kontot saab muuta. <\/span><\/p>\n<p><span style=\"font-weight: 400;\">Samuti saab makset koostades m\u00e4\u00e4rata mingi muu konto, mis ei ole antud hetkel vaikimisi m\u00e4\u00e4ratud. Selleks mine <b>\u201cS\u00e4tted\u201d &gt; \u201cAlgandmed\u201d &gt; \u201cS\u00fcsteemikontod\u201d<\/b>. Vali teine konto (Arvelduskonto(pank)) ja vajuta kontonumbri peale, saad lisada konto, mida soovite vaikimisi kontoks. <\/span><\/p>\n<p><span style=\"font-weight: 400;\">Kui konto on sel moel lisatud, siis saab seda kontot kasutada maksefaili koostamisel.<\/span><\/p>\n<p>&nbsp;<\/p>\n<h2><\/h2>\n<h2>3. ERPLY lao kasutajale<\/h2>\n<p><strong>NB:<\/strong> k\u00f5ikidele viisidele, kuidas klient teile maksta saab, peab leiduma eraldi laekumise viis ERPLY laos. Ilma selleta ei saa neid raamatupidamiskontodega \u00fchendada. Ehk siis kui Sul on olemas pangakontod Swedbankis ja PayPalis, siis on vaja m\u00f5lema kohta ka laekumise viisi ERPLY lattu.<\/p>\n<ul>\n<li><b>Lisa uus laekumisviis ERPLY lao poolel<\/b><\/li>\n<\/ul>\n<p><span style=\"font-weight: 400;\">Et ERPLYs oleksid laekumise viisid \u00f5iged, mine ERPLY keskkonnas: <\/span><b>\u201cErply seaded\u201d &gt; \u201c\u00dcldseadistused\u201d &gt; \u201cM\u00fc\u00fcgiarved seaded\u201d &gt; &#8220;Laekumiste viisid\u201d. <\/b><span style=\"font-weight: 400;\">Seal saad m\u00e4\u00e4rata vastava laekumise viisi ja s\u00fcsteemikoodi. Kui muudatused on tehtud, vajuta\u00a0<\/span><b>\u201cSalvesta\u201d<\/b><span style=\"font-weight: 400;\">.<\/span><\/p>\n<ul>\n<li><b> \u00dchenda laekumisviis raamatupidamiskontoga<\/b><\/li>\n<\/ul>\n<p><span style=\"font-weight: 400;\">Vali ERPLY Books\u2019i \u00fclamen\u00fc\u00fcst <b>\u201cS\u00e4tted\u201d &gt; \u201cErply kassa ja lao s\u00e4tted\u201d &gt; \u201cLisa reeglid kontodele\u201d<\/b>. Vajutades <b>\u201cKonto number\u201d<\/b> lahtrile, saad valida konto, mille lisasid kontoplaani.<\/span><\/p>\n<p><span style=\"font-weight: 400;\">Kui tulevad antud konto nimega maksed, siis need j\u00f5uavad sellele kontole.<\/span><\/p>\n<p>&nbsp;<\/p>\n<ul>\n<li><b> Kas oled selle kontoga eelnevalt mingeid toiminguid l\u00e4bi viinud?<\/b><\/li>\n<\/ul>\n<p><span style=\"font-weight: 400;\">Kui oled antud kontoga eelnevalt mingeid toiminguid teinud ja soovid neid toiminguid kajastada ka Books&#8217;is, siis kasuta massmuudatuste moodulit.<\/span><\/p>\n<p><span style=\"font-weight: 400;\">V\u00f5imalus on parandada tehtud vigu, t\u00f5sta \u00fcmber kandeid, muuta kontot korraga mitmel arvel, muuta kontot erinevatel kannetel jne.<\/span><\/p>\n<p>&nbsp;<\/p>\n<h2>4. Kuidas toimida, kui tegu on pangat\u00fc\u00fcbiga mida ERPLY Books ei toeta?<\/h2>\n<p><span style=\"font-weight: 400;\">ERPLY Books toetab k\u00f5iki EU panku ISO XML formaadis, USA, Kanada, LAV, Austraalia (QIF ja OFX formaat). K\u00f5iki Eesti, L\u00e4ti ja Leedu panku CSV formaadis ja Suurbritannia panku ISO XML formaadis, lisaks toetame Support\u2019i ja PayPal panga\u00fclekandeid <\/span><\/p>\n<p><span style=\"font-weight: 400;\">Kui Sul on pangat\u00fc\u00fcp, mida me ei toeta, siis on v\u00f5imalus ise koostada ja disainida CSV fail.<\/span><\/p>\n<p><span style=\"font-weight: 400;\">J\u00e4rgev juhend r\u00e4\u00e4gib, kuidas <\/span><a href=\"https:\/\/www.erplybooks.com\/et\/dokumentatsioon\/pangavaljavotte-kohandamine-erply-booksis\/\"><span style=\"font-weight: 400;\">kohandada pangav\u00e4ljav\u00f5tet<\/span><\/a><span style=\"font-weight: 400;\"> vastavalt vajadusele.<\/span><\/p>\n","protected":false},"excerpt":{"rendered":"<p>Uue pangakonto lisamine &nbsp; 1. Lisa uus raamatupidamiskonto Uue pangakonto jaoks on vaja lisada uus raamatupidamiskonto. Vali \u00fclamen\u00fc\u00fcst \u201cRMP\u201d &gt; \u201dKontoplaan\u201d. Avaneb kontoplaan, vali alamen\u00fc\u00fcst \u201c+\u201d nupp, et lisada konto. Kui kogu vajalik informatsioon on lisatud, vajuta \u201cSalvesta\u201d. 2. Lisa uus pangakonto Pangakonto lisamiseks ava\u00a0\u201cS\u00e4tted\u201d &gt; \u201dFirma Andmed\u201d. Avaneb leht, mille alamen\u00fc\u00fcs on nupp \u201cLisa [&hellip;]<\/p>\n","protected":false},"author":3,"featured_media":0,"parent":3312,"menu_order":0,"comment_status":"closed","ping_status":"closed","template":"","meta":{"_et_pb_use_builder":"","_et_pb_old_content":"","_et_gb_content_width":"","footnotes":""},"categories":[456,450],"tags":[542,941,724],"class_list":["post-4912","page","type-page","status-publish","hentry","category-pank","category-seadistused","tag-konto","tag-lisamine","tag-pank"],"_links":{"self":[{"href":"https:\/\/www.erplybooks.com\/et\/wp-json\/wp\/v2\/pages\/4912","targetHints":{"allow":["GET"]}}],"collection":[{"href":"https:\/\/www.erplybooks.com\/et\/wp-json\/wp\/v2\/pages"}],"about":[{"href":"https:\/\/www.erplybooks.com\/et\/wp-json\/wp\/v2\/types\/page"}],"author":[{"embeddable":true,"href":"https:\/\/www.erplybooks.com\/et\/wp-json\/wp\/v2\/users\/3"}],"replies":[{"embeddable":true,"href":"https:\/\/www.erplybooks.com\/et\/wp-json\/wp\/v2\/comments?post=4912"}],"version-history":[{"count":0,"href":"https:\/\/www.erplybooks.com\/et\/wp-json\/wp\/v2\/pages\/4912\/revisions"}],"up":[{"embeddable":true,"href":"https:\/\/www.erplybooks.com\/et\/wp-json\/wp\/v2\/pages\/3312"}],"wp:attachment":[{"href":"https:\/\/www.erplybooks.com\/et\/wp-json\/wp\/v2\/media?parent=4912"}],"wp:term":[{"taxonomy":"category","embeddable":true,"href":"https:\/\/www.erplybooks.com\/et\/wp-json\/wp\/v2\/categories?post=4912"},{"taxonomy":"post_tag","embeddable":true,"href":"https:\/\/www.erplybooks.com\/et\/wp-json\/wp\/v2\/tags?post=4912"}],"curies":[{"name":"wp","href":"https:\/\/api.w.org\/{rel}","templated":true}]}}