{"id":4577,"date":"2017-04-10T10:14:44","date_gmt":"2017-04-10T10:14:44","guid":{"rendered":"http:\/\/www.erplybooks.com\/?page_id=4577\/"},"modified":"2024-07-17T07:45:47","modified_gmt":"2024-07-17T07:45:47","slug":"registreerumine","status":"publish","type":"page","link":"https:\/\/www.erplybooks.com\/et\/registreerumine\/","title":{"rendered":"Registreerumine"},"content":{"rendered":"<h1>Uue kasutaja registreerumine<\/h1>\n<p><span style=\"font-weight: 400;\">Registreerimiseks vajuta\u00a0<a href=\"https:\/\/a2.erplybooks.com\/register?origin=erplybooks&amp;lang=et\">siia<\/a><\/span><span style=\"font-weight: 400;\">.<\/span><\/p>\n<p><span style=\"font-weight: 400;\"> T\u00e4ida<\/span><span style=\"font-weight: 400;\">\u00a0vajalikud lahtrid ning vajuta nupule <b>\u201cRegistreerun\u201d<\/b>. Ava oma meilikast ning j\u00e4rgi kirjas olevaid juhiseid.<\/span><\/p>\n<p><img loading=\"lazy\" decoding=\"async\" class=\"alignnone wp-image-19900 size-full\" src=\"https:\/\/www.erplybooks.com\/wp-content\/uploads\/2020\/12\/Screen-Shot-2020-12-30-at-11.06.16.png\" alt=\"\" width=\"537\" height=\"629\" \/><\/p>\n<h3>ERPLY lao kliendi registreerumine<\/h3>\n<p>Logi sisse ERPLY lattu, seej\u00e4rel:<\/p>\n<ul>\n<li style=\"font-weight: 400;\"><span style=\"font-weight: 400;\">Vajuta ERPLY lao men\u00fc\u00fcs nupule <b>\u201cRaamatupidamine\u201d<\/b><\/span><\/li>\n<li style=\"font-weight: 400;\"><span style=\"font-weight: 400;\">Seej\u00e4rel suunatakse Sind uuele lehele. Sisesta oma ERPLY lao kasutajatunnused<\/span><\/li>\n<li style=\"font-weight: 400;\"><span style=\"font-weight: 400;\">Sisselogimise \u00f5nnestumisel n\u00e4ed j\u00e4rgnevaid valikuid:<\/span>\n<ul>\n<li style=\"font-weight: 400;\"><span style=\"font-weight: 400;\">A. Loo uus ERPLY Books\u2019i kasutaja<\/span><\/li>\n<li style=\"font-weight: 400;\"><span style=\"font-weight: 400;\">B. Logi sisse olemasoleva ERPLY Books\u2019i\u00a0kasutajaga<\/span><\/li>\n<\/ul>\n<\/li>\n<\/ul>\n<p><span style=\"font-weight: 400;\">Kui Sa ei ole varem ERPLY Books&#8217;i kasutanud ning ei oma seal kontot, vali A. Kui Sul on juba olemas ERPLY Books&#8217;i kasutaja ning organisatsioon, mida soovid ERPLY laoga \u00fchendada, vali B.<\/span><\/p>\n<p><span style=\"font-weight: 400;\"><strong>NB!<\/strong> Olemasoleva organisatsiooni \u00fchendamiseks pead olema selle organisatsiooni administraator.<\/span><\/p>\n<h4>A. Loo uus ERPLY Books&#8217;i kasutaja<\/h4>\n<p><span style=\"font-weight: 400;\">Kasutaja suunatakse registreerima uut ERPLY Books kontot. Sisesta oma e-mail, suundu postkasti ning j\u00e4rgi juhiseid. P\u00e4rast seda suunatakse Sind automaatselt tarkvarasse. Edaspidi saad sisse logida kahel erineval viisil:<\/span><\/p>\n<ol>\n<li>ERPLY lao tarkvaras nupule <b>&#8220;Raamatupidamine&#8221;<\/b> vajutades saad sisse logida ERPLY lao kasutajanime, parooli ning kliendikoodiga.<\/li>\n<li>Aadressil\u00a0<a href=\"https:\/\/app.erplybooks.com\/erply_login\">https:\/\/app.erplybooks.com\/erply_login\u00a0<\/a>saad sisse logida ERPLY lao kasutajanime, parooli ning kliendikoodiga.<\/li>\n<\/ol>\n<h4>B. Logi sisse olemasoleva ERPLY Books&#8217;i kasutajaga<\/h4>\n<p><span style=\"font-weight: 400;\">Kasutaja suunatakse sisselogimislehele. Sisesta oma ERPLY Books&#8217;i kasutajanimi ning parool<\/span><span style=\"font-weight: 400;\">. Seej\u00e4rel\u00a0<\/span><span style=\"font-weight: 400;\">avaneb uus leht, kust saad valida, millise ettev\u00f5ttega t\u00f6\u00f6d j\u00e4tkate. K\u00f5ik Sinu poolt hallatavad ERPLY Books\u2019i organisatsioonid kuvatakse sellel lehel. Hiljem saad sisse logida kolmel erineval viisil:<\/span><\/p>\n<ol>\n<li>Aadressil\u00a0<a href=\"https:\/\/app.erplybooks.com\/\">https:\/\/app.erplybooks.com\/<\/a>\u00a0saad sisse logida oma olemasoleva ERPLY Books&#8217;i kasutajanime ning parooliga.<\/li>\n<li>ERPLY lao tarkvaras nupule <b>&#8220;Raamatupidamine&#8221;<\/b> vajutades saad sisse logida ERPLY lao kasutajanime, parooli ning kliendikoodiga.<\/li>\n<li>Aadressil\u00a0<a href=\"https:\/\/app.erplybooks.com\/erply_login\">https:\/\/app.erplybooks.com\/erply_login<\/a>\u00a0saad samuti sisse logida ERPLY lao kasutajanime, parooli ning kliendikoodiga.<\/li>\n<\/ol>\n<h3>Kasutajatele\u00a0ligip\u00e4\u00e4su andmine<\/h3>\n<p><span style=\"font-weight: 400;\">Organisatsiooni administraatorina saad kinnitada ning tagasi l\u00fckata ERPLY lao kasutajate ligip\u00e4\u00e4su sellele ERPLY Books\u2019i organisatsioonile. ERPLY lao kasutajaid saad n\u00e4ha ning hallata Books\u2019i <b>\u201cKasutajad\u201d<\/b> moodulis. Kasutaja, kes on kinnitatud, l\u00e4bib esmasel sisselogimisel sarnase protsessi, nagu eelnevalt kirjutatud registreerija. Registreerimise ning sisselogimise protsessi alustavad k\u00f5ik kasutajad samuti ERPLY laos <b>\u201cRaamatupidamine\u201d<\/b> nupule vajutades.<br \/>\n<\/span><\/p>\n<h3>ERPLY lao ning ERPLY Books&#8217;i vahelise \u00fchenduse katkestamine<\/h3>\n<p><span style=\"font-weight: 400;\">Et eemaldada \u00fchendus, mine <b>\u201cKasutajad\u201d<\/b> moodulisse ning sea k\u00f5ik v\u00e4lised kasutajad staatusesse <b>\u201cOotel\u201d<\/b>. Viimase kasutaja staatuse muutumisega kustutatakse ERPLY lao ning ERPLY Books\u2019i vaheline \u00fchendus.<\/span><\/p>\n<h3><span style=\"font-weight: 400;\">Google\u2019iga sisselogimine<\/span><\/h3>\n<p><span style=\"font-weight: 400;\">ERPLY Books&#8217;i saate sisse logida oma Google&#8217;i konto kaudu.<\/span><\/p>\n<p><strong>Kuidas seda teha?<\/strong><\/p>\n<p><span style=\"font-weight: 400;\">Minge aadressile <\/span><a href=\"https:\/\/a2.erplybooks.com\/\"><span style=\"font-weight: 400;\">https:\/\/a2.erplybooks.com\/<\/span><\/a><span style=\"font-weight: 400;\">\u00a0 ja kl\u00f5psage <strong>&#8220;Sign in with Google&#8221;<\/strong>.<\/span><\/p>\n<p><img loading=\"lazy\" decoding=\"async\" class=\"alignnone wp-image-34461 \" src=\"https:\/\/www.erplybooks.com\/wp-content\/uploads\/2024\/07\/\u0421\u043d\u0438\u043c\u043e\u043a-\u044d\u043a\u0440\u0430\u043d\u0430-2024-07-17-\u0432-10.35.55.png\" alt=\"\" width=\"610\" height=\"444\" srcset=\"https:\/\/www.erplybooks.com\/wp-content\/uploads\/2024\/07\/\u0421\u043d\u0438\u043c\u043e\u043a-\u044d\u043a\u0440\u0430\u043d\u0430-2024-07-17-\u0432-10.35.55.png 690w, https:\/\/www.erplybooks.com\/wp-content\/uploads\/2024\/07\/\u0421\u043d\u0438\u043c\u043e\u043a-\u044d\u043a\u0440\u0430\u043d\u0430-2024-07-17-\u0432-10.35.55-300x218.png 300w, https:\/\/www.erplybooks.com\/wp-content\/uploads\/2024\/07\/\u0421\u043d\u0438\u043c\u043e\u043a-\u044d\u043a\u0440\u0430\u043d\u0430-2024-07-17-\u0432-10.35.55-480x349.png 480w\" sizes=\"auto, (max-width: 610px) 100vw, 610px\" \/><\/p>\n<p><span style=\"font-weight: 400;\">Kui teil ei ole veel kontot, saate ERPLY Booksis uue kasutajana registreeruda, kl\u00f5psates <\/span><a href=\"https:\/\/a2.erplybooks.com\/register?origin=erplybooks&amp;lang=et\"><span style=\"font-weight: 400;\">https:\/\/a2.erplybooks.com\/register<\/span><\/a><span style=\"font-weight: 400;\"> , samuti saab ka oma Google&#8217;i kontoga registreeruda.\u00a0<\/span><\/p>\n<p><span style=\"font-weight: 400;\">Kui teil on k\u00fcsimusi seoses registreerimise v\u00f5i sisselogimisega <\/span><span style=\"font-weight: 400;\">v\u00f5tke \u00fchendust aadressil <\/span><a href=\"mailto:support@erplybooks.com\"><span style=\"font-weight: 400;\">support@erplybooks.com<\/span><\/a><span style=\"font-weight: 400;\">.<\/span><\/p>\n<p><span style=\"font-weight: 400;\">Kui teil on olemas konto, saate logida sisse ka Google&#8217;i kaudu. Kui logite sisse, siis avaneb pealeht. <\/span><\/p>\n<p>&nbsp;<\/p>\n<p style=\"text-align: right;\"><em>Uuendatud 17.07.2024<\/em><\/p>\n","protected":false},"excerpt":{"rendered":"<p>Uue kasutaja registreerumine Registreerimiseks vajuta\u00a0siia. T\u00e4ida\u00a0vajalikud lahtrid ning vajuta nupule \u201cRegistreerun\u201d. Ava oma meilikast ning j\u00e4rgi kirjas olevaid juhiseid. ERPLY lao kliendi registreerumine Logi sisse ERPLY lattu, seej\u00e4rel: Vajuta ERPLY lao men\u00fc\u00fcs nupule \u201cRaamatupidamine\u201d Seej\u00e4rel suunatakse Sind uuele lehele. Sisesta oma ERPLY lao kasutajatunnused Sisselogimise \u00f5nnestumisel n\u00e4ed j\u00e4rgnevaid valikuid: A. Loo uus ERPLY Books\u2019i kasutaja [&hellip;]<\/p>\n","protected":false},"author":1,"featured_media":0,"parent":0,"menu_order":40,"comment_status":"closed","ping_status":"closed","template":"","meta":{"_et_pb_use_builder":"","_et_pb_old_content":"","_et_gb_content_width":"","footnotes":""},"categories":[450],"tags":[448,486],"class_list":["post-4577","page","type-page","status-publish","hentry","category-seadistused","tag-registreeri","tag-registreerumine"],"_links":{"self":[{"href":"https:\/\/www.erplybooks.com\/et\/wp-json\/wp\/v2\/pages\/4577","targetHints":{"allow":["GET"]}}],"collection":[{"href":"https:\/\/www.erplybooks.com\/et\/wp-json\/wp\/v2\/pages"}],"about":[{"href":"https:\/\/www.erplybooks.com\/et\/wp-json\/wp\/v2\/types\/page"}],"author":[{"embeddable":true,"href":"https:\/\/www.erplybooks.com\/et\/wp-json\/wp\/v2\/users\/1"}],"replies":[{"embeddable":true,"href":"https:\/\/www.erplybooks.com\/et\/wp-json\/wp\/v2\/comments?post=4577"}],"version-history":[{"count":0,"href":"https:\/\/www.erplybooks.com\/et\/wp-json\/wp\/v2\/pages\/4577\/revisions"}],"wp:attachment":[{"href":"https:\/\/www.erplybooks.com\/et\/wp-json\/wp\/v2\/media?parent=4577"}],"wp:term":[{"taxonomy":"category","embeddable":true,"href":"https:\/\/www.erplybooks.com\/et\/wp-json\/wp\/v2\/categories?post=4577"},{"taxonomy":"post_tag","embeddable":true,"href":"https:\/\/www.erplybooks.com\/et\/wp-json\/wp\/v2\/tags?post=4577"}],"curies":[{"name":"wp","href":"https:\/\/api.w.org\/{rel}","templated":true}]}}