{"id":4551,"date":"2017-04-10T06:31:43","date_gmt":"2017-04-10T06:31:43","guid":{"rendered":"http:\/\/www.erplybooks.com\/?page_id=4551\/"},"modified":"2023-07-04T11:24:54","modified_gmt":"2023-07-04T11:24:54","slug":"intrastat-aruanne","status":"publish","type":"page","link":"https:\/\/www.erplybooks.com\/et\/juhendid\/intrastat-aruanne\/","title":{"rendered":"Intrastat aruanne"},"content":{"rendered":"<h1>Intrastat aruanded<\/h1>\n<p>&nbsp;<\/p>\n<h2>Mis on Intrastat ning miks seda aruannet koostatakse?<\/h2>\n<p>Intrastat on Euroopa Liidu liikmesriikide omavahelise kaubavahetuse andmete kogumise s\u00fcsteem, mis sai alguse 1993. aastal ELi riikide \u00fchisturu loomise ja sellega kaasneva tollikontrolli kadumisega ELi sisepiiridel.<\/p>\n<p>Intrastati aruannete p\u00f5hjal saadud informatsiooni alusel koostatakse v\u00e4liskaubandusstatistikat, mis on vajalik \u00a0Euroopa Liidu siseturu, majanduse ja \u00fchisraha euro j\u00e4lgimisel ning poliitiliste- ja kaubandusl\u00e4bir\u00e4\u00e4kimiste ettevalmistamisel. \u00a0Statistikaamet edastab iga kuu v\u00e4liskaubandusstatistika koondandmeid Euroopa Liidu statistikaametile (Eurostat).<\/p>\n<p>Intrastati aruande peavad esitama ettev\u00f5tted, mille Euroopa Liidu riikidega peetud kaubavahetuse k\u00e4ive \u00fcletab aruandeaastaks kehtestatud statistilise l\u00e4ve. Statistilise l\u00e4ve m\u00e4\u00e4rab kindlaks Statistikaamet eelmise aasta v\u00e4liskaubanduse andmete p\u00f5hjal. Aruandekohustuse m\u00e4\u00e4ramisel vaadeldakse m\u00f5lema kaubavoo k\u00e4ivet eraldi. Aruanne tuleb esitada ainult statistilise l\u00e4ve \u00fcletanud kaubavoo kohta.<\/p>\n<p><span style=\"font-weight: 400;\">Intrastat aruannet saavad koostada ainult need ERPLY Books kliendid, kes kasutavad tasulist paketti.<\/span><\/p>\n<p>&nbsp;<\/p>\n<h3>Intrastat aruanne m\u00fc\u00fcgi jaoks<\/h3>\n<p><span style=\"font-weight: 400;\">Ava <strong>\u201cAruanded\u201d &gt; \u201cAruandegeneraator\u201d.<\/strong><\/span><\/p>\n<ol>\n<li><span style=\"font-weight: 400;\">Tabelitesse vali <strong>&#8220;ERPLY M\u00fc\u00fcgiraport&#8221;<\/strong><\/span><\/li>\n<li><span style=\"font-weight: 400;\">Avaneb uus aken, kus m\u00e4\u00e4ra kuup\u00e4evad ning vali t\u00fc\u00fcbiks <strong>\u201cSALES_BY_INVOICE_ROWS\u201d. <\/strong>\u00c4ra seda akent kinni pane.<\/span><\/li>\n<li><span style=\"font-weight: 400;\">Lahtrisse <strong>&#8220;N\u00e4ita gruppides&#8221; <\/strong>vali <strong>\u201cERPLY M\u00fc\u00fcgiraport.code3\u201d<\/strong><\/span><\/li>\n<li><span style=\"font-weight: 400;\">Lahtrisse <strong>&#8220;V\u00e4ljundid&#8221;<\/strong> vali allolevas j\u00e4rjekorras:<\/span><\/li>\n<\/ol>\n<ul>\n<li style=\"list-style-type: none;\">\n<ul>\n<li><span style=\"font-weight: 400;\">ERPLY M\u00fc\u00fcgiraport.countryCode<\/span><\/li>\n<li><span style=\"font-weight: 400;\">ERPLY M\u00fc\u00fcgiraport.originCountryCode<\/span><\/li>\n<li style=\"font-weight: 400;\"><span style=\"font-weight: 400;\">ERPLY M\u00fc\u00fcgiraport.code3<\/span><\/li>\n<li><span style=\"font-weight: 400;\">ERPLY M\u00fc\u00fcgiraport.netWeight<\/span><\/li>\n<li style=\"font-weight: 400;\"><span style=\"font-weight: 400;\">ERPLY M\u00fc\u00fcgiraport.soldQuantity<\/span><\/li>\n<li style=\"font-weight: 400;\"><span style=\"font-weight: 400;\">ERPLY M\u00fc\u00fcgiraport.netSalesTotal<\/span><\/li>\n<\/ul>\n<\/li>\n<\/ul>\n<p>5. Seej\u00e4rel vajuta <strong>&#8220;Lisa filter&#8221;<\/strong> nuppu ja lisa 2 parameetri rida:<\/p>\n<ul>\n<li style=\"font-weight: 400;\"><span style=\"font-weight: 400;\">Parameeter: ERPLY M\u00fc\u00fcgiraport.countryCode<\/span><\/li>\n<li style=\"font-weight: 400;\"><span style=\"font-weight: 400;\">T\u00fc\u00fcp: ei v\u00f5rdu<\/span><\/li>\n<li style=\"font-weight: 400;\"><span style=\"font-weight: 400;\">V\u00e4\u00e4rtus: EE<\/span><\/li>\n<\/ul>\n<p>&nbsp;<\/p>\n<ul>\n<li style=\"font-weight: 400;\"><span style=\"font-weight: 400;\">Parameeeter: ERPLY M\u00fc\u00fcgiraport.originCountryCode<\/span><\/li>\n<li style=\"font-weight: 400;\"><span style=\"font-weight: 400;\">T\u00fc\u00fcp: ei v\u00f5rdu<\/span><\/li>\n<li style=\"font-weight: 400;\"><span style=\"font-weight: 400;\">V\u00e4\u00e4rtus: EE<\/span><\/li>\n<\/ul>\n<p>N\u00fc\u00fcd on parameetrid valitud ja tuleb vajutada avatud aknas <strong>&#8220;Tehtud&#8221;<\/strong> nuppu ning seej\u00e4rel p\u00f5hiaknas <strong>&#8220;Otsi&#8221;<\/strong> nuppu.<\/p>\n<p><img loading=\"lazy\" decoding=\"async\" class=\"alignnone size-full wp-image-23862\" src=\"https:\/\/www.erplybooks.com\/wp-content\/uploads\/2021\/09\/Screenshot-2021-09-07-at-14.57.26.png\" alt=\"\" width=\"1358\" height=\"554\" srcset=\"https:\/\/www.erplybooks.com\/wp-content\/uploads\/2021\/09\/Screenshot-2021-09-07-at-14.57.26.png 1358w, https:\/\/www.erplybooks.com\/wp-content\/uploads\/2021\/09\/Screenshot-2021-09-07-at-14.57.26-1280x522.png 1280w, https:\/\/www.erplybooks.com\/wp-content\/uploads\/2021\/09\/Screenshot-2021-09-07-at-14.57.26-980x400.png 980w, https:\/\/www.erplybooks.com\/wp-content\/uploads\/2021\/09\/Screenshot-2021-09-07-at-14.57.26-480x196.png 480w\" sizes=\"auto, (min-width: 0px) and (max-width: 480px) 480px, (min-width: 481px) and (max-width: 980px) 980px, (min-width: 981px) and (max-width: 1280px) 1280px, (min-width: 1281px) 1358px, 100vw\" \/><\/p>\n<h3>Intrastat aruanne ostu jaoks<\/h3>\n<p><span style=\"font-weight: 400;\">Ava <strong>&#8220;Aruanded&#8221;\u00a0<\/strong><\/span><strong>&gt; &#8220;Aruandegeneraator&#8221;.<\/strong><\/p>\n<ol>\n<li><span style=\"font-weight: 400;\">Tabelitesse vali <strong>&#8220;ERPLY M\u00fc\u00fcgiraport&#8221;<\/strong><\/span><\/li>\n<li><span style=\"font-weight: 400;\">Avaneb uus aken, kus m\u00e4\u00e4ra kuup\u00e4evad ning vali t\u00fc\u00fcbiks <strong>\u201cPURCHASES_BY_INVOICE_ROWS\u201d. <\/strong>\u00c4ra seda akent kinni pane.<\/span><\/li>\n<li><span style=\"font-weight: 400;\">Lahtrisse <strong>&#8220;N\u00e4ita gruppides&#8221; <\/strong>vali <strong>\u201cERPLY M\u00fc\u00fcgiraport.code3\u201d<\/strong><\/span><\/li>\n<li><span style=\"font-weight: 400;\">Lahtrisse <strong>&#8220;V\u00e4ljundid&#8221;<\/strong> vali allolevas j\u00e4rjekorras:<\/span><\/li>\n<\/ol>\n<ul>\n<li style=\"list-style-type: none;\">\n<ul>\n<li style=\"list-style-type: none;\"><\/li>\n<\/ul>\n<\/li>\n<\/ul>\n<ul>\n<li style=\"font-weight: 400;\"><span style=\"font-weight: 400;\">ERPLY M\u00fc\u00fcgiraport.countryCode<\/span><\/li>\n<li style=\"font-weight: 400;\"><span style=\"font-weight: 400;\">ERPLY M\u00fc\u00fcgiraport.code<\/span><\/li>\n<li><span style=\"font-weight: 400;\">ERPLY M\u00fc\u00fcgiraport.originCountryCode<\/span><\/li>\n<li style=\"font-weight: 400;\"><span style=\"font-weight: 400;\">ERPLY M\u00fc\u00fcgiraport.code3<\/span><\/li>\n<li><span style=\"font-weight: 400;\">ERPLY M\u00fc\u00fcgiraport.netWeight<\/span><\/li>\n<li style=\"font-weight: 400;\"><span style=\"font-weight: 400;\">ERPLY M\u00fc\u00fcgiraport.purchasedQuantity<\/span><\/li>\n<li><span style=\"font-weight: 400;\">ERPLY M\u00fc\u00fcgiraport.purchaseValue<\/span><\/li>\n<li style=\"font-weight: 400;\"><span style=\"font-weight: 400;\">ERPLY M\u00fc\u00fcgiraport.name<\/span><\/li>\n<\/ul>\n<ol start=\"5\">\n<li>Seej\u00e4rel vajuta <strong>&#8220;Lisa filter&#8221;<\/strong> nuppu ja lisa 4 parameetrite rida:<\/li>\n<\/ol>\n<p>&nbsp;<\/p>\n<ul>\n<li style=\"font-weight: 400;\"><span style=\"font-weight: 400;\">Parameeter: ERPLY M\u00fc\u00fcgiraport.countryCode<\/span><\/li>\n<li style=\"font-weight: 400;\"><span style=\"font-weight: 400;\">T\u00fc\u00fcp: EI v\u00f5rdu<\/span><\/li>\n<li style=\"font-weight: 400;\"><span style=\"font-weight: 400;\">V\u00e4\u00e4rtus: EE<\/span><\/li>\n<\/ul>\n<p>&nbsp;<\/p>\n<ul>\n<li style=\"font-weight: 400;\"><span style=\"font-weight: 400;\">Parameeter: ERPLY M\u00fc\u00fcgiraport.originCountryCode<\/span><\/li>\n<li style=\"font-weight: 400;\"><span style=\"font-weight: 400;\">T\u00fc\u00fcp: Ei v\u00f5rdu<\/span><\/li>\n<li style=\"font-weight: 400;\"><span style=\"font-weight: 400;\">V\u00e4\u00e4rtus: EE<\/span><\/li>\n<\/ul>\n<p>&nbsp;<\/p>\n<ul>\n<li style=\"font-weight: 400;\"><span style=\"font-weight: 400;\">Parameeter: ERPLY M\u00fc\u00fcgiraport.originCountryCode<\/span><\/li>\n<li style=\"font-weight: 400;\"><span style=\"font-weight: 400;\">T\u00fc\u00fcp: Ei ole t\u00fchi<\/span><\/li>\n<\/ul>\n<p>&nbsp;<\/p>\n<ul>\n<li style=\"font-weight: 400;\"><span style=\"font-weight: 400;\">Parameeter: ERPLY M\u00fc\u00fcgiraport.purchasedQuantity<\/span><\/li>\n<li style=\"font-weight: 400;\"><span style=\"font-weight: 400;\">T\u00fc\u00fcp: Rohkem kui<\/span><\/li>\n<li style=\"font-weight: 400;\"><span style=\"font-weight: 400;\">V\u00e4\u00e4rtus: 0<\/span><\/li>\n<\/ul>\n<p>&nbsp;<\/p>\n<p><img loading=\"lazy\" decoding=\"async\" class=\"alignnone size-full wp-image-23868\" src=\"https:\/\/www.erplybooks.com\/wp-content\/uploads\/2021\/09\/Screenshot-2021-09-07-at-15.13.00.png\" alt=\"\" width=\"1371\" height=\"741\" srcset=\"https:\/\/www.erplybooks.com\/wp-content\/uploads\/2021\/09\/Screenshot-2021-09-07-at-15.13.00.png 1371w, https:\/\/www.erplybooks.com\/wp-content\/uploads\/2021\/09\/Screenshot-2021-09-07-at-15.13.00-1280x692.png 1280w, https:\/\/www.erplybooks.com\/wp-content\/uploads\/2021\/09\/Screenshot-2021-09-07-at-15.13.00-980x530.png 980w, https:\/\/www.erplybooks.com\/wp-content\/uploads\/2021\/09\/Screenshot-2021-09-07-at-15.13.00-480x259.png 480w\" sizes=\"auto, (min-width: 0px) and (max-width: 480px) 480px, (min-width: 481px) and (max-width: 980px) 980px, (min-width: 981px) and (max-width: 1280px) 1280px, (min-width: 1281px) 1371px, 100vw\" \/><\/p>\n<p>&nbsp;<\/p>\n<p>&nbsp;<\/p>\n<p><span style=\"font-weight: 400;\">NB! Raport t\u00f6\u00f6tab eeldusel, et hankijal oleks kood (kui see ei ole 3, siis ka aruandes tuleks panna teine kood). T\u00e4helepanu tuleb kindlasti p\u00f6\u00f6rata ka sellele, et ERPLY Lao tootekaardil oleks t\u00e4idetud netokaal.<\/span><\/p>\n<p>T\u00e4psemate k\u00fcsimuste korral kirjuta <a href=\"mailto:info@erplybooks.com\">info@erplybooks.com<\/a>.<\/p>\n","protected":false},"excerpt":{"rendered":"<p>Intrastat aruanded &nbsp; Mis on Intrastat ning miks seda aruannet koostatakse? Intrastat on Euroopa Liidu liikmesriikide omavahelise kaubavahetuse andmete kogumise s\u00fcsteem, mis sai alguse 1993. aastal ELi riikide \u00fchisturu loomise ja sellega kaasneva tollikontrolli kadumisega ELi sisepiiridel. Intrastati aruannete p\u00f5hjal saadud informatsiooni alusel koostatakse v\u00e4liskaubandusstatistikat, mis on vajalik \u00a0Euroopa Liidu siseturu, majanduse ja \u00fchisraha euro [&hellip;]<\/p>\n","protected":false},"author":3,"featured_media":0,"parent":3312,"menu_order":5,"comment_status":"closed","ping_status":"closed","template":"","meta":{"_et_pb_use_builder":"","_et_pb_old_content":"","_et_gb_content_width":"","footnotes":""},"categories":[451],"tags":[23,624],"class_list":["post-4551","page","type-page","status-publish","hentry","category-aruandlus","tag-aruanded","tag-intrastat-2"],"_links":{"self":[{"href":"https:\/\/www.erplybooks.com\/et\/wp-json\/wp\/v2\/pages\/4551","targetHints":{"allow":["GET"]}}],"collection":[{"href":"https:\/\/www.erplybooks.com\/et\/wp-json\/wp\/v2\/pages"}],"about":[{"href":"https:\/\/www.erplybooks.com\/et\/wp-json\/wp\/v2\/types\/page"}],"author":[{"embeddable":true,"href":"https:\/\/www.erplybooks.com\/et\/wp-json\/wp\/v2\/users\/3"}],"replies":[{"embeddable":true,"href":"https:\/\/www.erplybooks.com\/et\/wp-json\/wp\/v2\/comments?post=4551"}],"version-history":[{"count":0,"href":"https:\/\/www.erplybooks.com\/et\/wp-json\/wp\/v2\/pages\/4551\/revisions"}],"up":[{"embeddable":true,"href":"https:\/\/www.erplybooks.com\/et\/wp-json\/wp\/v2\/pages\/3312"}],"wp:attachment":[{"href":"https:\/\/www.erplybooks.com\/et\/wp-json\/wp\/v2\/media?parent=4551"}],"wp:term":[{"taxonomy":"category","embeddable":true,"href":"https:\/\/www.erplybooks.com\/et\/wp-json\/wp\/v2\/categories?post=4551"},{"taxonomy":"post_tag","embeddable":true,"href":"https:\/\/www.erplybooks.com\/et\/wp-json\/wp\/v2\/tags?post=4551"}],"curies":[{"name":"wp","href":"https:\/\/api.w.org\/{rel}","templated":true}]}}