{"id":4538,"date":"2017-04-10T06:10:42","date_gmt":"2017-04-10T06:10:42","guid":{"rendered":"http:\/\/www.erplybooks.com\/?page_id=4538\/"},"modified":"2023-07-05T06:31:47","modified_gmt":"2023-07-05T06:31:47","slug":"erinevad-maksetuubid-erply-booksis","status":"publish","type":"page","link":"https:\/\/www.erplybooks.com\/et\/juhendid\/erinevad-maksetuubid-erply-booksis\/","title":{"rendered":"Erinevad makset\u00fc\u00fcbid"},"content":{"rendered":"<h1>Erinevad makset\u00fc\u00fcbid<\/h1>\n<p>&nbsp;<\/p>\n<p><span style=\"font-weight: 400;\">Erinevad makset\u00fc\u00fcbid, mida ERPLY Books&#8217;is kasutatakse, on j\u00e4rgmised: arve maksed, ettemaksud ja muud maksed. Arve makseid ja ettemakse on v\u00f5imalik teha nii m\u00fc\u00fckide kui ka ostude alt ja teisi makseid sissetulekute ja v\u00e4ljaminekute alt.<\/span><\/p>\n<p>&nbsp;<\/p>\n<h2><span style=\"font-weight: 400;\">1. Arve maksed<\/span><\/h2>\n<p>Arve maksete sooritamine on v\u00e4ga lihtne. N\u00e4iteks ostuarve puhul mine <strong>\u201cOst\u201d &gt; \u201cOstuarve (Lisa uus)&#8221; &gt; \u201cOstuarve\u201d<\/strong>. Sealt saad valida hankija, kellele makse l\u00e4heb ja mille eest. Oletame, et tahame sooritada firmale \u201cJuriidiline n\u00f5ustaja\u201d 100 eurose makse \u201cteenused\u201d eest, valime hankijaks \u201cJuriidiline n\u00f5ustaja\u201d ja artikliks valime \u201cteenused\u201d ja hinnaks 100 eurot. Sisestame arve numbri rea peale arve numbri ja salvestame. P\u00e4rast seda vajutame nupule <strong>\u201cLisa makse\u201d<\/strong> ja sisestame sinna makstud summaks 100 eurot ning vajutame <strong>\u201cSalvesta\u201d<\/strong>. N\u00fc\u00fcd kui l\u00e4heme <strong>\u201cOst\u201d &gt; \u201cMaksmiste raport\u201d<\/strong>, siis n\u00e4eme, et see makse on seal ja \u00fchendatud arvega.<\/p>\n<p>&nbsp;<\/p>\n<h2><span style=\"font-weight: 400;\">2. \u00a0Ettemaks<\/span><\/h2>\n<p>Kui Sul on antud hankijale 100 euro suurune ettemaks, mine <strong>\u201cOst\u201d &gt; \u201cOstuarved\u201d &gt; \u201cMaksmata ostuarved\u201d<\/strong>. Vali sealt <strong>\u201cLisa makse\u201d<\/strong> ning t\u00e4ida v\u00e4ljad nii, et valid sealt vastava hankija, kuid ei lisa arve numbrit, sisesta <strong>\u201cMakstud summa\u201d<\/strong> lahtrisse 100 ning vajuta <strong>\u201cSalvesta\u201d<\/strong>. See makse l\u00e4ks n\u00fc\u00fcd ettemaksuks. Kui l\u00e4hed n\u00fc\u00fcd selle hankija lehele, siis n\u00e4ed, et sellele hankijale on Sul ettemaks nime all \u201cmuud v\u00e4ljamaksed\u201d. See kajastub Maksmiste raportis v\u00e4ljaminekuna, kuid ei ole seotud arvega, mis t\u00e4hendab, et tegu on ettemaksuga. Iga kord kui l\u00e4hed Maksmiste raportisse ja n\u00e4ed seal arvet, millel ei ole arve numbrit, kuid on hankija siis on tegu ettemaksuga. V\u00e4ljaminekul, millel on arve number ja hankija on arve makse. Ettemaksud kajastuvad ka ostu-m\u00fc\u00fcgi artiklites nii m\u00fc\u00fcgi- kui ostuarvetel.<\/p>\n<p>&nbsp;<\/p>\n<h2><span style=\"font-weight: 400;\">3. Muud maksed<\/span><\/h2>\n<p>Muud maksed on k\u00f5ik muud tehingud, n\u00e4iteks panga teenustasud, intressitasud jne. Neid saad sooritada kirjutades pealehel <strong>\u201cMuu raha v\u00e4ljaminek\u201d<\/strong>. P\u00e4rast seda avaneb aken, kus saad vastava makse sooritada. N\u00e4iteks kirjutame sinna summaks 2 eurot ja kirjelduseks panga teenustasu ja salvestame.<\/p>\n<p>Kui l\u00e4heme n\u00fc\u00fcd Maksmiste raportisse, siis n\u00e4eme, et see 2 eurot on seal ilma arve numbri ja hankija nimeta, mis t\u00e4hendab see on kolmas makseviis \u2013 muu makse. K\u00f5ik muud maksed kajastuvad ka pangaimpordis. Pangaimpordi puhul esimest t\u00fc\u00fcpi maksed on seotud arve maksetega, teist t\u00fc\u00fcpi maksed ettemaksudega ja kolmandat t\u00fc\u00fcpi maksed muude maksetega.<\/p>\n<p>On olemas ka v\u00f5imalus kombineeritud tehinguteks, n\u00e4iteks maksti arvet, mille maksmisel kasutati ettemaksu ja sellele lisandus veel mingi muu makse. See tekitab meil ikkagi eraldi maksed, mis on siis k\u00f5ik eelmainitud kolm makset\u00fc\u00fcpi. Kui tahad neid makseid muuta, siis tee vastavatel lahtritel topeltkl\u00f5ps ja muuda neid, kui soovid neid aga \u00fchest t\u00fc\u00fcbist teiseks muuta, pead eelmise makse kustutama ja selle uuesti sisestama.<\/p>\n","protected":false},"excerpt":{"rendered":"<p>Erinevad makset\u00fc\u00fcbid &nbsp; Erinevad makset\u00fc\u00fcbid, mida ERPLY Books&#8217;is kasutatakse, on j\u00e4rgmised: arve maksed, ettemaksud ja muud maksed. Arve makseid ja ettemakse on v\u00f5imalik teha nii m\u00fc\u00fckide kui ka ostude alt ja teisi makseid sissetulekute ja v\u00e4ljaminekute alt. &nbsp; 1. Arve maksed Arve maksete sooritamine on v\u00e4ga lihtne. N\u00e4iteks ostuarve puhul mine \u201cOst\u201d &gt; \u201cOstuarve (Lisa [&hellip;]<\/p>\n","protected":false},"author":3,"featured_media":0,"parent":3312,"menu_order":4,"comment_status":"closed","ping_status":"closed","template":"","meta":{"_et_pb_use_builder":"","_et_pb_old_content":"","_et_gb_content_width":"","footnotes":""},"categories":[455],"tags":[692,125,691],"class_list":["post-4538","page","type-page","status-publish","hentry","category-maksed-ja-ettemaksed","tag-ettemaksed","tag-maksed","tag-maksetuubid"],"_links":{"self":[{"href":"https:\/\/www.erplybooks.com\/et\/wp-json\/wp\/v2\/pages\/4538","targetHints":{"allow":["GET"]}}],"collection":[{"href":"https:\/\/www.erplybooks.com\/et\/wp-json\/wp\/v2\/pages"}],"about":[{"href":"https:\/\/www.erplybooks.com\/et\/wp-json\/wp\/v2\/types\/page"}],"author":[{"embeddable":true,"href":"https:\/\/www.erplybooks.com\/et\/wp-json\/wp\/v2\/users\/3"}],"replies":[{"embeddable":true,"href":"https:\/\/www.erplybooks.com\/et\/wp-json\/wp\/v2\/comments?post=4538"}],"version-history":[{"count":0,"href":"https:\/\/www.erplybooks.com\/et\/wp-json\/wp\/v2\/pages\/4538\/revisions"}],"up":[{"embeddable":true,"href":"https:\/\/www.erplybooks.com\/et\/wp-json\/wp\/v2\/pages\/3312"}],"wp:attachment":[{"href":"https:\/\/www.erplybooks.com\/et\/wp-json\/wp\/v2\/media?parent=4538"}],"wp:term":[{"taxonomy":"category","embeddable":true,"href":"https:\/\/www.erplybooks.com\/et\/wp-json\/wp\/v2\/categories?post=4538"},{"taxonomy":"post_tag","embeddable":true,"href":"https:\/\/www.erplybooks.com\/et\/wp-json\/wp\/v2\/tags?post=4538"}],"curies":[{"name":"wp","href":"https:\/\/api.w.org\/{rel}","templated":true}]}}