{"id":4529,"date":"2017-04-07T13:54:38","date_gmt":"2017-04-07T13:54:38","guid":{"rendered":"http:\/\/www.erplybooks.com\/?page_id=4529\/"},"modified":"2023-07-04T07:24:20","modified_gmt":"2023-07-04T07:24:20","slug":"alustamine-nullbilansiga","status":"publish","type":"page","link":"https:\/\/www.erplybooks.com\/et\/juhendid\/alustamine-nullbilansiga\/","title":{"rendered":"Uue organisatsiooni loomine"},"content":{"rendered":"<h1>Uue organisatsiooni loomine<\/h1>\n<p>&nbsp;<\/p>\n<p><span style=\"font-weight: 400;\">Uue organisatsiooni loomiseks on ERPLY Booksis kaks v\u00f5imalust:<\/span><\/p>\n<p>&nbsp;<\/p>\n<p>&nbsp;<\/p>\n<h3>1. Uue organisatsiooni lisamine<\/h3>\n<p>&nbsp;<\/p>\n<ul>\n<li style=\"font-weight: 400;\"><span style=\"font-weight: 400;\">Logides sisse oma tavap\u00e4rase ERPLY Books kasutajaga n\u00e4ed \u00fcleval men\u00fc\u00fcribal oma ettev\u00f5tte nime. Kliki oma ettev\u00f5tte nimele. Seej\u00e4rel avaneb men\u00fc\u00fcriba, kus vajuta nupule <b>\u201cLisa organisatsioon\u201d<\/b>.<\/span><\/li>\n<li style=\"font-weight: 400;\"><span style=\"font-weight: 400;\">Avaneb uus aken, kus saad lisada endale uue organisatsiooni ning alustada nullbilansiga. T\u00e4ida j\u00e4rgnevad v\u00e4ljad ja lisa sinna uue ettev\u00f5tte nimi.<\/span><\/li>\n<\/ul>\n<p>&nbsp;<\/p>\n<p><img loading=\"lazy\" decoding=\"async\" class=\"alignnone wp-image-19920 size-full\" src=\"https:\/\/www.erplybooks.com\/wp-content\/uploads\/2020\/12\/Screen-Shot-2020-12-30-at-12.18.51.png\" alt=\"nullbilansiga alustamine\" width=\"1214\" height=\"525\" \/><\/p>\n<p><span style=\"font-weight: 400;\">Luues t\u00e4iesti uue organisatsiooni tuleb enne sellega t\u00f6\u00f6le hakkamist k\u00f5ik seadistused algusest peale teha.<\/span><\/p>\n<p>&nbsp;<\/p>\n<p>&nbsp;<\/p>\n<h3>2. Uue organisatsiooni kopeerimine<\/h3>\n<p>&nbsp;<\/p>\n<ul>\n<li style=\"font-weight: 400;\"><span style=\"font-weight: 400;\">Ava ERPLY Books&#8217;i <a href=\"https:\/\/www.erplybooks.com\/et\/partnerpanel\/\">Partnerpaneel<\/a>.<\/span><\/li>\n<li style=\"font-weight: 400;\"><span style=\"font-weight: 400;\">Siin n\u00e4ed k\u00f5iki oma ettev\u00f5tteid.<\/span><\/li>\n<li style=\"font-weight: 400;\"><span style=\"font-weight: 400;\">Aktiveeri ettev\u00f5te, mida soovid kopeerimisel aluseks v\u00f5tta.<\/span><\/li>\n<li style=\"font-weight: 400;\"><span style=\"font-weight: 400;\">Vajuta all paremal servas olevat nuppu <b>\u201cVeel\u201d<\/b> ja vali\u00a0<b>\u201cKopeeri\u201d<\/b>.<\/span><\/li>\n<\/ul>\n<p><span style=\"font-weight: 400;\">Kasuta seda siis, kui tahad kopeerida uude ettev\u00f5ttesse valitud ettev\u00f5tte baasandmed nagu n\u00e4iteks kontoplaan, s\u00fcsteemikontod, k\u00e4ibemaksum\u00e4\u00e4rad jne. Kontakte ei kopeerita.<\/span><\/p>\n","protected":false},"excerpt":{"rendered":"<p>Uue organisatsiooni loomine &nbsp; Uue organisatsiooni loomiseks on ERPLY Booksis kaks v\u00f5imalust: &nbsp; &nbsp; 1. Uue organisatsiooni lisamine &nbsp; Logides sisse oma tavap\u00e4rase ERPLY Books kasutajaga n\u00e4ed \u00fcleval men\u00fc\u00fcribal oma ettev\u00f5tte nime. Kliki oma ettev\u00f5tte nimele. Seej\u00e4rel avaneb men\u00fc\u00fcriba, kus vajuta nupule \u201cLisa organisatsioon\u201d. Avaneb uus aken, kus saad lisada endale uue organisatsiooni ning alustada [&hellip;]<\/p>\n","protected":false},"author":3,"featured_media":0,"parent":3312,"menu_order":9,"comment_status":"closed","ping_status":"closed","template":"","meta":{"_et_pb_use_builder":"","_et_pb_old_content":"","_et_gb_content_width":"","footnotes":""},"categories":[450],"tags":[463,462],"class_list":["post-4529","page","type-page","status-publish","hentry","category-seadistused","tag-lisa","tag-organisatsioon"],"_links":{"self":[{"href":"https:\/\/www.erplybooks.com\/et\/wp-json\/wp\/v2\/pages\/4529","targetHints":{"allow":["GET"]}}],"collection":[{"href":"https:\/\/www.erplybooks.com\/et\/wp-json\/wp\/v2\/pages"}],"about":[{"href":"https:\/\/www.erplybooks.com\/et\/wp-json\/wp\/v2\/types\/page"}],"author":[{"embeddable":true,"href":"https:\/\/www.erplybooks.com\/et\/wp-json\/wp\/v2\/users\/3"}],"replies":[{"embeddable":true,"href":"https:\/\/www.erplybooks.com\/et\/wp-json\/wp\/v2\/comments?post=4529"}],"version-history":[{"count":0,"href":"https:\/\/www.erplybooks.com\/et\/wp-json\/wp\/v2\/pages\/4529\/revisions"}],"up":[{"embeddable":true,"href":"https:\/\/www.erplybooks.com\/et\/wp-json\/wp\/v2\/pages\/3312"}],"wp:attachment":[{"href":"https:\/\/www.erplybooks.com\/et\/wp-json\/wp\/v2\/media?parent=4529"}],"wp:term":[{"taxonomy":"category","embeddable":true,"href":"https:\/\/www.erplybooks.com\/et\/wp-json\/wp\/v2\/categories?post=4529"},{"taxonomy":"post_tag","embeddable":true,"href":"https:\/\/www.erplybooks.com\/et\/wp-json\/wp\/v2\/tags?post=4529"}],"curies":[{"name":"wp","href":"https:\/\/api.w.org\/{rel}","templated":true}]}}