{"id":4523,"date":"2017-04-07T13:48:06","date_gmt":"2017-04-07T13:48:06","guid":{"rendered":"http:\/\/www.erplybooks.com\/?page_id=4523\/"},"modified":"2023-07-05T06:35:40","modified_gmt":"2023-07-05T06:35:40","slug":"arvete-makstuks-markimine","status":"publish","type":"page","link":"https:\/\/www.erplybooks.com\/et\/juhendid\/arvete-makstuks-markimine\/","title":{"rendered":"Arvete makstuks m\u00e4rkimine"},"content":{"rendered":"<h1><span style=\"font-weight: 400;\">Arvete makstuks m\u00e4rkimine<\/span><\/h1>\n<p>&nbsp;<\/p>\n<p>K\u00e4esolev juhend annab \u00fclevaate, kuidas toimib ERPLY Books&#8217;is arvete makstuks m\u00e4rkimine.<\/p>\n<p>&nbsp;<\/p>\n<p><span style=\"font-weight: 400;\">Kui Sul on palju arveid, mille puhul on maksesummaks j\u00e4\u00e4nud v\u00e4ga v\u00e4ike summa: 1 sent v\u00f5i -1 sent, siis te ei taha, et need kajastuksid teil laekumata arvete moodulis. Et nendest lahti saada, l\u00e4hme laekumata arvete moodulisse, kus on arved, mille laekumata summa on v\u00e4ga v\u00e4ike, n\u00e4iteks kolm senti.<\/span><\/p>\n<p>&nbsp;<\/p>\n<p><span style=\"font-weight: 400;\">Vaikimisi ei kajastu negatiivsed summad ehk ettemaksud. Nende n\u00e4gemiseks<\/span><span style=\"font-weight: 400;\">\u00a0valime lahtrist <strong>\u201cmilliseid n\u00e4idata?\u201d<\/strong> &gt; <strong>\u201cArved, millest on maksta v\u00e4hem kui\u2026\u201d<\/strong>. N\u00e4iteks, v\u00f5tame, et soovime n\u00e4ha arveid, millest on maksmata v\u00e4hem kui 50 senti, selleks sisestame avanenud aknasse summaks <strong>0,5<\/strong>. Seej\u00e4rel vajutame <strong>&#8220;Tehtud&#8221;<\/strong> ja <strong>&#8220;Otsi&#8221;<\/strong>. P\u00e4rast seda, kui oleme vajutanud <strong>&#8220;Otsi&#8221;<\/strong>, toob programm v\u00e4lja k\u00f5ik arved, millest on laekumata v\u00e4hem kui 50 senti ja rohkem kui -50 senti ehk siis k\u00f5ik ettemaksud, millel on 50 sendist v\u00e4hem v\u00e4\u00e4rtust.<\/span><\/p>\n<p>&nbsp;<\/p>\n<p><span style=\"font-weight: 400;\">Kui Sul on k\u00f5ik arved positiivse v\u00e4\u00e4rtusega, v\u00f5id need \u00fckshaaval valida ja vajutada nuppu <strong>\u201cLisa makse\u201d<\/strong>. Kuid kui Sul on ka negatiivseid arveid ehk ettemakse, siis ERPLY Books ei saa aru, kuidas teha nii \u00f6elda tagastust nende eest ja ei saa kasutada eelnevat viisi. Kasutades funktsiooni <strong>\u201cLisa makse\u201d<\/strong> v\u00f5iksime positiivseid arveid \u00fckshaaval makstuks m\u00e4rkida, kuid see oleks ajaraiskamine.<\/span><\/p>\n<p><span style=\"font-weight: 400;\">Selle v\u00e4ltimiseks on ERPLY Books&#8217;is j\u00e4rgnev v\u00f5imalus. Mine pealehele, kirjuta otsingusse vastavalt kas <strong>\u201cm\u00e4rgi ostuarved 100% ulatuses makstuks\u201d<\/strong> v\u00f5i <strong>\u201cm\u00e4rgi m\u00fc\u00fcgiarved 100% ulatuses makstuks\u201d<\/strong>. M\u00f5lemate arvete puhul k\u00e4ib nende m\u00e4rkimine 100% ulatuses makstuks sama moodi.<\/span><\/p>\n<p>&nbsp;<\/p>\n<p>Oletame, et hetkel tahame m\u00e4rkida m\u00fc\u00fcgiarveid 100% ulatuses makstuks ja valime selle. N\u00fc\u00fcd peaks tulema ette sarnane vaade:<\/p>\n<p><img loading=\"lazy\" decoding=\"async\" class=\"alignnone wp-image-4524\" src=\"https:\/\/www.erplybooks.com\/wp-content\/uploads\/2017\/04\/blkjblb-300x97.png\" alt=\"\" width=\"752\" height=\"243\" srcset=\"https:\/\/www.erplybooks.com\/wp-content\/uploads\/2017\/04\/blkjblb-300x97.png 300w, https:\/\/www.erplybooks.com\/wp-content\/uploads\/2017\/04\/blkjblb-768x248.png 768w, https:\/\/www.erplybooks.com\/wp-content\/uploads\/2017\/04\/blkjblb-1024x331.png 1024w, https:\/\/www.erplybooks.com\/wp-content\/uploads\/2017\/04\/blkjblb.png 1291w\" sizes=\"auto, (max-width: 752px) 100vw, 752px\" \/><\/p>\n<p>&nbsp;<\/p>\n<p><span style=\"font-weight: 400;\">Akent, mis avanes ei tohiks kinni panna, kuna seda l\u00e4heb veel hiljem Sul vaja.<\/span><\/p>\n<p><span style=\"font-weight: 400;\">Taustal tee toimingud, mida tegid juba eelnevalt, otsi \u00fcles arved, millest on maksmata v\u00e4hem kui 0,5. Vali n\u00fc\u00fcd arved, mida tahad<\/span><span style=\"font-weight: 400;\">\u00a0makstuks m\u00e4rkida ja vali konto, kuhu peale makse l\u00e4heb, n\u00e4iteks \u00fcmardamisekulud. Kui soovid, et need arved l\u00e4heks kindla kuup\u00e4eva peale, siis v\u00f5id sisestada kuup\u00e4eva, kuid kui Sa seda ei tee, siis l\u00e4hevad need vaikimisi t\u00e4nase kuup\u00e4eva peale. Kui n\u00fc\u00fcd vajutada salvesta, siis lisab programm maksed k\u00f5ikidele valitud arvetele, on m\u00f5istlik teha seda kuni 500-le arvele korraga. Vajutades n\u00fc\u00fcd salvesta, hakkab programm ette l\u00f6\u00f6ma teateid, et makse on sooritatud, nagu siis kui oleksid teinud seda k\u00e4sitsi. Juhul kui Sul on palju makseid, mida soovid makstuks m\u00e4rkida, v\u00f5ib see p\u00e4ris palju aega v\u00f5tta, \u00e4ra kindlasti sulge veebibrauserit kui programm parajasti t\u00f6\u00f6tab. Juhul kui programm on t\u00f6\u00f6 l\u00f5petanud, v\u00f5ime valida mingi arve, teha seal peal parema kl\u00f5psu, valida <strong>\u201cVaata arve makseid\u201d<\/strong> ja n\u00e4eme, et programm lisas arvele vajaliku summa, et arve oleks makstud.<\/span><\/p>\n","protected":false},"excerpt":{"rendered":"<p>Arvete makstuks m\u00e4rkimine &nbsp; K\u00e4esolev juhend annab \u00fclevaate, kuidas toimib ERPLY Books&#8217;is arvete makstuks m\u00e4rkimine. &nbsp; Kui Sul on palju arveid, mille puhul on maksesummaks j\u00e4\u00e4nud v\u00e4ga v\u00e4ike summa: 1 sent v\u00f5i -1 sent, siis te ei taha, et need kajastuksid teil laekumata arvete moodulis. Et nendest lahti saada, l\u00e4hme laekumata arvete moodulisse, kus on [&hellip;]<\/p>\n","protected":false},"author":3,"featured_media":0,"parent":3312,"menu_order":3,"comment_status":"closed","ping_status":"closed","template":"","meta":{"_et_pb_use_builder":"","_et_pb_old_content":"","_et_gb_content_width":"","footnotes":""},"categories":[455],"tags":[29,696,697],"class_list":["post-4523","page","type-page","status-publish","hentry","category-maksed-ja-ettemaksed","tag-arved","tag-makstud","tag-markimine"],"_links":{"self":[{"href":"https:\/\/www.erplybooks.com\/et\/wp-json\/wp\/v2\/pages\/4523","targetHints":{"allow":["GET"]}}],"collection":[{"href":"https:\/\/www.erplybooks.com\/et\/wp-json\/wp\/v2\/pages"}],"about":[{"href":"https:\/\/www.erplybooks.com\/et\/wp-json\/wp\/v2\/types\/page"}],"author":[{"embeddable":true,"href":"https:\/\/www.erplybooks.com\/et\/wp-json\/wp\/v2\/users\/3"}],"replies":[{"embeddable":true,"href":"https:\/\/www.erplybooks.com\/et\/wp-json\/wp\/v2\/comments?post=4523"}],"version-history":[{"count":0,"href":"https:\/\/www.erplybooks.com\/et\/wp-json\/wp\/v2\/pages\/4523\/revisions"}],"up":[{"embeddable":true,"href":"https:\/\/www.erplybooks.com\/et\/wp-json\/wp\/v2\/pages\/3312"}],"wp:attachment":[{"href":"https:\/\/www.erplybooks.com\/et\/wp-json\/wp\/v2\/media?parent=4523"}],"wp:term":[{"taxonomy":"category","embeddable":true,"href":"https:\/\/www.erplybooks.com\/et\/wp-json\/wp\/v2\/categories?post=4523"},{"taxonomy":"post_tag","embeddable":true,"href":"https:\/\/www.erplybooks.com\/et\/wp-json\/wp\/v2\/tags?post=4523"}],"curies":[{"name":"wp","href":"https:\/\/api.w.org\/{rel}","templated":true}]}}