{"id":4405,"date":"2017-04-05T12:44:37","date_gmt":"2017-04-05T12:44:37","guid":{"rendered":"http:\/\/www.erplybooks.com\/?page_id=4405\/"},"modified":"2023-07-05T18:23:01","modified_gmt":"2023-07-05T18:23:01","slug":"automatiseeritud_raamatupidamine","status":"publish","type":"page","link":"https:\/\/www.erplybooks.com\/et\/automatiseeritud_raamatupidamine\/","title":{"rendered":"Automatiseeritud raamatupidamine"},"content":{"rendered":"<div class=\"section-title\">\n<p style=\"text-align: center;\">ERPLY Booksis on palju erinevaid v\u00f5imalusi raamatupidaja t\u00f6\u00f6 automatiseerimiseks. Tihtipeale ei kasutata \u00e4ra k\u00f5iki v\u00f5imalusi oma elu lihtsustamiseks, mist\u00f5ttu on m\u00f5istlik need siin v\u00e4lja tuua.\u00a0Automatiseeritud raamatupidamine pole enam pelgalt paberivaba raamatupidamine, vaid palju muud: <a href=\"https:\/\/www.erplybooks.com\/et\/juhendid\/pangaimport-erply-booksis\/\">pangaimport <\/a>(automatiseerib kuni 100% k\u00f5igist panga tehingutest), <a href=\"https:\/\/www.swedbank.ee\/business\/accounting?language=EST\">Swedbanki integratsioon<\/a>, <a href=\"https:\/\/www.erplybooks.com\/et\/juhendid\/ostuarvete-automatiseerimine\/\">ostuarvete postkast<\/a>\u00a0(automatiseerib kuni 85% k\u00f5igist ostuprotsessidest) jpm.<\/p>\n<\/div>\n<div class=\"section-title\">\n<h2 style=\"text-align: center;\">Kanna ostuarved automaatselt tarkvarasse<\/h2>\n<\/div>\n<table class=\"temp-table\">\n<tbody>\n<tr>\n<td width=\"50%\">Raamatupidajad saavad jagada ettev\u00f5tte emaili k\u00f5igile hankijatele ja sellega kanda k\u00f5ik ostuarved automaatselt tarkvarasse.<br \/>\nK\u00f5ik saabunud arved ei ole lihtsalt staatilised failid, vaid ERPLY Books aitab need ka l\u00e4bi t\u00f6\u00f6delda.<\/p>\n<ul>\n<li>E-arved: ERPLY Books loob e-arvest automaatselt ostuarve. Kui olete korra \u00fche hankija e-arve l\u00e4bi t\u00f6\u00f6tanud, siis t\u00f5en\u00e4oliselt ei pea seda enam kunagi uuesti tegema.<\/li>\n<li>PDF: Programm t\u00f6\u00f6tleb automaatselt PDF arveid. Toimib ca 80% PDF arvete puhul &#8211; tingimusel, et PDF ei ole pildi kujul.<\/li>\n<\/ul>\n<\/td>\n<td><iframe loading=\"lazy\" src=\"https:\/\/www.youtube.com\/embed\/b6VbK_6IusA\" width=\"560\" height=\"315\" frameborder=\"0\" allowfullscreen=\"allowfullscreen\"><\/iframe><\/td>\n<\/tr>\n<\/tbody>\n<\/table>\n<div class=\"section-title\">\n<h2 style=\"text-align: center;\">Pangaimport<\/h2>\n<\/div>\n<table class=\"temp-table\">\n<tbody>\n<tr>\n<td width=\"50%\">Pangaimport on lahendus ERPLY Books\u2019is, mis v\u00f5imaldab \u00fcles laadida oma panga v\u00e4ljav\u00f5tte k\u00f5ikidest Eesti pankadest. Selleks tuleb pangast alla laadida pangav\u00e4ljav\u00f5te (CSV\/XML kujul) ning see ERPLY Books\u2019i laadida. Seej\u00e4rel kontrollib programm k\u00f5ik laekumised-maksmised \u00fcle ning seob need arvetega (\u00fchendades kliendi-hankija nime, registrikoodi, viitenumbri ja k\u00f5ikide muude v\u00f5imalike tingimuste abil) ja arve mitteleidmisel kontodega (millele jaoks ka ise erinevaid reegleid koostada). Statistika n\u00e4itab, et v\u00e4hemalt 90% tehingutest peaksid olema koheselt tuvastatud (kui pole, siis v\u00f5tke \u00fchendust ning vaatame koos pangareeglid \u00fcle).<\/td>\n<td><iframe loading=\"lazy\" src=\"https:\/\/www.youtube.com\/embed\/apT86aYP7mQ\" width=\"560\" height=\"315\" frameborder=\"0\" allowfullscreen=\"allowfullscreen\"><\/iframe><\/td>\n<\/tr>\n<\/tbody>\n<\/table>\n<div class=\"section-title\">\n<h2 style=\"text-align: center;\">Pangaeksport &#8211; maksefaili koostamine<\/h2>\n<\/div>\n<table class=\"temp-table\">\n<tbody>\n<tr>\n<td width=\"50%\">Pangaeksport on lahendus, mis v\u00f5imaldab valida arved, mida soovite maksta, nende kohta maksefail koostada ning see panka \u00fcles laadida. Kui maksate \u00fchele hankijale mitme arve eest, siis need pannakse \u00fchte maksesse kokku &#8211; v\u00e4hendades sellega pangakulusid. Lahendus toetab k\u00f5iki Eesti pankasid.<\/td>\n<td><iframe loading=\"lazy\" src=\"https:\/\/www.youtube.com\/embed\/LN2tGBacjHo\" width=\"560\" height=\"315\" frameborder=\"0\" allowfullscreen=\"allowfullscreen\"><\/iframe><\/td>\n<\/tr>\n<\/tbody>\n<\/table>\n<div class=\"row\">\n<div class=\"section-title\">\n<h2 style=\"text-align: center;\">K\u00f5ik vajalik raamatupidamise h\u00f5lbustamiseks<\/h2>\n<\/div>\n<div class=\"span4\">\n<h3>Pangaimport<\/h3>\n<p>ERPLY Books toetab k\u00f5iki Eesti (lisaks EU, PayPal jne) pankade v\u00e4ljav\u00f5tete importi. Tarkvara \u00f5pib eelnevatest tehingutest ja seob automaatselt maksed arvetega ja kanded kontodega. Lisaks sellele on kasutajal v\u00f5imalik ise luua erinevaid panga impordi reegleid.<\/p>\n<h3>Aruanded raamatupidajale<\/h3>\n<p>K\u00f5ik finantsaruanded bilansist rahavoogudeni, k\u00e4ibemaksuaruanded (ka 1000 EUR aruanne), TSD, pearaamat, k\u00e4ibeandmik jne.<\/p>\n<h3>SEPA maksefaili koostamine<\/h3>\n<p>Vali arved, mida soovid maksta ning koosta fail. Faili panka laadimisel liidetakse konkreetse kontakti mitu arvet \u00fche makse alla.<\/p>\n<h3>Massmuudatused<\/h3>\n<p>Muuda kontosid ja kuup\u00e4evi mitmel kandel v\u00f5i arvel \u00fchekorraga. ERPLY Books&#8217;i abil saab suured muudatused \u00e4ra teha v\u00e4ikese vaevaga.<\/p>\n<\/div>\n<div class=\"span4\">\n<h3>Osakonnap\u00f5hine arvestus<\/h3>\n<p>Jaga ettev\u00f5te v\u00f5i selle all\u00fcksused osakondadeks ja j\u00e4lgi nende majandusn\u00e4itajaid, halda v\u00f5lgu ja hoia kasumlikkusel silm peal osakondade l\u00f5ikes.<\/p>\n<h3>Aruanded ettev\u00f5tte juhile<\/h3>\n<p>Kasum, bilanss 12 kuu l\u00f5ikes, k\u00f5ik raportid jaotatuna osakondadesse. Suhtarvud, mis kirjeldavad, kuidas ettev\u00f5ttel l\u00e4heb ja eelarved v\u00f5rdlemaks reaalseid tulemusi.<\/p>\n<h3>Integreerimisv\u00f5imalus API-ga<\/h3>\n<p>Kui on funktsionaalsusi v\u00f5i kolmas v\u00e4line tarkvara, mida soovite ERPLY Books&#8217;iga integreerida, siis kasutage selleks API-t.<\/p>\n<h3>Mitme kasutaja v\u00f5imalus<\/h3>\n<p>\u00dcks kasutaja v\u00e4ljastab arveid, teine haldab raamatupidamist ja kolmas soovib finantsn\u00e4itajatele silma peal hoida? Lisage kasutajale volitus \u2013 tervele ettev\u00f5ttele v\u00f5i ainult osakonnale.<\/p>\n<\/div>\n<div class=\"span4\">\n<h3>K\u00f5rgendatud turvalisus<\/h3>\n<p>ERPLY Books teeb andmetest automaatselt varukoopiaid, kogu andmebaas on kr\u00fcpteeritud, dubleeritud ja kogu andmeliiklus kliendi ja ERPLY Books&#8217;i vahel k\u00e4ib l\u00e4bi turvalise SSL-\u00fchenduse.<\/p>\n<h3>Rahvusvaheline raamatupidamine<\/h3>\n<p>Ja seda igas m\u00f5ttes \u2013 8 erinevat keelt, 44 erinevat valuutat, pidev innovatsioon ja l\u00f5ppkasutaja heaolu silmas pidavad tarkvaralahendused.<\/p>\n<h3>Excelist importimise v\u00f5imalus<\/h3>\n<p>Juhul, kui kasutate oma \u00e4riprotsessis teisi tarkvarasid, saate soovi korral korrektse aruandluse jaoks k\u00f5ik andmed CSV failiga \u00fcles laadida v\u00f5i tabelarvutusfailist otse vastavasse moodulisse kopeerida.<\/p>\n<h3>L\u00fchitutvustus<\/h3>\n<p><a href=\"https:\/\/www.youtube.com\/watch?v=cty0xd7PVJM\" target=\"_blank\" rel=\"noopener noreferrer\">Kliki siia!<\/a><\/p>\n<\/div>\n<\/div>\n","protected":false},"excerpt":{"rendered":"<p>ERPLY Booksis on palju erinevaid v\u00f5imalusi raamatupidaja t\u00f6\u00f6 automatiseerimiseks. Tihtipeale ei kasutata \u00e4ra k\u00f5iki v\u00f5imalusi oma elu lihtsustamiseks, mist\u00f5ttu on m\u00f5istlik need siin v\u00e4lja tuua.\u00a0Automatiseeritud raamatupidamine pole enam pelgalt paberivaba raamatupidamine, vaid palju muud: pangaimport (automatiseerib kuni 100% k\u00f5igist panga tehingutest), Swedbanki integratsioon, ostuarvete postkast\u00a0(automatiseerib kuni 85% k\u00f5igist ostuprotsessidest) jpm. Kanna ostuarved automaatselt tarkvarasse Raamatupidajad [&hellip;]<\/p>\n","protected":false},"author":3,"featured_media":0,"parent":0,"menu_order":2,"comment_status":"closed","ping_status":"closed","template":"","meta":{"_et_pb_use_builder":"","_et_pb_old_content":"","_et_gb_content_width":"","footnotes":""},"categories":[],"tags":[173],"class_list":["post-4405","page","type-page","status-publish","hentry","tag-raamatupidamine"],"_links":{"self":[{"href":"https:\/\/www.erplybooks.com\/et\/wp-json\/wp\/v2\/pages\/4405","targetHints":{"allow":["GET"]}}],"collection":[{"href":"https:\/\/www.erplybooks.com\/et\/wp-json\/wp\/v2\/pages"}],"about":[{"href":"https:\/\/www.erplybooks.com\/et\/wp-json\/wp\/v2\/types\/page"}],"author":[{"embeddable":true,"href":"https:\/\/www.erplybooks.com\/et\/wp-json\/wp\/v2\/users\/3"}],"replies":[{"embeddable":true,"href":"https:\/\/www.erplybooks.com\/et\/wp-json\/wp\/v2\/comments?post=4405"}],"version-history":[{"count":0,"href":"https:\/\/www.erplybooks.com\/et\/wp-json\/wp\/v2\/pages\/4405\/revisions"}],"wp:attachment":[{"href":"https:\/\/www.erplybooks.com\/et\/wp-json\/wp\/v2\/media?parent=4405"}],"wp:term":[{"taxonomy":"category","embeddable":true,"href":"https:\/\/www.erplybooks.com\/et\/wp-json\/wp\/v2\/categories?post=4405"},{"taxonomy":"post_tag","embeddable":true,"href":"https:\/\/www.erplybooks.com\/et\/wp-json\/wp\/v2\/tags?post=4405"}],"curies":[{"name":"wp","href":"https:\/\/api.w.org\/{rel}","templated":true}]}}