{"id":4249,"date":"2017-04-02T17:47:33","date_gmt":"2017-04-02T17:47:33","guid":{"rendered":"http:\/\/www.erplybooks.com\/?page_id=4249\/"},"modified":"2024-11-08T09:30:22","modified_gmt":"2024-11-08T09:30:22","slug":"kulude-periodiseerimine","status":"publish","type":"page","link":"https:\/\/www.erplybooks.com\/et\/juhendid\/kulude-periodiseerimine\/","title":{"rendered":"Kulude periodiseerimine"},"content":{"rendered":"<h1>Kulude periodiseerimine<\/h1>\n<p>Kulude periodiseerimine on sobiv lahendus,\u00a0kui ettev\u00f5te saab arve tuleviku perioodi kohta ja see arve tuleb jagada v\u00f5rdsetes osades tulevaste kuude vahel. N\u00e4iteks v\u00f5ib ettev\u00f5te saada kindlustusarve 120 eurot \u00fcheks aastaks perioodi eest 01.01.2020-31.12.2020 ja iga kuu tuleb kajastada kindlustuskulu 10 eurot.<\/p>\n<p>Kulude periodiseerimisel on vajalik lisada k\u00f5igepealt antud seadistus <strong>&#8221;S\u00e4tted&#8221; <\/strong>&gt; &#8216;<strong>&#8216;\u00dcldised s\u00e4tted&#8221;<\/strong> &gt; <strong>&#8221;Mitu p\u00e4eva tulevikku v\u00f5ib kandeid teha&#8221;<\/strong>.<\/p>\n<p><img loading=\"lazy\" decoding=\"async\" class=\"alignnone wp-image-33933\" src=\"https:\/\/www.erplybooks.com\/wp-content\/uploads\/2023\/08\/image.png\" alt=\"\" width=\"667\" height=\"79\" srcset=\"https:\/\/www.erplybooks.com\/wp-content\/uploads\/2023\/08\/image.png 667w, https:\/\/www.erplybooks.com\/wp-content\/uploads\/2023\/08\/image-480x57.png 480w\" sizes=\"auto, (min-width: 0px) and (max-width: 480px) 480px, (min-width: 481px) 667px, 100vw\" \/><\/p>\n<p style=\"text-align: justify;\">Kulude periodiseerimisel toimi j\u00e4rgnevalt. Kui oled saanud arve, siis kajasta see raamatupidamises nagu tavaline ostuarve. Konto valimisel vali kulukonto (mitte ettemaksukonto). Peale ostuarve salvestamist vajuta all paremas servas sinist nuppu <strong>\u201cMuu\u201d<\/strong> &gt; vali\u00a0<strong>\u201cKulude periodiseerimine\u201d<\/strong>. J\u00e4rgnevalt avaneb aken, kus tuleb t\u00e4ita j\u00e4rgmised v\u00e4ljad:<\/p>\n<ul>\n<li style=\"text-align: justify;\"><b>Mitu kuud<\/b> &#8211; vali kuude arv<\/li>\n<\/ul>\n<ul>\n<li style=\"text-align: justify;\"><b>Milliseid uuendada<\/b> &#8211; m\u00e4\u00e4ra arve read, mida tuleb periodiseerida. Kui soovid k\u00f5iki periodiseerida, siis j\u00e4ta see t\u00fchjaks. Kui soovid kindlaid ridu, siis eralda need komadega (n\u00e4iteks 1,3)<\/li>\n<\/ul>\n<ul>\n<li style=\"text-align: justify;\"><b>Konto<\/b> &#8211; vali ettemaksukonto, kuhu kajastada tulevaste perioodide kulu osa<\/li>\n<\/ul>\n<p><img loading=\"lazy\" decoding=\"async\" class=\"alignnone wp-image-20471 size-full\" src=\"https:\/\/www.erplybooks.com\/wp-content\/uploads\/2021\/01\/Screen-Shot-2021-01-25-at-14.55.25-1.png\" alt=\"Kulude periodiseerimine\" width=\"1126\" height=\"725\" srcset=\"https:\/\/www.erplybooks.com\/wp-content\/uploads\/2021\/01\/Screen-Shot-2021-01-25-at-14.55.25-1.png 1126w, https:\/\/www.erplybooks.com\/wp-content\/uploads\/2021\/01\/Screen-Shot-2021-01-25-at-14.55.25-1-300x193.png 300w, https:\/\/www.erplybooks.com\/wp-content\/uploads\/2021\/01\/Screen-Shot-2021-01-25-at-14.55.25-1-1024x659.png 1024w, https:\/\/www.erplybooks.com\/wp-content\/uploads\/2021\/01\/Screen-Shot-2021-01-25-at-14.55.25-1-768x494.png 768w\" sizes=\"auto, (max-width: 1126px) 100vw, 1126px\" \/><\/p>\n<p style=\"text-align: justify;\">Peale <strong>\u201cTehtud\u201d<\/strong> nupu vajutamist avaneb raamatupidamiskanne. Raamatupidamiskandest on n\u00e4ha, et kanne on jaotatud kuup\u00e4evade l\u00f5ikes. Esimesel kuul kantakse j\u00e4rgneva 11 kuu osa ettemakse kontole ja esimese kuu osa j\u00e4\u00e4b kulu kontole. Alates teisest kuust kantakse igal j\u00e4rgneval kuul \u00f5ige summa ettemaksukontolt kulukontole.<\/p>\n<p><img loading=\"lazy\" decoding=\"async\" class=\"alignnone wp-image-20465 size-full\" src=\"https:\/\/www.erplybooks.com\/wp-content\/uploads\/2021\/01\/Screen-Shot-2021-01-25-at-14.55.51.png\" alt=\"\" width=\"1212\" height=\"312\" srcset=\"https:\/\/www.erplybooks.com\/wp-content\/uploads\/2021\/01\/Screen-Shot-2021-01-25-at-14.55.51.png 1212w, https:\/\/www.erplybooks.com\/wp-content\/uploads\/2021\/01\/Screen-Shot-2021-01-25-at-14.55.51-300x77.png 300w, https:\/\/www.erplybooks.com\/wp-content\/uploads\/2021\/01\/Screen-Shot-2021-01-25-at-14.55.51-1024x264.png 1024w, https:\/\/www.erplybooks.com\/wp-content\/uploads\/2021\/01\/Screen-Shot-2021-01-25-at-14.55.51-768x198.png 768w\" sizes=\"auto, (max-width: 1212px) 100vw, 1212px\" \/><\/p>\n<p style=\"text-align: justify;\">Salvesta kanne ja kui arvel on kasutatud projekte, siis kande k\u00f5ikidele ridadele tuleb projekt peale salvestamist ja lehe v\u00e4rskendamist. Kontrollida saad, kui avad arve, vajutad <strong>&#8220;Muu&#8221; &#8211; &#8220;Kanded&#8221;<\/strong><\/p>\n","protected":false},"excerpt":{"rendered":"<p>Kulude periodiseerimine Kulude periodiseerimine on sobiv lahendus,\u00a0kui ettev\u00f5te saab arve tuleviku perioodi kohta ja see arve tuleb jagada v\u00f5rdsetes osades tulevaste kuude vahel. N\u00e4iteks v\u00f5ib ettev\u00f5te saada kindlustusarve 120 eurot \u00fcheks aastaks perioodi eest 01.01.2020-31.12.2020 ja iga kuu tuleb kajastada kindlustuskulu 10 eurot. Kulude periodiseerimisel on vajalik lisada k\u00f5igepealt antud seadistus &#8221;S\u00e4tted&#8221; &gt; &#8216;&#8216;\u00dcldised s\u00e4tted&#8221; [&hellip;]<\/p>\n","protected":false},"author":3,"featured_media":0,"parent":3312,"menu_order":10,"comment_status":"closed","ping_status":"closed","template":"","meta":{"_et_pb_use_builder":"","_et_pb_old_content":"","_et_gb_content_width":"","footnotes":""},"categories":[454],"tags":[111,578],"class_list":["post-4249","page","type-page","status-publish","hentry","category-ost","tag-kulud","tag-periood"],"_links":{"self":[{"href":"https:\/\/www.erplybooks.com\/et\/wp-json\/wp\/v2\/pages\/4249","targetHints":{"allow":["GET"]}}],"collection":[{"href":"https:\/\/www.erplybooks.com\/et\/wp-json\/wp\/v2\/pages"}],"about":[{"href":"https:\/\/www.erplybooks.com\/et\/wp-json\/wp\/v2\/types\/page"}],"author":[{"embeddable":true,"href":"https:\/\/www.erplybooks.com\/et\/wp-json\/wp\/v2\/users\/3"}],"replies":[{"embeddable":true,"href":"https:\/\/www.erplybooks.com\/et\/wp-json\/wp\/v2\/comments?post=4249"}],"version-history":[{"count":0,"href":"https:\/\/www.erplybooks.com\/et\/wp-json\/wp\/v2\/pages\/4249\/revisions"}],"up":[{"embeddable":true,"href":"https:\/\/www.erplybooks.com\/et\/wp-json\/wp\/v2\/pages\/3312"}],"wp:attachment":[{"href":"https:\/\/www.erplybooks.com\/et\/wp-json\/wp\/v2\/media?parent=4249"}],"wp:term":[{"taxonomy":"category","embeddable":true,"href":"https:\/\/www.erplybooks.com\/et\/wp-json\/wp\/v2\/categories?post=4249"},{"taxonomy":"post_tag","embeddable":true,"href":"https:\/\/www.erplybooks.com\/et\/wp-json\/wp\/v2\/tags?post=4249"}],"curies":[{"name":"wp","href":"https:\/\/api.w.org\/{rel}","templated":true}]}}