{"id":38008,"date":"2018-05-29T05:50:15","date_gmt":"2018-05-29T05:50:15","guid":{"rendered":"https:\/\/www.erplybooks.com\/juhendid\/invoice-scheduler\/"},"modified":"2026-05-05T12:58:51","modified_gmt":"2026-05-05T12:58:51","slug":"arve-ajastaja","status":"publish","type":"page","link":"https:\/\/www.erplybooks.com\/et\/juhendid\/arve-ajastaja\/","title":{"rendered":"Arve ajastaja"},"content":{"rendered":"<h1>Arve ajastaja<\/h1>\n<p>&nbsp;<\/p>\n<p>ERPLY Booksis saab kasutada arve ajastajat, mis on m\u00f5eldud mitme arve korraga v\u00e4ljasaatmiseks. Sellega on v\u00f5imalik saata PDF-arveid, arveid e-posti teel, e-arveid (kui see on sinu riigis toetatud) ning samuti printida faktooringu faili. N\u00e4iteks olukorras, kus raamatupidaja soovib saata iga hommik arved ning tal on 50 arvet \u2013 10 neist l\u00e4hevad faktooringusse, 30 saadetakse e-posti teel ning \u00fclej\u00e4\u00e4nud 10 tuleb v\u00e4lja printida.<\/p>\n<p>Protsess koosneb j\u00e4rgmistest sammudest:<\/p>\n<ol>\n<li style=\"font-weight: 400;\" aria-level=\"1\">Koostatakse m\u00fc\u00fcgisaateleht v\u00f5i arve ERPLY back office\u2019is<\/li>\n<li style=\"font-weight: 400;\" aria-level=\"1\">Seej\u00e4rel s\u00fcnkroniseeritakse arve ERPLY Booksis<\/li>\n<li aria-level=\"1\">ERPLY Booksis on n\u00e4ha arved, mida ei ole veel v\u00e4lja saadetud ning neid saab seej\u00e4rel \u00fckshaaval hallata<\/li>\n<\/ol>\n<p>Kui kasutusel on faktooring, siis saab esmalt printida faktooringu arved, seej\u00e4rel valida arved, mida ei ole faktooringusse saadetud ning mida soovitakse saata PDF-failina.<\/p>\n<p>&nbsp;<\/p>\n<h2><span style=\"font-weight: 400;\">Seadistamine<\/span><\/h2>\n<p>&nbsp;<\/p>\n<p><span style=\"font-weight: 400;\">Antud funktsiooni kasutamiseks mine <\/span><b>S\u00e4tted -&gt; \u00dcldised s\u00e4tted <\/b>ning aktiveeri reegel nr<span style=\"font-weight: 400;\"> 26 <strong>\u2018<\/strong><\/span><b>\u2019Kasuta arvete saatmise j\u00e4lgimise v\u00f5imalusi?\u2019\u2019.<\/b><\/p>\n<p><img loading=\"lazy\" decoding=\"async\" class=\"alignnone size-full wp-image-38010\" src=\"https:\/\/www.erplybooks.com\/wp-content\/uploads\/2026\/05\/16reegel.png\" alt=\"\" width=\"328\" height=\"34\" srcset=\"https:\/\/www.erplybooks.com\/wp-content\/uploads\/2026\/05\/16reegel.png 328w, https:\/\/www.erplybooks.com\/wp-content\/uploads\/2026\/05\/16reegel-300x31.png 300w\" sizes=\"auto, (max-width: 328px) 100vw, 328px\" \/><\/p>\n<p>Kui arve ajastaja on sinu ettev\u00f5ttes aktiveeritud, siis n\u00e4ete <strong data-start=\"1101\" data-end=\"1123\">\u201eOotel arved\u201c<\/strong> Laekumata arvetes (M\u00fc\u00fck \u2192 M\u00fc\u00fcgiarved \u2192 Laekumata arved) .<\/p>\n<p><img loading=\"lazy\" decoding=\"async\" class=\"alignnone size-full wp-image-38016\" src=\"https:\/\/www.erplybooks.com\/wp-content\/uploads\/2026\/05\/ootaArved.png\" alt=\"\" width=\"1906\" height=\"556\" srcset=\"https:\/\/www.erplybooks.com\/wp-content\/uploads\/2026\/05\/ootaArved.png 1906w, https:\/\/www.erplybooks.com\/wp-content\/uploads\/2026\/05\/ootaArved-1280x373.png 1280w, https:\/\/www.erplybooks.com\/wp-content\/uploads\/2026\/05\/ootaArved-980x286.png 980w, https:\/\/www.erplybooks.com\/wp-content\/uploads\/2026\/05\/ootaArved-480x140.png 480w\" sizes=\"auto, (min-width: 0px) and (max-width: 480px) 480px, (min-width: 481px) and (max-width: 980px) 980px, (min-width: 981px) and (max-width: 1280px) 1280px, (min-width: 1281px) 1906px, 100vw\" \/><\/p>\n<p>Seda saab kasutada mitmel viisil:<\/p>\n<ul>\n<li aria-level=\"1\">P\u00f5hifunktsioon (kui faktooringut ei kasutata) on <strong data-start=\"1271\" data-end=\"1295\">\u201e<b>Mittesaadetud arved<\/b>\u201c<\/strong> valik. See annab nimekirja arvetest, mida ei ole veel v\u00e4lja saadetud.<\/li>\n<li aria-level=\"1\"><strong data-start=\"1370\" data-end=\"1383\">\u201eM\u00fc\u00fcgisaateleht\u201c<\/strong> on m\u00f5eldud olukordadeks, kus kaup on v\u00e4lja saadetud ning raamatupidaja peab hiljem saatelehe p\u00f5hjal arve koostama. Sellisel juhul on v\u00f5imalik valida saatelehed, mille p\u00f5hjal arved luua ning vajadusel muuta ka kuup\u00e4evi. Kui saatelehed ja kuup\u00e4ev on valitud, vajuta kollast nuppu <strong data-start=\"1664\" data-end=\"1684\">\u201eLoo arve\u201c<\/strong>.<\/li>\n<\/ul>\n<p>Arveid saab saata, valides sobivad linnukestega ning seej\u00e4rel kl\u00f5psates <strong data-start=\"1756\" data-end=\"1766\">\u201eVeel\u201c<\/strong>, mis kuvab j\u00e4rgmised valikud:<\/p>\n<p><img loading=\"lazy\" decoding=\"async\" class=\"alignnone wp-image-38022\" src=\"https:\/\/www.erplybooks.com\/wp-content\/uploads\/2026\/05\/veel.png\" alt=\"\" width=\"1390\" height=\"631\" srcset=\"https:\/\/www.erplybooks.com\/wp-content\/uploads\/2026\/05\/veel.png 1390w, https:\/\/www.erplybooks.com\/wp-content\/uploads\/2026\/05\/veel-1280x581.png 1280w, https:\/\/www.erplybooks.com\/wp-content\/uploads\/2026\/05\/veel-980x445.png 980w, https:\/\/www.erplybooks.com\/wp-content\/uploads\/2026\/05\/veel-480x218.png 480w\" sizes=\"auto, (min-width: 0px) and (max-width: 480px) 480px, (min-width: 481px) and (max-width: 980px) 980px, (min-width: 981px) and (max-width: 1280px) 1280px, (min-width: 1281px) 1390px, 100vw\" \/><\/p>\n<p>&nbsp;<\/p>\n<h2>Arvete koostamine<\/h2>\n<p data-start=\"2088\" data-end=\"2293\">Kui loote antud moodulis arveid, siis teil on saadaval mitmeid lokaliseerimisv\u00f5imalusi. N\u00e4iteks saab arvetele lisada viitenumbri v\u00f5i muuta arvenumbrit (ERPLY Books genereerib arvenumbri, kuid ei loo seda ERPLY back office\u2019is). Seda saab teha arvet\u00fc\u00fcbi p\u00f5hiselt. Kui kasutate seda valikut, tuleks vaikimisi k\u00f5ik B2B arved ERPLY Booksist v\u00e4lja saata .<\/p>\n<p data-start=\"2088\" data-end=\"2293\">Pole oluline, kas kasutate m\u00fc\u00fcgis\u00fcsteemi (Point of Sales), sest need arved ei ilmu siia moodulisse nii v\u00f5i teisiti, kuna need on juba tasutud.<\/p>\n<p>&nbsp;<\/p>\n<p>Lisateavet leiate <a href=\"https:\/\/www.youtube.com\/watch?v=2Bma8isjzU4&amp;t=3s\">videos<\/a>.<\/p>\n<p><iframe loading=\"lazy\" title=\"Invoice Scheduler\" width=\"1080\" height=\"608\" src=\"https:\/\/www.youtube.com\/embed\/2Bma8isjzU4?feature=oembed\"  allow=\"accelerometer; autoplay; clipboard-write; encrypted-media; gyroscope; picture-in-picture; web-share\" referrerpolicy=\"strict-origin-when-cross-origin\" allowfullscreen><\/iframe><\/p>\n","protected":false},"excerpt":{"rendered":"<p>Arve ajastaja &nbsp; ERPLY Booksis saab kasutada arve ajastajat, mis on m\u00f5eldud mitme arve korraga v\u00e4ljasaatmiseks. Sellega on v\u00f5imalik saata PDF-arveid, arveid e-posti teel, e-arveid (kui see on sinu riigis toetatud) ning samuti printida faktooringu faili. N\u00e4iteks olukorras, kus raamatupidaja soovib saata iga hommik arved ning tal on 50 arvet \u2013 10 neist l\u00e4hevad faktooringusse, [&hellip;]<\/p>\n","protected":false},"author":3,"featured_media":0,"parent":3312,"menu_order":0,"comment_status":"closed","ping_status":"closed","template":"","meta":{"_et_pb_use_builder":"","_et_pb_old_content":"","_et_gb_content_width":"","footnotes":""},"categories":[1390],"tags":[589,1392],"class_list":["post-38008","page","type-page","status-publish","hentry","category-sales-et","tag-arve","tag-schedule-et"],"_links":{"self":[{"href":"https:\/\/www.erplybooks.com\/et\/wp-json\/wp\/v2\/pages\/38008","targetHints":{"allow":["GET"]}}],"collection":[{"href":"https:\/\/www.erplybooks.com\/et\/wp-json\/wp\/v2\/pages"}],"about":[{"href":"https:\/\/www.erplybooks.com\/et\/wp-json\/wp\/v2\/types\/page"}],"author":[{"embeddable":true,"href":"https:\/\/www.erplybooks.com\/et\/wp-json\/wp\/v2\/users\/3"}],"replies":[{"embeddable":true,"href":"https:\/\/www.erplybooks.com\/et\/wp-json\/wp\/v2\/comments?post=38008"}],"version-history":[{"count":0,"href":"https:\/\/www.erplybooks.com\/et\/wp-json\/wp\/v2\/pages\/38008\/revisions"}],"up":[{"embeddable":true,"href":"https:\/\/www.erplybooks.com\/et\/wp-json\/wp\/v2\/pages\/3312"}],"wp:attachment":[{"href":"https:\/\/www.erplybooks.com\/et\/wp-json\/wp\/v2\/media?parent=38008"}],"wp:term":[{"taxonomy":"category","embeddable":true,"href":"https:\/\/www.erplybooks.com\/et\/wp-json\/wp\/v2\/categories?post=38008"},{"taxonomy":"post_tag","embeddable":true,"href":"https:\/\/www.erplybooks.com\/et\/wp-json\/wp\/v2\/tags?post=38008"}],"curies":[{"name":"wp","href":"https:\/\/api.w.org\/{rel}","templated":true}]}}