{"id":37131,"date":"2026-03-04T09:52:15","date_gmt":"2026-03-04T09:52:15","guid":{"rendered":"https:\/\/www.erplybooks.com\/?page_id=37131"},"modified":"2026-03-04T10:10:05","modified_gmt":"2026-03-04T10:10:05","slug":"billberry-integratsioon","status":"publish","type":"page","link":"https:\/\/www.erplybooks.com\/et\/billberry-integratsioon\/","title":{"rendered":"Billberry integratsioon"},"content":{"rendered":"<h1><b>Billberry integratsioon<\/b><\/h1>\n<p>&nbsp;<\/p>\n<h2><b>Mis on Billberry ja miks seda kasutada?<\/b><\/h2>\n<p><span style=\"font-weight: 400;\">Billberry on ainus e\u2011arve operaator, mis v\u00f5imaldab Eesti e\u2011arve standardile vastavaid arveid nii saata kui ka vastu v\u00f5tta t\u00e4iesti tasuta. Billberry v\u00f5imaldab:\u00a0<\/span><\/p>\n<ul>\n<li style=\"font-weight: 400;\" aria-level=\"1\"><b>Tasuta e-arvete saatmist <\/b><span style=\"font-weight: 400;\">&#8211; saab edastada e-arveid teistele organisatsioonidele ja riigiasutustele ilma lisatasudeta<\/span><\/li>\n<li style=\"font-weight: 400;\" aria-level=\"1\"><b>Automaatset e\u2011arvete vastuv\u00f5ttu<\/b><span style=\"font-weight: 400;\"> &#8211; saab e-arveid vastu v\u00f5tta piiramatus koguses ja importida need otse ERPLY Booksi<\/span><\/li>\n<li style=\"font-weight: 400;\" aria-level=\"1\"><b>Lihtsat veebip\u00f5hist kasutajaliidest<\/b><span style=\"font-weight: 400;\"> &#8211; saab arveid vaadata ja hallata ka Billberry veebilehel<\/span><\/li>\n<li style=\"font-weight: 400;\" aria-level=\"1\"><b>T\u00e4ielikult automaatset edastamist<\/b><span style=\"font-weight: 400;\"> &#8211; erinevalt teistest teenusepakkujatest, teeb Billberry kogu t\u00f6\u00f6 ise \u00e4ra<\/span><\/li>\n<\/ul>\n<h2><b>Integratsiooni seadistamine<\/b><\/h2>\n<p><span style=\"font-weight: 400;\">Integratsiooni loomiseks tuleb avada ERPLY Books ning<\/span><\/p>\n<ul>\n<li style=\"font-weight: 400;\" aria-level=\"1\"><span style=\"font-weight: 400;\">Vajutada: <\/span><b>S\u00e4tted \u2192 Integratsioonid \u2192 Billberry<\/b><span style=\"font-weight: 400;\">.<\/span><\/li>\n<li style=\"font-weight: 400;\" aria-level=\"1\"><span style=\"font-weight: 400;\">Vajutada: <\/span><b>Loo \u00fchendus<\/b><\/li>\n<li style=\"font-weight: 400;\" aria-level=\"1\"><span style=\"font-weight: 400;\">Avanenud aknas m\u00e4rgid linnukestega, kas soovid saata ja\/v\u00f5i v\u00f5tta vastu arveid<\/span><\/li>\n<li style=\"font-weight: 400;\" aria-level=\"1\">Vajutada <b>Salvesta<\/b><\/li>\n<\/ul>\n<p><img loading=\"lazy\" decoding=\"async\" class=\"alignnone size-full wp-image-37132\" src=\"https:\/\/www.erplybooks.com\/wp-content\/uploads\/2026\/03\/1.png\" alt=\"\" width=\"1561\" height=\"517\" srcset=\"https:\/\/www.erplybooks.com\/wp-content\/uploads\/2026\/03\/1.png 1561w, https:\/\/www.erplybooks.com\/wp-content\/uploads\/2026\/03\/1-1280x424.png 1280w, https:\/\/www.erplybooks.com\/wp-content\/uploads\/2026\/03\/1-980x325.png 980w, https:\/\/www.erplybooks.com\/wp-content\/uploads\/2026\/03\/1-480x159.png 480w\" sizes=\"auto, (min-width: 0px) and (max-width: 480px) 480px, (min-width: 481px) and (max-width: 980px) 980px, (min-width: 981px) and (max-width: 1280px) 1280px, (min-width: 1281px) 1561px, 100vw\" \/><\/p>\n<p>&nbsp;<\/p>\n<p><span style=\"font-weight: 400;\">J\u00e4rgnevalt teeme l\u00e4bi vajalikud KYC protsessid ning kinnitame teenuse kasutamiseks vajalikud andmed<\/span><\/p>\n<h2><\/h2>\n<h2><b>E-arvete saatmine\u00a0<\/b><\/h2>\n<p><span style=\"font-weight: 400;\">\u00dchekaupa e-arvete saatmiseks tuleb:<\/span><\/p>\n<ul>\n<li style=\"font-weight: 400;\" aria-level=\"1\"><span style=\"font-weight: 400;\">Avada vajaliku arve ERPLY Booksis<\/span><\/li>\n<li style=\"font-weight: 400;\" aria-level=\"1\"><span style=\"font-weight: 400;\">Vajutada <\/span><b>\u00fcmbriku <\/b><span style=\"font-weight: 400;\">ikoonile (all paremas nurgas)<\/span><\/li>\n<li style=\"font-weight: 400;\" aria-level=\"1\"><span style=\"font-weight: 400;\">Valida <\/span><b>E-arveldaja<\/b><span style=\"font-weight: 400;\"> Saada nupu alt<\/span><\/li>\n<\/ul>\n<p><img loading=\"lazy\" decoding=\"async\" class=\"alignnone size-full wp-image-37138\" src=\"https:\/\/www.erplybooks.com\/wp-content\/uploads\/2026\/03\/2.png\" alt=\"\" width=\"1354\" height=\"826\" srcset=\"https:\/\/www.erplybooks.com\/wp-content\/uploads\/2026\/03\/2.png 1354w, https:\/\/www.erplybooks.com\/wp-content\/uploads\/2026\/03\/2-1280x781.png 1280w, https:\/\/www.erplybooks.com\/wp-content\/uploads\/2026\/03\/2-980x598.png 980w, https:\/\/www.erplybooks.com\/wp-content\/uploads\/2026\/03\/2-480x293.png 480w\" sizes=\"auto, (min-width: 0px) and (max-width: 480px) 480px, (min-width: 481px) and (max-width: 980px) 980px, (min-width: 981px) and (max-width: 1280px) 1280px, (min-width: 1281px) 1354px, 100vw\" \/><\/p>\n<p>&nbsp;<\/p>\n<h2><b>E-arvete vastuv\u00f5tmine<\/b><\/h2>\n<p><span style=\"font-weight: 400;\">E-arvete saamisel:<\/span><\/p>\n<ul>\n<li><span style=\"font-weight: 400;\">Billberry annab sulle uutest e\u2011arvetest teada e\u2011posti tee &#8211; arved saadetakse automaatselt sinu m\u00e4\u00e4ratud aadressile<\/span><\/li>\n<li><span style=\"font-weight: 400;\">\u00a0saate vajadusel importida e-arved ERPLY Booksi v\u00f5i\/ja<\/span>\n<ul>\n<li><span style=\"font-weight: 400;\">Ava <\/span><b>Ost \u2192 Pangaimport<\/b><\/li>\n<\/ul>\n<\/li>\n<li><span style=\"font-weight: 400;\">kasutada Billberry automaatset e-arvete importi (kui Billberry on juba liidestatud)<\/span><\/li>\n<\/ul>\n<p><span style=\"font-weight: 400;\">K\u00fcsimuste tekkimise korral v\u00f5ta meiega \u00fchendust aadressil info@erplybooks.com<\/span><\/p>\n","protected":false},"excerpt":{"rendered":"<p>Billberry integratsioon &nbsp; Mis on Billberry ja miks seda kasutada? Billberry on ainus e\u2011arve operaator, mis v\u00f5imaldab Eesti e\u2011arve standardile vastavaid arveid nii saata kui ka vastu v\u00f5tta t\u00e4iesti tasuta. Billberry v\u00f5imaldab:\u00a0 Tasuta e-arvete saatmist &#8211; saab edastada e-arveid teistele organisatsioonidele ja riigiasutustele ilma lisatasudeta Automaatset e\u2011arvete vastuv\u00f5ttu &#8211; saab e-arveid vastu v\u00f5tta piiramatus koguses [&hellip;]<\/p>\n","protected":false},"author":28,"featured_media":0,"parent":0,"menu_order":0,"comment_status":"closed","ping_status":"closed","template":"","meta":{"_et_pb_use_builder":"","_et_pb_old_content":"","_et_gb_content_width":"","footnotes":""},"categories":[],"tags":[],"class_list":["post-37131","page","type-page","status-publish","hentry"],"_links":{"self":[{"href":"https:\/\/www.erplybooks.com\/et\/wp-json\/wp\/v2\/pages\/37131","targetHints":{"allow":["GET"]}}],"collection":[{"href":"https:\/\/www.erplybooks.com\/et\/wp-json\/wp\/v2\/pages"}],"about":[{"href":"https:\/\/www.erplybooks.com\/et\/wp-json\/wp\/v2\/types\/page"}],"author":[{"embeddable":true,"href":"https:\/\/www.erplybooks.com\/et\/wp-json\/wp\/v2\/users\/28"}],"replies":[{"embeddable":true,"href":"https:\/\/www.erplybooks.com\/et\/wp-json\/wp\/v2\/comments?post=37131"}],"version-history":[{"count":0,"href":"https:\/\/www.erplybooks.com\/et\/wp-json\/wp\/v2\/pages\/37131\/revisions"}],"wp:attachment":[{"href":"https:\/\/www.erplybooks.com\/et\/wp-json\/wp\/v2\/media?parent=37131"}],"wp:term":[{"taxonomy":"category","embeddable":true,"href":"https:\/\/www.erplybooks.com\/et\/wp-json\/wp\/v2\/categories?post=37131"},{"taxonomy":"post_tag","embeddable":true,"href":"https:\/\/www.erplybooks.com\/et\/wp-json\/wp\/v2\/tags?post=37131"}],"curies":[{"name":"wp","href":"https:\/\/api.w.org\/{rel}","templated":true}]}}