{"id":36884,"date":"2026-02-04T10:54:10","date_gmt":"2026-02-04T10:54:10","guid":{"rendered":"https:\/\/www.erplybooks.com\/?page_id=36884"},"modified":"2026-03-04T11:32:31","modified_gmt":"2026-03-04T11:32:31","slug":"ostuarvete-sunkroniseerimine-booksist-erplyi-lattu","status":"publish","type":"page","link":"https:\/\/www.erplybooks.com\/et\/ostuarvete-sunkroniseerimine-booksist-erplyi-lattu\/","title":{"rendered":"Ostuarvete s\u00fcnkroniseerimine Books&#8217;ist ERPLY&#8217;i lattu"},"content":{"rendered":"<h1><b>Ostuarvete s\u00fcnkroniseerimine Books&#8217;ist ERPLY&#8217;i lattu<\/b><\/h1>\n<p><span style=\"font-weight: 400;\">Vaikimisi ei s\u00fcnkroniseeri ERPLY Books k\u00f5iki tooteid ega saada ostuarveid tagasi ERPLY&#8217;i lattu. Antud juhend seletab kuidas seadistada vajalikud reeglid t\u00e4ieliku s\u00fcnkroniseerimise v\u00f5imaldamiseks.<\/span><\/p>\n<h2><b>Toodete s\u00fcnkroniseerimine ERPLY laost Books&#8217;i<\/b><\/h2>\n<p><span style=\"font-weight: 400;\">K\u00f5igepealt peame s\u00fcnkroniseerima k\u00f5ik tooted. Selleks tuleb lisada globaalne parameeter:<\/span><\/p>\n<ol>\n<li style=\"font-weight: 400;\" aria-level=\"1\"><span style=\"font-weight: 400;\">Minge <\/span><b>Pealehele<\/b><\/li>\n<li style=\"font-weight: 400;\" aria-level=\"1\"><span style=\"font-weight: 400;\">Otsige Pealehelt: <\/span><b>Globaalsed Atribuudid<\/b><\/li>\n<li style=\"font-weight: 400;\" aria-level=\"1\"><span style=\"font-weight: 400;\">Lisage uus rida <\/span><b>(+ Lisa)<\/b><span style=\"font-weight: 400;\">:<\/span>\n<ul>\n<li style=\"font-weight: 400;\" aria-level=\"2\"><b>Nimi<\/b><span style=\"font-weight: 400;\">: ATTRIBUTE_ERPLY_SYNC_GET_ALL_PRODUCTS<\/span><\/li>\n<li style=\"font-weight: 400;\" aria-level=\"2\"><b>V\u00e4\u00e4rtus<\/b><span style=\"font-weight: 400;\">: true<\/span><\/li>\n<\/ul>\n<\/li>\n<li style=\"font-weight: 400;\" aria-level=\"1\"><span style=\"font-weight: 400;\">Kl\u00f5psake <\/span><b>Salvesta<\/b><\/li>\n<\/ol>\n<p><img loading=\"lazy\" decoding=\"async\" class=\"alignnone size-full wp-image-36885\" src=\"https:\/\/www.erplybooks.com\/wp-content\/uploads\/2026\/02\/1-1.png\" alt=\"\" width=\"774\" height=\"646\" srcset=\"https:\/\/www.erplybooks.com\/wp-content\/uploads\/2026\/02\/1-1.png 774w, https:\/\/www.erplybooks.com\/wp-content\/uploads\/2026\/02\/1-1-480x401.png 480w\" sizes=\"auto, (min-width: 0px) and (max-width: 480px) 480px, (min-width: 481px) 774px, 100vw\" \/><\/p>\n<p>&nbsp;<\/p>\n<h2><b>Arvete saatmine ERPLY lattu<\/b><\/h2>\n<p><span style=\"font-weight: 400;\">N\u00fc\u00fcd peame lisama reegli, mis saadab automaatselt arved ERPLY&#8217;i lattu. Selleks lisage globaalne parameeter:<\/span><\/p>\n<ol>\n<li style=\"font-weight: 400;\" aria-level=\"1\"><b>Nimi:<\/b><span style=\"font-weight: 400;\"> SYNC_SEND_NEW_DOCS_TO_ERPLY<\/span><\/li>\n<li style=\"font-weight: 400;\" aria-level=\"1\"><b>V\u00e4\u00e4rtus:<\/b><span style=\"font-weight: 400;\"> 1 (Antud v\u00e4\u00e4rtus on viimase dokumendi ID, mida soovite saata. Kui soovite alustada mingist kindlast hetkest, siis leidke viimase dokumendi ID enne seda hetke ja sisestage see siia. Kui te pole varem arveid saatnud, siis peab tabeli v\u00e4\u00e4rtus olema 1)<\/span><\/li>\n<li style=\"font-weight: 400;\" aria-level=\"1\"><b>Int value:<\/b><span style=\"font-weight: 400;\"> 400 (See number m\u00e4\u00e4rab, mitu ostudokumenti saadetakse korraga \u00fche s\u00fcnkroniseerimise k\u00e4igus. S\u00fcsteem ei saa \u00fcleta antud limiiti)<\/span><\/li>\n<li style=\"font-weight: 400;\" aria-level=\"1\"><b>Int value2:<\/b><span style=\"font-weight: 400;\"> 100 (See number m\u00e4\u00e4rab, mitu m\u00fc\u00fcgidokumenti saadetakse korraga \u00fche s\u00fcnkroniseerimise k\u00e4igus. Kui te ei loo Books&#8217;is \u00fchtegi m\u00fc\u00fcgidokumenti, siis see seade teid ei m\u00f5juta)<\/span><\/li>\n<\/ol>\n<p><span style=\"font-weight: 400;\">V\u00f5imalusel saadetakse k\u00f5ik dokumendid ERPLY&#8217;i lattu<\/span><\/p>\n<h2><b>Uute toodete ja tarnijate lisamine<\/b><\/h2>\n<h3><b>Uued Tooted<\/b><\/h3>\n<ul>\n<li style=\"font-weight: 400;\" aria-level=\"1\"><b>Uue toote lisamisel ERPLY&#8217;i lattu <\/b><span style=\"font-weight: 400;\">tuleb lisada vajalik <\/span><b>globaalne parameeter<\/b><span style=\"font-weight: 400;\">:<\/span>\n<ul>\n<li style=\"font-weight: 400;\" aria-level=\"2\"><b>Nimi:<\/b><span style=\"font-weight: 400;\"> GLOBAL_SEND_ARTICLE_ERPLY<\/span><\/li>\n<li style=\"font-weight: 400;\" aria-level=\"2\"><b>V\u00e4\u00e4rtus:<\/b><span style=\"font-weight: 400;\"> true<\/span><\/li>\n<li style=\"font-weight: 400;\" aria-level=\"2\"><b>Alt.Value2:<\/b><span style=\"font-weight: 400;\"> Tootegrup\u0438 ID (Kui vajate Books&#8217;is rohkem kui \u00fchest tootegrupist toodete lisamist, siis v\u00f5tke \u00fchendust tugiteenusega)<\/span><\/li>\n<\/ul>\n<\/li>\n<\/ul>\n<h4><b>Tarnijad<\/b><\/h4>\n<ul>\n<li style=\"font-weight: 400;\" aria-level=\"1\"><b>Uue tarnija lisamisel ERPLY&#8217;i lattu<\/b><span style=\"font-weight: 400;\"> v\u00f5tke palun \u00fchendust tugiteenusega.<\/span><\/li>\n<\/ul>\n<p>&nbsp;<\/p>\n<p><span style=\"font-weight: 400;\">Kui sisestate ERPLY Booksis ostuarve, mis sisaldab tooteid, mis on juba ERPLY\u2019s olemas, saadetakse arve ERPLY\u2019sse j\u00e4rgmise s\u00fcnkroniseerimise k\u00e4igus ( ehk arvet ei saadeta kohe, vaid j\u00e4rgmise s\u00fcnkroniseerimise ajal)<\/span><\/p>\n<p><span style=\"font-weight: 400;\">Kui teil tekib k\u00fcsimusi v\u00f5i probleeme, v\u00f5tke \u00fchendust <\/span><b>support@erplybooks.com<\/b><\/p>\n","protected":false},"excerpt":{"rendered":"<p>Ostuarvete s\u00fcnkroniseerimine Books&#8217;ist ERPLY&#8217;i lattu Vaikimisi ei s\u00fcnkroniseeri ERPLY Books k\u00f5iki tooteid ega saada ostuarveid tagasi ERPLY&#8217;i lattu. Antud juhend seletab kuidas seadistada vajalikud reeglid t\u00e4ieliku s\u00fcnkroniseerimise v\u00f5imaldamiseks. Toodete s\u00fcnkroniseerimine ERPLY laost Books&#8217;i K\u00f5igepealt peame s\u00fcnkroniseerima k\u00f5ik tooted. Selleks tuleb lisada globaalne parameeter: Minge Pealehele Otsige Pealehelt: Globaalsed Atribuudid Lisage uus rida (+ Lisa): Nimi: [&hellip;]<\/p>\n","protected":false},"author":28,"featured_media":0,"parent":0,"menu_order":0,"comment_status":"closed","ping_status":"closed","template":"","meta":{"_et_pb_use_builder":"","_et_pb_old_content":"","_et_gb_content_width":"","footnotes":""},"categories":[],"tags":[],"class_list":["post-36884","page","type-page","status-publish","hentry"],"_links":{"self":[{"href":"https:\/\/www.erplybooks.com\/et\/wp-json\/wp\/v2\/pages\/36884","targetHints":{"allow":["GET"]}}],"collection":[{"href":"https:\/\/www.erplybooks.com\/et\/wp-json\/wp\/v2\/pages"}],"about":[{"href":"https:\/\/www.erplybooks.com\/et\/wp-json\/wp\/v2\/types\/page"}],"author":[{"embeddable":true,"href":"https:\/\/www.erplybooks.com\/et\/wp-json\/wp\/v2\/users\/28"}],"replies":[{"embeddable":true,"href":"https:\/\/www.erplybooks.com\/et\/wp-json\/wp\/v2\/comments?post=36884"}],"version-history":[{"count":0,"href":"https:\/\/www.erplybooks.com\/et\/wp-json\/wp\/v2\/pages\/36884\/revisions"}],"wp:attachment":[{"href":"https:\/\/www.erplybooks.com\/et\/wp-json\/wp\/v2\/media?parent=36884"}],"wp:term":[{"taxonomy":"category","embeddable":true,"href":"https:\/\/www.erplybooks.com\/et\/wp-json\/wp\/v2\/categories?post=36884"},{"taxonomy":"post_tag","embeddable":true,"href":"https:\/\/www.erplybooks.com\/et\/wp-json\/wp\/v2\/tags?post=36884"}],"curies":[{"name":"wp","href":"https:\/\/api.w.org\/{rel}","templated":true}]}}