{"id":36619,"date":"2026-01-26T13:14:57","date_gmt":"2026-01-26T13:14:57","guid":{"rendered":"https:\/\/www.erplybooks.com\/?page_id=36619"},"modified":"2026-01-26T13:14:57","modified_gmt":"2026-01-26T13:14:57","slug":"retseptide-sisestus","status":"publish","type":"page","link":"https:\/\/www.erplybooks.com\/et\/retseptide-sisestus\/","title":{"rendered":"Retseptide sisestus"},"content":{"rendered":"<h1><b>Retseptide sisestus<\/b><\/h1>\n<p><span style=\"font-weight: 400;\">Retseptid v\u00f5imaldavad tootmisprotsessis l\u00f5pptooteid automaatselt toota.\u00a0<\/span><\/p>\n<p><span style=\"font-weight: 400;\">Komponentide sisestamiseks on kaks v\u00f5imalust:<\/span><\/p>\n<p><b>Valik 1:<\/b><\/p>\n<p><span style=\"font-weight: 400;\">Avage <strong>Ladu<\/strong> \u2192 <strong>Seaded<\/strong> \u2192 <\/span><b>Tootmiskomponendid<\/b><\/p>\n<p><b>Valik 2:<\/b><\/p>\n<p><span style=\"font-weight: 400;\">Kirjutage pealehe otsingusse &#8220;<\/span><b>Tootmiskomponendid<\/b><span style=\"font-weight: 400;\">&#8220;<\/span><\/p>\n<p><span style=\"font-weight: 400;\">Komponentide lisamine k\u00e4ib artiklite kaudu ehk alguses tuleb lisada need (tooted) <\/span><b>\u201cOstu-m\u00fc\u00fcgi artiklite\u201d<\/b><span style=\"font-weight: 400;\"> moodulisse.\u00a0<\/span><\/p>\n<p><span style=\"font-weight: 400;\">Retseptis on kirjas, kui palju kulub komponenti \u00fche liitri toote kohta.<\/span><\/p>\n<p><img loading=\"lazy\" decoding=\"async\" class=\"alignnone  wp-image-36620\" src=\"https:\/\/www.erplybooks.com\/wp-content\/uploads\/2026\/01\/1-9.png\" alt=\"\" width=\"1156\" height=\"424\" srcset=\"https:\/\/www.erplybooks.com\/wp-content\/uploads\/2026\/01\/1-9-980x360.png 980w, https:\/\/www.erplybooks.com\/wp-content\/uploads\/2026\/01\/1-9-480x176.png 480w\" sizes=\"auto, (min-width: 0px) and (max-width: 480px) 480px, (min-width: 481px) and (max-width: 980px) 980px, (min-width: 981px) 1156px, 100vw\" \/><\/p>\n<h2><b>Uue retsepti lisamine<\/b><\/h2>\n<ol>\n<li style=\"font-weight: 400;\" aria-level=\"1\"><span style=\"font-weight: 400;\">Kl\u00f5psake: &#8220;<\/span><b>+ Lisa&#8221;<\/b><\/li>\n<li style=\"font-weight: 400;\" aria-level=\"1\"><span style=\"font-weight: 400;\">T\u00e4itke j\u00e4rgmised v\u00e4ljad:<\/span>\n<ul>\n<li style=\"font-weight: 400;\" aria-level=\"2\"><b>Artikkel:<\/b><span style=\"font-weight: 400;\"> Valmistoodang, mida valmistatakse<\/span><\/li>\n<li style=\"font-weight: 400;\" aria-level=\"2\"><b>Komponent:<\/b><span style=\"font-weight: 400;\"> Vajaminev toode\/koostisosa<\/span><\/li>\n<li style=\"font-weight: 400;\" aria-level=\"2\"><b>Kogus:<\/b><span style=\"font-weight: 400;\"> Vastavalt valitud tootele tema kogus 1 pudeli valmistamiseks<\/span><\/li>\n<li style=\"font-weight: 400;\" aria-level=\"2\"><b>Kirjeldus:<\/b><span style=\"font-weight: 400;\"> Vajadusel saate lisada t\u00e4iendavat informatsiooni<\/span><\/li>\n<\/ul>\n<\/li>\n<li style=\"font-weight: 400;\" aria-level=\"1\"><span style=\"font-weight: 400;\">Kl\u00f5psake <\/span><b>Salvesta<\/b><\/li>\n<\/ol>\n<p><img loading=\"lazy\" decoding=\"async\" class=\"alignnone  wp-image-36626\" src=\"https:\/\/www.erplybooks.com\/wp-content\/uploads\/2026\/01\/2-9.png\" alt=\"\" width=\"1111\" height=\"483\" srcset=\"https:\/\/www.erplybooks.com\/wp-content\/uploads\/2026\/01\/2-9-980x426.png 980w, https:\/\/www.erplybooks.com\/wp-content\/uploads\/2026\/01\/2-9-480x209.png 480w\" sizes=\"auto, (min-width: 0px) and (max-width: 480px) 480px, (min-width: 481px) and (max-width: 980px) 980px, (min-width: 981px) 1111px, 100vw\" \/><\/p>\n<h2><b>Retseptide p\u00f5him\u00f5tted<\/b><\/h2>\n<p><span style=\"font-weight: 400;\">Tootmisprotsess koosneb etappidest, kus igal etapil on oma retsept:<\/span><\/p>\n<ol>\n<li><b> Destilleerimine:<\/b><\/li>\n<\/ol>\n<ul>\n<li style=\"list-style-type: none;\">\n<ul>\n<li style=\"font-weight: 400;\" aria-level=\"1\"><span style=\"font-weight: 400;\">Retseptis on kirjas k\u00f5ik koostisosad, mis destilleerimisse l\u00e4hevad<\/span><\/li>\n<\/ul>\n<\/li>\n<\/ul>\n<ol start=\"2\">\n<li><b> Valmistoode (enne pakendamist):<\/b><\/li>\n<\/ol>\n<ul>\n<li style=\"list-style-type: none;\">\n<ul>\n<li style=\"font-weight: 400;\" aria-level=\"1\"><span style=\"font-weight: 400;\">Vahesaadusel on oma retsept lisatud koostisosadega<\/span><\/li>\n<li style=\"font-weight: 400;\" aria-level=\"1\"><span style=\"font-weight: 400;\">Tulemuseks on pakendamata valmistoode<\/span><\/li>\n<\/ul>\n<\/li>\n<\/ul>\n<ol start=\"3\">\n<li><b> Valmistoote pakendamisel:<\/b><\/li>\n<\/ol>\n<ul>\n<li style=\"font-weight: 400;\" aria-level=\"1\"><span style=\"font-weight: 400;\">Pakendamata valmistootele lisatakse:<\/span>\n<ul>\n<li style=\"font-weight: 400;\" aria-level=\"2\"><span style=\"font-weight: 400;\">Pudel<\/span><\/li>\n<li style=\"font-weight: 400;\" aria-level=\"2\"><span style=\"font-weight: 400;\">Kork<\/span><\/li>\n<li style=\"font-weight: 400;\" aria-level=\"2\"><span style=\"font-weight: 400;\">Silt<\/span><\/li>\n<li style=\"font-weight: 400;\" aria-level=\"2\"><span style=\"font-weight: 400;\">V\u00f5i muu pakend<\/span><\/li>\n<\/ul>\n<\/li>\n<\/ul>\n<p><span style=\"font-weight: 400;\">K\u00f5ik vahetooted peavad olema retseptidesse lisatud, et tagada selge \u00fclevaade toote koostisest igas etapis<\/span><\/p>\n","protected":false},"excerpt":{"rendered":"<p>Retseptide sisestus Retseptid v\u00f5imaldavad tootmisprotsessis l\u00f5pptooteid automaatselt toota.\u00a0 Komponentide sisestamiseks on kaks v\u00f5imalust: Valik 1: Avage Ladu \u2192 Seaded \u2192 Tootmiskomponendid Valik 2: Kirjutage pealehe otsingusse &#8220;Tootmiskomponendid&#8220; Komponentide lisamine k\u00e4ib artiklite kaudu ehk alguses tuleb lisada need (tooted) \u201cOstu-m\u00fc\u00fcgi artiklite\u201d moodulisse.\u00a0 Retseptis on kirjas, kui palju kulub komponenti \u00fche liitri toote kohta. Uue retsepti lisamine [&hellip;]<\/p>\n","protected":false},"author":28,"featured_media":0,"parent":0,"menu_order":0,"comment_status":"closed","ping_status":"closed","template":"","meta":{"_et_pb_use_builder":"","_et_pb_old_content":"","_et_gb_content_width":"","footnotes":""},"categories":[],"tags":[],"class_list":["post-36619","page","type-page","status-publish","hentry"],"_links":{"self":[{"href":"https:\/\/www.erplybooks.com\/et\/wp-json\/wp\/v2\/pages\/36619","targetHints":{"allow":["GET"]}}],"collection":[{"href":"https:\/\/www.erplybooks.com\/et\/wp-json\/wp\/v2\/pages"}],"about":[{"href":"https:\/\/www.erplybooks.com\/et\/wp-json\/wp\/v2\/types\/page"}],"author":[{"embeddable":true,"href":"https:\/\/www.erplybooks.com\/et\/wp-json\/wp\/v2\/users\/28"}],"replies":[{"embeddable":true,"href":"https:\/\/www.erplybooks.com\/et\/wp-json\/wp\/v2\/comments?post=36619"}],"version-history":[{"count":0,"href":"https:\/\/www.erplybooks.com\/et\/wp-json\/wp\/v2\/pages\/36619\/revisions"}],"wp:attachment":[{"href":"https:\/\/www.erplybooks.com\/et\/wp-json\/wp\/v2\/media?parent=36619"}],"wp:term":[{"taxonomy":"category","embeddable":true,"href":"https:\/\/www.erplybooks.com\/et\/wp-json\/wp\/v2\/categories?post=36619"},{"taxonomy":"post_tag","embeddable":true,"href":"https:\/\/www.erplybooks.com\/et\/wp-json\/wp\/v2\/tags?post=36619"}],"curies":[{"name":"wp","href":"https:\/\/api.w.org\/{rel}","templated":true}]}}