{"id":36371,"date":"2026-01-21T13:36:32","date_gmt":"2026-01-21T13:36:32","guid":{"rendered":"https:\/\/www.erplybooks.com\/?page_id=36371"},"modified":"2026-01-26T09:29:08","modified_gmt":"2026-01-26T09:29:08","slug":"andmete-muutmine-aruandegeneraatoris","status":"publish","type":"page","link":"https:\/\/www.erplybooks.com\/et\/andmete-muutmine-aruandegeneraatoris\/","title":{"rendered":"Andmete muutmine aruandegeneraatoris"},"content":{"rendered":"<h1><b>Andmete muutmine aruandegeneraatoris<\/b><\/h1>\n<p><span style=\"font-weight: 400;\">Aruandegeneraator v\u00f5imaldab teil hulgi redigeerida erinevaid andmet\u00fc\u00fcpe oma raamatupidamiss\u00fcsteemis. See juhend k\u00e4sitleb kirjete otsest muutmist, andmevigade leidmist ja parandamist ning muudatuste tegemist (mitmes organisatsioonis korraga).<\/span><\/p>\n<p><span style=\"font-weight: 400;\">Aruandegeneraator toetab j\u00e4rgmiste andmet\u00fc\u00fcpide muutmist:<\/span><\/p>\n<ul>\n<li style=\"font-weight: 400;\" aria-level=\"1\"><span style=\"font-weight: 400;\">Arved (koos arveridadega)<\/span><\/li>\n<li style=\"font-weight: 400;\" aria-level=\"1\"><span style=\"font-weight: 400;\">Maksed<\/span><\/li>\n<li style=\"font-weight: 400;\" aria-level=\"1\"><span style=\"font-weight: 400;\">Kontaktid<\/span><\/li>\n<li style=\"font-weight: 400;\" aria-level=\"1\"><span style=\"font-weight: 400;\">Kontoplaan<\/span><\/li>\n<li style=\"font-weight: 400;\" aria-level=\"1\"><span style=\"font-weight: 400;\">Maksum\u00e4\u00e4rad<\/span><\/li>\n<li style=\"font-weight: 400;\" aria-level=\"1\"><span style=\"font-weight: 400;\">M\u00f5\u00f5tmed\/Projektid<\/span><\/li>\n<li style=\"font-weight: 400;\" aria-level=\"1\"><span style=\"font-weight: 400;\">Projektigrupid\/M\u00f5\u00f5tmegrupid<\/span><\/li>\n<li style=\"font-weight: 400;\" aria-level=\"1\"><span style=\"font-weight: 400;\">Artiklid ja atribuudid<\/span><\/li>\n<li style=\"font-weight: 400;\" aria-level=\"1\"><span style=\"font-weight: 400;\">Tehingud (koos pearaamatu kannetega)<\/span><\/li>\n<\/ul>\n<p><b>Oluline:<\/b><span style=\"font-weight: 400;\"> Arvete (invoices) v\u00f5i kannete(transactions) muutmisel peate valima ka seotud read (<\/span><b>Arve rida \u2192 Arvete<\/b><span style=\"font-weight: 400;\"> puhul, <\/span><b>Pearaamat \u2192 Kannete <\/b><span style=\"font-weight: 400;\">puhul), et muuta deebet-, krediit- ja reakirjeid.<\/span><\/p>\n<h2><\/h2>\n<h2><b>Maksum\u00e4\u00e4ra muutmise n\u00e4ide<\/b><\/h2>\n<p><span style=\"font-weight: 400;\">Antud n\u00e4ide demonstreerib, kuidas muuta maksum\u00e4\u00e4rade kirjeldusi.<\/span><\/p>\n<h3><b>Sammud:<\/b><\/h3>\n<ol>\n<li style=\"font-weight: 400;\" aria-level=\"1\"><span style=\"font-weight: 400;\">Avage <\/span><b>Aruandegeneraator <\/b><span style=\"font-weight: 400;\">ja valige <\/span><b>KM liigid<\/b><span style=\"font-weight: 400;\"> (Tabelid)<\/span><\/li>\n<li style=\"font-weight: 400;\" aria-level=\"1\"><span style=\"font-weight: 400;\">Valige v\u00e4ljundisse:<\/span>\n<ul>\n<li style=\"font-weight: 400;\" aria-level=\"2\"><b>KM liigid.ID<\/b><\/li>\n<li style=\"font-weight: 400;\" aria-level=\"2\"><b>KM liigid.Kirjeldus<\/b><\/li>\n<li style=\"font-weight: 400;\" aria-level=\"2\"><b>KM liigid.Protsent<\/b><\/li>\n<li style=\"font-weight: 400;\" aria-level=\"2\"><b>KM liigid.Maksut\u00fc\u00fcp<\/b><\/li>\n<\/ul>\n<\/li>\n<li style=\"font-weight: 400;\" aria-level=\"1\"><span style=\"font-weight: 400;\">Lisage j\u00e4rgmine filter (Lisa filter):<\/span>\n<ul>\n<li style=\"font-weight: 400;\" aria-level=\"2\"><span style=\"font-weight: 400;\">Parameeter: <\/span><b>KM liigid.Kustutamiskuup\u00e4ev<\/b><span style=\"font-weight: 400;\">; T\u00fc\u00fcp: <\/span><b>On t\u00fchi<\/b><\/li>\n<\/ul>\n<\/li>\n<li style=\"font-weight: 400;\" aria-level=\"1\"><span style=\"font-weight: 400;\">Kl\u00f5psake <\/span><b>Otsi<\/b><span style=\"font-weight: 400;\">, et kuvada tulemused<\/span><\/li>\n<li style=\"font-weight: 400;\" aria-level=\"1\"><span style=\"font-weight: 400;\">Kl\u00f5psake <\/span><b>Muuda<\/b><\/li>\n<li style=\"font-weight: 400;\" aria-level=\"1\"><span style=\"font-weight: 400;\">Tehke muudatused otse tabelis (nt muutke &#8220;MOSS&#8221; &#8220;OSS&#8221;-iks KM.Kirjelduses)<\/span><\/li>\n<li style=\"font-weight: 400;\" aria-level=\"1\"><span style=\"font-weight: 400;\">Kl\u00f5psake <\/span><b>Salvesta<\/b><\/li>\n<li style=\"font-weight: 400;\" aria-level=\"1\"><span style=\"font-weight: 400;\">Kl\u00f5psake <\/span><b>Tehtud<\/b><\/li>\n<li style=\"font-weight: 400;\" aria-level=\"1\"><span style=\"font-weight: 400;\">S\u00fcsteem n\u00e4itab, mida muudetakse<\/span><\/li>\n<li>Kl\u00f5psake uuesti <strong>Salvesta<\/strong> kinnitamiseks<\/li>\n<\/ol>\n<p><img loading=\"lazy\" decoding=\"async\" class=\"alignnone wp-image-36479\" src=\"https:\/\/www.erplybooks.com\/wp-content\/uploads\/2026\/01\/1-4.png\" alt=\"\" width=\"1189\" height=\"261\" srcset=\"https:\/\/www.erplybooks.com\/wp-content\/uploads\/2026\/01\/1-4-980x215.png 980w, https:\/\/www.erplybooks.com\/wp-content\/uploads\/2026\/01\/1-4-480x105.png 480w\" sizes=\"auto, (min-width: 0px) and (max-width: 480px) 480px, (min-width: 481px) and (max-width: 980px) 980px, (min-width: 981px) 1189px, 100vw\" \/><\/p>\n<p>&nbsp;<\/p>\n<p><img loading=\"lazy\" decoding=\"async\" class=\"alignnone size-full wp-image-36378\" src=\"https:\/\/www.erplybooks.com\/wp-content\/uploads\/2026\/01\/2.png\" alt=\"\" width=\"358\" height=\"181\" srcset=\"https:\/\/www.erplybooks.com\/wp-content\/uploads\/2026\/01\/2.png 358w, https:\/\/www.erplybooks.com\/wp-content\/uploads\/2026\/01\/2-300x152.png 300w\" sizes=\"auto, (max-width: 358px) 100vw, 358px\" \/><\/p>\n<p>&nbsp;<\/p>\n<h2><b>Andmevigade leidmine ja parandamine<\/b><\/h2>\n<p><span style=\"font-weight: 400;\">Aruandegeneraator aitab tuvastada ja parandada andmete vigu teie kirjetes.<\/span><\/p>\n<h3><b>N\u00e4ide: EL-i klientide leidmine ilma KM-numbrita<\/b><\/h3>\n<p><span style=\"font-weight: 400;\">Antud stsenaariumis on EL-i riigi klient, kellele esitati arve EL-i k\u00e4ibemaksum\u00e4\u00e4rade alusel, kuid kellel puudub ERPLY s\u00fcsteemis k\u00e4ibemaksukohustuslase (VAT) number.<\/span> <span style=\"font-weight: 400;\">Nullprotsendilise k\u00e4ibemaksum\u00e4\u00e4raga m\u00fc\u00fcmiseks ELi klientidele on vajalik k\u00e4ibemaksunumber. Kui ELi kliendil see puudub, on tegemist vea v\u00f5i puudulike andmetega<\/span><\/p>\n<p><b>Probleemi lahendamiseks:<\/b><\/p>\n<ol>\n<li><span style=\"font-weight: 400;\">Avage <\/span><b>Aruandegeneraator <\/b><span style=\"font-weight: 400;\">ja valige <\/span><b>Tabelis<\/b><span style=\"font-weight: 400;\">:<\/span>\n<ul>\n<li><b>Arved<\/b><\/li>\n<li><b>Kontaktid<\/b><\/li>\n<li><b>Arve rida<\/b><\/li>\n<\/ul>\n<\/li>\n<li><span style=\"font-weight: 400;\">Valige v\u00e4ljundisse:<\/span>\n<ul>\n<li><b>Kontaktid.ID<\/b><\/li>\n<li><b>Kontaktid.KMKR<\/b><\/li>\n<li><b>Kontaktid<\/b><span style=\"font-weight: 400;\">.<\/span><b>NIMI<\/b><\/li>\n<\/ul>\n<\/li>\n<li><span style=\"font-weight: 400;\">Lisage N\u00e4ita gruppides: <\/span><b>Kontaktid.ID<\/b><span style=\"font-weight: 400;\"> (duplikaatide v\u00e4ltimiseks)<\/span><\/li>\n<li><span style=\"font-weight: 400;\">Lisage j\u00e4rgmised filtrid:<\/span>\n<ul>\n<li><span style=\"font-weight: 400;\">Parameeter: <\/span><b>Arved.Kuup\u00e4ev<\/b><span style=\"font-weight: 400;\">; T\u00fc\u00fcp:<\/span><b>Rohkem kui<\/b><span style=\"font-weight: 400;\">; Kuup\u00e4ev:<\/span><b> 01\/01\/2026<\/b><\/li>\n<li><span style=\"font-weight: 400;\">Parameeter: <\/span><b>Arve rida<\/b><span style=\"font-weight: 400;\">.<\/span><b>Kustutamiskuup\u00e4ev<\/b><span style=\"font-weight: 400;\">; T\u00fc\u00fcp: <\/span><b>On t\u00fchi<\/b><\/li>\n<li><span style=\"font-weight: 400;\">Parameeter: <\/span><b>Kontaktid.KMKR<\/b><span style=\"font-weight: 400;\">; T\u00fc\u00fcp: <\/span><b>Length Equals<\/b><span style=\"font-weight: 400;\">; V\u00e4\u00e4rtus: <\/span><b>0<\/b><\/li>\n<li><span style=\"font-weight: 400;\">Parameeter: <\/span><b>Kontaktid<\/b><span style=\"font-weight: 400;\">.<\/span><b>Riik(Tegelik)<\/b><span style=\"font-weight: 400;\">; T\u00fc\u00fcp: <\/span><b>Ei v\u00f5rdu<\/b><span style=\"font-weight: 400;\">; V\u00e4\u00e4rtus: <\/span><b>EE<\/b><\/li>\n<li><span style=\"font-weight: 400;\">Parameeter: <\/span><b>Arved.T\u00fc\u00fcp<\/b><span style=\"font-weight: 400;\">; T\u00fc\u00fcp:<\/span><b>V\u00f5rdub<\/b><span style=\"font-weight: 400;\">; V\u00e4\u00e4rtus: <\/span><b>Ostutellimus<\/b><\/li>\n<\/ul>\n<\/li>\n<li><span style=\"font-weight: 400;\">Kl\u00f5psake <\/span><b>Otsi<\/b><\/li>\n<li><span style=\"font-weight: 400;\">Tulemused n\u00e4itavad kliente, kellel puuduvad KM-number<\/span><\/li>\n<li><span style=\"font-weight: 400;\">Kl\u00f5psake <\/span><b>Muuda<\/b><span style=\"font-weight: 400;\"> muutmisre\u017eiimi lubamiseks<\/span><\/li>\n<li><span style=\"font-weight: 400;\">Sisestage puuduvad KM-numbrid otse tabelisse<\/span><\/li>\n<li><span style=\"font-weight: 400;\">Kl\u00f5psake <\/span><b>Salvesta<\/b><\/li>\n<\/ol>\n<p><img loading=\"lazy\" decoding=\"async\" class=\"alignnone wp-image-36384\" src=\"https:\/\/www.erplybooks.com\/wp-content\/uploads\/2026\/01\/3.png\" alt=\"\" width=\"957\" height=\"356\" \/><\/p>\n<h2><b>Andmete muutmine mitmes organisatsioonis korraga<\/b><\/h2>\n<p><span style=\"font-weight: 400;\">Kui haldate mitut organisatsiooni, saate teha hulgimuurutusi k\u00f5igis neist korraga.<\/span><\/p>\n<h3><b>N\u00e4ide: Kontonimede muutmine mitmes organisatsioonis<\/b><\/h3>\n<p><span style=\"font-weight: 400;\">See n\u00e4ide illustreerib, kuidas muuta mitme oranisatsiooni konto nimi &#8220;Kassa&#8221; (eesti keeles) &#8220;Cash&#8221;-iks (inglise keeles) mitmes organisatsioonis.<\/span><\/p>\n<h4><span style=\"font-weight: 400;\">Sammud:<\/span><\/h4>\n<ol>\n<li style=\"font-weight: 400;\" aria-level=\"1\"><span style=\"font-weight: 400;\">Avage <\/span><b>Aruandegeneraator <\/b><span style=\"font-weight: 400;\">ja valige (<\/span><b>Tabelid<\/b><span style=\"font-weight: 400;\">):<\/span><b> Kontoplaan<\/b><\/li>\n<li style=\"font-weight: 400;\" aria-level=\"1\"><span style=\"font-weight: 400;\">Valige j\u00e4rgmised v\u00e4ljad (<\/span><b>V\u00e4ljundid<\/b><span style=\"font-weight: 400;\">):<\/span>\n<ul>\n<li style=\"font-weight: 400;\" aria-level=\"2\"><b>Kontoplaan.ID<\/b><\/li>\n<li style=\"font-weight: 400;\" aria-level=\"2\"><b>Kontoplaan.Konto number<\/b><\/li>\n<li style=\"font-weight: 400;\" aria-level=\"2\"><b>Kontoplaan.Nimi<\/b><\/li>\n<li style=\"font-weight: 400;\" aria-level=\"2\"><b>Kontoplaan.Organisatsioon (ID)<\/b><span style=\"font-weight: 400;\"> (vajalik mitme organisatsiooni muutmisel)<\/span><\/li>\n<\/ul>\n<\/li>\n<li style=\"font-weight: 400;\" aria-level=\"1\"><span style=\"font-weight: 400;\">Vajutage: <\/span><b>Muud v\u00f5imalused<\/b><span style=\"font-weight: 400;\"> ja m\u00e4rkige: <\/span><b>K\u00f5ik organisatsioonid<\/b><\/li>\n<li style=\"font-weight: 400;\" aria-level=\"1\"><span style=\"font-weight: 400;\">Lisage filtrid:<\/span>\n<ul>\n<li style=\"font-weight: 400;\" aria-level=\"2\"><span style=\"font-weight: 400;\">Parameeter: <\/span><b>Kontoplaan.Nimi<\/b><span style=\"font-weight: 400;\">; T\u00fc\u00fcp: <\/span><b>V\u00f5rdub<\/b><span style=\"font-weight: 400;\">; V\u00e4\u00e4rtus: <\/span><b>Kassa<\/b><\/li>\n<li style=\"font-weight: 400;\" aria-level=\"2\"><span style=\"font-weight: 400;\">Parameeter: <\/span><b>Kontoplaan.Kustutamiskuup\u00e4ev<\/b><span style=\"font-weight: 400;\">; T\u00fc\u00fcp: <\/span><b>On t\u00fchi<\/b><\/li>\n<\/ul>\n<\/li>\n<li style=\"font-weight: 400;\" aria-level=\"1\"><span style=\"font-weight: 400;\">Kl\u00f5psake <\/span><b>Otsi<\/b><\/li>\n<li style=\"font-weight: 400;\" aria-level=\"1\"><span style=\"font-weight: 400;\">Vaadake \u00fcle tulemused, mis n\u00e4itavad k\u00f5iki &#8220;Kassa&#8221; juhtumeid organisatsioonides<\/span><\/li>\n<li style=\"font-weight: 400;\" aria-level=\"1\"><span style=\"font-weight: 400;\">Kl\u00f5psake <\/span><b>Muuda<\/b><\/li>\n<li style=\"font-weight: 400;\" aria-level=\"1\"><span style=\"font-weight: 400;\">Muutke k\u00f5ik vajalikud lahtrid&#8221;Cash&#8221;-iks<\/span>\n<ul>\n<li style=\"font-weight: 400;\" aria-level=\"2\"><span style=\"font-weight: 400;\">V\u00f5ite muudatusi teha otse lahtris<\/span><\/li>\n<li style=\"font-weight: 400;\" aria-level=\"2\"><span style=\"font-weight: 400;\">V\u00f5i kopeeri ja kleebi Excelist hulgi v\u00e4rskenduse tegemiseks<\/span><\/li>\n<\/ul>\n<\/li>\n<li style=\"font-weight: 400;\" aria-level=\"1\"><span style=\"font-weight: 400;\">Kl\u00f5psake <\/span><b>Salvesta<\/b><\/li>\n<li style=\"font-weight: 400;\" aria-level=\"1\"><span style=\"font-weight: 400;\">Kl\u00f5psake <\/span><b>Valmis<\/b><span style=\"font-weight: 400;\"> l\u00f5petamiseks<\/span><\/li>\n<\/ol>\n<p><b>NB!<\/b><span style=\"font-weight: 400;\"> Mitme organisatsiooni muutmisel peate lisama kindlasti <\/span><b>Organistasioon (ID)<\/b><span style=\"font-weight: 400;\">. Ilma selleta ei saa s\u00fcsteem kindlaks teha, millise organisatsiooni kirjeid uuendada.<\/span><\/p>\n<p><img loading=\"lazy\" decoding=\"async\" class=\"alignnone size-full wp-image-36505\" src=\"https:\/\/www.erplybooks.com\/wp-content\/uploads\/2026\/01\/4-6.png\" alt=\"\" width=\"1598\" height=\"445\" srcset=\"https:\/\/www.erplybooks.com\/wp-content\/uploads\/2026\/01\/4-6.png 1598w, https:\/\/www.erplybooks.com\/wp-content\/uploads\/2026\/01\/4-6-1280x356.png 1280w, https:\/\/www.erplybooks.com\/wp-content\/uploads\/2026\/01\/4-6-980x273.png 980w, https:\/\/www.erplybooks.com\/wp-content\/uploads\/2026\/01\/4-6-480x134.png 480w\" sizes=\"auto, (min-width: 0px) and (max-width: 480px) 480px, (min-width: 481px) and (max-width: 980px) 980px, (min-width: 981px) and (max-width: 1280px) 1280px, (min-width: 1281px) 1598px, 100vw\" \/><\/p>\n","protected":false},"excerpt":{"rendered":"<p>Andmete muutmine aruandegeneraatoris Aruandegeneraator v\u00f5imaldab teil hulgi redigeerida erinevaid andmet\u00fc\u00fcpe oma raamatupidamiss\u00fcsteemis. See juhend k\u00e4sitleb kirjete otsest muutmist, andmevigade leidmist ja parandamist ning muudatuste tegemist (mitmes organisatsioonis korraga). Aruandegeneraator toetab j\u00e4rgmiste andmet\u00fc\u00fcpide muutmist: Arved (koos arveridadega) Maksed Kontaktid Kontoplaan Maksum\u00e4\u00e4rad M\u00f5\u00f5tmed\/Projektid Projektigrupid\/M\u00f5\u00f5tmegrupid Artiklid ja atribuudid Tehingud (koos pearaamatu kannetega) Oluline: Arvete (invoices) v\u00f5i kannete(transactions) muutmisel [&hellip;]<\/p>\n","protected":false},"author":28,"featured_media":0,"parent":0,"menu_order":0,"comment_status":"closed","ping_status":"closed","template":"","meta":{"_et_pb_use_builder":"","_et_pb_old_content":"","_et_gb_content_width":"","footnotes":""},"categories":[],"tags":[],"class_list":["post-36371","page","type-page","status-publish","hentry"],"_links":{"self":[{"href":"https:\/\/www.erplybooks.com\/et\/wp-json\/wp\/v2\/pages\/36371","targetHints":{"allow":["GET"]}}],"collection":[{"href":"https:\/\/www.erplybooks.com\/et\/wp-json\/wp\/v2\/pages"}],"about":[{"href":"https:\/\/www.erplybooks.com\/et\/wp-json\/wp\/v2\/types\/page"}],"author":[{"embeddable":true,"href":"https:\/\/www.erplybooks.com\/et\/wp-json\/wp\/v2\/users\/28"}],"replies":[{"embeddable":true,"href":"https:\/\/www.erplybooks.com\/et\/wp-json\/wp\/v2\/comments?post=36371"}],"version-history":[{"count":0,"href":"https:\/\/www.erplybooks.com\/et\/wp-json\/wp\/v2\/pages\/36371\/revisions"}],"wp:attachment":[{"href":"https:\/\/www.erplybooks.com\/et\/wp-json\/wp\/v2\/media?parent=36371"}],"wp:term":[{"taxonomy":"category","embeddable":true,"href":"https:\/\/www.erplybooks.com\/et\/wp-json\/wp\/v2\/categories?post=36371"},{"taxonomy":"post_tag","embeddable":true,"href":"https:\/\/www.erplybooks.com\/et\/wp-json\/wp\/v2\/tags?post=36371"}],"curies":[{"name":"wp","href":"https:\/\/api.w.org\/{rel}","templated":true}]}}