{"id":36286,"date":"2026-01-21T11:18:05","date_gmt":"2026-01-21T11:18:05","guid":{"rendered":"https:\/\/www.erplybooks.com\/?page_id=36286"},"modified":"2026-04-01T11:11:38","modified_gmt":"2026-04-01T11:11:38","slug":"sissetulevate-webhookide-juhend","status":"publish","type":"page","link":"https:\/\/www.erplybooks.com\/et\/sissetulevate-webhookide-juhend\/","title":{"rendered":"Sissetulevate Webhookside kasutusjuhend"},"content":{"rendered":"<h1><b>Sissetulevate Webhookside kasutusjuhend<\/b><\/h1>\n<p><span style=\"font-weight: 400;\">Webhooksid (Veebihaak) on automaatsed teavitused, mis v\u00f5imaldab s\u00fcsteemidel omavahel suhelda s\u00fcndmuste toimumisel. K\u00e4esolev juhend kirjeldab <\/span><b>sissetulevaid <\/b><span style=\"font-weight: 400;\"><strong>Webhookside<\/strong> ehk teavitusi, mis edastatakse ERPLY laost teie s\u00fcsteemi.<\/span> <span style=\"font-weight: 400;\">N\u00e4iteks kui v\u00e4lises s\u00fcsteemis midagi juhtub (nt. arve lisamine), saadab see s\u00fcsteem Webhooki, et teavitada teie ERPLY Books&#8217;i koheselt.<\/span><\/p>\n<h2><b>Sissetulevate Webhookside seadistamine<\/b><\/h2>\n<ol>\n<li style=\"font-weight: 400;\" aria-level=\"1\"><span style=\"font-weight: 400;\">Minge <\/span><b>Pealehele<\/b><\/li>\n<li style=\"font-weight: 400;\" aria-level=\"1\"><span style=\"font-weight: 400;\">Kirjutage otsingusse: <\/span><b>Webhooks<\/b><\/li>\n<li style=\"font-weight: 400;\" aria-level=\"1\"><span style=\"font-weight: 400;\">Lisage uus rida<\/span><\/li>\n<\/ol>\n<p><img loading=\"lazy\" decoding=\"async\" class=\"alignnone wp-image-36292\" src=\"https:\/\/www.erplybooks.com\/wp-content\/uploads\/2026\/01\/unnamed-1-1.png\" alt=\"\" width=\"670\" height=\"380\" srcset=\"https:\/\/www.erplybooks.com\/wp-content\/uploads\/2026\/01\/unnamed-1-1.png 670w, https:\/\/www.erplybooks.com\/wp-content\/uploads\/2026\/01\/unnamed-1-1-480x272.png 480w\" sizes=\"auto, (min-width: 0px) and (max-width: 480px) 480px, (min-width: 481px) 670px, 100vw\" \/><\/p>\n<h3><b>Webhooksi konfigureerimine<\/b><\/h3>\n<p><span style=\"font-weight: 400;\">Peate m\u00e4\u00e4rama j\u00e4rgmised seaded:<\/span><\/p>\n<h4><b>1. Table\u00a0<\/b><\/h4>\n<p><span style=\"font-weight: 400;\">Saate valida, millist t\u00fc\u00fcpi andmeid soovite vastu v\u00f5tta. Saadaolevad valikud:<\/span><\/p>\n<ul>\n<li style=\"font-weight: 400;\" aria-level=\"1\"><b>invoice<\/b><span style=\"font-weight: 400;\"> &#8211; K\u00f5ik m\u00fc\u00fcgidokumendid, sealhulgas:<\/span>\n<ul>\n<li style=\"font-weight: 400;\" aria-level=\"2\"><span style=\"font-weight: 400;\">M\u00fc\u00fcgiarved (Sales invoices)<\/span><\/li>\n<li style=\"font-weight: 400;\" aria-level=\"2\"><span style=\"font-weight: 400;\">Tellimused (Orders)<\/span><\/li>\n<li style=\"font-weight: 400;\" aria-level=\"2\"><span style=\"font-weight: 400;\">Hinnapakkumised (Price offers)<\/span><\/li>\n<li style=\"font-weight: 400;\" aria-level=\"2\"><span style=\"font-weight: 400;\">Saatelehed (Waybills)<\/span><\/li>\n<li style=\"font-weight: 400;\" aria-level=\"2\"><span style=\"font-weight: 400;\">Muud m\u00fc\u00fcgidokumendid\u00a0<\/span><\/li>\n<\/ul>\n<\/li>\n<li style=\"font-weight: 400;\" aria-level=\"1\"><b>prcinvoice (Purchase Invoice)<\/b><span style=\"font-weight: 400;\"> &#8211; k\u00f5ik ostudokumendid, sealhulgas:<\/span>\n<ul>\n<li style=\"font-weight: 400;\" aria-level=\"2\"><span style=\"font-weight: 400;\">Ostuarved<\/span><\/li>\n<li style=\"font-weight: 400;\" aria-level=\"2\"><span style=\"font-weight: 400;\">Muud ostudokumendid<\/span><\/li>\n<\/ul>\n<\/li>\n<li style=\"font-weight: 400;\" aria-level=\"1\"><b>payments<\/b><span style=\"font-weight: 400;\"> (maksed)<\/span><\/li>\n<li style=\"font-weight: 400;\" aria-level=\"1\"><b>Customers<\/b><span style=\"font-weight: 400;\"> &#8211; Kliendid ja tarnijad ( <\/span>peavad <span style=\"font-weight: 400;\">olema salvestatud tabelisse nimega<\/span><b> &#8220;orgper&#8221;<\/b><span style=\"font-weight: 400;\">)<\/span><\/li>\n<\/ul>\n<p><b>NB:Table<\/b><span style=\"font-weight: 400;\"> toetab ainult neid nelja tabelit\u00fc\u00fcpe. Kui lisate m\u00f5ne muu, siis s\u00fcsteem tagastab veateate.<\/span><\/p>\n<h4><b>2. Action\u00a0<\/b><\/h4>\n<p><span style=\"font-weight: 400;\">Valige, milliseid s\u00fcndmusi j\u00e4lgida:<\/span><\/p>\n<ul>\n<li style=\"font-weight: 400;\" aria-level=\"1\"><b>insert<\/b><span style=\"font-weight: 400;\"> &#8211; Uute kirjete lisamine (<\/span><b>vaikimisi<\/b><span style=\"font-weight: 400;\">)<\/span><\/li>\n<li style=\"font-weight: 400;\" aria-level=\"1\"><b>update<\/b><span style=\"font-weight: 400;\"> &#8211; Uute lisamine ja olemasolevate kirjete muutus\u00a0<\/span><\/li>\n<\/ul>\n<h4><b>3. 5min interval (5-minutiline intervall)<\/b><\/h4>\n<p><span style=\"font-weight: 400;\">Valige Jah v\u00f5i Ei:<\/span><\/p>\n<ul>\n<li style=\"font-weight: 400;\" aria-level=\"1\"><b>Jah<\/b><span style=\"font-weight: 400;\"> &#8211; Webhooke t\u00f6\u00f6deldakse iga 5 minuti j\u00e4rel korraga<\/span><\/li>\n<li style=\"font-weight: 400;\" aria-level=\"1\"><b>Ei<\/b><span style=\"font-weight: 400;\"> &#8211; Olemasolevate kirjete uuendamine ei toimi, lisatakse ainult uued kirjed<\/span><\/li>\n<\/ul>\n<p><img loading=\"lazy\" decoding=\"async\" class=\"alignnone size-full wp-image-36327\" src=\"https:\/\/www.erplybooks.com\/wp-content\/uploads\/2026\/01\/Webhooks-est-1-2.png\" alt=\"\" width=\"512\" height=\"160\" srcset=\"https:\/\/www.erplybooks.com\/wp-content\/uploads\/2026\/01\/Webhooks-est-1-2.png 512w, https:\/\/www.erplybooks.com\/wp-content\/uploads\/2026\/01\/Webhooks-est-1-2-480x150.png 480w\" sizes=\"auto, (min-width: 0px) and (max-width: 480px) 480px, (min-width: 481px) 512px, 100vw\" \/><\/p>\n<h4><b>4. Synchronize Edited Items (Muudetud kirjete s\u00fcnkroniseerimine) (Jah\/Ei)<\/b><\/h4>\n<p><span style=\"font-weight: 400;\">Antud valik m\u00e4\u00e4rab, kas s\u00fcsteem t\u00f6\u00f6tleb ka olemasolevate kirjete muudatusi. Kui funktsioon on sisse l\u00fclitatud, s\u00fcnkroonitakse lisaks uutele ka olemasolevate kirjete muudatusi. Selleks tuleb:<\/span><\/p>\n<ol>\n<li style=\"font-weight: 400;\" aria-level=\"1\"><span style=\"font-weight: 400;\">Lisada: <\/span><b>update<\/b><span style=\"font-weight: 400;\"> (jaotises <\/span><b>Action<\/b><span style=\"font-weight: 400;\">)<\/span><\/li>\n<li style=\"font-weight: 400;\" aria-level=\"1\"><span style=\"font-weight: 400;\">Valida: <\/span><b>Jah<\/b><span style=\"font-weight: 400;\"> (jaotises <\/span><b>Sync also edited<\/b><span style=\"font-weight: 400;\">)<\/span><\/li>\n<\/ol>\n<p><span style=\"font-weight: 400;\">Ilma selleta t\u00f6\u00f6tleb s\u00fcsteem ainult uusi sisestusi ega tuvasta olemasolevate kirjete uuendusi.<\/span><\/p>\n<h2><\/h2>\n<h2><b>Integratsioon automaatse s\u00fcnkroniseerimisega<\/b><\/h2>\n<p><span style=\"font-weight: 400;\">Kui kasutate Webhooki 5-minutilist s\u00fcnkroonimist, ei ole sagedased automaatsed s\u00fcnkroonimised enam vajalikud. Nii v\u00e4heneb s\u00fcsteemi koormus, hoides samal ajal andmeid ajakohasena Webhookside kaudu.<\/span><\/p>\n<h3><b>Automaatse s\u00fcnkroniseerimise muutmine<\/b><\/h3>\n<ol>\n<li style=\"font-weight: 400;\" aria-level=\"1\"><span style=\"font-weight: 400;\">Minge <\/span><b>Pealehele<\/b><\/li>\n<li style=\"font-weight: 400;\" aria-level=\"1\"><span style=\"font-weight: 400;\">Otsige:<\/span><b> Automaatne ERPLY s\u00fcnkroniseerimine\u00a0<\/b><\/li>\n<li aria-level=\"1\">Vaadake \u00fcle olemasolevad s\u00fcnkroniseerimise ajakavad<\/li>\n<li aria-level=\"1\"><span style=\"font-weight: 400;\">Eemaldage sagedased s\u00fcnkroniseerimise intervallid (kui teil on)<\/span><\/li>\n<li aria-level=\"1\"><b>Vajadusel s\u00e4ilitage<\/b><span style=\"font-weight: 400;\"> (nt \u00fchep\u00e4evane ) s\u00fcnkroonimine turvalisuse ja varukoopia jaoks<\/span><\/li>\n<\/ol>\n<p><img loading=\"lazy\" decoding=\"async\" class=\"alignnone size-full wp-image-37212\" src=\"https:\/\/www.erplybooks.com\/wp-content\/uploads\/2026\/04\/viimae.png\" alt=\"\" width=\"1270\" height=\"441\" srcset=\"https:\/\/www.erplybooks.com\/wp-content\/uploads\/2026\/04\/viimae.png 1270w, https:\/\/www.erplybooks.com\/wp-content\/uploads\/2026\/04\/viimae-980x340.png 980w, https:\/\/www.erplybooks.com\/wp-content\/uploads\/2026\/04\/viimae-480x167.png 480w\" sizes=\"auto, (min-width: 0px) and (max-width: 480px) 480px, (min-width: 481px) and (max-width: 980px) 980px, (min-width: 981px) 1270px, 100vw\" \/><\/p>\n","protected":false},"excerpt":{"rendered":"<p>Sissetulevate Webhookside kasutusjuhend Webhooksid (Veebihaak) on automaatsed teavitused, mis v\u00f5imaldab s\u00fcsteemidel omavahel suhelda s\u00fcndmuste toimumisel. K\u00e4esolev juhend kirjeldab sissetulevaid Webhookside ehk teavitusi, mis edastatakse ERPLY laost teie s\u00fcsteemi. N\u00e4iteks kui v\u00e4lises s\u00fcsteemis midagi juhtub (nt. arve lisamine), saadab see s\u00fcsteem Webhooki, et teavitada teie ERPLY Books&#8217;i koheselt. Sissetulevate Webhookside seadistamine Minge Pealehele Kirjutage otsingusse: Webhooks [&hellip;]<\/p>\n","protected":false},"author":28,"featured_media":0,"parent":0,"menu_order":0,"comment_status":"closed","ping_status":"closed","template":"","meta":{"_et_pb_use_builder":"","_et_pb_old_content":"","_et_gb_content_width":"","footnotes":""},"categories":[],"tags":[],"class_list":["post-36286","page","type-page","status-publish","hentry"],"_links":{"self":[{"href":"https:\/\/www.erplybooks.com\/et\/wp-json\/wp\/v2\/pages\/36286","targetHints":{"allow":["GET"]}}],"collection":[{"href":"https:\/\/www.erplybooks.com\/et\/wp-json\/wp\/v2\/pages"}],"about":[{"href":"https:\/\/www.erplybooks.com\/et\/wp-json\/wp\/v2\/types\/page"}],"author":[{"embeddable":true,"href":"https:\/\/www.erplybooks.com\/et\/wp-json\/wp\/v2\/users\/28"}],"replies":[{"embeddable":true,"href":"https:\/\/www.erplybooks.com\/et\/wp-json\/wp\/v2\/comments?post=36286"}],"version-history":[{"count":0,"href":"https:\/\/www.erplybooks.com\/et\/wp-json\/wp\/v2\/pages\/36286\/revisions"}],"wp:attachment":[{"href":"https:\/\/www.erplybooks.com\/et\/wp-json\/wp\/v2\/media?parent=36286"}],"wp:term":[{"taxonomy":"category","embeddable":true,"href":"https:\/\/www.erplybooks.com\/et\/wp-json\/wp\/v2\/categories?post=36286"},{"taxonomy":"post_tag","embeddable":true,"href":"https:\/\/www.erplybooks.com\/et\/wp-json\/wp\/v2\/tags?post=36286"}],"curies":[{"name":"wp","href":"https:\/\/api.w.org\/{rel}","templated":true}]}}