{"id":36015,"date":"2025-08-12T07:21:27","date_gmt":"2025-08-12T07:21:27","guid":{"rendered":"https:\/\/www.erplybooks.com\/?page_id=36015"},"modified":"2026-01-28T08:10:38","modified_gmt":"2026-01-28T08:10:38","slug":"erply-booksi-ai-funktsionaalsus","status":"publish","type":"page","link":"https:\/\/www.erplybooks.com\/et\/juhendid\/erply-booksi-ai-funktsionaalsus\/","title":{"rendered":"Erply Booksi AI-funktsionaalsus"},"content":{"rendered":"<h1><b>Erply Booksi AI-funktsionaalsus<\/b><\/h1>\n<p><span style=\"font-weight: 400;\">Erply Booksi s\u00fcsteemis on n\u00fc\u00fcd saadaval uus tehisintellekti funktsioon, mis aitab kiiremini ja mugavamalt vastuseid leida.<\/span><\/p>\n<p><span style=\"font-weight: 400;\">Funktsioon v\u00f5imaldab:<\/span><\/p>\n<ul>\n<li style=\"font-weight: 400;\" aria-level=\"1\"><b>Esitada k\u00fcsimusi<\/b><span style=\"font-weight: 400;\"> otse s\u00fcsteemist ilma klienditoe poole p\u00f6\u00f6rdumata<\/span><\/li>\n<li style=\"font-weight: 400;\" aria-level=\"1\"><b>Kasutada olemasolevate moodulite andmeid<\/b><span style=\"font-weight: 400;\">, et leida lahendusi v\u00f5i selgitusi<\/span><\/li>\n<li style=\"font-weight: 400;\" aria-level=\"1\"><b>Automatiseerida otsingut<\/b><span style=\"font-weight: 400;\"> \u2013 AI otsib vastused sinu eest \u00f5igetest kohtadest<\/span><\/li>\n<\/ul>\n<p><span style=\"font-weight: 400;\"><strong>NB!<\/strong> T\u00e4psemat hinda saab vaadata hinnakirjast.<\/span><\/p>\n<p>&nbsp;<\/p>\n<h2><b>Kuidas k\u00fcsida p\u00e4ringut?<\/b><\/h2>\n<p><span style=\"font-weight: 400;\">Paljude moodulite all on pilvekese nupp, kuhu vajutades on <\/span><b>\u201cK\u00fcsi tehisintellektilt\u201d<\/b><span style=\"font-weight: 400;\">.Isegi kui nupp ei ole praegu kasutatavas moodulis n\u00e4htav, saate seda funktsiooni siiski kasutada teiste moodulite kaudu (kus antud nupp on olemas).<\/span><\/p>\n<p><img loading=\"lazy\" decoding=\"async\" class=\"alignnone wp-image-36016 \" src=\"https:\/\/www.erplybooks.com\/wp-content\/uploads\/2025\/08\/\u0421\u043d\u0438\u043c\u043e\u043a-\u044d\u043a\u0440\u0430\u043d\u0430-2025-07-17-\u0432-13.13.36.png\" alt=\"\" width=\"308\" height=\"394\" srcset=\"https:\/\/www.erplybooks.com\/wp-content\/uploads\/2025\/08\/\u0421\u043d\u0438\u043c\u043e\u043a-\u044d\u043a\u0440\u0430\u043d\u0430-2025-07-17-\u0432-13.13.36.png 434w, https:\/\/www.erplybooks.com\/wp-content\/uploads\/2025\/08\/\u0421\u043d\u0438\u043c\u043e\u043a-\u044d\u043a\u0440\u0430\u043d\u0430-2025-07-17-\u0432-13.13.36-234x300.png 234w\" sizes=\"auto, (max-width: 308px) 100vw, 308px\" \/><\/p>\n<p>&nbsp;<\/p>\n<p><span style=\"font-weight: 400;\">N\u00e4ited moodulitest, kus antud funktsioon on olemas:<\/span><\/p>\n<ul>\n<li><b>\u201cM\u00fc\u00fck\u201d<\/b><span style=\"font-weight: 400;\"> -&gt; <\/span><b>\u201cM\u00fc\u00fcgiarved\u201d<\/b><\/li>\n<li aria-level=\"1\"><b>\u201cM\u00fc\u00fck\u201d <\/b><span style=\"font-weight: 400;\">-&gt; <\/span><b>\u201cKontaktid\u201d<\/b><\/li>\n<li aria-level=\"1\"><b>\u201cOst\u201d<\/b><span style=\"font-weight: 400;\"> -&gt; <\/span><b>\u201cOstuarved\u201d<\/b><\/li>\n<li aria-level=\"1\"><b>\u201cM\u00fc\u00fck\u201d \/ \u201cOst\u201d<\/b><span style=\"font-weight: 400;\"> -&gt; <\/span><b>\u201cOstu-m\u00fc\u00fcgi artiklid\u201d<\/b><\/li>\n<li aria-level=\"1\"><b>\u201cRMP\u201d<\/b><span style=\"font-weight: 400;\"> -&gt; <\/span><b>\u201cKanded\u201d<\/b><\/li>\n<li aria-level=\"1\"><b>\u201cAruanded\u201d<\/b><span style=\"font-weight: 400;\"> -&gt; <\/span><b>\u201cRaha sisse\/v\u00e4lja\u201d<\/b><\/li>\n<li aria-level=\"1\"><b>\u201cAruanded\u201d<\/b><span style=\"font-weight: 400;\"> -&gt; <\/span><b>\u201cAruandegeneraator\u201d <\/b><span style=\"font-weight: 400;\">(vajutades nupule: <strong>\u201cKoosta mulle aruanne\u201d<\/strong>)<\/span><\/li>\n<\/ul>\n<p>&nbsp;<\/p>\n<ol>\n<li style=\"font-weight: 400;\" aria-level=\"1\"><span style=\"font-weight: 400;\">Selleks, et valikud (m\u00e4rkeruudud) ilmuksid <\/span><b>\u201eK\u00fcsi tehisintellektilt\u201c<\/b><span style=\"font-weight: 400;\"> aknas, tuleb esmalt avada need moodulid, mille andmeid soovitakse tehisintellekti p\u00e4ringus kasutada.\u00a0\u00a0<\/span><\/li>\n<\/ol>\n<p><span style=\"font-weight: 400;\">N\u00e4iteks, kui soovite kasutada nii m\u00fc\u00fcgiarvete kui ostuarvete andmeid, tuleb m\u00f5lemad moodulid eelnevalt avada.\u00a0<\/span><\/p>\n<p><b>NB! <\/b><span style=\"font-weight: 400;\">Tehes p\u00e4ringut tehisintellektilt, peavad olema k\u00f5ik vajalikud moodulid olema lahti. Ehk kui sulgete aknast \u00e4ra, siis neid enam ei kuvatakse valikus.<\/span><\/p>\n<ol>\n<li style=\"font-weight: 400;\" aria-level=\"1\"><span style=\"font-weight: 400;\">Kui avate <\/span><b>\u201eK\u00fcsi tehisintellektilt\u201c<\/b><span style=\"font-weight: 400;\"> mooduli, kuvatakse seal k\u00f5ik eelnevalt avatud moodulid.\u00a0<\/span><\/li>\n<li style=\"font-weight: 400;\" aria-level=\"1\"><span style=\"font-weight: 400;\">Seej\u00e4rel tuleb m\u00e4rkida linnukesega need moodulid, mille andmeid soovite p\u00e4ringus kasutada.\u00a0<\/span><\/li>\n<li style=\"font-weight: 400;\" aria-level=\"1\"><span style=\"font-weight: 400;\">J\u00e4rgmisena sisestage oma k\u00fcsimus maksimaalselt detailselt, et tehisintellektil oleks kergem vastata. Maksimaalne suurus on 100 tuhat tokenit.\u00a0<\/span><\/li>\n<\/ol>\n<p><span style=\"font-weight: 400;\">Kui k\u00f5ik on tehtud, siis vajutage <\/span><b>\u201cSaada tehisitellektile\u201d <\/b><span style=\"font-weight: 400;\">nupule.<\/span><\/p>\n<p><img loading=\"lazy\" decoding=\"async\" class=\"alignnone wp-image-36022 size-full\" src=\"https:\/\/www.erplybooks.com\/wp-content\/uploads\/2025\/08\/\u0421\u043d\u0438\u043c\u043e\u043a-\u044d\u043a\u0440\u0430\u043d\u0430-2025-07-17-\u0432-13.43.15.png\" alt=\"\" width=\"2164\" height=\"920\" srcset=\"https:\/\/www.erplybooks.com\/wp-content\/uploads\/2025\/08\/\u0421\u043d\u0438\u043c\u043e\u043a-\u044d\u043a\u0440\u0430\u043d\u0430-2025-07-17-\u0432-13.43.15.png 2164w, https:\/\/www.erplybooks.com\/wp-content\/uploads\/2025\/08\/\u0421\u043d\u0438\u043c\u043e\u043a-\u044d\u043a\u0440\u0430\u043d\u0430-2025-07-17-\u0432-13.43.15-300x128.png 300w, https:\/\/www.erplybooks.com\/wp-content\/uploads\/2025\/08\/\u0421\u043d\u0438\u043c\u043e\u043a-\u044d\u043a\u0440\u0430\u043d\u0430-2025-07-17-\u0432-13.43.15-1024x435.png 1024w, https:\/\/www.erplybooks.com\/wp-content\/uploads\/2025\/08\/\u0421\u043d\u0438\u043c\u043e\u043a-\u044d\u043a\u0440\u0430\u043d\u0430-2025-07-17-\u0432-13.43.15-768x327.png 768w, https:\/\/www.erplybooks.com\/wp-content\/uploads\/2025\/08\/\u0421\u043d\u0438\u043c\u043e\u043a-\u044d\u043a\u0440\u0430\u043d\u0430-2025-07-17-\u0432-13.43.15-1536x653.png 1536w, https:\/\/www.erplybooks.com\/wp-content\/uploads\/2025\/08\/\u0421\u043d\u0438\u043c\u043e\u043a-\u044d\u043a\u0440\u0430\u043d\u0430-2025-07-17-\u0432-13.43.15-2048x871.png 2048w, https:\/\/www.erplybooks.com\/wp-content\/uploads\/2025\/08\/\u0421\u043d\u0438\u043c\u043e\u043a-\u044d\u043a\u0440\u0430\u043d\u0430-2025-07-17-\u0432-13.43.15-1080x459.png 1080w, https:\/\/www.erplybooks.com\/wp-content\/uploads\/2025\/08\/\u0421\u043d\u0438\u043c\u043e\u043a-\u044d\u043a\u0440\u0430\u043d\u0430-2025-07-17-\u0432-13.43.15-1280x544.png 1280w, https:\/\/www.erplybooks.com\/wp-content\/uploads\/2025\/08\/\u0421\u043d\u0438\u043c\u043e\u043a-\u044d\u043a\u0440\u0430\u043d\u0430-2025-07-17-\u0432-13.43.15-980x417.png 980w, https:\/\/www.erplybooks.com\/wp-content\/uploads\/2025\/08\/\u0421\u043d\u0438\u043c\u043e\u043a-\u044d\u043a\u0440\u0430\u043d\u0430-2025-07-17-\u0432-13.43.15-480x204.png 480w\" sizes=\"auto, (max-width: 2164px) 100vw, 2164px\" \/><\/p>\n<p>&nbsp;<\/p>\n<p><span style=\"font-weight: 400;\">Edasi avaneb aken kinnitamisega ehk on v\u00f5imalus m\u00f5elda, kas teha p\u00e4ringut tehisintellektile v\u00f5i mitte. <\/span><\/p>\n<p>&nbsp;<\/p>\n<p><img loading=\"lazy\" decoding=\"async\" class=\"alignnone wp-image-36028 size-full\" src=\"https:\/\/www.erplybooks.com\/wp-content\/uploads\/2025\/08\/\u0421\u043d\u0438\u043c\u043e\u043a-\u044d\u043a\u0440\u0430\u043d\u0430-2025-07-17-\u0432-13.43.33.png\" alt=\"\" width=\"958\" height=\"252\" srcset=\"https:\/\/www.erplybooks.com\/wp-content\/uploads\/2025\/08\/\u0421\u043d\u0438\u043c\u043e\u043a-\u044d\u043a\u0440\u0430\u043d\u0430-2025-07-17-\u0432-13.43.33.png 958w, https:\/\/www.erplybooks.com\/wp-content\/uploads\/2025\/08\/\u0421\u043d\u0438\u043c\u043e\u043a-\u044d\u043a\u0440\u0430\u043d\u0430-2025-07-17-\u0432-13.43.33-300x79.png 300w, https:\/\/www.erplybooks.com\/wp-content\/uploads\/2025\/08\/\u0421\u043d\u0438\u043c\u043e\u043a-\u044d\u043a\u0440\u0430\u043d\u0430-2025-07-17-\u0432-13.43.33-768x202.png 768w, https:\/\/www.erplybooks.com\/wp-content\/uploads\/2025\/08\/\u0421\u043d\u0438\u043c\u043e\u043a-\u044d\u043a\u0440\u0430\u043d\u0430-2025-07-17-\u0432-13.43.33-480x126.png 480w\" sizes=\"auto, (max-width: 958px) 100vw, 958px\" \/><\/p>\n<p>&nbsp;<\/p>\n<p><span style=\"font-weight: 400;\">Kui vajutate <\/span><b>\u201eJah\u201c<\/b><span style=\"font-weight: 400;\">, saadab s\u00fcsteem p\u00e4ringu tehisintellektile. Kui valite <\/span><b>\u201eEi\u201c<\/b><span style=\"font-weight: 400;\">, sulgub kinnitusaken ning naasete tagasi samasse vaatesse, mis oli enne nupule <\/span><b>\u201eSaada tehisintellektile\u201c<\/b><span style=\"font-weight: 400;\"> vajutamist.<\/span><\/p>\n<p><span style=\"font-weight: 400;\">Peale seda, kui vajutada <\/span><b>\u201cJah\u201d<\/b><span style=\"font-weight: 400;\">, siis tuleb tehisintellektilt vastus.<\/span><\/p>\n<p>&nbsp;<\/p>\n<p><span style=\"font-weight: 400;\"><img loading=\"lazy\" decoding=\"async\" class=\"alignnone wp-image-36034 size-full\" src=\"https:\/\/www.erplybooks.com\/wp-content\/uploads\/2025\/08\/\u0421\u043d\u0438\u043c\u043e\u043a-\u044d\u043a\u0440\u0430\u043d\u0430-2025-07-17-\u0432-13.46.25.png\" alt=\"\" width=\"2016\" height=\"980\" srcset=\"https:\/\/www.erplybooks.com\/wp-content\/uploads\/2025\/08\/\u0421\u043d\u0438\u043c\u043e\u043a-\u044d\u043a\u0440\u0430\u043d\u0430-2025-07-17-\u0432-13.46.25.png 2016w, https:\/\/www.erplybooks.com\/wp-content\/uploads\/2025\/08\/\u0421\u043d\u0438\u043c\u043e\u043a-\u044d\u043a\u0440\u0430\u043d\u0430-2025-07-17-\u0432-13.46.25-300x146.png 300w, https:\/\/www.erplybooks.com\/wp-content\/uploads\/2025\/08\/\u0421\u043d\u0438\u043c\u043e\u043a-\u044d\u043a\u0440\u0430\u043d\u0430-2025-07-17-\u0432-13.46.25-1024x498.png 1024w, https:\/\/www.erplybooks.com\/wp-content\/uploads\/2025\/08\/\u0421\u043d\u0438\u043c\u043e\u043a-\u044d\u043a\u0440\u0430\u043d\u0430-2025-07-17-\u0432-13.46.25-768x373.png 768w, https:\/\/www.erplybooks.com\/wp-content\/uploads\/2025\/08\/\u0421\u043d\u0438\u043c\u043e\u043a-\u044d\u043a\u0440\u0430\u043d\u0430-2025-07-17-\u0432-13.46.25-1536x747.png 1536w, https:\/\/www.erplybooks.com\/wp-content\/uploads\/2025\/08\/\u0421\u043d\u0438\u043c\u043e\u043a-\u044d\u043a\u0440\u0430\u043d\u0430-2025-07-17-\u0432-13.46.25-1080x525.png 1080w, https:\/\/www.erplybooks.com\/wp-content\/uploads\/2025\/08\/\u0421\u043d\u0438\u043c\u043e\u043a-\u044d\u043a\u0440\u0430\u043d\u0430-2025-07-17-\u0432-13.46.25-1280x622.png 1280w, https:\/\/www.erplybooks.com\/wp-content\/uploads\/2025\/08\/\u0421\u043d\u0438\u043c\u043e\u043a-\u044d\u043a\u0440\u0430\u043d\u0430-2025-07-17-\u0432-13.46.25-980x476.png 980w, https:\/\/www.erplybooks.com\/wp-content\/uploads\/2025\/08\/\u0421\u043d\u0438\u043c\u043e\u043a-\u044d\u043a\u0440\u0430\u043d\u0430-2025-07-17-\u0432-13.46.25-480x233.png 480w\" sizes=\"auto, (max-width: 2016px) 100vw, 2016px\" \/><\/span><\/p>\n<p><span style=\"font-weight: 400;\">Kui tekib mingisugune viga ja tehisintellekt ei suuda vastata, siis tuleb v\u00e4lja vastav veateade.\u00a0<\/span><\/p>\n<p><span style=\"font-weight: 400;\">Tehisintellekti vastused p\u00f5hinevad olemasoleval andmel ja s\u00fcsteemiloogikal. Vajadusel kontrollige vastuseid \u00fcle v\u00f5i p\u00f6\u00f6rduge klienditoe <\/span><a href=\"mailto:support@erplybook.com\"><span style=\"font-weight: 400;\">support@erplybook.com<\/span><\/a><span style=\"font-weight: 400;\"> poole.<\/span><\/p>\n<p><span style=\"font-weight: 400;\">Erply Booksi tehisitellektiga pole v\u00f5imalust suhelda nagu ChatGPTga ehk \u00fche sessiooniga tuleb esitada k\u00f5ik k\u00fcsimused \u00f5igesti. Iga p\u00e4ringu eest v\u00f5etakse summa, v\u00e4lja arvatud juhul, kui on integreeritud enda ChatGPT API v\u00f5tmed.<\/span><\/p>\n<p>&nbsp;<\/p>\n<h2><b>Enda ChatGPT v\u00f5tmed<\/b><\/h2>\n<p><span style=\"font-weight: 400;\">On ka v\u00f5imalus panna enda ChatGPT v\u00f5tmed, sel juhul p\u00e4ringute eest tasu ei rakendu.\u00a0<\/span><\/p>\n<p><span style=\"font-weight: 400;\">Seda saab seadistada, kui minna <\/span><b>\u201cS\u00e4tted\u201d<\/b><span style=\"font-weight: 400;\"> -&gt; <\/span><b>\u201cIntegratsioonid\u201d<\/b><span style=\"font-weight: 400;\"> -&gt; <\/span><b>\u201cChatGPT\u201d<\/b><span style=\"font-weight: 400;\"> -&gt; <\/span><b>\u201cHalda\u201d<\/b><span style=\"font-weight: 400;\">.<\/span><\/p>\n<p><img loading=\"lazy\" decoding=\"async\" class=\"alignnone wp-image-36040 size-full\" src=\"https:\/\/www.erplybooks.com\/wp-content\/uploads\/2025\/08\/\u0421\u043d\u0438\u043c\u043e\u043a-\u044d\u043a\u0440\u0430\u043d\u0430-2025-08-12-\u0432-10.01.01.png\" alt=\"\" width=\"1814\" height=\"116\" srcset=\"https:\/\/www.erplybooks.com\/wp-content\/uploads\/2025\/08\/\u0421\u043d\u0438\u043c\u043e\u043a-\u044d\u043a\u0440\u0430\u043d\u0430-2025-08-12-\u0432-10.01.01.png 1814w, https:\/\/www.erplybooks.com\/wp-content\/uploads\/2025\/08\/\u0421\u043d\u0438\u043c\u043e\u043a-\u044d\u043a\u0440\u0430\u043d\u0430-2025-08-12-\u0432-10.01.01-300x19.png 300w, https:\/\/www.erplybooks.com\/wp-content\/uploads\/2025\/08\/\u0421\u043d\u0438\u043c\u043e\u043a-\u044d\u043a\u0440\u0430\u043d\u0430-2025-08-12-\u0432-10.01.01-1024x65.png 1024w, https:\/\/www.erplybooks.com\/wp-content\/uploads\/2025\/08\/\u0421\u043d\u0438\u043c\u043e\u043a-\u044d\u043a\u0440\u0430\u043d\u0430-2025-08-12-\u0432-10.01.01-768x49.png 768w, https:\/\/www.erplybooks.com\/wp-content\/uploads\/2025\/08\/\u0421\u043d\u0438\u043c\u043e\u043a-\u044d\u043a\u0440\u0430\u043d\u0430-2025-08-12-\u0432-10.01.01-1536x98.png 1536w, https:\/\/www.erplybooks.com\/wp-content\/uploads\/2025\/08\/\u0421\u043d\u0438\u043c\u043e\u043a-\u044d\u043a\u0440\u0430\u043d\u0430-2025-08-12-\u0432-10.01.01-1080x69.png 1080w, https:\/\/www.erplybooks.com\/wp-content\/uploads\/2025\/08\/\u0421\u043d\u0438\u043c\u043e\u043a-\u044d\u043a\u0440\u0430\u043d\u0430-2025-08-12-\u0432-10.01.01-1280x82.png 1280w, https:\/\/www.erplybooks.com\/wp-content\/uploads\/2025\/08\/\u0421\u043d\u0438\u043c\u043e\u043a-\u044d\u043a\u0440\u0430\u043d\u0430-2025-08-12-\u0432-10.01.01-980x63.png 980w, https:\/\/www.erplybooks.com\/wp-content\/uploads\/2025\/08\/\u0421\u043d\u0438\u043c\u043e\u043a-\u044d\u043a\u0440\u0430\u043d\u0430-2025-08-12-\u0432-10.01.01-480x31.png 480w\" sizes=\"auto, (max-width: 1814px) 100vw, 1814px\" \/><\/p>\n<p>&nbsp;<\/p>\n<p><span style=\"font-weight: 400;\">Edasi avaneb aken, kuhu saab lisada enda ChatGPT API v\u00f5tme. Kui see on lisatud, siis vajutage <\/span><b>\u201cSalvesta\u201d<\/b><span style=\"font-weight: 400;\">.<\/span><\/p>\n<p>&nbsp;<\/p>\n<p><img loading=\"lazy\" decoding=\"async\" class=\"alignnone wp-image-36046 \" src=\"https:\/\/www.erplybooks.com\/wp-content\/uploads\/2025\/08\/\u0421\u043d\u0438\u043c\u043e\u043a-\u044d\u043a\u0440\u0430\u043d\u0430-2025-08-12-\u0432-10.17.30.png\" alt=\"\" width=\"595\" height=\"320\" srcset=\"https:\/\/www.erplybooks.com\/wp-content\/uploads\/2025\/08\/\u0421\u043d\u0438\u043c\u043e\u043a-\u044d\u043a\u0440\u0430\u043d\u0430-2025-08-12-\u0432-10.17.30.png 1164w, https:\/\/www.erplybooks.com\/wp-content\/uploads\/2025\/08\/\u0421\u043d\u0438\u043c\u043e\u043a-\u044d\u043a\u0440\u0430\u043d\u0430-2025-08-12-\u0432-10.17.30-300x161.png 300w, https:\/\/www.erplybooks.com\/wp-content\/uploads\/2025\/08\/\u0421\u043d\u0438\u043c\u043e\u043a-\u044d\u043a\u0440\u0430\u043d\u0430-2025-08-12-\u0432-10.17.30-1024x551.png 1024w, https:\/\/www.erplybooks.com\/wp-content\/uploads\/2025\/08\/\u0421\u043d\u0438\u043c\u043e\u043a-\u044d\u043a\u0440\u0430\u043d\u0430-2025-08-12-\u0432-10.17.30-768x413.png 768w, https:\/\/www.erplybooks.com\/wp-content\/uploads\/2025\/08\/\u0421\u043d\u0438\u043c\u043e\u043a-\u044d\u043a\u0440\u0430\u043d\u0430-2025-08-12-\u0432-10.17.30-1080x581.png 1080w, https:\/\/www.erplybooks.com\/wp-content\/uploads\/2025\/08\/\u0421\u043d\u0438\u043c\u043e\u043a-\u044d\u043a\u0440\u0430\u043d\u0430-2025-08-12-\u0432-10.17.30-980x527.png 980w, https:\/\/www.erplybooks.com\/wp-content\/uploads\/2025\/08\/\u0421\u043d\u0438\u043c\u043e\u043a-\u044d\u043a\u0440\u0430\u043d\u0430-2025-08-12-\u0432-10.17.30-480x258.png 480w\" sizes=\"auto, (max-width: 595px) 100vw, 595px\" \/><\/p>\n<p>&nbsp;<\/p>\n","protected":false},"excerpt":{"rendered":"<p>Erply Booksi AI-funktsionaalsus Erply Booksi s\u00fcsteemis on n\u00fc\u00fcd saadaval uus tehisintellekti funktsioon, mis aitab kiiremini ja mugavamalt vastuseid leida. Funktsioon v\u00f5imaldab: Esitada k\u00fcsimusi otse s\u00fcsteemist ilma klienditoe poole p\u00f6\u00f6rdumata Kasutada olemasolevate moodulite andmeid, et leida lahendusi v\u00f5i selgitusi Automatiseerida otsingut \u2013 AI otsib vastused sinu eest \u00f5igetest kohtadest NB! T\u00e4psemat hinda saab vaadata hinnakirjast. &nbsp; [&hellip;]<\/p>\n","protected":false},"author":27,"featured_media":0,"parent":3312,"menu_order":0,"comment_status":"closed","ping_status":"closed","template":"","meta":{"_et_pb_use_builder":"","_et_pb_old_content":"","_et_gb_content_width":"","footnotes":""},"categories":[],"tags":[],"class_list":["post-36015","page","type-page","status-publish","hentry"],"_links":{"self":[{"href":"https:\/\/www.erplybooks.com\/et\/wp-json\/wp\/v2\/pages\/36015","targetHints":{"allow":["GET"]}}],"collection":[{"href":"https:\/\/www.erplybooks.com\/et\/wp-json\/wp\/v2\/pages"}],"about":[{"href":"https:\/\/www.erplybooks.com\/et\/wp-json\/wp\/v2\/types\/page"}],"author":[{"embeddable":true,"href":"https:\/\/www.erplybooks.com\/et\/wp-json\/wp\/v2\/users\/27"}],"replies":[{"embeddable":true,"href":"https:\/\/www.erplybooks.com\/et\/wp-json\/wp\/v2\/comments?post=36015"}],"version-history":[{"count":0,"href":"https:\/\/www.erplybooks.com\/et\/wp-json\/wp\/v2\/pages\/36015\/revisions"}],"up":[{"embeddable":true,"href":"https:\/\/www.erplybooks.com\/et\/wp-json\/wp\/v2\/pages\/3312"}],"wp:attachment":[{"href":"https:\/\/www.erplybooks.com\/et\/wp-json\/wp\/v2\/media?parent=36015"}],"wp:term":[{"taxonomy":"category","embeddable":true,"href":"https:\/\/www.erplybooks.com\/et\/wp-json\/wp\/v2\/categories?post=36015"},{"taxonomy":"post_tag","embeddable":true,"href":"https:\/\/www.erplybooks.com\/et\/wp-json\/wp\/v2\/tags?post=36015"}],"curies":[{"name":"wp","href":"https:\/\/api.w.org\/{rel}","templated":true}]}}