{"id":35958,"date":"2025-08-11T11:25:13","date_gmt":"2025-08-11T11:25:13","guid":{"rendered":"https:\/\/www.erplybooks.com\/?page_id=35958"},"modified":"2026-03-04T11:28:55","modified_gmt":"2026-03-04T11:28:55","slug":"arveridade-uhendamine","status":"publish","type":"page","link":"https:\/\/www.erplybooks.com\/et\/juhendid\/arveridade-uhendamine\/","title":{"rendered":"Arveridade \u00fchendamine"},"content":{"rendered":"<h1><b>Arveridade \u00fchendamine<\/b><\/h1>\n<p>&nbsp;<\/p>\n<p><span style=\"font-weight: 400;\">Arveridade \u00fchendamise funktsioon v\u00f5imaldab siduda omavahel erinevaid arve ridu, n\u00e4iteks:<\/span><\/p>\n<ul>\n<li style=\"font-weight: 400;\" aria-level=\"1\"><span style=\"font-weight: 400;\">M\u00fc\u00fcgiarve rida lepinguga<\/span><\/li>\n<li style=\"font-weight: 400;\" aria-level=\"1\"><span style=\"font-weight: 400;\">M\u00fc\u00fcgiarve rida ostuarve reaga<\/span><\/li>\n<li style=\"font-weight: 400;\" aria-level=\"1\"><span style=\"font-weight: 400;\">Ostuarve rida m\u00fc\u00fcgiarve reaga jne<\/span><\/li>\n<\/ul>\n<p><span style=\"font-weight: 400;\">See aitab paremini j\u00e4lgida kulude ja tulude seoseid ning annab t\u00e4psema \u00fclevaate arve kasumlikkusest v\u00f5i lepinguliste kohustuste t\u00e4itmisest.<\/span><\/p>\n<p><span style=\"font-weight: 400;\">Funktsioon t\u00f6\u00f6tab, kui Globaalsete atribuutide all (pealehe otsingust \u201c<\/span><b>Globaalsed atribuudid\u201d<\/b><span style=\"font-weight: 400;\">) on aktiveeritud reegel:<\/span><\/p>\n<ul>\n<li style=\"font-weight: 400;\" aria-level=\"1\"><b>Nimi:<\/b><span style=\"font-weight: 400;\"> GLOBAL_CONNECT_ROWS<\/span><\/li>\n<li style=\"font-weight: 400;\" aria-level=\"1\"><b>V\u00e4\u00e4rtus:<\/b><span style=\"font-weight: 400;\"> true<\/span><\/li>\n<\/ul>\n<p><span style=\"font-weight: 400;\">Kui see on lisatud, siis <\/span><b>salvestage<\/b><span style=\"font-weight: 400;\"> muudatus ning <\/span><b>uuendage<\/b><span style=\"font-weight: 400;\"> leht.\u00a0<\/span><\/p>\n<p>&nbsp;<\/p>\n<h2><b>N\u00e4ited kasutamisest<\/b><\/h2>\n<p><span style=\"font-weight: 400;\">Kui lepingus on m\u00e4\u00e4ratud konkreetne tootehind, ja sellele tehakse vastav m\u00fc\u00fcgiarve, saab rea siduda nii lepinguga kui ka seotud ostuarvega.<\/span><\/p>\n<p><span style=\"font-weight: 400;\">Kui ostetakse transporditeenus, saab selle kulurea siduda konkreetse m\u00fc\u00fcgiarve reaga, et hinnata arve rea kasumlikkust.<\/span><\/p>\n<p>&nbsp;<\/p>\n<h2><b>Funktsiooni kasutamine<\/b><\/h2>\n<p><span style=\"font-weight: 400;\">Alguses tuleb kas koostada v\u00f5i avada suvaline arve.<\/span> <span style=\"font-weight: 400;\">Arverea l\u00f5pus on ketiga ikoon, mille peale tuleb vajutada ja seej\u00e4rel avaneb uus aken, kust saab teha \u00fchendusi.<\/span><\/p>\n<p>&nbsp;<\/p>\n<p><span style=\"font-weight: 400;\">Korraga saab \u00fchendada 2 dokumendiga, kuid ei pea. Kui soovite \u00fchendada<\/span> <span style=\"font-weight: 400;\">ainult \u00fche dokumendiga, siis tuleb t\u00e4ita ainult esimesed 3 lahtrit, teisel juhul k\u00f5ik allj\u00e4rgnevas j\u00e4rjekorras:\u00a0\u00a0<\/span><b><\/b><\/p>\n<ul>\n<li aria-level=\"1\"><b>T\u00fc\u00fcp: <\/b><span style=\"font-weight: 400;\">missugusest dokumendit\u00fc\u00fcbist v\u00f5tta dokumenti<\/span><\/li>\n<li aria-level=\"1\"><b>Arve: <\/b><span style=\"font-weight: 400;\">missugusest arvest (dokumendist) v\u00f5tta arverida\u00a0<\/span>\n<ul>\n<li aria-level=\"1\"><span style=\"font-weight: 400;\">tuleb sisestada arve number<\/span><\/li>\n<\/ul>\n<\/li>\n<li><b>Arve rida: <\/b><span style=\"font-weight: 400;\">vastavalt valitud arvele (dokumendile) kuvatakse k\u00f5iki arveridu, millest tuleb valida.\u00a0<\/span><\/li>\n<\/ul>\n<ul>\n<li style=\"list-style-type: none;\">\n<ul>\n<li style=\"list-style-type: none;\"><\/li>\n<\/ul>\n<\/li>\n<\/ul>\n<p><span style=\"font-weight: 400;\">Alguses tuleb kindlasti valida <\/span><b>\u201cT\u00fc\u00fcp\u201d<\/b><span style=\"font-weight: 400;\"> lahtrist, muidu s\u00fcsteem ei luba teha edasisi valikuid.\u00a0<\/span><\/p>\n<p><span style=\"font-weight: 400;\">Kui k\u00f5ik v\u00e4ljad on lisatud, siis tuleb vajutada kollasele nupule <\/span><b>\u201cTehtud\u201d<\/b><span style=\"font-weight: 400;\"> ja seej\u00e4rel v\u00f5ib v\u00e4ikse akna sulgeda.<\/span><\/p>\n<p>&nbsp;<\/p>\n<p><img loading=\"lazy\" decoding=\"async\" class=\"alignnone wp-image-35959 \" src=\"https:\/\/www.erplybooks.com\/wp-content\/uploads\/2025\/08\/\u0421\u043d\u0438\u043c\u043e\u043a-\u044d\u043a\u0440\u0430\u043d\u0430-2025-08-08-\u0432-10.20.20.png\" alt=\"\" width=\"795\" height=\"359\" srcset=\"https:\/\/www.erplybooks.com\/wp-content\/uploads\/2025\/08\/\u0421\u043d\u0438\u043c\u043e\u043a-\u044d\u043a\u0440\u0430\u043d\u0430-2025-08-08-\u0432-10.20.20.png 2334w, https:\/\/www.erplybooks.com\/wp-content\/uploads\/2025\/08\/\u0421\u043d\u0438\u043c\u043e\u043a-\u044d\u043a\u0440\u0430\u043d\u0430-2025-08-08-\u0432-10.20.20-300x135.png 300w, https:\/\/www.erplybooks.com\/wp-content\/uploads\/2025\/08\/\u0421\u043d\u0438\u043c\u043e\u043a-\u044d\u043a\u0440\u0430\u043d\u0430-2025-08-08-\u0432-10.20.20-1024x462.png 1024w, https:\/\/www.erplybooks.com\/wp-content\/uploads\/2025\/08\/\u0421\u043d\u0438\u043c\u043e\u043a-\u044d\u043a\u0440\u0430\u043d\u0430-2025-08-08-\u0432-10.20.20-768x347.png 768w, https:\/\/www.erplybooks.com\/wp-content\/uploads\/2025\/08\/\u0421\u043d\u0438\u043c\u043e\u043a-\u044d\u043a\u0440\u0430\u043d\u0430-2025-08-08-\u0432-10.20.20-1536x694.png 1536w, https:\/\/www.erplybooks.com\/wp-content\/uploads\/2025\/08\/\u0421\u043d\u0438\u043c\u043e\u043a-\u044d\u043a\u0440\u0430\u043d\u0430-2025-08-08-\u0432-10.20.20-2048x925.png 2048w, https:\/\/www.erplybooks.com\/wp-content\/uploads\/2025\/08\/\u0421\u043d\u0438\u043c\u043e\u043a-\u044d\u043a\u0440\u0430\u043d\u0430-2025-08-08-\u0432-10.20.20-1080x488.png 1080w, https:\/\/www.erplybooks.com\/wp-content\/uploads\/2025\/08\/\u0421\u043d\u0438\u043c\u043e\u043a-\u044d\u043a\u0440\u0430\u043d\u0430-2025-08-08-\u0432-10.20.20-1280x578.png 1280w, https:\/\/www.erplybooks.com\/wp-content\/uploads\/2025\/08\/\u0421\u043d\u0438\u043c\u043e\u043a-\u044d\u043a\u0440\u0430\u043d\u0430-2025-08-08-\u0432-10.20.20-980x443.png 980w, https:\/\/www.erplybooks.com\/wp-content\/uploads\/2025\/08\/\u0421\u043d\u0438\u043c\u043e\u043a-\u044d\u043a\u0440\u0430\u043d\u0430-2025-08-08-\u0432-10.20.20-480x217.png 480w\" sizes=\"auto, (max-width: 795px) 100vw, 795px\" \/><\/p>\n<p>&nbsp;<\/p>\n<p><b>NB! <\/b><span style=\"font-weight: 400;\">Kui \u00fchenduste lisamise aken on avatud, saab samal ajal vabalt liikuda teistes moodulites ja otsida vajalikke dokumente, ilma et peaks \u00fchenduste akent sulgema v\u00f5i andmeid uuesti sisestama.<\/span><\/p>\n<p><span style=\"font-weight: 400;\">Arvereal on \u00fchenduste jaoks olemas eraldi lahter nimega <\/span><b>\u201c\u00dchendused\u201d<\/b><span style=\"font-weight: 400;\">. K\u00f5ik \u00fchendused kajastuvad seal.<\/span><\/p>\n<p>&nbsp;<\/p>\n<p><img loading=\"lazy\" decoding=\"async\" class=\"alignnone wp-image-35965 \" src=\"https:\/\/www.erplybooks.com\/wp-content\/uploads\/2025\/08\/\u0421\u043d\u0438\u043c\u043e\u043a-\u044d\u043a\u0440\u0430\u043d\u0430-2025-08-08-\u0432-10.26.36.png\" alt=\"\" width=\"809\" height=\"449\" srcset=\"https:\/\/www.erplybooks.com\/wp-content\/uploads\/2025\/08\/\u0421\u043d\u0438\u043c\u043e\u043a-\u044d\u043a\u0440\u0430\u043d\u0430-2025-08-08-\u0432-10.26.36.png 2334w, https:\/\/www.erplybooks.com\/wp-content\/uploads\/2025\/08\/\u0421\u043d\u0438\u043c\u043e\u043a-\u044d\u043a\u0440\u0430\u043d\u0430-2025-08-08-\u0432-10.26.36-300x167.png 300w, https:\/\/www.erplybooks.com\/wp-content\/uploads\/2025\/08\/\u0421\u043d\u0438\u043c\u043e\u043a-\u044d\u043a\u0440\u0430\u043d\u0430-2025-08-08-\u0432-10.26.36-1024x569.png 1024w, https:\/\/www.erplybooks.com\/wp-content\/uploads\/2025\/08\/\u0421\u043d\u0438\u043c\u043e\u043a-\u044d\u043a\u0440\u0430\u043d\u0430-2025-08-08-\u0432-10.26.36-768x426.png 768w, https:\/\/www.erplybooks.com\/wp-content\/uploads\/2025\/08\/\u0421\u043d\u0438\u043c\u043e\u043a-\u044d\u043a\u0440\u0430\u043d\u0430-2025-08-08-\u0432-10.26.36-1536x853.png 1536w, https:\/\/www.erplybooks.com\/wp-content\/uploads\/2025\/08\/\u0421\u043d\u0438\u043c\u043e\u043a-\u044d\u043a\u0440\u0430\u043d\u0430-2025-08-08-\u0432-10.26.36-2048x1137.png 2048w, https:\/\/www.erplybooks.com\/wp-content\/uploads\/2025\/08\/\u0421\u043d\u0438\u043c\u043e\u043a-\u044d\u043a\u0440\u0430\u043d\u0430-2025-08-08-\u0432-10.26.36-1080x600.png 1080w, https:\/\/www.erplybooks.com\/wp-content\/uploads\/2025\/08\/\u0421\u043d\u0438\u043c\u043e\u043a-\u044d\u043a\u0440\u0430\u043d\u0430-2025-08-08-\u0432-10.26.36-1280x711.png 1280w, https:\/\/www.erplybooks.com\/wp-content\/uploads\/2025\/08\/\u0421\u043d\u0438\u043c\u043e\u043a-\u044d\u043a\u0440\u0430\u043d\u0430-2025-08-08-\u0432-10.26.36-980x544.png 980w, https:\/\/www.erplybooks.com\/wp-content\/uploads\/2025\/08\/\u0421\u043d\u0438\u043c\u043e\u043a-\u044d\u043a\u0440\u0430\u043d\u0430-2025-08-08-\u0432-10.26.36-480x267.png 480w\" sizes=\"auto, (max-width: 809px) 100vw, 809px\" \/><\/p>\n<p>&nbsp;<\/p>\n<p><span style=\"font-weight: 400;\">Kui avada arvet, millega \u00fchendati, siis seal samuti kajastub see \u00fchendus.\u00a0<\/span><\/p>\n<p>&nbsp;<\/p>\n<p><img loading=\"lazy\" decoding=\"async\" class=\"alignnone wp-image-35971 \" src=\"https:\/\/www.erplybooks.com\/wp-content\/uploads\/2025\/08\/\u0421\u043d\u0438\u043c\u043e\u043a-\u044d\u043a\u0440\u0430\u043d\u0430-2025-08-08-\u0432-10.31.04.png\" alt=\"\" width=\"801\" height=\"385\" srcset=\"https:\/\/www.erplybooks.com\/wp-content\/uploads\/2025\/08\/\u0421\u043d\u0438\u043c\u043e\u043a-\u044d\u043a\u0440\u0430\u043d\u0430-2025-08-08-\u0432-10.31.04.png 2334w, https:\/\/www.erplybooks.com\/wp-content\/uploads\/2025\/08\/\u0421\u043d\u0438\u043c\u043e\u043a-\u044d\u043a\u0440\u0430\u043d\u0430-2025-08-08-\u0432-10.31.04-300x144.png 300w, https:\/\/www.erplybooks.com\/wp-content\/uploads\/2025\/08\/\u0421\u043d\u0438\u043c\u043e\u043a-\u044d\u043a\u0440\u0430\u043d\u0430-2025-08-08-\u0432-10.31.04-1024x492.png 1024w, https:\/\/www.erplybooks.com\/wp-content\/uploads\/2025\/08\/\u0421\u043d\u0438\u043c\u043e\u043a-\u044d\u043a\u0440\u0430\u043d\u0430-2025-08-08-\u0432-10.31.04-768x369.png 768w, https:\/\/www.erplybooks.com\/wp-content\/uploads\/2025\/08\/\u0421\u043d\u0438\u043c\u043e\u043a-\u044d\u043a\u0440\u0430\u043d\u0430-2025-08-08-\u0432-10.31.04-1536x738.png 1536w, https:\/\/www.erplybooks.com\/wp-content\/uploads\/2025\/08\/\u0421\u043d\u0438\u043c\u043e\u043a-\u044d\u043a\u0440\u0430\u043d\u0430-2025-08-08-\u0432-10.31.04-2048x985.png 2048w, https:\/\/www.erplybooks.com\/wp-content\/uploads\/2025\/08\/\u0421\u043d\u0438\u043c\u043e\u043a-\u044d\u043a\u0440\u0430\u043d\u0430-2025-08-08-\u0432-10.31.04-1080x519.png 1080w, https:\/\/www.erplybooks.com\/wp-content\/uploads\/2025\/08\/\u0421\u043d\u0438\u043c\u043e\u043a-\u044d\u043a\u0440\u0430\u043d\u0430-2025-08-08-\u0432-10.31.04-1280x615.png 1280w, https:\/\/www.erplybooks.com\/wp-content\/uploads\/2025\/08\/\u0421\u043d\u0438\u043c\u043e\u043a-\u044d\u043a\u0440\u0430\u043d\u0430-2025-08-08-\u0432-10.31.04-980x471.png 980w, https:\/\/www.erplybooks.com\/wp-content\/uploads\/2025\/08\/\u0421\u043d\u0438\u043c\u043e\u043a-\u044d\u043a\u0440\u0430\u043d\u0430-2025-08-08-\u0432-10.31.04-480x231.png 480w\" sizes=\"auto, (max-width: 801px) 100vw, 801px\" \/><\/p>\n<p>&nbsp;<\/p>\n<h2><b>Aruanne<\/b><\/h2>\n<p>&nbsp;<\/p>\n<p><span style=\"font-weight: 400;\">Arveridade \u00fchendamiste kohta on olemas ka eraldi aruanne, kus kajastuvad k\u00f5ik \u00fchendused. Kui soovite seda lisata, siis tuleb:<\/span><\/p>\n<ol>\n<li style=\"font-weight: 400;\" aria-level=\"1\"><span style=\"font-weight: 400;\">Kopeerida JSONit:<\/span><\/li>\n<\/ol>\n<p><span style=\"font-weight: 400;\">{&#8220;parameters&#8221;:[{&#8220;rules&#8221;:[{&#8220;tableName&#8221;:&#8221;ARTICLE_ROW&#8221;,&#8221;fieldName&#8221;:&#8221;DEL_DATETIME&#8221;,&#8221;referenceType&#8221;:&#8221;IS_NULL&#8221;,&#8221;value&#8221;:null,&#8221;filterName&#8221;:&#8221;&#8221;}],&#8221;index&#8221;:0},{&#8220;rules&#8221;:[{&#8220;tableName&#8221;:&#8221;ARTICLE_ROW_CONNECTION&#8221;,&#8221;fieldName&#8221;:&#8221;DEL_DATETIME&#8221;,&#8221;referenceType&#8221;:&#8221;IS_NULL&#8221;,&#8221;value&#8221;:null,&#8221;filterName&#8221;:&#8221;&#8221;}],&#8221;index&#8221;:1},{&#8220;rules&#8221;:[{&#8220;tableName&#8221;:&#8221;ARTICLE_ROW_CONNECTION&#8221;,&#8221;fieldName&#8221;:&#8221;CREATE_DATETIME&#8221;,&#8221;referenceType&#8221;:&#8221;MORE_THAN&#8221;,&#8221;value&#8221;:&#8221;2025-07-14T21:00:00.000Z&#8221;,&#8221;filterName&#8221;:&#8221;&#8221;}],&#8221;index&#8221;:2}],&#8221;additionalColumns&#8221;:&#8221;&#8221;,&#8221;storeParameters&#8221;:&#8221;&#8221;,&#8221;outputLayout&#8221;:&#8221;&#8221;,&#8221;limit&#8221;:&#8221;&#8221;,&#8221;start&#8221;:&#8221;&#8221;,&#8221;summaryRowField&#8221;:&#8221;&#8221;,&#8221;groupByFinal&#8221;:&#8221;&#8221;,&#8221;orderBy&#8221;:&#8221;&#8221;,&#8221;orderByField&#8221;:&#8221;&#8221;,&#8221;comparisonColumns&#8221;:&#8221;&#8221;,&#8221;organisationIds&#8221;:&#8221;&#8221;,&#8221;tables&#8221;:&#8221;BASE_ARTICLE_ROW|ARTICLE_ROW_CONNECTION|ARTICLE_ROW&#8221;,&#8221;output&#8221;:&#8221;<\/span><span style=\"font-weight: 400;\">ARTICLE_ROW.NAME<\/span><span style=\"font-weight: 400;\">|ARTICLE_ROW.PRICE|ARTICLE_ROW.QUANTITY|ARTICLE_ROW.ROW_SUM|<\/span><span style=\"font-weight: 400;\">BASE_ARTICLE_ROW.NAME<\/span><span style=\"font-weight: 400;\">|BASE_ARTICLE_ROW.PRICE|BASE_ARTICLE_ROW.QUANTITY|BASE_ARTICLE_ROW.BASE_ROW_SUM|ARTICLE_ROW.TYPE_CODE|BASE_ARTICLE_ROW.TYPE_CODE|BASE_ARTICLE_ROW.BASE_ARTICLE_ROW_COGS_FROM_LEDGER|ARTICLE_ROW.ARTICLE_ROW_COGS_FROM_LEDGER|BASE_ARTICLE_ROW.DOCUMENT_ID&#8221;,&#8221;groupBy&#8221;:&#8221;&#8221;}<\/span><\/p>\n<p>&nbsp;<\/p>\n<ol>\n<li style=\"font-weight: 400;\" aria-level=\"1\"><span style=\"font-weight: 400;\">Otsida pealehelt <\/span><b>\u201cParameters for Report Generator Saved Reports\u201d<\/b><span style=\"font-weight: 400;\">.\u00a0<\/span><\/li>\n<li style=\"font-weight: 400;\" aria-level=\"1\"><b>\u201cNimi\u201d <\/b><span style=\"font-weight: 400;\">lahtrisse v\u00f5ib panna enda soovitud nime.\u00a0<\/span><\/li>\n<li style=\"font-weight: 400;\" aria-level=\"1\"><b>\u201cV\u00e4\u00e4rtus\u201d<\/b><span style=\"font-weight: 400;\"> lahtrisse kleepida JSON ja salvestada \u00e4ra.<\/span><\/li>\n<\/ol>\n<p>&nbsp;<\/p>\n<p><span style=\"font-weight: 400;\"><img loading=\"lazy\" decoding=\"async\" class=\"alignnone wp-image-35977 \" src=\"https:\/\/www.erplybooks.com\/wp-content\/uploads\/2025\/08\/\u0421\u043d\u0438\u043c\u043e\u043a-\u044d\u043a\u0440\u0430\u043d\u0430-2025-08-11-\u0432-11.18.44.png\" alt=\"\" width=\"799\" height=\"356\" srcset=\"https:\/\/www.erplybooks.com\/wp-content\/uploads\/2025\/08\/\u0421\u043d\u0438\u043c\u043e\u043a-\u044d\u043a\u0440\u0430\u043d\u0430-2025-08-11-\u0432-11.18.44.png 1974w, https:\/\/www.erplybooks.com\/wp-content\/uploads\/2025\/08\/\u0421\u043d\u0438\u043c\u043e\u043a-\u044d\u043a\u0440\u0430\u043d\u0430-2025-08-11-\u0432-11.18.44-300x133.png 300w, https:\/\/www.erplybooks.com\/wp-content\/uploads\/2025\/08\/\u0421\u043d\u0438\u043c\u043e\u043a-\u044d\u043a\u0440\u0430\u043d\u0430-2025-08-11-\u0432-11.18.44-1024x455.png 1024w, https:\/\/www.erplybooks.com\/wp-content\/uploads\/2025\/08\/\u0421\u043d\u0438\u043c\u043e\u043a-\u044d\u043a\u0440\u0430\u043d\u0430-2025-08-11-\u0432-11.18.44-768x342.png 768w, https:\/\/www.erplybooks.com\/wp-content\/uploads\/2025\/08\/\u0421\u043d\u0438\u043c\u043e\u043a-\u044d\u043a\u0440\u0430\u043d\u0430-2025-08-11-\u0432-11.18.44-1536x683.png 1536w, https:\/\/www.erplybooks.com\/wp-content\/uploads\/2025\/08\/\u0421\u043d\u0438\u043c\u043e\u043a-\u044d\u043a\u0440\u0430\u043d\u0430-2025-08-11-\u0432-11.18.44-1080x480.png 1080w, https:\/\/www.erplybooks.com\/wp-content\/uploads\/2025\/08\/\u0421\u043d\u0438\u043c\u043e\u043a-\u044d\u043a\u0440\u0430\u043d\u0430-2025-08-11-\u0432-11.18.44-1280x569.png 1280w, https:\/\/www.erplybooks.com\/wp-content\/uploads\/2025\/08\/\u0421\u043d\u0438\u043c\u043e\u043a-\u044d\u043a\u0440\u0430\u043d\u0430-2025-08-11-\u0432-11.18.44-980x436.png 980w, https:\/\/www.erplybooks.com\/wp-content\/uploads\/2025\/08\/\u0421\u043d\u0438\u043c\u043e\u043a-\u044d\u043a\u0440\u0430\u043d\u0430-2025-08-11-\u0432-11.18.44-480x213.png 480w\" sizes=\"auto, (max-width: 799px) 100vw, 799px\" \/>\u00a0<\/span><\/p>\n<p><span style=\"font-weight: 400;\">Kui on salvestatud \u00e4ra, siis uuendage leht (<\/span><i><span style=\"font-weight: 400;\">refresh<\/span><\/i><span style=\"font-weight: 400;\">) ja seej\u00e4rel avage <\/span><b>\u201cAruanded\u201d<\/b><span style=\"font-weight: 400;\"> -&gt; <\/span><b>\u201cAruandegenraator\u201d<\/b><span style=\"font-weight: 400;\"> -&gt; <\/span><b>\u201cSalvestatud aruanded\u201d<\/b><span style=\"font-weight: 400;\">.\u00a0<\/span><\/p>\n<p><b>NB! <\/b><span style=\"font-weight: 400;\">See funktsioon eeldab, et seadetes on m\u00e4rgitud linnuke<\/span><b> \u201e60. Kasuta lepingute moodulit?\u201d (S\u00e4tted \u2192 \u00dcldised s\u00e4tted)<\/b><span style=\"font-weight: 400;\">. Kui see valik pole lubatud, <strong>ei t\u00f6\u00f6ta<\/strong> salvestatud aruanne korrektselt.<\/span><\/p>\n<p><span style=\"font-weight: 400;\">Avades aruannet, on k\u00f5ik vajalikud lahtrid t\u00e4idetud. Kuup\u00e4eva v\u00f5ib muuta vastavalt vajadusele.\u00a0<\/span><\/p>\n<p><span style=\"font-weight: 400;\">Kui vajutada <\/span><b>\u201cOtsi\u201d<\/b><span style=\"font-weight: 400;\">, siis kuvatakse terve aruanne.\u00a0<\/span><\/p>\n<p><img loading=\"lazy\" decoding=\"async\" class=\"alignnone wp-image-35983 \" src=\"https:\/\/www.erplybooks.com\/wp-content\/uploads\/2025\/08\/\u0421\u043d\u0438\u043c\u043e\u043a-\u044d\u043a\u0440\u0430\u043d\u0430-2025-08-11-\u0432-14.12.48.png\" alt=\"\" width=\"800\" height=\"336\" srcset=\"https:\/\/www.erplybooks.com\/wp-content\/uploads\/2025\/08\/\u0421\u043d\u0438\u043c\u043e\u043a-\u044d\u043a\u0440\u0430\u043d\u0430-2025-08-11-\u0432-14.12.48.png 1506w, https:\/\/www.erplybooks.com\/wp-content\/uploads\/2025\/08\/\u0421\u043d\u0438\u043c\u043e\u043a-\u044d\u043a\u0440\u0430\u043d\u0430-2025-08-11-\u0432-14.12.48-300x126.png 300w, https:\/\/www.erplybooks.com\/wp-content\/uploads\/2025\/08\/\u0421\u043d\u0438\u043c\u043e\u043a-\u044d\u043a\u0440\u0430\u043d\u0430-2025-08-11-\u0432-14.12.48-1024x430.png 1024w, https:\/\/www.erplybooks.com\/wp-content\/uploads\/2025\/08\/\u0421\u043d\u0438\u043c\u043e\u043a-\u044d\u043a\u0440\u0430\u043d\u0430-2025-08-11-\u0432-14.12.48-768x322.png 768w, https:\/\/www.erplybooks.com\/wp-content\/uploads\/2025\/08\/\u0421\u043d\u0438\u043c\u043e\u043a-\u044d\u043a\u0440\u0430\u043d\u0430-2025-08-11-\u0432-14.12.48-1080x453.png 1080w, https:\/\/www.erplybooks.com\/wp-content\/uploads\/2025\/08\/\u0421\u043d\u0438\u043c\u043e\u043a-\u044d\u043a\u0440\u0430\u043d\u0430-2025-08-11-\u0432-14.12.48-1280x537.png 1280w, https:\/\/www.erplybooks.com\/wp-content\/uploads\/2025\/08\/\u0421\u043d\u0438\u043c\u043e\u043a-\u044d\u043a\u0440\u0430\u043d\u0430-2025-08-11-\u0432-14.12.48-980x411.png 980w, https:\/\/www.erplybooks.com\/wp-content\/uploads\/2025\/08\/\u0421\u043d\u0438\u043c\u043e\u043a-\u044d\u043a\u0440\u0430\u043d\u0430-2025-08-11-\u0432-14.12.48-480x201.png 480w\" sizes=\"auto, (max-width: 800px) 100vw, 800px\" \/><\/p>\n<p>&nbsp;<\/p>\n<p><span style=\"font-weight: 400;\">K\u00f5ik veerud, mille nimes on <\/span><b>\u201cArve rida\u201d<\/b><span style=\"font-weight: 400;\">, n\u00e4itavad \u00fchendatud dokumenti.<\/span><span style=\"font-weight: 400;\"><br \/>\n<\/span><span style=\"font-weight: 400;\">K\u00f5ik veerud, mille nimes on <\/span><b>\u201cBase document row\u201d<\/b><span style=\"font-weight: 400;\">, n\u00e4itavad dokumenti, millega \u00fchendati.<\/span><\/p>\n","protected":false},"excerpt":{"rendered":"<p>Arveridade \u00fchendamine &nbsp; Arveridade \u00fchendamise funktsioon v\u00f5imaldab siduda omavahel erinevaid arve ridu, n\u00e4iteks: M\u00fc\u00fcgiarve rida lepinguga M\u00fc\u00fcgiarve rida ostuarve reaga Ostuarve rida m\u00fc\u00fcgiarve reaga jne See aitab paremini j\u00e4lgida kulude ja tulude seoseid ning annab t\u00e4psema \u00fclevaate arve kasumlikkusest v\u00f5i lepinguliste kohustuste t\u00e4itmisest. Funktsioon t\u00f6\u00f6tab, kui Globaalsete atribuutide all (pealehe otsingust \u201cGlobaalsed atribuudid\u201d) on aktiveeritud [&hellip;]<\/p>\n","protected":false},"author":27,"featured_media":0,"parent":3312,"menu_order":0,"comment_status":"closed","ping_status":"closed","template":"","meta":{"_et_pb_use_builder":"","_et_pb_old_content":"","_et_gb_content_width":"","footnotes":""},"categories":[],"tags":[],"class_list":["post-35958","page","type-page","status-publish","hentry"],"_links":{"self":[{"href":"https:\/\/www.erplybooks.com\/et\/wp-json\/wp\/v2\/pages\/35958","targetHints":{"allow":["GET"]}}],"collection":[{"href":"https:\/\/www.erplybooks.com\/et\/wp-json\/wp\/v2\/pages"}],"about":[{"href":"https:\/\/www.erplybooks.com\/et\/wp-json\/wp\/v2\/types\/page"}],"author":[{"embeddable":true,"href":"https:\/\/www.erplybooks.com\/et\/wp-json\/wp\/v2\/users\/27"}],"replies":[{"embeddable":true,"href":"https:\/\/www.erplybooks.com\/et\/wp-json\/wp\/v2\/comments?post=35958"}],"version-history":[{"count":0,"href":"https:\/\/www.erplybooks.com\/et\/wp-json\/wp\/v2\/pages\/35958\/revisions"}],"up":[{"embeddable":true,"href":"https:\/\/www.erplybooks.com\/et\/wp-json\/wp\/v2\/pages\/3312"}],"wp:attachment":[{"href":"https:\/\/www.erplybooks.com\/et\/wp-json\/wp\/v2\/media?parent=35958"}],"wp:term":[{"taxonomy":"category","embeddable":true,"href":"https:\/\/www.erplybooks.com\/et\/wp-json\/wp\/v2\/categories?post=35958"},{"taxonomy":"post_tag","embeddable":true,"href":"https:\/\/www.erplybooks.com\/et\/wp-json\/wp\/v2\/tags?post=35958"}],"curies":[{"name":"wp","href":"https:\/\/api.w.org\/{rel}","templated":true}]}}