{"id":35578,"date":"2025-07-22T11:37:37","date_gmt":"2025-07-22T11:37:37","guid":{"rendered":"https:\/\/www.erplybooks.com\/?page_id=35578"},"modified":"2025-07-22T11:37:37","modified_gmt":"2025-07-22T11:37:37","slug":"elastic-email-integratsioon","status":"publish","type":"page","link":"https:\/\/www.erplybooks.com\/et\/elastic-email-integratsioon\/","title":{"rendered":"Elastic Email integratsioon"},"content":{"rendered":"<h2><b>Elastic Email integratsioon<\/b><\/h2>\n<p><span style=\"font-weight: 400;\">Elastic Email on pilvep\u00f5hine e-posti teenus, mis v\u00f5imaldab saata suurtes kogustes e-kirju, n\u00e4iteks tehingup\u00f5hised teated, arved jms, ja hallata enda emaile kergemini.<\/span><\/p>\n<p><span style=\"font-weight: 400;\">Elastic Email integratsioon Erply Booksiga t\u00e4hendab, et saad kasutada Elastic Emaili e-posti teenust Erply Booksi kaudu automaatsete v\u00f5i k\u00e4sitsi saadetavate e-kirjade jaoks.\u00a0<\/span><\/p>\n<p><span style=\"font-weight: 400;\">Kui integratsioon on loodud:<\/span><\/p>\n<ul>\n<li style=\"font-weight: 400;\" aria-level=\"1\"><span style=\"font-weight: 400;\">Arvete saatmisel kasutatakse Elastic Emaili.<\/span><\/li>\n<li style=\"font-weight: 400;\" aria-level=\"1\"><span style=\"font-weight: 400;\">V\u00f5id seadistada automaatseid meeldetuletusi ja muid e-kirju, mis saadetakse Elastic Emaili kaudu.<\/span><\/li>\n<li style=\"font-weight: 400;\" aria-level=\"1\"><span style=\"font-weight: 400;\">V\u00f5imalus j\u00e4lgida saatmise staatust.\u00a0<\/span><\/li>\n<\/ul>\n<p><span style=\"font-weight: 400;\">Selleks, et alustada integratsiooniga tuleb teha endale konto <\/span><a href=\"https:\/\/elasticemail.com\/\"><span style=\"font-weight: 400;\">Elastic Email keskkonnas<\/span><\/a><span style=\"font-weight: 400;\">. Kui konto on tehtud, siis sealt saab v\u00f5tme ja emaili, kellelt saadetakse klientidele kirju.<\/span><\/p>\n<p>&nbsp;<\/p>\n<h2><b>Integratsioon Erply Booksi vahel<\/b><\/h2>\n<p><span style=\"font-weight: 400;\">Avage <\/span><b>\u201cS\u00e4tted\u201d<\/b><span style=\"font-weight: 400;\"> -&gt; <\/span><b>\u201cIntegratsioonid\u201d<\/b><span style=\"font-weight: 400;\"> -&gt; leidke <\/span><b>Elastic Email<\/b><span style=\"font-weight: 400;\"> ja vajutage <\/span><b>\u201cHalda\u201d<\/b><span style=\"font-weight: 400;\">.<\/span><\/p>\n<p>&nbsp;<\/p>\n<p><img loading=\"lazy\" decoding=\"async\" class=\"alignnone wp-image-35579 size-full\" src=\"https:\/\/www.erplybooks.com\/wp-content\/uploads\/2025\/07\/image.png\" alt=\"\" width=\"1760\" height=\"611\" srcset=\"https:\/\/www.erplybooks.com\/wp-content\/uploads\/2025\/07\/image.png 1760w, https:\/\/www.erplybooks.com\/wp-content\/uploads\/2025\/07\/image-1280x444.png 1280w, https:\/\/www.erplybooks.com\/wp-content\/uploads\/2025\/07\/image-980x340.png 980w, https:\/\/www.erplybooks.com\/wp-content\/uploads\/2025\/07\/image-480x167.png 480w\" sizes=\"auto, (min-width: 0px) and (max-width: 480px) 480px, (min-width: 481px) and (max-width: 980px) 980px, (min-width: 981px) and (max-width: 1280px) 1280px, (min-width: 1281px) 1760px, 100vw\" \/><\/p>\n<p>&nbsp;<\/p>\n<p><span style=\"font-weight: 400;\">J\u00e4rgmisena avaneb aken, kuhu tuleb lisada:<\/span><\/p>\n<ul>\n<li aria-level=\"1\"><b>Elastic email v\u00f5ti: <\/b><span style=\"font-weight: 400;\">tuleb Elastic email kontost<\/span><\/li>\n<li aria-level=\"1\"><b>Emaili saates pane bcc ka j\u00e4rgmisele emailile: <\/b><span style=\"font-weight: 400;\">kui soovite igast arvest peidetud koopia saata n\u00e4iteks raamatupidajale v\u00f5i endale, lisage tema e-posti aadress BCC-v\u00e4ljale.<\/span><\/li>\n<li aria-level=\"1\"><b>Saatja: <\/b><span style=\"font-weight: 400;\">tuleb Elastic email kontost<\/span><\/li>\n<li aria-level=\"1\"><b>Saatja nimi: <\/b><span style=\"font-weight: 400;\">see, kelle nimelt saadetakse<\/span><\/li>\n<li aria-level=\"1\"><b>Vasta e-maili aadressile:<\/b> kui see on t\u00fchi, kasutatakse kasutaja enda e-posti, millega logitakse sisse.<\/li>\n<\/ul>\n<p>&nbsp;<\/p>\n<p><img loading=\"lazy\" decoding=\"async\" class=\"alignnone wp-image-35585 size-full\" src=\"https:\/\/www.erplybooks.com\/wp-content\/uploads\/2025\/07\/\u0421\u043d\u0438\u043c\u043e\u043a-\u044d\u043a\u0440\u0430\u043d\u0430-2025-07-22-\u0432-14.23.35.png\" alt=\"\" width=\"560\" height=\"578\" srcset=\"https:\/\/www.erplybooks.com\/wp-content\/uploads\/2025\/07\/\u0421\u043d\u0438\u043c\u043e\u043a-\u044d\u043a\u0440\u0430\u043d\u0430-2025-07-22-\u0432-14.23.35.png 560w, https:\/\/www.erplybooks.com\/wp-content\/uploads\/2025\/07\/\u0421\u043d\u0438\u043c\u043e\u043a-\u044d\u043a\u0440\u0430\u043d\u0430-2025-07-22-\u0432-14.23.35-291x300.png 291w, https:\/\/www.erplybooks.com\/wp-content\/uploads\/2025\/07\/\u0421\u043d\u0438\u043c\u043e\u043a-\u044d\u043a\u0440\u0430\u043d\u0430-2025-07-22-\u0432-14.23.35-480x495.png 480w\" sizes=\"auto, (max-width: 560px) 100vw, 560px\" \/><\/p>\n<p>&nbsp;<\/p>\n<h2><b>Kirjade staatuse j\u00e4lgimine Erply Booksis<\/b><\/h2>\n<p><span style=\"font-weight: 400;\">K\u00f5ikide kirjade staatuseid saab j\u00e4lgida aruandegeneraatorist (\u201cAruanded\u201d -&gt; \u201cAruandegeneraator\u201d).\u00a0<\/span><\/p>\n<ul>\n<li><b>Tabelid:<\/b><span style=\"font-weight: 400;\"> E-mail<\/span><\/li>\n<li aria-level=\"1\"><b>V\u00e4ljundid: <\/b><span style=\"font-weight: 400;\">E-mail.Loomiskuup\u00e4ev, E-mail.P\u00f5hjus, E-mail.Dokumendi staatus<\/span><\/li>\n<li aria-level=\"1\"><b>N\u00e4ita gruppides: <\/b><span>E-mail.Loomiskuup\u00e4ev<\/span><\/li>\n<\/ul>\n","protected":false},"excerpt":{"rendered":"<p>Elastic Email integratsioon Elastic Email on pilvep\u00f5hine e-posti teenus, mis v\u00f5imaldab saata suurtes kogustes e-kirju, n\u00e4iteks tehingup\u00f5hised teated, arved jms, ja hallata enda emaile kergemini. Elastic Email integratsioon Erply Booksiga t\u00e4hendab, et saad kasutada Elastic Emaili e-posti teenust Erply Booksi kaudu automaatsete v\u00f5i k\u00e4sitsi saadetavate e-kirjade jaoks.\u00a0 Kui integratsioon on loodud: Arvete saatmisel kasutatakse Elastic [&hellip;]<\/p>\n","protected":false},"author":27,"featured_media":0,"parent":0,"menu_order":0,"comment_status":"closed","ping_status":"closed","template":"","meta":{"_et_pb_use_builder":"","_et_pb_old_content":"","_et_gb_content_width":"","footnotes":""},"categories":[459],"tags":[],"class_list":["post-35578","page","type-page","status-publish","hentry","category-integratsioonid"],"_links":{"self":[{"href":"https:\/\/www.erplybooks.com\/et\/wp-json\/wp\/v2\/pages\/35578","targetHints":{"allow":["GET"]}}],"collection":[{"href":"https:\/\/www.erplybooks.com\/et\/wp-json\/wp\/v2\/pages"}],"about":[{"href":"https:\/\/www.erplybooks.com\/et\/wp-json\/wp\/v2\/types\/page"}],"author":[{"embeddable":true,"href":"https:\/\/www.erplybooks.com\/et\/wp-json\/wp\/v2\/users\/27"}],"replies":[{"embeddable":true,"href":"https:\/\/www.erplybooks.com\/et\/wp-json\/wp\/v2\/comments?post=35578"}],"version-history":[{"count":0,"href":"https:\/\/www.erplybooks.com\/et\/wp-json\/wp\/v2\/pages\/35578\/revisions"}],"wp:attachment":[{"href":"https:\/\/www.erplybooks.com\/et\/wp-json\/wp\/v2\/media?parent=35578"}],"wp:term":[{"taxonomy":"category","embeddable":true,"href":"https:\/\/www.erplybooks.com\/et\/wp-json\/wp\/v2\/categories?post=35578"},{"taxonomy":"post_tag","embeddable":true,"href":"https:\/\/www.erplybooks.com\/et\/wp-json\/wp\/v2\/tags?post=35578"}],"curies":[{"name":"wp","href":"https:\/\/api.w.org\/{rel}","templated":true}]}}