{"id":35553,"date":"2025-07-02T09:40:07","date_gmt":"2025-07-02T09:40:07","guid":{"rendered":"https:\/\/www.erplybooks.com\/?page_id=35553"},"modified":"2025-07-02T09:40:07","modified_gmt":"2025-07-02T09:40:07","slug":"inf-3-aruandlus","status":"publish","type":"page","link":"https:\/\/www.erplybooks.com\/et\/juhendid\/inf-3-aruandlus\/","title":{"rendered":"INF 3 aruandlus"},"content":{"rendered":"<h1><b>INF 3 aruandlus<\/b><\/h1>\n<p><span style=\"font-weight: 400;\">INF 3 on Maksu- ja Tolliametile esitatav deklaratsioon, mis sisaldab teavet mitteresidentidest isikutele tehtud v\u00e4ljamaksete kohta, sealhulgas koolituskulude osas. Haridus- ja huviasutused on sageli kohustatud INF 3 esitama, kui osutatakse huviharidust, tasemekoolitusi v\u00f5i muid koolitusi, millele v\u00f5ib laieneda tulumaksuvabastus.<\/span><\/p>\n<p>&nbsp;<\/p>\n<h4><b>INF 3 aruande koostamise eeltingimused<\/b><\/h4>\n<ol>\n<li style=\"font-weight: 400;\" aria-level=\"1\"><b>K\u00f5igil kontaktidel (\u00f5pilased, maksjad jms)<\/b><span style=\"font-weight: 400;\"> peavad olema m\u00e4\u00e4ratud s\u00fcnnip\u00e4evad.<\/span><\/li>\n<li style=\"font-weight: 400;\" aria-level=\"1\"><b>Identifier&#8217;id<\/b><span style=\"font-weight: 400;\"> peavad olema seotud \u00f5igete tulukontodega globaalses atribuudi seadistuses (&#8220;Globaalsed atribuudid&#8221;).<\/span><\/li>\n<li style=\"font-weight: 400;\" aria-level=\"1\"><span style=\"font-weight: 400;\">Kui soovitakse, et aruanne sisaldaks <\/span><b>lapse<\/b><span style=\"font-weight: 400;\">, mitte vanema andmeid, tuleb teostada s\u00fcnkroniseerimine vastava atribuudi kaudu (vt allpool).<\/span><\/li>\n<\/ol>\n<p><span style=\"font-weight: 400;\">INF3 aruande saab koostada, kui pealehelt vajutada <\/span><b>\u201cINF3\u201d<\/b><span style=\"font-weight: 400;\">.\u00a0<\/span><\/p>\n<p>&nbsp;<\/p>\n<p><img loading=\"lazy\" decoding=\"async\" class=\"alignnone wp-image-35548 size-full\" src=\"https:\/\/www.erplybooks.com\/wp-content\/uploads\/2025\/07\/\u0421\u043d\u0438\u043c\u043e\u043a-\u044d\u043a\u0440\u0430\u043d\u0430-2025-07-02-\u0432-12.15.16.png\" alt=\"\" width=\"1210\" height=\"108\" srcset=\"https:\/\/www.erplybooks.com\/wp-content\/uploads\/2025\/07\/\u0421\u043d\u0438\u043c\u043e\u043a-\u044d\u043a\u0440\u0430\u043d\u0430-2025-07-02-\u0432-12.15.16.png 1210w, https:\/\/www.erplybooks.com\/wp-content\/uploads\/2025\/07\/\u0421\u043d\u0438\u043c\u043e\u043a-\u044d\u043a\u0440\u0430\u043d\u0430-2025-07-02-\u0432-12.15.16-300x27.png 300w, https:\/\/www.erplybooks.com\/wp-content\/uploads\/2025\/07\/\u0421\u043d\u0438\u043c\u043e\u043a-\u044d\u043a\u0440\u0430\u043d\u0430-2025-07-02-\u0432-12.15.16-1024x91.png 1024w, https:\/\/www.erplybooks.com\/wp-content\/uploads\/2025\/07\/\u0421\u043d\u0438\u043c\u043e\u043a-\u044d\u043a\u0440\u0430\u043d\u0430-2025-07-02-\u0432-12.15.16-768x69.png 768w, https:\/\/www.erplybooks.com\/wp-content\/uploads\/2025\/07\/\u0421\u043d\u0438\u043c\u043e\u043a-\u044d\u043a\u0440\u0430\u043d\u0430-2025-07-02-\u0432-12.15.16-1080x96.png 1080w, https:\/\/www.erplybooks.com\/wp-content\/uploads\/2025\/07\/\u0421\u043d\u0438\u043c\u043e\u043a-\u044d\u043a\u0440\u0430\u043d\u0430-2025-07-02-\u0432-12.15.16-980x87.png 980w, https:\/\/www.erplybooks.com\/wp-content\/uploads\/2025\/07\/\u0421\u043d\u0438\u043c\u043e\u043a-\u044d\u043a\u0440\u0430\u043d\u0430-2025-07-02-\u0432-12.15.16-480x43.png 480w\" sizes=\"auto, (max-width: 1210px) 100vw, 1210px\" \/><\/p>\n<p>&nbsp;<\/p>\n<p><span style=\"font-weight: 400;\">Avaneb moodul, kust saab valida tingimusi, mille j\u00e4rgi koostatakse aruanne.<\/span><\/p>\n<ul>\n<li><b>Alates \/ Kuni<\/b><span style=\"font-weight: 400;\"> \u2013 m\u00e4\u00e4rad aruande perioodi alguse ja l\u00f5pu.<\/span><\/li>\n<li><b>V\u00e4lista kontod<\/b><span style=\"font-weight: 400;\"> \u2013 saad valida kontod, mida aruandest v\u00e4lja j\u00e4tta.<\/span><\/li>\n<li><b>PARAMEETRID: <\/b><span style=\"font-weight: 400;\">identifier=3 AND birthday&gt;2002-12-31|identifier=1 AND payerRegistrationCode=contactRegistrationCode|identifier=1 AND payerRegistrationCode!=contactRegistrationCode AND birthday&gt;1994-12-31|identifier=2 AND payerRegistrationCode=contactRegistrationCode|identifier=2 AND payerRegistrationCode!=contactRegistrationCode AND birthday&gt;1994-12-31<\/span><\/li>\n<\/ul>\n<p><span style=\"font-weight: 400;\">Hetkel on see k\u00e4sitsi kirjutatud ning kuup\u00e4evad, mis on koodis, ka muudetakse k\u00e4sitsi.\u00a0<\/span><\/p>\n<ul>\n<li style=\"font-weight: 400;\" aria-level=\"1\"><b>Reg nr l\u00fchem\/pikem kui<\/b><span style=\"font-weight: 400;\"> \u2013 v\u00f5imaldab piirata tulemusi registrikoodi pikkuse alusel.<\/span><\/li>\n<li style=\"font-weight: 400;\" aria-level=\"1\"><b>Maksja reg nr l\u00fchem\/pikem kui<\/b><span style=\"font-weight: 400;\"> \u2013 sama v\u00f5imalus maksja registrikoodide jaoks.<\/span><\/li>\n<li style=\"font-weight: 400;\" aria-level=\"1\"><b>Grupeeri (true\/false)<\/b><span style=\"font-weight: 400;\"> \u2013 kas grupeerida andmed aruandes.<\/span><\/li>\n<li style=\"font-weight: 400;\" aria-level=\"1\"><b>T\u00fc\u00fcp<\/b><span style=\"font-weight: 400;\"> \u2013 vali, kas tegu on \u201eEraisiku\u201c, \u201eJuriidilise isiku\u201c v\u00f5i \u201eT\u00f6\u00f6tajaga\u201c.<\/span><\/li>\n<\/ul>\n<p>&nbsp;<\/p>\n<p><img loading=\"lazy\" decoding=\"async\" class=\"alignnone wp-image-35554 \" src=\"https:\/\/www.erplybooks.com\/wp-content\/uploads\/2025\/07\/\u0421\u043d\u0438\u043c\u043e\u043a-\u044d\u043a\u0440\u0430\u043d\u0430-2025-07-02-\u0432-12.22.35.png\" alt=\"\" width=\"584\" height=\"482\" srcset=\"https:\/\/www.erplybooks.com\/wp-content\/uploads\/2025\/07\/\u0421\u043d\u0438\u043c\u043e\u043a-\u044d\u043a\u0440\u0430\u043d\u0430-2025-07-02-\u0432-12.22.35.png 820w, https:\/\/www.erplybooks.com\/wp-content\/uploads\/2025\/07\/\u0421\u043d\u0438\u043c\u043e\u043a-\u044d\u043a\u0440\u0430\u043d\u0430-2025-07-02-\u0432-12.22.35-300x247.png 300w, https:\/\/www.erplybooks.com\/wp-content\/uploads\/2025\/07\/\u0421\u043d\u0438\u043c\u043e\u043a-\u044d\u043a\u0440\u0430\u043d\u0430-2025-07-02-\u0432-12.22.35-768x633.png 768w, https:\/\/www.erplybooks.com\/wp-content\/uploads\/2025\/07\/\u0421\u043d\u0438\u043c\u043e\u043a-\u044d\u043a\u0440\u0430\u043d\u0430-2025-07-02-\u0432-12.22.35-480x396.png 480w\" sizes=\"auto, (max-width: 584px) 100vw, 584px\" \/><\/p>\n<p>&nbsp;<\/p>\n<p><span style=\"font-weight: 400;\">Lahtris <\/span><b>\u201eParameetrid\u201d<\/b><span style=\"font-weight: 400;\"> m\u00e4\u00e4ratakse loogika, mille j\u00e4rgi s\u00fcsteem valib andmed aruandesse. Kui <\/span><b>kasv\u00f5i \u00fcks<\/b><span style=\"font-weight: 400;\"> tingimustest on t\u00e4idetud, lisatakse vastav info INF 3 deklaratsiooni. N\u00e4iteks:<\/span><\/p>\n<p><span style=\"font-weight: 400;\">identifier=3 AND birthday&gt;2002-12-31|<\/span><\/p>\n<ul>\n<li aria-level=\"1\"><b>huviharidus alla 18-aastastele.<\/b><\/li>\n<\/ul>\n<p><span style=\"font-weight: 400;\">identifier=1 AND payerRegistrationCode=contactRegistrationCode|<\/span><\/p>\n<ul>\n<li style=\"font-weight: 400;\" aria-level=\"1\"><b>maksja ja koolituse saaja on sama isik.<\/b><span style=\"font-weight: 400;\">\u00a0<\/span><\/li>\n<\/ul>\n<p><span style=\"font-weight: 400;\">identifier=1 AND payerRegistrationCode!=contactRegistrationCode AND birthday&gt;1994-12-31|<\/span><\/p>\n<ul>\n<li aria-level=\"1\"><b>keegi teine maksis, aga koolituse sai alla 28-aastane (tasemekoolitus).<\/b><\/li>\n<\/ul>\n<p><span style=\"font-weight: 400;\">identifier=2 AND payerRegistrationCode=contactRegistrationCode|<\/span><\/p>\n<ul>\n<li aria-level=\"1\"><b>tasemekoolitus, maksja ja osaleja on sama.<\/b><\/li>\n<\/ul>\n<p><span style=\"font-weight: 400;\">identifier=2 AND payerRegistrationCode!=contactRegistrationCode AND birthday&gt;1994-12-31<\/span><\/p>\n<ul>\n<li aria-level=\"1\"><b>maksja ja osaleja on erinevad, aga koolituse saaja on alla 28-aastane.<\/b><\/li>\n<\/ul>\n<p>&nbsp;<\/p>\n<h4><b>Kuidas identifier&#8217;id ja tulukontod seotakse?<\/b><\/h4>\n<p><span style=\"font-weight: 400;\">\u201cIdentifier\u201d tuleb globaalist GLOBAL_PAYER_REPORT_IDENTIFIER_MAPPER (pealehe otsingust \u201cGlobaalsed atribuudid\u201d).\u00a0<\/span><\/p>\n<p><b>V\u00e4\u00e4rtuse<\/b><span style=\"font-weight: 400;\"> lahtris on <\/span><b>revenueAccountId<\/b><span style=\"font-weight: 400;\">,<\/span> <span style=\"font-weight: 400;\">mis \u00fctleb, et s\u00fcsteem v\u00f5taks kindla tulukonto numbri.\u00a0<\/span><\/p>\n<p><b>Alt. Value9<\/b><span style=\"font-weight: 400;\"> all on tulukontod ja missuguse \u201cIdentifier\u2019iga\u201d nad v\u00f5rduvad, n\u00e4iteks: 1528097=3<\/span><\/p>\n<p><span style=\"font-weight: 400;\">N\u00e4ide: kui <\/span><b>identifier=3<\/b><span style=\"font-weight: 400;\">, siis tegu on <\/span><b>1528097<\/b><span style=\"font-weight: 400;\"> kontoga, mis omakorda on <\/span><b>\u201cINF 3 Tulu kuni 18a huvihariduse osutamisest\u201d<\/b><span style=\"font-weight: 400;\">.<\/span><\/p>\n<p><b>NB!<\/b><span style=\"font-weight: 400;\"> Igal organisatsioonil on omad tulukonto numbrid.\u00a0\u00a0\u00a0<\/span><\/p>\n<p>&nbsp;<\/p>\n<p><span style=\"font-weight: 400;\">Aruandegeneraatorist (\u201cAruanded\u201d -&gt; \u201cAruandegeneraator\u201d) saab vaadata, missuguse kontoga on tegu.\u00a0<\/span><\/p>\n<ul>\n<li style=\"font-weight: 400;\" aria-level=\"1\"><b>Tabelid:<\/b><span style=\"font-weight: 400;\"> Kontoplaan<\/span><\/li>\n<li style=\"font-weight: 400;\" aria-level=\"1\"><b>V\u00e4ljundid:<\/b><span style=\"font-weight: 400;\"> Kontoplaan.Nimi, Kontoplaan.Konto number, vajadusel ka Kontoplaan.ID<\/span><\/li>\n<\/ul>\n<p><span style=\"font-weight: 400;\">Lisa filter<\/span><\/p>\n<ul>\n<li style=\"font-weight: 400;\" aria-level=\"1\"><b>Parameeter:<\/b><span style=\"font-weight: 400;\"> Kontoplaan.ID<\/span><\/li>\n<li style=\"font-weight: 400;\" aria-level=\"1\"><b>T\u00fc\u00fcp:<\/b><span style=\"font-weight: 400;\"> V\u00f5rdub<\/span><\/li>\n<li style=\"font-weight: 400;\" aria-level=\"1\"><b>V\u00e4\u00e4rtus:<\/b><span style=\"font-weight: 400;\"> missugust kontot soovid otsida (Alt. Value9 all olevad numbrid enne \u201c=\u201d m\u00e4rki)<\/span><\/li>\n<\/ul>\n<p>&nbsp;<\/p>\n<p><span style=\"font-weight: 400;\"><img loading=\"lazy\" decoding=\"async\" class=\"alignnone wp-image-35560 \" src=\"https:\/\/www.erplybooks.com\/wp-content\/uploads\/2025\/07\/\u0421\u043d\u0438\u043c\u043e\u043a-\u044d\u043a\u0440\u0430\u043d\u0430-2025-07-02-\u0432-12.31.58.png\" alt=\"\" width=\"829\" height=\"294\" srcset=\"https:\/\/www.erplybooks.com\/wp-content\/uploads\/2025\/07\/\u0421\u043d\u0438\u043c\u043e\u043a-\u044d\u043a\u0440\u0430\u043d\u0430-2025-07-02-\u0432-12.31.58.png 1196w, https:\/\/www.erplybooks.com\/wp-content\/uploads\/2025\/07\/\u0421\u043d\u0438\u043c\u043e\u043a-\u044d\u043a\u0440\u0430\u043d\u0430-2025-07-02-\u0432-12.31.58-300x106.png 300w, https:\/\/www.erplybooks.com\/wp-content\/uploads\/2025\/07\/\u0421\u043d\u0438\u043c\u043e\u043a-\u044d\u043a\u0440\u0430\u043d\u0430-2025-07-02-\u0432-12.31.58-1024x363.png 1024w, https:\/\/www.erplybooks.com\/wp-content\/uploads\/2025\/07\/\u0421\u043d\u0438\u043c\u043e\u043a-\u044d\u043a\u0440\u0430\u043d\u0430-2025-07-02-\u0432-12.31.58-768x272.png 768w, https:\/\/www.erplybooks.com\/wp-content\/uploads\/2025\/07\/\u0421\u043d\u0438\u043c\u043e\u043a-\u044d\u043a\u0440\u0430\u043d\u0430-2025-07-02-\u0432-12.31.58-1080x383.png 1080w, https:\/\/www.erplybooks.com\/wp-content\/uploads\/2025\/07\/\u0421\u043d\u0438\u043c\u043e\u043a-\u044d\u043a\u0440\u0430\u043d\u0430-2025-07-02-\u0432-12.31.58-980x347.png 980w, https:\/\/www.erplybooks.com\/wp-content\/uploads\/2025\/07\/\u0421\u043d\u0438\u043c\u043e\u043a-\u044d\u043a\u0440\u0430\u043d\u0430-2025-07-02-\u0432-12.31.58-480x170.png 480w\" sizes=\"auto, (max-width: 829px) 100vw, 829px\" \/>\u00a0<\/span><\/p>\n<p><span style=\"font-weight: 400;\">Nende v\u00e4\u00e4rtuste j\u00e4rgi leiab s\u00fcsteem vajalikke andmeid ning paneb kokku \u00fchte aruannet.<\/span><\/p>\n<p>&nbsp;<\/p>\n<h4><b>\u00d5pilase andmete s\u00fcnkroniseerimine aruandlusesse<\/b><\/h4>\n<p><span style=\"font-weight: 400;\">GLOBAL_CUSTOMER_AS_ATTRIBUTE <\/span><span style=\"font-weight: 400;\">atribuut v\u00f5imaldab <\/span><span style=\"font-weight: 400;\">s\u00fcnkroniseerida \u00f5pilast atribuudi kaudu, et aruanne sisaldaks lapse, mitte vanema andmeid.\u00a0<\/span><\/p>\n<p><span style=\"font-weight: 400;\">Kui on vaja, et INF 3 aruandesse satuks <\/span><b>\u00f5pilane, mitte vanem<\/b><span style=\"font-weight: 400;\">, siis tuleb \u00f5pilane s\u00fcnkroniseerida <\/span><b>atribuutina<\/b><span style=\"font-weight: 400;\"> kliendi juures. See on vajalik, kui kontaktide andmetes ei ole v\u00f5imalik otse \u00f5pilast kliendiks m\u00e4\u00e4rata.<\/span><\/p>\n<p><span style=\"font-weight: 400;\">Globaalse atribuudi saab lisada siis, kui pealehe otsingusse kirjutada <\/span><b>\u201cGlobaalsed atribuudid\u201c<\/b><span style=\"font-weight: 400;\">.<\/span><\/p>\n<ul>\n<li style=\"font-weight: 400;\" aria-level=\"1\"><b>Nimi:<\/b> <span style=\"font-weight: 400;\">GLOBAL_CUSTOMER_AS_ATTRIBUTE\u00a0<\/span><\/li>\n<li style=\"font-weight: 400;\" aria-level=\"1\"><b>V\u00e4\u00e4rtus:<\/b><span style=\"font-weight: 400;\"> true<\/span><\/li>\n<\/ul>\n<p><span style=\"font-weight: 400;\">Kui see seadistus on tehtud, siis s\u00fcsteem teab, et INF 3 puhul tuleb kasutada lapse andmeid, mitte vanemate omi.<\/span><\/p>\n<p><span style=\"font-weight: 400;\">Rohkem infot INF 3 deklaratsiooni kohta v\u00f5ib leida <\/span><a href=\"https:\/\/www.emta.ee\/ariklient\/maksud-ja-tasumine\/maksudeklaratsioonid-teabevahetus\/inf-deklaratsioonid#inf-3\"><span style=\"font-weight: 400;\">siit<\/span><\/a><span style=\"font-weight: 400;\">.\u00a0<\/span><\/p>\n","protected":false},"excerpt":{"rendered":"<p>INF 3 aruandlus INF 3 on Maksu- ja Tolliametile esitatav deklaratsioon, mis sisaldab teavet mitteresidentidest isikutele tehtud v\u00e4ljamaksete kohta, sealhulgas koolituskulude osas. Haridus- ja huviasutused on sageli kohustatud INF 3 esitama, kui osutatakse huviharidust, tasemekoolitusi v\u00f5i muid koolitusi, millele v\u00f5ib laieneda tulumaksuvabastus. &nbsp; INF 3 aruande koostamise eeltingimused K\u00f5igil kontaktidel (\u00f5pilased, maksjad jms) peavad olema [&hellip;]<\/p>\n","protected":false},"author":27,"featured_media":0,"parent":3312,"menu_order":0,"comment_status":"closed","ping_status":"closed","template":"","meta":{"_et_pb_use_builder":"","_et_pb_old_content":"","_et_gb_content_width":"","footnotes":""},"categories":[],"tags":[],"class_list":["post-35553","page","type-page","status-publish","hentry"],"_links":{"self":[{"href":"https:\/\/www.erplybooks.com\/et\/wp-json\/wp\/v2\/pages\/35553","targetHints":{"allow":["GET"]}}],"collection":[{"href":"https:\/\/www.erplybooks.com\/et\/wp-json\/wp\/v2\/pages"}],"about":[{"href":"https:\/\/www.erplybooks.com\/et\/wp-json\/wp\/v2\/types\/page"}],"author":[{"embeddable":true,"href":"https:\/\/www.erplybooks.com\/et\/wp-json\/wp\/v2\/users\/27"}],"replies":[{"embeddable":true,"href":"https:\/\/www.erplybooks.com\/et\/wp-json\/wp\/v2\/comments?post=35553"}],"version-history":[{"count":0,"href":"https:\/\/www.erplybooks.com\/et\/wp-json\/wp\/v2\/pages\/35553\/revisions"}],"up":[{"embeddable":true,"href":"https:\/\/www.erplybooks.com\/et\/wp-json\/wp\/v2\/pages\/3312"}],"wp:attachment":[{"href":"https:\/\/www.erplybooks.com\/et\/wp-json\/wp\/v2\/media?parent=35553"}],"wp:term":[{"taxonomy":"category","embeddable":true,"href":"https:\/\/www.erplybooks.com\/et\/wp-json\/wp\/v2\/categories?post=35553"},{"taxonomy":"post_tag","embeddable":true,"href":"https:\/\/www.erplybooks.com\/et\/wp-json\/wp\/v2\/tags?post=35553"}],"curies":[{"name":"wp","href":"https:\/\/api.w.org\/{rel}","templated":true}]}}