{"id":35446,"date":"2024-11-15T14:32:42","date_gmt":"2024-11-15T14:32:42","guid":{"rendered":"https:\/\/www.erplybooks.com\/?page_id=35446"},"modified":"2026-04-01T08:43:36","modified_gmt":"2026-04-01T08:43:36","slug":"mrp","status":"publish","type":"page","link":"https:\/\/www.erplybooks.com\/et\/mrp\/","title":{"rendered":"Tootmistarkvara"},"content":{"rendered":"<h2 style=\"text-align: center;\"><b>K\u00f5ik \u00fches tootmislahendus v\u00e4ikesele tootmisettev\u00f5ttele<\/b><\/h2>\n<p style=\"text-align: center;\">ERPLY Books sisaldab k\u00f5iki funktsioone, mida v\u00f5ib teil oma tootmisettev\u00f5tmises tarvis minna. S\u00fcsteem toetab partiide loomist, nende hinnastust, parim enne kuup\u00e4evi, tooteretsepte ja k\u00f5iki muid \u00e4riprotsesse toetavaid, lihtsustavaid funktsioone. Kui toodate k\u00e4sit\u00f6\u00f6\u00f5lut v\u00f5i v\u00e4ikese tiimiga ehitate rauakomponente, siis ERPLY Books suudab kogu teie \u00e4rilahenduse \u00fche tarkvarakatuse alla tuua. Kui teil on suur tootmiskompleks mitme erineva tootmisliiniga, siis k\u00fcsige meilt tasuta demo, kus saame \u00fcle vaadata, kuidas teie vajadused kogu ERPLY tooteportfelliga lahendatud saame.<\/p>\n<h2><img loading=\"lazy\" decoding=\"async\" class=\"alignright wp-image-35292 \" style=\"color: #1d2327; font-size: 14px;\" src=\"https:\/\/www.erplybooks.com\/wp-content\/uploads\/2024\/08\/\u0421\u043d\u0438\u043c\u043e\u043a-\u044d\u043a\u0440\u0430\u043d\u0430-2024-08-16-\u0432-12.21.03.png\" alt=\"\" width=\"338\" height=\"290\" \/><\/h2>\n<h2>Tootmise planeerimine<\/h2>\n<p style=\"text-align: left;\">Lihtne tootmise planeerimise funktsionaalsus:<\/p>\n<ul>\n<li>lisa eesm\u00e4rgid stiilis, et soovite toota kolm partiid toodet X ja viis partiid toodet Y<\/li>\n<li>lisa reeglid masinate, inimeste t\u00f6\u00f6aegade kohta<\/li>\n<li>s\u00fcsteem kuvab tund-tunni haaval, mis masinad, mis inimesed on h\u00f5ivatud &#8211; sellega koos ka tootmises tekkivad pudelikaelad<\/li>\n<li>tootmisplaneerimine v\u00f5imaldab seal samas teha &#8220;tootmist&#8221; (arvelev\u00f5tmist), ostutellimusi, kuvab baaskomponentide laoj\u00e4\u00e4ki jne<\/li>\n<\/ul>\n<p>&nbsp;<\/p>\n<h2><\/h2>\n<h2 style=\"text-align: center;\">K\u00f5ik vajalikud funktsioonid<\/h2>\n<p>&nbsp;<\/p>\n<table style=\"height: 472px; width: 1200px; overflow-x: auto;\">\n<tbody>\n<tr style=\"height: 121px;\">\n<td style=\"width: 323.617px; height: 19px;\">\n<p style=\"text-align: center;\"><img loading=\"lazy\" decoding=\"async\" class=\"alignnone size-full wp-image-35456\" src=\"https:\/\/www.erplybooks.com\/wp-content\/uploads\/2024\/11\/Messente-2.png\" alt=\"\" width=\"1024\" height=\"500\" srcset=\"https:\/\/www.erplybooks.com\/wp-content\/uploads\/2024\/11\/Messente-2.png 1024w, https:\/\/www.erplybooks.com\/wp-content\/uploads\/2024\/11\/Messente-2-980x479.png 980w, https:\/\/www.erplybooks.com\/wp-content\/uploads\/2024\/11\/Messente-2-480x234.png 480w\" sizes=\"auto, (min-width: 0px) and (max-width: 480px) 480px, (min-width: 481px) and (max-width: 980px) 980px, (min-width: 981px) 1024px, 100vw\" \/><\/p>\n<p style=\"text-align: center;\"><strong>Tootmiskulud-tulud kontrolli alla<\/strong><\/p>\n<p style=\"text-align: left;\">T\u00e4ispildi ettev\u00f5tte tulemuslikkusest saab parajasti siis kui k\u00f5ik selle jaoks ehitatud funktsioonid enda eest t\u00f6\u00f6le rakendada:<\/p>\n<ul>\n<li style=\"text-align: left;\"><span style=\"font-weight: 400;\">Kuna arvestus on partiip\u00f5hine, siis on ka toote omahinna arvestus partiip\u00f5hine<\/span><\/li>\n<li style=\"text-align: left;\"><span style=\"font-weight: 400;\">Jaga elekter- ja t\u00f6\u00f6j\u00f5ukulud korra kuus omahinnale juurde<\/span><\/li>\n<li style=\"text-align: left;\">k\u00f5iki l\u00f5pptooteid saab j\u00e4lgida kasumiaruandest, jagades mittejagatud kulud nende vahel laiali<\/li>\n<li style=\"text-align: left;\">samasugust kasumlikkust saab anal\u00fc\u00fcsida selle j\u00e4rgi, mis teil tarvis on: toote grupp, kliendi grupp jne<\/li>\n<\/ul>\n<p style=\"text-align: center;\">\n<\/td>\n<td style=\"width: 28.0547px; height: 19px;\"><\/td>\n<td style=\"width: 311.594px; height: 19px;\">\n<p style=\"text-align: center;\"><img loading=\"lazy\" decoding=\"async\" class=\"alignnone size-full wp-image-35462\" src=\"https:\/\/www.erplybooks.com\/wp-content\/uploads\/2024\/11\/Messente-3.png\" alt=\"\" width=\"1024\" height=\"500\" srcset=\"https:\/\/www.erplybooks.com\/wp-content\/uploads\/2024\/11\/Messente-3.png 1024w, https:\/\/www.erplybooks.com\/wp-content\/uploads\/2024\/11\/Messente-3-980x479.png 980w, https:\/\/www.erplybooks.com\/wp-content\/uploads\/2024\/11\/Messente-3-480x234.png 480w\" sizes=\"auto, (min-width: 0px) and (max-width: 480px) 480px, (min-width: 481px) and (max-width: 980px) 980px, (min-width: 981px) 1024px, 100vw\" \/><\/p>\n<p style=\"text-align: center;\"><strong>Maksimaalne automatiseeritus<\/strong><\/p>\n<p style=\"text-align: left;\">ERPLY Booksiga k\u00e4ivad kaasa k\u00f5iksugused automatiseerimise t\u00f6\u00f6riistad, mida igap\u00e4evaelus vajate:<\/p>\n<ul>\n<li style=\"text-align: left;\">ostuarvete automatiseerimine kuni 90%<\/li>\n<li style=\"text-align: left;\">panga automatiseerimine kuni 99%<\/li>\n<li style=\"text-align: left;\">automaatsed maksemeenutused, m\u00e4rguanded klientidele, m\u00e4rguanded (v\u00f5i hoiatused) iseendale<\/li>\n<li>kogu andmesisestuse automatiseerimine l\u00e4bi reeglite ja importide<\/li>\n<li>\u00fcldised automatiseerimisreeglid raamatupidamiskannetele, kliendiandmetele jpm<\/li>\n<\/ul>\n<p style=\"text-align: center;\">\n<\/td>\n<td style=\"width: 26.0547px; height: 19px;\">\n<p style=\"text-align: center;\"><span style=\"font-weight: 400;\">\u00a0<\/span><\/p>\n<\/td>\n<td style=\"width: 342.68px; height: 19px;\">\n<p style=\"text-align: center;\"><img loading=\"lazy\" decoding=\"async\" class=\"alignnone size-full wp-image-35468\" src=\"https:\/\/www.erplybooks.com\/wp-content\/uploads\/2024\/11\/Messente-4.png\" alt=\"\" width=\"1024\" height=\"500\" srcset=\"https:\/\/www.erplybooks.com\/wp-content\/uploads\/2024\/11\/Messente-4.png 1024w, https:\/\/www.erplybooks.com\/wp-content\/uploads\/2024\/11\/Messente-4-980x479.png 980w, https:\/\/www.erplybooks.com\/wp-content\/uploads\/2024\/11\/Messente-4-480x234.png 480w\" sizes=\"auto, (min-width: 0px) and (max-width: 480px) 480px, (min-width: 481px) and (max-width: 980px) 980px, (min-width: 981px) 1024px, 100vw\" \/><\/p>\n<p style=\"text-align: center;\"><strong>K\u00f5ik muu vajalik teie \u00e4ri haldamiseks ja kasvatamiseks<\/strong><\/p>\n<p style=\"text-align: left;\">ERPLYl on palju erinevaid integratsioone ja lahendusi, mis aitavad teie \u00e4ril kasvada ja olla tugevamad. Olemas on mitmed EDI integratsioonid, hinnakirjad klientidele-hankijatele, e-arved, palju erinevaid integratsioone erinevate tarkvaradega, kassalahendus. Lisaks ERPLY Books ehitati esmalt raamatupidamistarkvaraks &#8211; saate selle kaudu k\u00f5ik oma \u00e4riprotsessid lahendada, mitte ainult tootmise.<\/p>\n<p>&nbsp;<\/p>\n<p>&nbsp;<\/p>\n<p style=\"text-align: center;\">\n<\/td>\n<\/tr>\n<\/tbody>\n<\/table>\n<p>&nbsp;<\/p>\n<h2><\/h2>\n<h2>Aitame teil alustada nullist v\u00f5i sealt kust pooleli j\u00e4ite<\/h2>\n<p>Saame teid aidata andmete impordiga, t\u00e4isjuurutuse ja koolitustega. Keegi ei keela samas teil oma konto luua ja alustada koos juhenditega. K\u00fcll aga kindlasti soovitame v\u00e4hemalt v\u00f5tta m\u00f5netunnise koolituse ja algsete seadistuste \u00fclek\u00e4imise. Konsultatsioonide tunnihind on vastavalt hinnakirjale. Tarkvara demo, kus saab \u00fchtlasi \u00fcle k\u00e4ia teie vajadused ja ERPLY Booksi v\u00f5imalused on alati tasuta.<\/p>\n<p>Soovitatav tegevuskava alustamiseks kui soovite meie abi:<\/p>\n<ul>\n<li>kirjutage info@erplybooks.com, et soovite alustada<\/li>\n<li>s\u00f5ltuvalt vajadusest, teeme kas konsultatsioonik\u00f5ne, kus k\u00e4ime k\u00f5ik punktid l\u00e4bi (mis andmed importida, mis mooduleid kasutada, kuidas teie vajadustele vastavalt kasutada jne) v\u00f5i peame juba puhtalt koolitusajad kokku leppima<\/li>\n<li>valmistate ette impordifailid \/ tellite meilt kogu algandmete impordi<\/li>\n<li>korraldame koolitused k\u00f5igile vajalikele osapooltele<\/li>\n<li>kui soovite t\u00e4isjuurutust, siis seda ka pakume ning t\u00e4isjuurutus eeldab k\u00f5ikide eelnevate punktide puhul p\u00f5hjalikku kliendianal\u00fc\u00fcsi<\/li>\n<\/ul>\n<h2>Andmed eksport-import<\/h2>\n<p>ERPLY Books v\u00f5imaldab k\u00f5iki andmeid importida ja analoogselt ka eksportida. K\u00f5iki andmeid saab alla ja \u00fcles laadida xlsx ja csv formaatides. See t\u00e4hendab \u00fchtlasi, et kui teil on vaja uuendada hinnakirju, tooteid &#8211; saate selle info failiga \u00fcles laadida. Samal ajal saate ka alla laadida k\u00f5ik erinevad v\u00e4ljatr\u00fckid, mida ERPLY Books pakub &#8211; sealhulgas aruandegeneraatori suvalise v\u00e4ljatr\u00fcki. Kui soovite integreerida ERPLY Booksi mingi v\u00e4lise s\u00fcsteemiga (n\u00e4iteks mingi tootmisseade), siis selle jaoks on olemas ERPLY Booksi API, mis sisaldab k\u00f5iki samu funktsioone nagu kasutajaliides. K\u00fcll aga t\u00e4psemaks integratsiooniks vastavalt teie vajadusele soovitame v\u00f5tta sellekohase konsultatsiooni.<\/p>\n<h2>Modulaarne hinnastus<\/h2>\n<p>ERPLY Books hinnastus s\u00f5ltub funktsioonidest, mida vajate. Tootmismoodul koos sinna juurdek\u00e4iva partiip\u00f5hise laomooduliga maksab <strong>16 EUR \/ kuus.<\/strong>. Kui v\u00f5tta t\u00e4islahendus koos raamatupidamismooduliga, siis keskmine pakett on kokku 34 EUR \/ kuus. T\u00e4psemalt saab lugeda hinnakirjast.<\/p>\n<p>&nbsp;<\/p>\n<p style=\"text-align: center;\"><a style=\"color: #ffffff; background-color: #f7cc56; border-radius: 10px; margin-right: 22px; margin-top: -10px; padding: 10px 20px;\" href=\"https:\/\/a2.erplybooks.com\/register?product=MRP&amp;lang=et\">Proovi 30 p\u00e4eva tasuta!<\/a> \u00a0 \u00a0 \u00a0 \u00a0 \u00a0 \u00a0 \u00a0 \u00a0 \u00a0 <a style=\"color: #ffffff; background-color: #5bc0de; border-radius: 10px; margin-right: 22px; margin-top: -10px; padding: 10px 20px;\" href=\"https:\/\/www.erplybooks.com\/request-a-demo\/\">K\u00fcsi demo<\/a><\/p>\n<h2><b>Juhendid<\/b><\/h2>\n<ul>\n<li><a href=\"https:\/\/www.erplybooks.com\/et\/juhendid\/partiipohine-laoarvestus\/\">Partiip\u00f5hine laoarvestus<\/a><\/li>\n<li><a href=\"https:\/\/youtu.be\/7oi4OmOgzM0\">Laoaruanded<\/a><\/li>\n<li><a href=\"https:\/\/www.erplybooks.com\/et\/juhendid\/hinnakiri-hankija-klient\/\">Hinnakirjad<\/a><\/li>\n<li><a href=\"https:\/\/www.erplybooks.com\/et\/juhendid\/laofunktsioonid\/\">Laofunktsioonid<\/a><\/li>\n<li><a href=\"https:\/\/www.erplybooks.com\/et\/artiklite-haldus-tootmisettevotetes\/\">Laotooted<\/a><\/li>\n<li><a href=\"https:\/\/www.erplybooks.com\/et\/juhendid\/andmete-importimine-erply-booksis\/\">Andmete import<\/a><\/li>\n<li><a href=\"https:\/\/www.erplybooks.com\/et\/juhendid\/tootmisplaneerimise-aruanne\/\">Tootmise planeerimine<\/a><\/li>\n<\/ul>\n<h2><b>Kliendikogemus Peninuki Distillery n\u00e4itel<\/b><\/h2>\n<p>Peninuki Distillery on Eesti auhinnatuim joogitootja, kes keskendub kangele alkoholile: gin, viin, rumm, vaadikokteilid. Tootmine on kompaktne, automatiseeritud vastavalt v\u00f5imalustele &#8211; aga vastab pigem v\u00e4iketootmise v\u00f5imalustele, mitte tavap\u00e4rasele t\u00e4isautomatiseeritud tootmisliinile. Sellest tulenevalt pole Peninuki vajadused seotud nii v\u00e4ga tootmisliini automatiseerimisele kuid pigem &#8220;tootmine vastavalt vajadusele&#8221; p\u00f5him\u00f5ttele. Peninuki kasutab ERPLY Booksi j\u00e4rgnevalt:<\/p>\n<ul>\n<li>l\u00f5pptooted valmistatakse vahetoodetest (destillaadid): nii l\u00f5pptoode kui vahetoode on retseptidega kirjeldatud<\/li>\n<li>tootmise planeerimisse on pandud planeeritav toodang partiidep\u00f5hiselt (stiilis novembri eesm\u00e4rk on toota kolm partiid Forest Gini)<\/li>\n<li>tootmise planeerimisest tulevad v\u00e4lja toorainepuuduj\u00e4\u00e4gid, kust saab automaatselt ka vastavad ostutellimused vormistada<\/li>\n<li>tootmine on partiip\u00f5hine &#8211; l\u00f5pptoodete arvelev\u00f5tmisel on kohustuslik m\u00e4\u00e4rata partii number<\/li>\n<li>alkoholivaba gini tootmisel m\u00e4\u00e4ratakse ka vastav parim enne kuup\u00e4ev<\/li>\n<li>pood ja v\u00e4li\u00fcritused on toetatud ERPLY kassalahendusega<\/li>\n<li>laekumised-maksmised tulevad pangast automaatselt t\u00e4nu ERPLY Books panga\u00fchendustele<\/li>\n<li>aruandlus on automatiseeritud: kasumiaruannet n\u00e4eb nii toote- kui tootegrupip\u00f5hiselt. Ehk siis automaatselt jagatuna on n\u00e4ha, kui suure osa tuludest-kuludest-kasumist annab gin, rumm ja samal ajal ka individuaalne toode Seaside Gin<\/li>\n<li>EDI \u00fchendused on loodud erinevate jaekettidega l\u00e4bi ERPLY lao \u00fchenduse<\/li>\n<\/ul>\n<p style=\"text-align: center;\"><a style=\"color: #ffffff; background-color: #f7cc56; border-radius: 10px; margin-right: 22px; margin-top: -10px; padding: 10px 20px;\" href=\"https:\/\/a2.erplybooks.com\/register?product=MRP&amp;lang=et\">Proovi 30 p\u00e4eva tasuta!<\/a> \u00a0 \u00a0 \u00a0 \u00a0 \u00a0 \u00a0 \u00a0 \u00a0 \u00a0 <a style=\"color: #ffffff; background-color: #5bc0de; border-radius: 10px; margin-right: 22px; margin-top: -10px; padding: 10px 20px;\" href=\"https:\/\/www.erplybooks.com\/request-a-demo\/\">K\u00fcsi demo<\/a><\/p>\n","protected":false},"excerpt":{"rendered":"<p>K\u00f5ik \u00fches tootmislahendus v\u00e4ikesele tootmisettev\u00f5ttele ERPLY Books sisaldab k\u00f5iki funktsioone, mida v\u00f5ib teil oma tootmisettev\u00f5tmises tarvis minna. S\u00fcsteem toetab partiide loomist, nende hinnastust, parim enne kuup\u00e4evi, tooteretsepte ja k\u00f5iki muid \u00e4riprotsesse toetavaid, lihtsustavaid funktsioone. Kui toodate k\u00e4sit\u00f6\u00f6\u00f5lut v\u00f5i v\u00e4ikese tiimiga ehitate rauakomponente, siis ERPLY Books suudab kogu teie \u00e4rilahenduse \u00fche tarkvarakatuse alla tuua. Kui teil [&hellip;]<\/p>\n","protected":false},"author":27,"featured_media":0,"parent":0,"menu_order":0,"comment_status":"closed","ping_status":"closed","template":"","meta":{"_et_pb_use_builder":"","_et_pb_old_content":"","_et_gb_content_width":"","footnotes":""},"categories":[],"tags":[],"class_list":["post-35446","page","type-page","status-publish","hentry"],"_links":{"self":[{"href":"https:\/\/www.erplybooks.com\/et\/wp-json\/wp\/v2\/pages\/35446","targetHints":{"allow":["GET"]}}],"collection":[{"href":"https:\/\/www.erplybooks.com\/et\/wp-json\/wp\/v2\/pages"}],"about":[{"href":"https:\/\/www.erplybooks.com\/et\/wp-json\/wp\/v2\/types\/page"}],"author":[{"embeddable":true,"href":"https:\/\/www.erplybooks.com\/et\/wp-json\/wp\/v2\/users\/27"}],"replies":[{"embeddable":true,"href":"https:\/\/www.erplybooks.com\/et\/wp-json\/wp\/v2\/comments?post=35446"}],"version-history":[{"count":0,"href":"https:\/\/www.erplybooks.com\/et\/wp-json\/wp\/v2\/pages\/35446\/revisions"}],"wp:attachment":[{"href":"https:\/\/www.erplybooks.com\/et\/wp-json\/wp\/v2\/media?parent=35446"}],"wp:term":[{"taxonomy":"category","embeddable":true,"href":"https:\/\/www.erplybooks.com\/et\/wp-json\/wp\/v2\/categories?post=35446"},{"taxonomy":"post_tag","embeddable":true,"href":"https:\/\/www.erplybooks.com\/et\/wp-json\/wp\/v2\/tags?post=35446"}],"curies":[{"name":"wp","href":"https:\/\/api.w.org\/{rel}","templated":true}]}}