{"id":35365,"date":"2024-08-29T06:50:22","date_gmt":"2024-08-29T06:50:22","guid":{"rendered":"https:\/\/www.erplybooks.com\/?page_id=35365"},"modified":"2025-07-07T09:09:35","modified_gmt":"2025-07-07T09:09:35","slug":"hinnakiri-hankija-klient","status":"publish","type":"page","link":"https:\/\/www.erplybooks.com\/et\/juhendid\/hinnakiri-hankija-klient\/","title":{"rendered":"Hinnakiri Hankija\/Klient"},"content":{"rendered":"<h1><b>Hinnakiri Hankija\/Klient<\/b><\/h1>\n<p><span style=\"font-weight: 400;\">Hinnakirja mooduleid on mugav kasutatada nendele ettev\u00f5tetele, millel on mitu erinevat ladu. <\/span><span style=\"font-weight: 400;\">\u00a0<\/span><\/p>\n<p><span style=\"font-weight: 400;\">See lahendus on m\u00f5eldud eelk\u00f5ige j\u00e4\u00e4tmemajandus- ja tootmisettev\u00f5tetele.<\/span><\/p>\n<p><span style=\"font-weight: 400;\">Vaikimisi on hind <\/span><b>\u201cOstu-m\u00fc\u00fcgi artiklid\u201d<\/b><span style=\"font-weight: 400;\"> all (<\/span><b>\u201cOst\u201d\/\u201dM\u00fc\u00fck\u201d<\/b><span style=\"font-weight: 400;\"> -&gt; <\/span><b>\u201cOstu-m\u00fc\u00fcgi artiklid\u201d<\/b><span style=\"font-weight: 400;\">) lahtris <\/span><b>\u201cBaashind\u201d<\/b><span style=\"font-weight: 400;\">.<\/span>\u00a0Tegemist on hinnaga, mida s\u00fcsteem rakendab olukorras, kus hinnaplaani ei ole valitud v\u00f5i hinnaplaani reegleid ei ole aktiveeritud. Sellisel juhul kasutatakse alati seda hinda. Soovi korral on v\u00f5imalik hind k\u00e4sitsi muuta, kuid vaikimisi l\u00e4htutakse baashinnast.<\/p>\n<p>&nbsp;<\/p>\n<h2><b>Hinnakiri (hankija)<\/b><\/h2>\n<p><span style=\"font-weight: 400;\">Kui soovite lisada hinda hankijale, siis avage <\/span><b>\u201cLadu\u201d<\/b><span style=\"font-weight: 400;\"> -&gt; <\/span><b>\u201cHinnakiri (hankijale)\u201d<\/b><span style=\"font-weight: 400;\">. Hankija hinnaplaani kasutatakse peamiselt j\u00e4\u00e4tmek\u00e4itlusettev\u00f5tetes, kus tuleb seadistada reegleid, millise hinnaga teatud asukohas ostetakse v\u00f5i millise hinnaga ostetakse konkreetselt hankijalt. Kui vajate selliseid reegleid, saate kasutada tarnija hinnaplaani.<\/span><\/p>\n<p><img loading=\"lazy\" decoding=\"async\" class=\"alignnone wp-image-35366 size-full\" src=\"https:\/\/www.erplybooks.com\/wp-content\/uploads\/2024\/08\/\u0421\u043d\u0438\u043c\u043e\u043a-\u044d\u043a\u0440\u0430\u043d\u0430-2024-08-29-\u0432-09.43.26.png\" alt=\"\" width=\"1358\" height=\"228\" srcset=\"https:\/\/www.erplybooks.com\/wp-content\/uploads\/2024\/08\/\u0421\u043d\u0438\u043c\u043e\u043a-\u044d\u043a\u0440\u0430\u043d\u0430-2024-08-29-\u0432-09.43.26.png 1358w, https:\/\/www.erplybooks.com\/wp-content\/uploads\/2024\/08\/\u0421\u043d\u0438\u043c\u043e\u043a-\u044d\u043a\u0440\u0430\u043d\u0430-2024-08-29-\u0432-09.43.26-300x50.png 300w, https:\/\/www.erplybooks.com\/wp-content\/uploads\/2024\/08\/\u0421\u043d\u0438\u043c\u043e\u043a-\u044d\u043a\u0440\u0430\u043d\u0430-2024-08-29-\u0432-09.43.26-1024x172.png 1024w, https:\/\/www.erplybooks.com\/wp-content\/uploads\/2024\/08\/\u0421\u043d\u0438\u043c\u043e\u043a-\u044d\u043a\u0440\u0430\u043d\u0430-2024-08-29-\u0432-09.43.26-768x129.png 768w, https:\/\/www.erplybooks.com\/wp-content\/uploads\/2024\/08\/\u0421\u043d\u0438\u043c\u043e\u043a-\u044d\u043a\u0440\u0430\u043d\u0430-2024-08-29-\u0432-09.43.26-1080x181.png 1080w, https:\/\/www.erplybooks.com\/wp-content\/uploads\/2024\/08\/\u0421\u043d\u0438\u043c\u043e\u043a-\u044d\u043a\u0440\u0430\u043d\u0430-2024-08-29-\u0432-09.43.26-1280x215.png 1280w, https:\/\/www.erplybooks.com\/wp-content\/uploads\/2024\/08\/\u0421\u043d\u0438\u043c\u043e\u043a-\u044d\u043a\u0440\u0430\u043d\u0430-2024-08-29-\u0432-09.43.26-980x165.png 980w, https:\/\/www.erplybooks.com\/wp-content\/uploads\/2024\/08\/\u0421\u043d\u0438\u043c\u043e\u043a-\u044d\u043a\u0440\u0430\u043d\u0430-2024-08-29-\u0432-09.43.26-480x81.png 480w\" sizes=\"auto, (max-width: 1358px) 100vw, 1358px\" \/><\/p>\n<p>&nbsp;<\/p>\n<ul>\n<li aria-level=\"1\"><b>Hankija: <\/b><span style=\"font-weight: 400;\">kui soovite lisada hinda kindlale hankijale<\/span><\/li>\n<li aria-level=\"1\"><b>Protsent: <\/b><span style=\"font-weight: 400;\">see, mis l\u00e4heb k\u00f5ikidest toodetest maha<\/span><\/li>\n<li aria-level=\"1\"><b>Hind<\/b><\/li>\n<li aria-level=\"1\"><b>Projekt: <\/b><span style=\"font-weight: 400;\">siia saab valida kindla lao, millega siduda hinda<\/span><\/li>\n<li aria-level=\"1\"><b>Artikkel: <\/b><span style=\"font-weight: 400;\">kui soovite lisada hinda kindlale artiklile<\/span><\/li>\n<li aria-level=\"1\"><b>Alates kuup\u00e4ev (pildil puudub): <\/b><span style=\"font-weight: 400;\">mis kuup\u00e4evast hakkab kehtima hind<\/span><\/li>\n<li aria-level=\"1\"><b>Kuni kuup\u00e4ev (pildil puudub): <\/b><span style=\"font-weight: 400;\">mis kuup\u00e4eval l\u00f5ppeb hinna kehtivus<\/span><\/li>\n<\/ul>\n<p>&nbsp;<\/p>\n<h2><b>Hinnakiri (Klient)<\/b><\/h2>\n<p><span style=\"font-weight: 400;\">Kui soovite lisada hinda kliendile, siis avage <\/span><b>\u201cLadu\u201d<\/b><span style=\"font-weight: 400;\"> -&gt; <\/span><b>\u201cHinnakiri (kliendile)\u201d<\/b><span style=\"font-weight: 400;\">.\u00a0<\/span><\/p>\n<p>&nbsp;<\/p>\n<p><img loading=\"lazy\" decoding=\"async\" class=\"alignnone wp-image-35372 \" src=\"https:\/\/www.erplybooks.com\/wp-content\/uploads\/2024\/08\/\u0421\u043d\u0438\u043c\u043e\u043a-\u044d\u043a\u0440\u0430\u043d\u0430-2024-08-29-\u0432-09.45.09.png\" alt=\"\" width=\"717\" height=\"120\" srcset=\"https:\/\/www.erplybooks.com\/wp-content\/uploads\/2024\/08\/\u0421\u043d\u0438\u043c\u043e\u043a-\u044d\u043a\u0440\u0430\u043d\u0430-2024-08-29-\u0432-09.45.09.png 1212w, https:\/\/www.erplybooks.com\/wp-content\/uploads\/2024\/08\/\u0421\u043d\u0438\u043c\u043e\u043a-\u044d\u043a\u0440\u0430\u043d\u0430-2024-08-29-\u0432-09.45.09-300x50.png 300w, https:\/\/www.erplybooks.com\/wp-content\/uploads\/2024\/08\/\u0421\u043d\u0438\u043c\u043e\u043a-\u044d\u043a\u0440\u0430\u043d\u0430-2024-08-29-\u0432-09.45.09-1024x171.png 1024w, https:\/\/www.erplybooks.com\/wp-content\/uploads\/2024\/08\/\u0421\u043d\u0438\u043c\u043e\u043a-\u044d\u043a\u0440\u0430\u043d\u0430-2024-08-29-\u0432-09.45.09-768x128.png 768w, https:\/\/www.erplybooks.com\/wp-content\/uploads\/2024\/08\/\u0421\u043d\u0438\u043c\u043e\u043a-\u044d\u043a\u0440\u0430\u043d\u0430-2024-08-29-\u0432-09.45.09-1080x180.png 1080w, https:\/\/www.erplybooks.com\/wp-content\/uploads\/2024\/08\/\u0421\u043d\u0438\u043c\u043e\u043a-\u044d\u043a\u0440\u0430\u043d\u0430-2024-08-29-\u0432-09.45.09-980x163.png 980w, https:\/\/www.erplybooks.com\/wp-content\/uploads\/2024\/08\/\u0421\u043d\u0438\u043c\u043e\u043a-\u044d\u043a\u0440\u0430\u043d\u0430-2024-08-29-\u0432-09.45.09-480x80.png 480w\" sizes=\"auto, (max-width: 717px) 100vw, 717px\" \/><\/p>\n<p>&nbsp;<\/p>\n<ul>\n<li aria-level=\"1\"><b>Klient: <\/b><span style=\"font-weight: 400;\">kui soovite lisada hinda kindlale kliendile<\/span><\/li>\n<li aria-level=\"1\"><b>Protsent: <\/b><span style=\"font-weight: 400;\">see, mis l\u00e4heb k\u00f5ikidest toodetest maha (allahindlus)<\/span><\/li>\n<li aria-level=\"1\"><b>Hind<\/b><\/li>\n<li aria-level=\"1\"><b>Projekt: <\/b><span style=\"font-weight: 400;\">siia saab valida kindla lao, millega siduda hinda<\/span><\/li>\n<li aria-level=\"1\"><b>Artikkel: <\/b><span style=\"font-weight: 400;\">kui soovite lisada hinda kindlale artiklile. Kui see lahter j\u00e4\u00e4b t\u00fchjaks, siis kehtib protsent k\u00f5ikidele toodetele (kui m\u00e4\u00e4rata protsendi lahtrisse arvu).\u00a0<\/span><\/li>\n<li aria-level=\"1\"><b>Identifikaator<\/b><\/li>\n<li aria-level=\"1\"><b>Grupp: <\/b><span style=\"font-weight: 400;\">kliendigrupp, kui klient on valitud, siis pole m\u00f5tet t\u00e4ita seda lahtrit, kuna klient on t\u00e4htsam kui kliendigrupp (\u201ckontaktid\u201d mooduli lahter \u201ckood\u201d).\u00a0<\/span><\/li>\n<li aria-level=\"1\"><b>+ Protsent:<\/b><span style=\"font-weight: 400;\"> siia saab m\u00e4\u00e4rata lisaprotsendi. N\u00e4iteks, kui kliendiga on lepping, et k\u00f5ikidest toodetest l\u00e4heb alla 15% ja siis neil on kampaania, kus lisaks 15%-le l\u00e4heb alla veel 10%, siis saate sellesse lahtrisse m\u00e4\u00e4rata protsendi, mis tuleb juurde.\u00a0<\/span><\/li>\n<\/ul>\n<p>&nbsp;<\/p>\n<p><span style=\"font-weight: 400;\">Kui lisate <\/span><b>\u201c+ Protsent\u201d<\/b><span style=\"font-weight: 400;\"> lahtrisse protsendi, siis s\u00fcsteem ei liida <\/span><b>\u201cProtsent\u201d<\/b><span style=\"font-weight: 400;\"> ja \u201c<\/span><b>+ Protsent\u201d<\/b><span style=\"font-weight: 400;\"> kokku. <\/span><b>\u201c+ Protsent\u201d<\/b><span style=\"font-weight: 400;\"> on juba olemasolevast protsendist. Ehk kui lahtris <\/span><b>\u201cProtsent\u201d<\/b><span style=\"font-weight: 400;\"> on 15 ja <\/span><b>\u201c+ Protsent\u201d<\/b><span style=\"font-weight: 400;\"> on 10, siis s\u00fcsteem teeb j\u00e4rgmise arvutuse: 1-0,85*0,9=0,235=23,5%.\u00a0<\/span><\/p>\n<p><span style=\"font-weight: 400;\">Kui valite artikli alla toote, siis saate m\u00e4\u00e4rata hinda v\u00f5i protsendi. T\u00f6\u00f6tab m\u00f5lemad moodi. M\u00f5lemat korraga ei tasu m\u00e4\u00e4rata, sest s\u00fcsteem kasutab ainult esimest v\u00e4\u00e4rtust.<\/span><\/p>\n<p><span style=\"font-weight: 400;\">Hinnakiri nii kliendi kui ka hankija puhul kehtib vastavalt sellele, mis on valitud. Kui on valitud klient\/hankija, siis kehtib ainult kliendile\/hankijale. Kui on valitud artikkel, siis kehtib hind ainult artiklile. Kui on valitud nii klient kui ka artikkel, siis kehtib hind ainult valitud kliendile ja artiklile.\u00a0<\/span><\/p>\n<p><span style=\"font-weight: 400;\">N\u00e4iteks, kui kliendigruppidele on m\u00e4\u00e4ratud allahindlus, siis on m\u00f5istlik kasutada vastavat kliendigruppidele m\u00f5eldud hinnakirja. Analoogselt, kui konkreetsele kliendile on lepinguga m\u00e4\u00e4ratud allahindlus, mille kohaselt ta saab n\u00e4iteks k\u00f5ikidelt baashindadelt 20% allahindlust, siis on m\u00f5istlik see allahindlus ka s\u00fcsteemis \u00e4ra m\u00e4\u00e4rata.<\/span><\/p>\n<p>Rohkem infot saab sellest videost:<\/p>\n<p><iframe loading=\"lazy\" title=\"Priceplan management\" width=\"1080\" height=\"608\" src=\"https:\/\/www.youtube.com\/embed\/9iHG-OfCSjU?feature=oembed\"  allow=\"accelerometer; autoplay; clipboard-write; encrypted-media; gyroscope; picture-in-picture; web-share\" referrerpolicy=\"strict-origin-when-cross-origin\" allowfullscreen><\/iframe><\/p>\n<p>&nbsp;<\/p>\n","protected":false},"excerpt":{"rendered":"<p>Hinnakiri Hankija\/Klient Hinnakirja mooduleid on mugav kasutatada nendele ettev\u00f5tetele, millel on mitu erinevat ladu. \u00a0 See lahendus on m\u00f5eldud eelk\u00f5ige j\u00e4\u00e4tmemajandus- ja tootmisettev\u00f5tetele. Vaikimisi on hind \u201cOstu-m\u00fc\u00fcgi artiklid\u201d all (\u201cOst\u201d\/\u201dM\u00fc\u00fck\u201d -&gt; \u201cOstu-m\u00fc\u00fcgi artiklid\u201d) lahtris \u201cBaashind\u201d.\u00a0Tegemist on hinnaga, mida s\u00fcsteem rakendab olukorras, kus hinnaplaani ei ole valitud v\u00f5i hinnaplaani reegleid ei ole aktiveeritud. Sellisel juhul kasutatakse [&hellip;]<\/p>\n","protected":false},"author":27,"featured_media":0,"parent":3312,"menu_order":0,"comment_status":"closed","ping_status":"closed","template":"","meta":{"_et_pb_use_builder":"","_et_pb_old_content":"","_et_gb_content_width":"","footnotes":""},"categories":[],"tags":[],"class_list":["post-35365","page","type-page","status-publish","hentry"],"_links":{"self":[{"href":"https:\/\/www.erplybooks.com\/et\/wp-json\/wp\/v2\/pages\/35365","targetHints":{"allow":["GET"]}}],"collection":[{"href":"https:\/\/www.erplybooks.com\/et\/wp-json\/wp\/v2\/pages"}],"about":[{"href":"https:\/\/www.erplybooks.com\/et\/wp-json\/wp\/v2\/types\/page"}],"author":[{"embeddable":true,"href":"https:\/\/www.erplybooks.com\/et\/wp-json\/wp\/v2\/users\/27"}],"replies":[{"embeddable":true,"href":"https:\/\/www.erplybooks.com\/et\/wp-json\/wp\/v2\/comments?post=35365"}],"version-history":[{"count":0,"href":"https:\/\/www.erplybooks.com\/et\/wp-json\/wp\/v2\/pages\/35365\/revisions"}],"up":[{"embeddable":true,"href":"https:\/\/www.erplybooks.com\/et\/wp-json\/wp\/v2\/pages\/3312"}],"wp:attachment":[{"href":"https:\/\/www.erplybooks.com\/et\/wp-json\/wp\/v2\/media?parent=35365"}],"wp:term":[{"taxonomy":"category","embeddable":true,"href":"https:\/\/www.erplybooks.com\/et\/wp-json\/wp\/v2\/categories?post=35365"},{"taxonomy":"post_tag","embeddable":true,"href":"https:\/\/www.erplybooks.com\/et\/wp-json\/wp\/v2\/tags?post=35365"}],"curies":[{"name":"wp","href":"https:\/\/api.w.org\/{rel}","templated":true}]}}