{"id":34548,"date":"2024-07-19T11:36:10","date_gmt":"2024-07-19T11:36:10","guid":{"rendered":"https:\/\/www.erplybooks.com\/?page_id=34548"},"modified":"2024-07-19T11:36:55","modified_gmt":"2024-07-19T11:36:55","slug":"varvid-pangaimpordis","status":"publish","type":"page","link":"https:\/\/www.erplybooks.com\/et\/varvid-pangaimpordis\/","title":{"rendered":"V\u00e4rvid pangaimpordis"},"content":{"rendered":"<h1><b>V\u00e4rvid pangaimpordis<\/b><\/h1>\n<p><span style=\"font-weight: 400;\">V\u00e4rvid n\u00e4itavad maksete staatust. M\u00f5ne v\u00e4rvi puhul peab tegema lisategevusi, et pangaimport toimiks korrektselt. Vaata allpool.<\/span><\/p>\n<h3><b>1. Roheline: Valmis salvestamiseks.\u00a0<\/b><\/h3>\n<p><span style=\"font-weight: 400;\">See t\u00e4hendab, et s\u00fcsteem saab makse automaatselt siduda dokumendi v\u00f5i kontoga. Ainult roheliseks m\u00e4rgitud makseid saab salvestada.<\/span><\/p>\n<p><b>Vajalikud toimingud:<\/b><span style=\"font-weight: 400;\"> toiminguid ei ole vaja teha.<\/span><\/p>\n<h3><b>2. Kollane: S\u00fcsteem leidis makse jaoks potentsiaalse dokumendi, kuid ei ole 100% kindel, peate \u00fcksikasjad k\u00e4sitsi kontrollima.<\/b><\/h3>\n<p><span style=\"font-weight: 400;\">See t\u00e4hendab, et s\u00fcsteem leidis midagi sobivat, kuid peab veel kontrollima \u00fcksikasju, n\u00e4iteks dokumentide ja maksete summasid. Rohkem infot <\/span><span style=\"font-weight: 400;\">mittevastavuste kohta pangaimpordist leiate <a href=\"https:\/\/www.erplybooks.com\/et\/juhendid\/ebakolade-otsimine-pangaimpordis\/\">siit<\/a><\/span><span style=\"font-weight: 400;\">.\u00a0<\/span><\/p>\n<p><b>Vajalikud toimingud:<\/b><span style=\"font-weight: 400;\"> kontrollige maksete ja dokumentide \u00fcksikasju.<\/span><\/p>\n<h3><b>3. Punane: Ei leia sobivaid dokumente, tuleb k\u00e4sitsi kontrollida.\u00a0<\/b><\/h3>\n<p><span style=\"font-weight: 400;\">See t\u00e4hendab, et s\u00fcsteem ei leia \u00fchtegi sobivat dokumenti v\u00f5i kontot, makseid peab kontrollima kasutaja.<\/span><\/p>\n<p><b>Vajalikud toimingud:<\/b><span style=\"font-weight: 400;\"> laadige dokumendid k\u00e4sitsi \u00fcles v\u00f5i \u00fchendage dokumendid maksetega k\u00e4sitsi.<\/span><\/p>\n<h3><b>4. Sinine: Arhiveerimistunnus puudub v\u00f5i s\u00fcsteem tunneb \u00e4ra varasemat korduvat tehingut.\u00a0<\/b><\/h3>\n<p><span style=\"font-weight: 400;\">M\u00e4rkus arhiveerimis-ID kohta: arhiveerimis-ID on numbrite rida, mida pangad m\u00e4rgistavad ja kasutavad tehingu \u00e4ratundmiseks. Arhiveerimis-ID on iga tehingu puhul unikaalne.\u00a0<\/span><\/p>\n<p><span style=\"font-weight: 400;\">Kui makse on m\u00e4rgitud siniseks, t\u00e4hendab see, et s\u00fcsteem on peaaegu kindel, et dokumendid vastavad, kuid vajab veel kinnitust.<\/span><\/p>\n<p><b>Vajalikud toimingud:<\/b><span style=\"font-weight: 400;\"> vaadake maksed \u00fcle.<\/span><\/p>\n","protected":false},"excerpt":{"rendered":"<p>V\u00e4rvid pangaimpordis V\u00e4rvid n\u00e4itavad maksete staatust. M\u00f5ne v\u00e4rvi puhul peab tegema lisategevusi, et pangaimport toimiks korrektselt. Vaata allpool. 1. Roheline: Valmis salvestamiseks.\u00a0 See t\u00e4hendab, et s\u00fcsteem saab makse automaatselt siduda dokumendi v\u00f5i kontoga. Ainult roheliseks m\u00e4rgitud makseid saab salvestada. Vajalikud toimingud: toiminguid ei ole vaja teha. 2. Kollane: S\u00fcsteem leidis makse jaoks potentsiaalse dokumendi, kuid [&hellip;]<\/p>\n","protected":false},"author":27,"featured_media":0,"parent":0,"menu_order":0,"comment_status":"closed","ping_status":"closed","template":"","meta":{"_et_pb_use_builder":"","_et_pb_old_content":"","_et_gb_content_width":"","footnotes":""},"categories":[],"tags":[],"class_list":["post-34548","page","type-page","status-publish","hentry"],"_links":{"self":[{"href":"https:\/\/www.erplybooks.com\/et\/wp-json\/wp\/v2\/pages\/34548","targetHints":{"allow":["GET"]}}],"collection":[{"href":"https:\/\/www.erplybooks.com\/et\/wp-json\/wp\/v2\/pages"}],"about":[{"href":"https:\/\/www.erplybooks.com\/et\/wp-json\/wp\/v2\/types\/page"}],"author":[{"embeddable":true,"href":"https:\/\/www.erplybooks.com\/et\/wp-json\/wp\/v2\/users\/27"}],"replies":[{"embeddable":true,"href":"https:\/\/www.erplybooks.com\/et\/wp-json\/wp\/v2\/comments?post=34548"}],"version-history":[{"count":0,"href":"https:\/\/www.erplybooks.com\/et\/wp-json\/wp\/v2\/pages\/34548\/revisions"}],"wp:attachment":[{"href":"https:\/\/www.erplybooks.com\/et\/wp-json\/wp\/v2\/media?parent=34548"}],"wp:term":[{"taxonomy":"category","embeddable":true,"href":"https:\/\/www.erplybooks.com\/et\/wp-json\/wp\/v2\/categories?post=34548"},{"taxonomy":"post_tag","embeddable":true,"href":"https:\/\/www.erplybooks.com\/et\/wp-json\/wp\/v2\/tags?post=34548"}],"curies":[{"name":"wp","href":"https:\/\/api.w.org\/{rel}","templated":true}]}}