{"id":34517,"date":"2024-07-19T11:18:34","date_gmt":"2024-07-19T11:18:34","guid":{"rendered":"https:\/\/www.erplybooks.com\/?page_id=34517"},"modified":"2024-07-19T11:18:34","modified_gmt":"2024-07-19T11:18:34","slug":"pangaimpordi-kontroll-kord-tunnis","status":"publish","type":"page","link":"https:\/\/www.erplybooks.com\/et\/pangaimpordi-kontroll-kord-tunnis\/","title":{"rendered":"Pangaimpordi kontroll kord tunnis"},"content":{"rendered":"<h1><b>Pangaimpordi kontroll kord tunnis<\/b><\/h1>\n<p><span style=\"font-weight: 400;\">See juhend parandab j\u00e4rgmise probleemi:\u00a0<\/span><\/p>\n<ul>\n<li style=\"font-weight: 400;\" aria-level=\"1\"><span style=\"font-weight: 400;\">Teil on automaatne panga\u00fchendus<\/span><\/li>\n<li style=\"font-weight: 400;\" aria-level=\"1\"><span style=\"font-weight: 400;\">Kliendid maksavad panka<\/span><\/li>\n<li style=\"font-weight: 400;\" aria-level=\"1\"><span style=\"font-weight: 400;\">Maksed lisatakse koheselt ERPLY Booksi<\/span><\/li>\n<li style=\"font-weight: 400;\" aria-level=\"1\"><span style=\"font-weight: 400;\">Kliendid teevad tellimuse internetis, mis on nende makse aluseks<\/span><\/li>\n<li style=\"font-weight: 400;\" aria-level=\"1\"><span style=\"font-weight: 400;\">Kuid tellimus laekub ERPLY Booksi hiljem kui makse.<\/span><\/li>\n<li style=\"font-weight: 400;\" aria-level=\"1\"><span style=\"font-weight: 400;\">Kuna makse on varem, siis ei oska ERPLY Books seda \u00fchendada ja see j\u00e4\u00e4b eba\u00f5nnestunult \u00fchendatud makseks.<\/span><\/li>\n<li style=\"font-weight: 400;\" aria-level=\"1\"><span style=\"font-weight: 400;\">Kui avate pangaimpordi, siis n\u00e4ete &#8220;rohelisi&#8221; ridu, kuid s\u00fcsteem ei salvesta neid.<\/span><\/li>\n<\/ul>\n<p>&nbsp;<\/p>\n<h2><b>Kuidas see t\u00f6\u00f6tab<\/b><\/h2>\n<p><span style=\"font-weight: 400;\">Pangaimpordi p\u00f5hiprotsess:<\/span><\/p>\n<ol>\n<li style=\"font-weight: 400;\" aria-level=\"1\"><span style=\"font-weight: 400;\">Seadistage automaatne panga\u00fchendus jaotises<\/span><b> &#8220;Integratsioonid&#8221;<\/b><span style=\"font-weight: 400;\">.<\/span><\/li>\n<li style=\"font-weight: 400;\" aria-level=\"1\"><span style=\"font-weight: 400;\">Kui makse laekub, lisab ERPLY Books selle andmebaasi ootava maksena.<\/span><\/li>\n<li style=\"font-weight: 400;\" aria-level=\"1\"><span style=\"font-weight: 400;\">ERPLY Books kontrollib iga 2-3 minuti tagant, kas s\u00fcsteemis on olemas dokument, mida saab maksega siduda.<\/span><\/li>\n<li style=\"font-weight: 400;\" aria-level=\"1\"><span style=\"font-weight: 400;\">Kui seda ei ole, m\u00e4rgitakse makse punaseks.<\/span><\/li>\n<li style=\"font-weight: 400;\" aria-level=\"1\"><span style=\"font-weight: 400;\">Kui dokument on olemas, kontrollib ERPLY Books, kas andmed vastavad.<\/span><\/li>\n<li style=\"font-weight: 400;\" aria-level=\"1\"><span style=\"font-weight: 400;\">Kui k\u00f5ik vastab, m\u00e4rgistatakse makse roheliseks.<\/span><\/li>\n<li style=\"font-weight: 400;\" aria-level=\"1\"><span style=\"font-weight: 400;\">Kui m\u00f5ned andmed ei vasta, n\u00e4iteks makse summa, siis m\u00e4rgitakse makse kollaseks.<\/span><\/li>\n<li style=\"font-weight: 400;\" aria-level=\"1\"><span style=\"font-weight: 400;\">Kui n\u00e4ete punast, kollast ja sinist v\u00e4rvi, peate neid k\u00e4sitsi kontrollima, sest ERPLY Books ei saa siduda makseid pangaimpordis juba olemasolevate arvetega.<\/span><\/li>\n<\/ol>\n<p><span style=\"font-weight: 400;\">Rohkem infot pangaimpordi kohta saate lugeda <\/span><a href=\"https:\/\/www.erplybooks.com\/et\/juhendid\/pangaimport-erply-booksis\/\"><span style=\"font-weight: 400;\">siit<\/span><\/a><span style=\"font-weight: 400;\">.<\/span><\/p>\n<p>&nbsp;<\/p>\n<h2><b>Kuidas seadistada pangaimport automaatselt kord tunnis toimuvaks?<\/b><\/h2>\n<p><span style=\"font-weight: 400;\">Maksed v\u00f5ivad siseneda s\u00fcsteemi enne v\u00f5i p\u00e4rast dokumente. Kui maksed tulevad varem kui dokumendid, siis ERPLY Books m\u00e4rgistab need punaseks (kuna ei saa \u00fchendada olematut dokumenti).<\/span><\/p>\n<p><span style=\"font-weight: 400;\">Nagu eespool mainitud, tuleb punaseid makseid kontrollida k\u00e4sitsi.<\/span><\/p>\n<p><span style=\"font-weight: 400;\">Aja kokkuhoiuks lisage pangaimpordi reegel. See laseb s\u00fcsteemil automaatselt kontrollida punaseid makseid kord tunnis. Kui m\u00f5ni makse muutub roheliseks, salvestab see teie jaoks rohelised maksed.<\/span><\/p>\n<p><span style=\"font-weight: 400;\">Reegel v\u00f5imaldab s\u00fcsteemil automaatselt kontrollida eba\u00f5nnestunud makseid kord tunnis. Kui m\u00f5ni makse muutub roheliseks (n\u00e4iteks maksega seotud tellimus on s\u00fcnkroniseeritud v\u00e4liss\u00fcsteemist), proovib ta rohelised maksed teie jaoks salvestada.<\/span><\/p>\n<p><span style=\"font-weight: 400;\">Kui makse on pangaimpordis m\u00e4rgitud roheliseks, kuid see ei salvestu &#8211; see t\u00e4hendab, et Erply Booksi ei sisestatud \u00fchtegi dokumenti, kuid s\u00fcsteem suutis leida midagi \u00fchist olemasolevate dokumentidega.\u00a0<\/span><\/p>\n<ol>\n<li><span style=\"font-weight: 400;\">Otsige pealehe otsinguribalt <\/span><b>&#8220;Automaatne pangaimport&#8221;<\/b><span style=\"font-weight: 400;\">.<\/span><\/li>\n<li><span style=\"font-weight: 400;\">Uue reegli lisamiseks kl\u00f5psake nuppu <\/span><b>&#8220;+ Lisa&#8221;<\/b><span style=\"font-weight: 400;\">.<\/span><\/li>\n<li><span style=\"font-weight: 400;\">Seadistage soovitud ajale ja vajaduse korral nimetage see.<\/span><\/li>\n<li><span style=\"font-weight: 400;\">Kl\u00f5psage <\/span><b>&#8220;Salvesta&#8221;<\/b><span style=\"font-weight: 400;\">.<\/span><\/li>\n<li><span style=\"font-weight: 400;\">V\u00e4rskendage lehte (refresh), et n\u00e4ha muudatust.<\/span><\/li>\n<li>Soovi korral saate reegli igal ajal kustutada v\u00f5i m\u00e4rkida <b>\u201cAktiivne?\u201d<\/b><span> veergu <\/span><b>false<\/b><span>.<\/span><\/li>\n<\/ol>\n<p><img loading=\"lazy\" decoding=\"async\" class=\"alignnone wp-image-34518 size-full\" src=\"https:\/\/www.erplybooks.com\/wp-content\/uploads\/2024\/07\/\u0421\u043d\u0438\u043c\u043e\u043a-\u044d\u043a\u0440\u0430\u043d\u0430-2024-07-18-\u0432-15.07.05.png\" alt=\"\" width=\"1212\" height=\"462\" srcset=\"https:\/\/www.erplybooks.com\/wp-content\/uploads\/2024\/07\/\u0421\u043d\u0438\u043c\u043e\u043a-\u044d\u043a\u0440\u0430\u043d\u0430-2024-07-18-\u0432-15.07.05.png 1212w, https:\/\/www.erplybooks.com\/wp-content\/uploads\/2024\/07\/\u0421\u043d\u0438\u043c\u043e\u043a-\u044d\u043a\u0440\u0430\u043d\u0430-2024-07-18-\u0432-15.07.05-300x114.png 300w, https:\/\/www.erplybooks.com\/wp-content\/uploads\/2024\/07\/\u0421\u043d\u0438\u043c\u043e\u043a-\u044d\u043a\u0440\u0430\u043d\u0430-2024-07-18-\u0432-15.07.05-1024x390.png 1024w, https:\/\/www.erplybooks.com\/wp-content\/uploads\/2024\/07\/\u0421\u043d\u0438\u043c\u043e\u043a-\u044d\u043a\u0440\u0430\u043d\u0430-2024-07-18-\u0432-15.07.05-768x293.png 768w, https:\/\/www.erplybooks.com\/wp-content\/uploads\/2024\/07\/\u0421\u043d\u0438\u043c\u043e\u043a-\u044d\u043a\u0440\u0430\u043d\u0430-2024-07-18-\u0432-15.07.05-1080x412.png 1080w, https:\/\/www.erplybooks.com\/wp-content\/uploads\/2024\/07\/\u0421\u043d\u0438\u043c\u043e\u043a-\u044d\u043a\u0440\u0430\u043d\u0430-2024-07-18-\u0432-15.07.05-980x374.png 980w, https:\/\/www.erplybooks.com\/wp-content\/uploads\/2024\/07\/\u0421\u043d\u0438\u043c\u043e\u043a-\u044d\u043a\u0440\u0430\u043d\u0430-2024-07-18-\u0432-15.07.05-480x183.png 480w\" sizes=\"auto, (max-width: 1212px) 100vw, 1212px\" \/><\/p>\n<p>&nbsp;<\/p>\n<h2><b>32. Salvesta fail pangaimporti?<\/b><\/h2>\n<p><span style=\"font-weight: 400;\">Selle reegli abil salvestatakse automaatselt k\u00f5ik panga imporditud maksed, isegi need, mis on m\u00e4rgitud punasega. Kui avate pangaimpordi uuesti, on k\u00f5ik maksed olemas.<\/span><span style=\"font-weight: 400;\">\u00a0<\/span><\/p>\n<p><span style=\"font-weight: 400;\">Selle reegli lisamiseks mine <\/span><b>&#8220;S\u00e4tted&#8221;<\/b><span style=\"font-weight: 400;\"> -&gt; <\/span><b>&#8220;\u00dcldised s\u00e4tted&#8221;<\/b><span style=\"font-weight: 400;\"> -&gt; otsi reegel <\/span><b>&#8220;32. Salvesta fail pangaimpordi?&#8221;<\/b><span style=\"font-weight: 400;\"> ja aktiveerige see.<\/span><\/p>\n<p><img loading=\"lazy\" decoding=\"async\" class=\"alignnone wp-image-34524 size-full\" src=\"https:\/\/www.erplybooks.com\/wp-content\/uploads\/2024\/07\/\u0421\u043d\u0438\u043c\u043e\u043a-\u044d\u043a\u0440\u0430\u043d\u0430-2024-07-18-\u0432-14.52.31.png\" alt=\"\" width=\"418\" height=\"60\" srcset=\"https:\/\/www.erplybooks.com\/wp-content\/uploads\/2024\/07\/\u0421\u043d\u0438\u043c\u043e\u043a-\u044d\u043a\u0440\u0430\u043d\u0430-2024-07-18-\u0432-14.52.31.png 418w, https:\/\/www.erplybooks.com\/wp-content\/uploads\/2024\/07\/\u0421\u043d\u0438\u043c\u043e\u043a-\u044d\u043a\u0440\u0430\u043d\u0430-2024-07-18-\u0432-14.52.31-300x43.png 300w\" sizes=\"auto, (max-width: 418px) 100vw, 418px\" \/><\/p>\n<p><span style=\"font-weight: 400;\">Kui reegel on aktiveeritud, <\/span><b>logige v\u00e4lja\/sisse<\/b><span style=\"font-weight: 400;\">.<\/span><\/p>\n<p>&nbsp;<\/p>\n<h2><b>Kuidas vaadata eba\u00f5nnestunud makseid?<\/b><\/h2>\n<p><span style=\"font-weight: 400;\">K\u00f5iki eba\u00f5nnestunud makseid, mis asuvad pangaimpordis (m\u00e4rgitud punasena), saab vaadata ka <\/span><b>&#8220;Aruanded&#8221;<\/b><span style=\"font-weight: 400;\"> -&gt; <\/span><b>&#8220;Raha sisse\/v\u00e4lja&#8221;<\/b><span style=\"font-weight: 400;\">. Valige Dokumendi staatuseks <\/span><b>&#8220;Eba\u00f5nnestunud&#8221;<\/b><span style=\"font-weight: 400;\"> ja vajutage <\/span><b>&#8220;Otsi&#8221;<\/b><span style=\"font-weight: 400;\">. Vajaduse korral t\u00e4itke muud v\u00e4ljad.<\/span><\/p>\n<p><img loading=\"lazy\" decoding=\"async\" class=\"alignnone wp-image-34530 size-full\" src=\"https:\/\/www.erplybooks.com\/wp-content\/uploads\/2024\/07\/\u0421\u043d\u0438\u043c\u043e\u043a-\u044d\u043a\u0440\u0430\u043d\u0430-2024-07-18-\u0432-15.03.08.png\" alt=\"\" width=\"2870\" height=\"1248\" srcset=\"https:\/\/www.erplybooks.com\/wp-content\/uploads\/2024\/07\/\u0421\u043d\u0438\u043c\u043e\u043a-\u044d\u043a\u0440\u0430\u043d\u0430-2024-07-18-\u0432-15.03.08.png 2870w, https:\/\/www.erplybooks.com\/wp-content\/uploads\/2024\/07\/\u0421\u043d\u0438\u043c\u043e\u043a-\u044d\u043a\u0440\u0430\u043d\u0430-2024-07-18-\u0432-15.03.08-300x130.png 300w, https:\/\/www.erplybooks.com\/wp-content\/uploads\/2024\/07\/\u0421\u043d\u0438\u043c\u043e\u043a-\u044d\u043a\u0440\u0430\u043d\u0430-2024-07-18-\u0432-15.03.08-1024x445.png 1024w, https:\/\/www.erplybooks.com\/wp-content\/uploads\/2024\/07\/\u0421\u043d\u0438\u043c\u043e\u043a-\u044d\u043a\u0440\u0430\u043d\u0430-2024-07-18-\u0432-15.03.08-768x334.png 768w, https:\/\/www.erplybooks.com\/wp-content\/uploads\/2024\/07\/\u0421\u043d\u0438\u043c\u043e\u043a-\u044d\u043a\u0440\u0430\u043d\u0430-2024-07-18-\u0432-15.03.08-1536x668.png 1536w, https:\/\/www.erplybooks.com\/wp-content\/uploads\/2024\/07\/\u0421\u043d\u0438\u043c\u043e\u043a-\u044d\u043a\u0440\u0430\u043d\u0430-2024-07-18-\u0432-15.03.08-2048x891.png 2048w, https:\/\/www.erplybooks.com\/wp-content\/uploads\/2024\/07\/\u0421\u043d\u0438\u043c\u043e\u043a-\u044d\u043a\u0440\u0430\u043d\u0430-2024-07-18-\u0432-15.03.08-1080x470.png 1080w, https:\/\/www.erplybooks.com\/wp-content\/uploads\/2024\/07\/\u0421\u043d\u0438\u043c\u043e\u043a-\u044d\u043a\u0440\u0430\u043d\u0430-2024-07-18-\u0432-15.03.08-1280x557.png 1280w, https:\/\/www.erplybooks.com\/wp-content\/uploads\/2024\/07\/\u0421\u043d\u0438\u043c\u043e\u043a-\u044d\u043a\u0440\u0430\u043d\u0430-2024-07-18-\u0432-15.03.08-980x426.png 980w, https:\/\/www.erplybooks.com\/wp-content\/uploads\/2024\/07\/\u0421\u043d\u0438\u043c\u043e\u043a-\u044d\u043a\u0440\u0430\u043d\u0430-2024-07-18-\u0432-15.03.08-480x209.png 480w\" sizes=\"auto, (max-width: 2870px) 100vw, 2870px\" \/><\/p>\n<p><span style=\"font-weight: 400;\">Kui soovite vaadata ainult raha sissemakseid, minge <\/span><b>&#8220;M\u00fc\u00fck&#8221;<\/b><span style=\"font-weight: 400;\"> -&gt; <\/span><b>&#8220;Laekumiste raport&#8221;<\/b><span style=\"font-weight: 400;\">. Valige Dokumendi staatuseks <\/span><b>&#8220;Eba\u00f5nnestunud&#8221; <\/b><span style=\"font-weight: 400;\">ja vajutage <\/span><b>&#8220;Otsi&#8221;<\/b><span style=\"font-weight: 400;\">. Vajaduse korral t\u00e4itke muud v\u00e4ljad.<\/span><\/p>\n<p><img loading=\"lazy\" decoding=\"async\" class=\"alignnone wp-image-34536 size-full\" src=\"https:\/\/www.erplybooks.com\/wp-content\/uploads\/2024\/07\/\u0421\u043d\u0438\u043c\u043e\u043a-\u044d\u043a\u0440\u0430\u043d\u0430-2024-07-18-\u0432-15.12.53.png\" alt=\"\" width=\"2864\" height=\"972\" srcset=\"https:\/\/www.erplybooks.com\/wp-content\/uploads\/2024\/07\/\u0421\u043d\u0438\u043c\u043e\u043a-\u044d\u043a\u0440\u0430\u043d\u0430-2024-07-18-\u0432-15.12.53.png 2864w, https:\/\/www.erplybooks.com\/wp-content\/uploads\/2024\/07\/\u0421\u043d\u0438\u043c\u043e\u043a-\u044d\u043a\u0440\u0430\u043d\u0430-2024-07-18-\u0432-15.12.53-300x102.png 300w, https:\/\/www.erplybooks.com\/wp-content\/uploads\/2024\/07\/\u0421\u043d\u0438\u043c\u043e\u043a-\u044d\u043a\u0440\u0430\u043d\u0430-2024-07-18-\u0432-15.12.53-1024x348.png 1024w, https:\/\/www.erplybooks.com\/wp-content\/uploads\/2024\/07\/\u0421\u043d\u0438\u043c\u043e\u043a-\u044d\u043a\u0440\u0430\u043d\u0430-2024-07-18-\u0432-15.12.53-768x261.png 768w, https:\/\/www.erplybooks.com\/wp-content\/uploads\/2024\/07\/\u0421\u043d\u0438\u043c\u043e\u043a-\u044d\u043a\u0440\u0430\u043d\u0430-2024-07-18-\u0432-15.12.53-1536x521.png 1536w, https:\/\/www.erplybooks.com\/wp-content\/uploads\/2024\/07\/\u0421\u043d\u0438\u043c\u043e\u043a-\u044d\u043a\u0440\u0430\u043d\u0430-2024-07-18-\u0432-15.12.53-2048x695.png 2048w, https:\/\/www.erplybooks.com\/wp-content\/uploads\/2024\/07\/\u0421\u043d\u0438\u043c\u043e\u043a-\u044d\u043a\u0440\u0430\u043d\u0430-2024-07-18-\u0432-15.12.53-1080x367.png 1080w, https:\/\/www.erplybooks.com\/wp-content\/uploads\/2024\/07\/\u0421\u043d\u0438\u043c\u043e\u043a-\u044d\u043a\u0440\u0430\u043d\u0430-2024-07-18-\u0432-15.12.53-1280x434.png 1280w, https:\/\/www.erplybooks.com\/wp-content\/uploads\/2024\/07\/\u0421\u043d\u0438\u043c\u043e\u043a-\u044d\u043a\u0440\u0430\u043d\u0430-2024-07-18-\u0432-15.12.53-980x333.png 980w, https:\/\/www.erplybooks.com\/wp-content\/uploads\/2024\/07\/\u0421\u043d\u0438\u043c\u043e\u043a-\u044d\u043a\u0440\u0430\u043d\u0430-2024-07-18-\u0432-15.12.53-480x163.png 480w\" sizes=\"auto, (max-width: 2864px) 100vw, 2864px\" \/><\/p>\n<p><span style=\"font-weight: 400;\">Kui soovite vaadata ainult raha v\u00e4ljamakseid, minge <\/span><b>&#8220;Ost&#8221;<\/b><span style=\"font-weight: 400;\"> -&gt; <\/span><b>&#8220;Maksmiste raport&#8221;<\/b><span style=\"font-weight: 400;\">. Valige dokumendistaatuseks <\/span><b>&#8220;Eba\u00f5nnestunud&#8221;<\/b><span style=\"font-weight: 400;\"> ja vajutage <\/span><b>&#8220;Otsi&#8221;<\/b><span style=\"font-weight: 400;\">. Vajaduse korral t\u00e4itke muud v\u00e4ljad. <\/span><\/p>\n<p><img loading=\"lazy\" decoding=\"async\" class=\"alignnone wp-image-34542 size-full\" src=\"https:\/\/www.erplybooks.com\/wp-content\/uploads\/2024\/07\/\u0421\u043d\u0438\u043c\u043e\u043a-\u044d\u043a\u0440\u0430\u043d\u0430-2024-07-18-\u0432-15.22.41.png\" alt=\"\" width=\"2864\" height=\"972\" srcset=\"https:\/\/www.erplybooks.com\/wp-content\/uploads\/2024\/07\/\u0421\u043d\u0438\u043c\u043e\u043a-\u044d\u043a\u0440\u0430\u043d\u0430-2024-07-18-\u0432-15.22.41.png 2864w, https:\/\/www.erplybooks.com\/wp-content\/uploads\/2024\/07\/\u0421\u043d\u0438\u043c\u043e\u043a-\u044d\u043a\u0440\u0430\u043d\u0430-2024-07-18-\u0432-15.22.41-300x102.png 300w, https:\/\/www.erplybooks.com\/wp-content\/uploads\/2024\/07\/\u0421\u043d\u0438\u043c\u043e\u043a-\u044d\u043a\u0440\u0430\u043d\u0430-2024-07-18-\u0432-15.22.41-1024x348.png 1024w, https:\/\/www.erplybooks.com\/wp-content\/uploads\/2024\/07\/\u0421\u043d\u0438\u043c\u043e\u043a-\u044d\u043a\u0440\u0430\u043d\u0430-2024-07-18-\u0432-15.22.41-768x261.png 768w, https:\/\/www.erplybooks.com\/wp-content\/uploads\/2024\/07\/\u0421\u043d\u0438\u043c\u043e\u043a-\u044d\u043a\u0440\u0430\u043d\u0430-2024-07-18-\u0432-15.22.41-1536x521.png 1536w, https:\/\/www.erplybooks.com\/wp-content\/uploads\/2024\/07\/\u0421\u043d\u0438\u043c\u043e\u043a-\u044d\u043a\u0440\u0430\u043d\u0430-2024-07-18-\u0432-15.22.41-2048x695.png 2048w, https:\/\/www.erplybooks.com\/wp-content\/uploads\/2024\/07\/\u0421\u043d\u0438\u043c\u043e\u043a-\u044d\u043a\u0440\u0430\u043d\u0430-2024-07-18-\u0432-15.22.41-1080x367.png 1080w, https:\/\/www.erplybooks.com\/wp-content\/uploads\/2024\/07\/\u0421\u043d\u0438\u043c\u043e\u043a-\u044d\u043a\u0440\u0430\u043d\u0430-2024-07-18-\u0432-15.22.41-1280x434.png 1280w, https:\/\/www.erplybooks.com\/wp-content\/uploads\/2024\/07\/\u0421\u043d\u0438\u043c\u043e\u043a-\u044d\u043a\u0440\u0430\u043d\u0430-2024-07-18-\u0432-15.22.41-980x333.png 980w, https:\/\/www.erplybooks.com\/wp-content\/uploads\/2024\/07\/\u0421\u043d\u0438\u043c\u043e\u043a-\u044d\u043a\u0440\u0430\u043d\u0430-2024-07-18-\u0432-15.22.41-480x163.png 480w\" sizes=\"auto, (max-width: 2864px) 100vw, 2864px\" \/><\/p>\n<p>&nbsp;<\/p>\n<p>&nbsp;<\/p>\n","protected":false},"excerpt":{"rendered":"<p>Pangaimpordi kontroll kord tunnis See juhend parandab j\u00e4rgmise probleemi:\u00a0 Teil on automaatne panga\u00fchendus Kliendid maksavad panka Maksed lisatakse koheselt ERPLY Booksi Kliendid teevad tellimuse internetis, mis on nende makse aluseks Kuid tellimus laekub ERPLY Booksi hiljem kui makse. Kuna makse on varem, siis ei oska ERPLY Books seda \u00fchendada ja see j\u00e4\u00e4b eba\u00f5nnestunult \u00fchendatud makseks. [&hellip;]<\/p>\n","protected":false},"author":27,"featured_media":0,"parent":0,"menu_order":0,"comment_status":"closed","ping_status":"closed","template":"","meta":{"_et_pb_use_builder":"","_et_pb_old_content":"","_et_gb_content_width":"","footnotes":""},"categories":[],"tags":[],"class_list":["post-34517","page","type-page","status-publish","hentry"],"_links":{"self":[{"href":"https:\/\/www.erplybooks.com\/et\/wp-json\/wp\/v2\/pages\/34517","targetHints":{"allow":["GET"]}}],"collection":[{"href":"https:\/\/www.erplybooks.com\/et\/wp-json\/wp\/v2\/pages"}],"about":[{"href":"https:\/\/www.erplybooks.com\/et\/wp-json\/wp\/v2\/types\/page"}],"author":[{"embeddable":true,"href":"https:\/\/www.erplybooks.com\/et\/wp-json\/wp\/v2\/users\/27"}],"replies":[{"embeddable":true,"href":"https:\/\/www.erplybooks.com\/et\/wp-json\/wp\/v2\/comments?post=34517"}],"version-history":[{"count":0,"href":"https:\/\/www.erplybooks.com\/et\/wp-json\/wp\/v2\/pages\/34517\/revisions"}],"wp:attachment":[{"href":"https:\/\/www.erplybooks.com\/et\/wp-json\/wp\/v2\/media?parent=34517"}],"wp:term":[{"taxonomy":"category","embeddable":true,"href":"https:\/\/www.erplybooks.com\/et\/wp-json\/wp\/v2\/categories?post=34517"},{"taxonomy":"post_tag","embeddable":true,"href":"https:\/\/www.erplybooks.com\/et\/wp-json\/wp\/v2\/tags?post=34517"}],"curies":[{"name":"wp","href":"https:\/\/api.w.org\/{rel}","templated":true}]}}