{"id":33824,"date":"2023-08-28T07:48:55","date_gmt":"2023-08-28T07:48:55","guid":{"rendered":"https:\/\/www.erplybooks.com\/bank-import-rules-recommended-by-the-system\/"},"modified":"2026-04-08T10:20:37","modified_gmt":"2026-04-08T10:20:37","slug":"laenuarvestus","status":"publish","type":"page","link":"https:\/\/www.erplybooks.com\/et\/juhendid\/laenuarvestus\/","title":{"rendered":"Laenuarvestus"},"content":{"rendered":"<h1><b>Laenuarvestus<\/b><\/h1>\n<p><strong>NB! Antud moodul on juhendi abil kliendile tasuta kasutamiseks, kui aga on vaja abi seadistamisel v\u00f5i kasutamisel, siis see on tasuline teenus 75EUR\/h+KM.<\/strong><\/p>\n<p><span style=\"font-weight: 400;\">Laenuarvestus ERPLY Booksis v\u00f5imaldab hallata laenumakse kasutamata erikalkulaatoreid.\u00a0<\/span><\/p>\n<p><span style=\"font-weight: 400;\">K\u00e4esolevas juhendis n\u00e4itame, kuidas teha laenuarvestust laenureeglite kaudu.\u00a0<\/span><\/p>\n<p><span style=\"font-weight: 400;\">Firmadevahelisi laene on soovitatav arvutada \u00fchekordse meetodiga. <\/span><\/p>\n<h2><b>Laenureeglid<\/b><\/h2>\n<p><span style=\"font-weight: 400;\">Laenureeglite moodulis saab seadistada laenureegleid, mida edaspidi arvestatakse laenu maksmisel ja selle arvestamisel.\u00a0<\/span><\/p>\n<p><span style=\"font-weight: 400;\">Selle mooduli avastamiseks otsi pealehelt <\/span><b>\u201cLaenureeglid\u201d<\/b><span style=\"font-weight: 400;\">, avaneb moodul, kuhu on v\u00f5imalus sisestada laenureegel.<\/span><\/p>\n<p><img loading=\"lazy\" decoding=\"async\" class=\"alignnone size-full wp-image-33850\" src=\"https:\/\/www.erplybooks.com\/wp-content\/uploads\/2023\/08\/image5-7.png\" alt=\"\" width=\"1999\" height=\"418\" srcset=\"https:\/\/www.erplybooks.com\/wp-content\/uploads\/2023\/08\/image5-7.png 1999w, https:\/\/www.erplybooks.com\/wp-content\/uploads\/2023\/08\/image5-7-1280x268.png 1280w, https:\/\/www.erplybooks.com\/wp-content\/uploads\/2023\/08\/image5-7-980x205.png 980w, https:\/\/www.erplybooks.com\/wp-content\/uploads\/2023\/08\/image5-7-480x100.png 480w\" sizes=\"auto, (min-width: 0px) and (max-width: 480px) 480px, (min-width: 481px) and (max-width: 980px) 980px, (min-width: 981px) and (max-width: 1280px) 1280px, (min-width: 1281px) 1999px, 100vw\" \/><\/p>\n<ul>\n<li aria-level=\"1\"><b>Summa: <\/b><span style=\"font-weight: 400;\">kirjuta laenusumma<\/span><\/li>\n<\/ul>\n<ul>\n<li aria-level=\"1\"><b>Kirjeldus: <\/b><span style=\"font-weight: 400;\">vali ise laenu nimi<\/span><\/li>\n<\/ul>\n<ul>\n<li aria-level=\"1\"><b>Esimene makse: <\/b><span style=\"font-weight: 400;\">vali kuup\u00e4ev, millal on esimene makse<\/span><\/li>\n<\/ul>\n<ul>\n<li aria-level=\"1\"><b>T\u00e4htaeg: <\/b><span style=\"font-weight: 400;\">vali laenu maksmise t\u00e4htaeg<\/span><\/li>\n<\/ul>\n<ul>\n<li aria-level=\"1\"><b>Intress: <\/b><span style=\"font-weight: 400;\">kirjuta intressiprotsent<\/span><\/li>\n<\/ul>\n<ul>\n<li aria-level=\"1\"><b>Periood: <\/b><span style=\"font-weight: 400;\">kirjuta mitmeks kuuks on v\u00f5etud laen<\/span><\/li>\n<\/ul>\n<p><b><\/b><b>Makset\u00fc\u00fcp: <\/b><span style=\"font-weight: 400;\">valikus<\/span> <span style=\"font-weight: 400;\">on nelja t\u00fc\u00fcpi arvestust, nagu<\/span><\/p>\n<ol>\n<li style=\"font-weight: 400;\" aria-level=\"1\"><span style=\"font-weight: 400;\">Yearly\u00a0\u00a0<\/span><\/li>\n<li style=\"font-weight: 400;\" aria-level=\"1\"><span style=\"font-weight: 400;\">Monthly\u00a0<\/span><\/li>\n<li style=\"font-weight: 400;\" aria-level=\"1\"><span style=\"font-weight: 400;\">One time (365 days)\u00a0\u00a0<\/span><\/li>\n<li style=\"font-weight: 400;\" aria-level=\"1\"><span style=\"font-weight: 400;\">One time (360 days)\u00a0<\/span><\/li>\n<\/ol>\n<ul>\n<li aria-level=\"1\"><b>Deebet konto (Laenumakse): <\/b><span style=\"font-weight: 400;\">pikaajalise laenu konto, kus laenusumma saldot hoitakse<\/span><\/li>\n<\/ul>\n<ul>\n<li aria-level=\"1\"><b>Kreedit konto (Laenumakse): <\/b><span style=\"font-weight: 400;\">pikaajalise laenumakse l\u00fchiajaline osa (vali, mida valid pangas maksmisel)<\/span><\/li>\n<\/ul>\n<ul>\n<li aria-level=\"1\"><b>Deebet konto (Intressiv\u00f5lg): <\/b><span style=\"font-weight: 400;\">intressikulu<\/span><\/li>\n<\/ul>\n<ul>\n<li aria-level=\"1\"><b>Kreedit konto (Intressiv\u00f5lg): <\/b><span style=\"font-weight: 400;\">intressiv\u00f5lg (vali, mida valid pangas maksmisel)<\/span><\/li>\n<\/ul>\n<ul>\n<li style=\"font-weight: 400;\" aria-level=\"1\"><b>Projekt: <\/b><span style=\"font-weight: 400;\">laenureegleid on soovitatav \u00fchendada projektidega, et k\u00f5ik info laenuga oleks omavahel seotud<\/span><\/li>\n<\/ul>\n<p><span style=\"font-weight: 400;\">Kui soovid lisada veel laene, siis vajuta <\/span><b>\u201c+ Lisa\u201d<\/b><span style=\"font-weight: 400;\">. <\/span><b>Salvesta<\/b><span style=\"font-weight: 400;\"> lisatud laenureegleid.\u00a0<\/span><\/p>\n<h2><b>Laenumakse arvestamine<\/b><\/h2>\n<p><span style=\"font-weight: 400;\">Peale laenureegli lisamist mine pealehele ning otsinguribast otsi <\/span><b>\u201cLaenumakse arvestamine\u201d<\/b><span style=\"font-weight: 400;\">.\u00a0<\/span><\/p>\n<p><span style=\"font-weight: 400;\">Avaneb moodul, kus on automaatselt t\u00e4idetud lahtrid:<\/span><\/p>\n<ul>\n<li style=\"font-weight: 400;\" aria-level=\"1\"><b>Tasumise liik:<\/b><span style=\"font-weight: 400;\"> \u201cKuine\u201d<\/span><\/li>\n<li style=\"font-weight: 400;\" aria-level=\"1\"><b>Arvestamise algus:<\/b><span style=\"font-weight: 400;\"> alati seisab t\u00e4nane kuup\u00e4ev<\/span><\/li>\n<li style=\"font-weight: 400;\" aria-level=\"1\"><b>Kuup\u00e4ev:<\/b><span style=\"font-weight: 400;\"> samuti seisab t\u00e4nane kuup\u00e4ev<\/span><\/li>\n<li style=\"font-weight: 400;\" aria-level=\"1\"><b>Deebet konto:<\/b><span style=\"font-weight: 400;\"> 21910 &#8211; Pikaajaline pangalaen<\/span><\/li>\n<li style=\"font-weight: 400;\" aria-level=\"1\"><b>Deebet konto:<\/b><span style=\"font-weight: 400;\"> 55300 &#8211; Finantskulud<\/span><\/li>\n<li style=\"font-weight: 400;\" aria-level=\"1\"><b>Kreedit konto: <\/b><span style=\"font-weight: 400;\">21650 &#8211; Intressiv\u00f5lg<\/span><\/li>\n<\/ul>\n<p><span style=\"font-weight: 400;\">Andmed muutuvad vastavalt sellele, missuguse laenu valid.\u00a0<\/span><\/p>\n<p><img loading=\"lazy\" decoding=\"async\" class=\"alignnone size-full wp-image-33874\" src=\"https:\/\/www.erplybooks.com\/wp-content\/uploads\/2023\/08\/image9-5.png\" alt=\"\" width=\"1999\" height=\"618\" srcset=\"https:\/\/www.erplybooks.com\/wp-content\/uploads\/2023\/08\/image9-5.png 1999w, https:\/\/www.erplybooks.com\/wp-content\/uploads\/2023\/08\/image9-5-1280x396.png 1280w, https:\/\/www.erplybooks.com\/wp-content\/uploads\/2023\/08\/image9-5-980x303.png 980w, https:\/\/www.erplybooks.com\/wp-content\/uploads\/2023\/08\/image9-5-480x148.png 480w\" sizes=\"auto, (min-width: 0px) and (max-width: 480px) 480px, (min-width: 481px) and (max-width: 980px) 980px, (min-width: 981px) and (max-width: 1280px) 1280px, (min-width: 1281px) 1999px, 100vw\" \/><\/p>\n<p><span style=\"font-weight: 400;\">T\u00fchja <\/span><b>Kreedit konto<\/b><span style=\"font-weight: 400;\"> lahtrit tuleb t\u00e4ita ise, kui <\/span><b>Laenureeglis<\/b><span style=\"font-weight: 400;\"> pole seda valitud.<\/span><\/p>\n<p><span style=\"font-weight: 400;\">\u00dclemised deebet ja kreedit kontod k\u00e4ivad laenu tagasimaksesumma kohta.<\/span><\/p>\n<p><span style=\"font-weight: 400;\">Alumised deebet ja kreedit kontod k\u00e4ivad intressi tagasimaksesumma kohta.\u00a0<\/span><\/p>\n<p><span style=\"font-weight: 400;\">Kui vajutada \u201cPrindi Graafik\u201d nupule, siis avaneb t\u00fchi laenumaksega graafik (kui pole valitud laenu)<\/span><\/p>\n<p>&nbsp;<\/p>\n<p><b>NB!<\/b><span style=\"font-weight: 400;\"> Graafik avaneb ainult makset\u00fc\u00fcbi <\/span><b>Yearly<\/b><span style=\"font-weight: 400;\"> v\u00f5i <\/span><b>Monthly<\/b><span style=\"font-weight: 400;\"> puhul (annuiteet).\u00a0<\/span><\/p>\n<p><img loading=\"lazy\" decoding=\"async\" class=\"alignnone wp-image-33892\" src=\"https:\/\/www.erplybooks.com\/wp-content\/uploads\/2023\/08\/image12-5.png\" alt=\"\" width=\"741\" height=\"214\" \/><\/p>\n<ul>\n<li aria-level=\"1\"><b>Alates: <\/b><span style=\"font-weight: 400;\">esimene p\u00e4ev kuus<\/span><\/li>\n<\/ul>\n<ul>\n<li aria-level=\"1\"><b>Kuni: <\/b><span style=\"font-weight: 400;\">viimane p\u00e4ev kuus<\/span><\/li>\n<\/ul>\n<ul>\n<li aria-level=\"1\"><b>Laenumakse: <\/b><span style=\"font-weight: 400;\">maksusumma intressita<\/span><b>\u00a0<\/b><\/li>\n<\/ul>\n<ul>\n<li aria-level=\"1\"><b>Intress: <\/b><span style=\"font-weight: 400;\">intressisumma\u00a0<\/span><\/li>\n<\/ul>\n<ul>\n<li aria-level=\"1\"><b>Makse kokku: <\/b><span style=\"font-weight: 400;\">makse koos laenumakse ja intressiga<\/span><\/li>\n<\/ul>\n<ul>\n<li aria-level=\"1\"><b>Laenu j\u00e4\u00e4k: <\/b><span style=\"font-weight: 400;\">summa,<\/span> <span style=\"font-weight: 400;\">kui palju on j\u00e4\u00e4nud laenu maksta<\/span><\/li>\n<\/ul>\n<p>&nbsp;<\/p>\n<p><span style=\"font-weight: 400;\">Kui soovid printida, vajuta <\/span><b>\u201cPrindi\u201d<\/b><span style=\"font-weight: 400;\">.\u00a0<\/span><\/p>\n<h2><b>Laenu, laenumakse ja intressi lisamine<\/b><\/h2>\n<p><span style=\"font-weight: 400;\">Laenu ja laenumakse saab lisada l\u00e4bi pangaimpordi, mida leiad pealehelt.\u00a0<\/span><\/p>\n<p><img loading=\"lazy\" decoding=\"async\" class=\"alignnone wp-image-33862\" src=\"https:\/\/www.erplybooks.com\/wp-content\/uploads\/2023\/08\/image7-6.png\" alt=\"\" width=\"788\" height=\"63\" \/><\/p>\n<p><span style=\"font-weight: 400;\">Seda nuppu vajutades avaneb aken. <\/span><b>Tegutse nagu tavalise pangaimpordi puhul.\u00a0<\/b><\/p>\n<p><span style=\"font-weight: 400;\">Selle kohta saab lugeda <\/span><a href=\"https:\/\/www.erplybooks.com\/et\/juhendid\/pangaimport-erply-booksis\/\"><span style=\"font-weight: 400;\">siit<\/span><\/a><span style=\"font-weight: 400;\">.<\/span><\/p>\n<p><img loading=\"lazy\" decoding=\"async\" class=\"alignnone wp-image-33856\" src=\"https:\/\/www.erplybooks.com\/wp-content\/uploads\/2023\/08\/image6-7.png\" alt=\"\" width=\"407\" height=\"288\" \/><\/p>\n<p><span style=\"font-weight: 400;\">Kui fail on lisatud, siis kontrolli, et kontodeks oleks valitud <\/span><b>21910 &#8211; Pikaajaline pangalaen<\/b><span style=\"font-weight: 400;\"> (juhul, kui pole) ja et tehingu taga oleks roheline linnuke, seo impordid projekti(de)ga ja seej\u00e4rel salvesta.\u00a0<\/span><\/p>\n<p><span style=\"font-weight: 400;\">Aga kui maksid intressi, siis kontrolli, et kontoks oleks valitud <\/span><b>21650 &#8211; Intressiv\u00f5lg <\/b><span style=\"font-weight: 400;\">(juhul, kui pole).\u00a0<\/span><\/p>\n<p><img loading=\"lazy\" decoding=\"async\" class=\"alignnone wp-image-33880\" src=\"https:\/\/www.erplybooks.com\/wp-content\/uploads\/2023\/08\/image10-5.png\" alt=\"\" width=\"647\" height=\"263\" \/><\/p>\n<p><span style=\"font-weight: 400;\">Kui Sa oled juba kasutanud ERPLY Booksi ja laen on lisatud, siis l\u00e4bi uue kande saab korrigeerida seda, kustutades ja lisades seda uuesti.\u00a0<\/span><\/p>\n<p><span style=\"font-weight: 400;\">Selleks ava uus kanne (<\/span><b>RMP-&gt;Uus kanne<\/b><span style=\"font-weight: 400;\">) ja lisa kaks rida.\u00a0<\/span><\/p>\n<ul>\n<li style=\"font-weight: 400;\" aria-level=\"1\"><b>Konto number:<\/b><span style=\"font-weight: 400;\"> vali see, mille valisid laenureeglis (n\u00e4ites 21910 &#8211; Pikaajaline pangalaen)<\/span><\/li>\n<li style=\"font-weight: 400;\" aria-level=\"1\"><b>Kirjeldus:<\/b><span style=\"font-weight: 400;\"> kirjuta ise<\/span><\/li>\n<li style=\"font-weight: 400;\" aria-level=\"1\"><b>Deebet:<\/b><span style=\"font-weight: 400;\"> esimeses veerus kirjuta arv, teises mitte<\/span><\/li>\n<li style=\"font-weight: 400;\" aria-level=\"1\"><b>Kreedit:<\/b><span style=\"font-weight: 400;\"> esimene veerg j\u00e4ta t\u00fchjaks, teise veergu kirjuta sama number, mis deebeti puhul<\/span><\/li>\n<li style=\"font-weight: 400;\" aria-level=\"1\"><b>Projekt:<\/b><span style=\"font-weight: 400;\"> teisele reale lisa projekt, millega muudatus on seotud<\/span><\/li>\n<\/ul>\n<p><img loading=\"lazy\" decoding=\"async\" class=\"alignnone wp-image-33826\" src=\"https:\/\/www.erplybooks.com\/wp-content\/uploads\/2023\/08\/image1-13.png\" alt=\"\" width=\"602\" height=\"266\" \/><\/p>\n<p><span style=\"font-weight: 400;\">Peale kande koostamist salvesta see, vajutades rohelisele nupule.\u00a0<\/span><\/p>\n<h1><b>Laenuaruanne<\/b><\/h1>\n<p><b>NB! Selle funktsiooni lisamiseks kirjuta <\/b><a href=\"mailto:support@erplybooks.com\"><b>support@erplybooks.com<\/b><\/a><b>.\u00a0<\/b><\/p>\n<p><img loading=\"lazy\" decoding=\"async\" class=\"alignnone size-full wp-image-33886\" src=\"https:\/\/www.erplybooks.com\/wp-content\/uploads\/2023\/08\/image11-5.png\" alt=\"\" width=\"610\" height=\"68\" srcset=\"https:\/\/www.erplybooks.com\/wp-content\/uploads\/2023\/08\/image11-5.png 610w, https:\/\/www.erplybooks.com\/wp-content\/uploads\/2023\/08\/image11-5-480x54.png 480w\" sizes=\"auto, (min-width: 0px) and (max-width: 480px) 480px, (min-width: 481px) 610px, 100vw\" \/><\/p>\n<p><span style=\"font-weight: 400;\">Laenuaruande nupp asub pealehel. <\/span><b>\u00a0<\/b><\/p>\n<p><span style=\"font-weight: 400;\">Vajutades seda nuppu, avaneb aken, kust on v\u00f5imalik valida kuup\u00e4ev. Seej\u00e4rel kl\u00f5psa<\/span><b> \u201cTehtud\u201d<\/b><span style=\"font-weight: 400;\"> nupule.<\/span><\/p>\n<p><img loading=\"lazy\" decoding=\"async\" class=\"alignnone wp-image-33838\" src=\"https:\/\/www.erplybooks.com\/wp-content\/uploads\/2023\/08\/image3-8.png\" alt=\"\" width=\"344\" height=\"158\" \/><\/p>\n<p><span style=\"font-weight: 400;\">Kui laen pole veel seadistatud, siis avaneb t\u00fchja reaga aruanne.\u00a0<\/span><\/p>\n<p><img loading=\"lazy\" decoding=\"async\" class=\"alignnone wp-image-33844\" src=\"https:\/\/www.erplybooks.com\/wp-content\/uploads\/2023\/08\/image4-8.png\" alt=\"\" width=\"781\" height=\"90\" \/><\/p>\n<p><span style=\"font-weight: 400;\">Aga kui laen on seadistatud, siis avaneb t\u00e4idetud ridadega aruanne<\/span><img loading=\"lazy\" decoding=\"async\" class=\"alignnone wp-image-33832\" src=\"https:\/\/www.erplybooks.com\/wp-content\/uploads\/2023\/08\/image2-12.png\" alt=\"\" width=\"774\" height=\"106\" \/><\/p>\n<ul>\n<li aria-level=\"1\"><b>Nimi: <\/b><span style=\"font-weight: 400;\">tuleb laenu nimi, mille kirjutasid laenureeglisse<\/span><\/li>\n<\/ul>\n<ul>\n<li aria-level=\"1\"><b>Konto: <\/b><span style=\"font-weight: 400;\">kreedit konto (laenumakse)<\/span><\/li>\n<\/ul>\n<ul>\n<li aria-level=\"1\"><b>V\u00f5ta laenu: <\/b><span style=\"font-weight: 400;\">n\u00e4itab v\u00f5etud laenu summat<\/span><\/li>\n<\/ul>\n<ul>\n<li aria-level=\"1\"><b>Maksa laenu: <\/b><span style=\"font-weight: 400;\">n\u00e4itab, kui palju laenu on makstud\u00a0<\/span><\/li>\n<\/ul>\n<ul>\n<li aria-level=\"1\"><b>Intress (Makstud): <\/b><span style=\"font-weight: 400;\">n\u00e4itab, kui palju on intressi makstud<\/span><\/li>\n<\/ul>\n<ul>\n<li aria-level=\"1\"><b>Intress (Kokku): <\/b><span style=\"font-weight: 400;\">n\u00e4itab kui palju on intressi \u00fcle\u00fcldse kokku<\/span><\/li>\n<\/ul>\n<ul>\n<li aria-level=\"1\"><b>T\u00fchi lahter: <\/b><span style=\"font-weight: 400;\">arvutab intressi summat\u00a0<\/span><\/li>\n<\/ul>\n<ul>\n<li aria-level=\"1\"><b>Intress (J\u00e4\u00e4kv\u00e4\u00e4rtus): <\/b><span style=\"font-weight: 400;\">n\u00e4itab intressi j\u00e4\u00e4ksummat\u00a0<\/span><\/li>\n<\/ul>\n<h1><b>N\u00e4ide<\/b><\/h1>\n<p><span style=\"font-weight: 400;\">Laenuarvestus k\u00e4ib tavalise annuiteedi v\u00f5i \u00fchekordse maksega 365 v\u00f5i 360 p\u00e4eva. Suurtes ettev\u00f5tetes kasutatakse \u00fchekordset arvestust.<\/span><\/p>\n<p><span style=\"font-weight: 400;\">Selles juhendis toome n\u00e4ite, kuidas teha laenumakse arvestust \u00fchekordse maksega. Oletame, et ehitusfirma v\u00f5ttis laenu ehitusmaterjalide peale summas 20 000 \u20ac ja 19 500\u20ac intressiga 15% ja maksab seda \u00fchekordse maksega 365 ja 360 p\u00e4eva arvestustega.\u00a0<\/span><\/p>\n<ol>\n<li style=\"font-weight: 400;\" aria-level=\"1\"><span style=\"font-weight: 400;\">Alguses peab avama <\/span><b>laenureeglite mooduli<\/b><span style=\"font-weight: 400;\"> ning seadistama laenu.<\/span><\/li>\n<\/ol>\n<p><img loading=\"lazy\" decoding=\"async\" class=\"alignnone wp-image-33868\" src=\"https:\/\/www.erplybooks.com\/wp-content\/uploads\/2023\/08\/image8-5.png\" alt=\"\" width=\"770\" height=\"138\" \/><\/p>\n<ul>\n<li style=\"list-style-type: none;\">\n<ul>\n<li style=\"font-weight: 400;\" aria-level=\"1\"><b>Summa:<\/b><span style=\"font-weight: 400;\"> 20 000 \/ 19 500<\/span><\/li>\n<li style=\"font-weight: 400;\" aria-level=\"1\"><b>Kirjeldus:<\/b><span style=\"font-weight: 400;\"> Ehitusmaterjalid \/ Ehitusmaterjalid 2<\/span><\/li>\n<li style=\"font-weight: 400;\" aria-level=\"1\"><b>Esimene makse:<\/b><span style=\"font-weight: 400;\"> 01\/01\/2023<\/span><\/li>\n<li style=\"font-weight: 400;\" aria-level=\"1\"><b>T\u00e4htaeg:<\/b><span style=\"font-weight: 400;\"> 31\/12\/2023<\/span><\/li>\n<li style=\"font-weight: 400;\" aria-level=\"1\"><b>Intress:<\/b><span style=\"font-weight: 400;\"> 15<\/span><\/li>\n<li style=\"font-weight: 400;\" aria-level=\"1\"><b>Periood: <\/b><span style=\"font-weight: 400;\">1, \u00fchekordse makset\u00fc\u00fcbi p\u00e4rast<\/span><\/li>\n<li style=\"font-weight: 400;\" aria-level=\"1\"><b>Makset\u00fc\u00fcp:<\/b><span style=\"font-weight: 400;\"> One time (365 days) \/ One time (360 days)<\/span><\/li>\n<li style=\"font-weight: 400;\" aria-level=\"1\"><b>Deebet konto (Laenumakse):<\/b><span style=\"font-weight: 400;\"> kasutatakse laenumakse arvestamise moodulis<\/span><\/li>\n<li style=\"font-weight: 400;\" aria-level=\"1\"><b>Kreedit konto (Laenumakse):<\/b><span style=\"font-weight: 400;\"> seda kontot tuleb valida pangaimpordis, kui makse on seotud laenuga. Samuti kontot kasutatakse laenumakse arvestamise moodulis.<\/span><\/li>\n<\/ul>\n<\/li>\n<\/ul>\n<ul>\n<li aria-level=\"1\"><b>Deebet konto (Intressiv\u00f5lg): <\/b><span style=\"font-weight: 400;\">kasutatakse laenumakse arvestamise moodulis.<\/span><\/li>\n<\/ul>\n<ul>\n<li aria-level=\"1\"><b>Kreedit konto (Intressiv\u00f5lg): <\/b><span style=\"font-weight: 400;\">seda kontot tuleb valida pangaimpordis, kui makse on seotud intressiga. Samuti kontot kasutatakse laenumakse arvestamise moodulis.\u00a0\u00a0<\/span><\/li>\n<\/ul>\n<ul>\n<li style=\"font-weight: 400;\" aria-level=\"1\"><b>Projekt:<\/b><span style=\"font-weight: 400;\"> Ehitusmaterjalid \/ Ehitusmaterjalid 2 (nendel n\u00e4itedel on kirjeldus ja projekt sama nimega)<\/span><\/li>\n<\/ul>\n<p><span style=\"font-weight: 400;\">Projektidest saab l\u00e4hedamini lugeda <\/span><a href=\"https:\/\/www.erplybooks.com\/et\/juhendid\/projektid-erply-booksis\/\"><span style=\"font-weight: 400;\">siit<\/span><\/a><span style=\"font-weight: 400;\">.\u00a0<\/span><\/p>\n<p><span style=\"font-weight: 400;\">Kui laenureegel on koostatud, salvesta see.<\/span><\/p>\n<p><span style=\"font-weight: 400;\">Edasi on v\u00f5imalus vaadata koostatud laenu arvustust. Ava <\/span><b>Laenumakse arvestamise<\/b><span style=\"font-weight: 400;\"> moodul ning lahtrist <\/span><b>\u201cVali olemasolev laen\u201d <\/b><span style=\"font-weight: 400;\">leia laen, mida soovid vaadata.\u00a0<\/span><\/p>\n<p><span style=\"font-weight: 400;\">Avaneb laenumakse arvestamine, kust on n\u00e4ha laenu ja intressi tagasimaksesummat ning infot, mis on seadistatud Laenureeglite moodulis.<\/span><\/p>\n<p><span style=\"font-weight: 400;\">Juhul, kui on soov muuta mingisuguseid andmeid, siis seda v\u00f5ib teha ka siin. Kui muutsid midagi, vajuta <\/span><b>\u201cSalvesta\u201d<\/b><span style=\"font-weight: 400;\"> nupule.\u00a0<\/span><\/p>\n<p><span style=\"font-weight: 400;\">Tuleb lisada laenu l\u00e4bi pangaimpordi (vt <\/span><b>Laenu ja laenumakse lisamine<\/b><span style=\"font-weight: 400;\"> peat\u00fckk).\u00a0<\/span><\/p>\n<p><span style=\"font-weight: 400;\">Kui m\u00f5ned maksed on juba tehtud, siis saad vaadata n\u00e4iteks makstud summa laenuaruandest (vt <\/span><b>Laenuaruanne<\/b><span style=\"font-weight: 400;\"> peat\u00fckk).\u00a0<\/span><\/p>\n<p><img loading=\"lazy\" decoding=\"async\" class=\"alignnone wp-image-33832\" src=\"https:\/\/www.erplybooks.com\/wp-content\/uploads\/2023\/08\/image2-12.png\" alt=\"\" width=\"832\" height=\"114\" \/><\/p>\n","protected":false},"excerpt":{"rendered":"<p>Laenuarvestus NB! Antud moodul on juhendi abil kliendile tasuta kasutamiseks, kui aga on vaja abi seadistamisel v\u00f5i kasutamisel, siis see on tasuline teenus 75EUR\/h+KM. Laenuarvestus ERPLY Booksis v\u00f5imaldab hallata laenumakse kasutamata erikalkulaatoreid.\u00a0 K\u00e4esolevas juhendis n\u00e4itame, kuidas teha laenuarvestust laenureeglite kaudu.\u00a0 Firmadevahelisi laene on soovitatav arvutada \u00fchekordse meetodiga. Laenureeglid Laenureeglite moodulis saab seadistada laenureegleid, mida edaspidi [&hellip;]<\/p>\n","protected":false},"author":24,"featured_media":0,"parent":3312,"menu_order":0,"comment_status":"closed","ping_status":"closed","template":"","meta":{"_et_pb_use_builder":"","_et_pb_old_content":"","_et_gb_content_width":"","footnotes":""},"categories":[1335],"tags":[1336,724,1208],"class_list":["post-33824","page","type-page","status-publish","hentry","category-bank-et","tag-bank-et","tag-pank","tag-rules-et"],"_links":{"self":[{"href":"https:\/\/www.erplybooks.com\/et\/wp-json\/wp\/v2\/pages\/33824","targetHints":{"allow":["GET"]}}],"collection":[{"href":"https:\/\/www.erplybooks.com\/et\/wp-json\/wp\/v2\/pages"}],"about":[{"href":"https:\/\/www.erplybooks.com\/et\/wp-json\/wp\/v2\/types\/page"}],"author":[{"embeddable":true,"href":"https:\/\/www.erplybooks.com\/et\/wp-json\/wp\/v2\/users\/24"}],"replies":[{"embeddable":true,"href":"https:\/\/www.erplybooks.com\/et\/wp-json\/wp\/v2\/comments?post=33824"}],"version-history":[{"count":0,"href":"https:\/\/www.erplybooks.com\/et\/wp-json\/wp\/v2\/pages\/33824\/revisions"}],"up":[{"embeddable":true,"href":"https:\/\/www.erplybooks.com\/et\/wp-json\/wp\/v2\/pages\/3312"}],"wp:attachment":[{"href":"https:\/\/www.erplybooks.com\/et\/wp-json\/wp\/v2\/media?parent=33824"}],"wp:term":[{"taxonomy":"category","embeddable":true,"href":"https:\/\/www.erplybooks.com\/et\/wp-json\/wp\/v2\/categories?post=33824"},{"taxonomy":"post_tag","embeddable":true,"href":"https:\/\/www.erplybooks.com\/et\/wp-json\/wp\/v2\/tags?post=33824"}],"curies":[{"name":"wp","href":"https:\/\/api.w.org\/{rel}","templated":true}]}}