{"id":33396,"date":"2023-08-11T13:53:06","date_gmt":"2023-08-11T13:53:06","guid":{"rendered":"https:\/\/www.erplybooks.com\/?page_id=33396"},"modified":"2023-08-11T13:53:06","modified_gmt":"2023-08-11T13:53:06","slug":"bilanss-erply-booksis","status":"publish","type":"page","link":"https:\/\/www.erplybooks.com\/et\/juhendid\/bilanss-erply-booksis\/","title":{"rendered":"Bilanss ERPLY Booksis"},"content":{"rendered":"<h1><span style=\"font-weight: 400;\">Bilanss ERPLY Booksis<\/span><\/h1>\n<p>&nbsp;<\/p>\n<p><span style=\"font-weight: 400;\">K\u00e4esolev juhend kirjeldab bikansi \u00fclesehitust ja selle erip\u00e4rasid ERPLY Booksis. Bilansi saad avada kui valid men\u00fc\u00fcs <\/span><b>Aruanded -&gt; Bilanss<\/b><span style=\"font-weight: 400;\">.\u00a0<\/span><\/p>\n<p><span style=\"font-weight: 400;\">Avaneb bilansi moodul, kus on erinevad v\u00f5imalused n\u00e4gemaks kas v\u00f5rdlevat kasumit, kindla perioodi kasumit, detailset bilanssi v\u00f5i 12 kuu bilanssi.<\/span><\/p>\n<p><b>NB! Juhul, kui bilansi mooduli kasutamisel ilmneb probleeme selle kiirusega, siis soovitame kasutusele v\u00f5tta optimeerimispluginad. Lisainfot optimeerimispluginate kohta leiad <\/b><a href=\"https:\/\/www.erplybooks.com\/et\/lisamoodulid\/koosta-ise-juhtimisaruanded-ja-kiirenda-paringute-kiirust-kumnetes-kordades\/\"><b>siit<\/b><\/a><b>.\u00a0<\/b><\/p>\n<p>&nbsp;<\/p>\n<h2><span style=\"font-weight: 400;\">Bilansi \u00fclesehitus<\/span><\/h2>\n<p>&nbsp;<\/p>\n<p><span style=\"font-weight: 400;\">Vaikimisi n\u00e4eb ERPLY Booksi bilanss v\u00e4lja selline nagu alloleval pildil:\u00a0<\/span><\/p>\n<p><img loading=\"lazy\" decoding=\"async\" class=\"alignnone wp-image-33397 size-full\" src=\"https:\/\/www.erplybooks.com\/wp-content\/uploads\/2023\/08\/image5-4.png\" alt=\"\" width=\"1944\" height=\"1304\" srcset=\"https:\/\/www.erplybooks.com\/wp-content\/uploads\/2023\/08\/image5-4.png 1944w, https:\/\/www.erplybooks.com\/wp-content\/uploads\/2023\/08\/image5-4-1280x859.png 1280w, https:\/\/www.erplybooks.com\/wp-content\/uploads\/2023\/08\/image5-4-980x657.png 980w, https:\/\/www.erplybooks.com\/wp-content\/uploads\/2023\/08\/image5-4-480x322.png 480w\" sizes=\"auto, (min-width: 0px) and (max-width: 480px) 480px, (min-width: 481px) and (max-width: 980px) 980px, (min-width: 981px) and (max-width: 1280px) 1280px, (min-width: 1281px) 1944px, 100vw\" \/><\/p>\n<ul>\n<li style=\"font-weight: 400;\" aria-level=\"1\"><b>\u201cAlates\u201d <\/b><span style=\"font-weight: 400;\">ja <\/span><b>\u201cKuni\u201d <\/b><span style=\"font-weight: 400;\">lahtris saad valida bilansi perioodi ning <\/span><b>\u201cProjekt\u201d<\/b><span style=\"font-weight: 400;\"> lahtrist projekti, mille l\u00f5ikes bilanssi kuvatakse<\/span><\/li>\n<li style=\"font-weight: 400;\" aria-level=\"1\"><b>\u201cN\u00e4ita k\u00f5iki?\u201d<\/b><span style=\"font-weight: 400;\"> linnukesega on v\u00f5imalik m\u00e4\u00e4rata, kas bilansis n\u00e4idatakse k\u00f5iki bilansi ridu, ka nullsaldodega ridu. Kui v\u00f5tta linnuke vastavast lahtrist \u00e4ra, n\u00e4idatakse vaid saldodega bilansi ridu.\u00a0<\/span><\/li>\n<li style=\"font-weight: 400;\" aria-level=\"1\"><span style=\"font-weight: 400;\">Kui aktiveerid <\/span><b>\u201cDetailne\u201d<\/b><span style=\"font-weight: 400;\"> lahtri, siis kuvatakse bilansi read kontode l\u00f5ikes.<\/span><\/li>\n<\/ul>\n<p><img loading=\"lazy\" decoding=\"async\" class=\"alignnone wp-image-33403 size-full\" src=\"https:\/\/www.erplybooks.com\/wp-content\/uploads\/2023\/08\/image2-8.png\" alt=\"\" width=\"1984\" height=\"1270\" srcset=\"https:\/\/www.erplybooks.com\/wp-content\/uploads\/2023\/08\/image2-8.png 1984w, https:\/\/www.erplybooks.com\/wp-content\/uploads\/2023\/08\/image2-8-1280x819.png 1280w, https:\/\/www.erplybooks.com\/wp-content\/uploads\/2023\/08\/image2-8-980x627.png 980w, https:\/\/www.erplybooks.com\/wp-content\/uploads\/2023\/08\/image2-8-480x307.png 480w\" sizes=\"auto, (min-width: 0px) and (max-width: 480px) 480px, (min-width: 481px) and (max-width: 980px) 980px, (min-width: 981px) and (max-width: 1280px) 1280px, (min-width: 1281px) 1984px, 100vw\" \/><\/p>\n<h2><span style=\"font-weight: 400;\">Bilanss (12 kuud)<\/span><\/h2>\n<p>&nbsp;<\/p>\n<p><span style=\"font-weight: 400;\">ERPLY Booksis on v\u00f5imalik n\u00e4ha bilanssi ka 12 kuu perioodi kohta. Selleks on olemas eraldi 12 kuu bilansi moodul, mille leiad kui avad <\/span><b>S\u00e4tted -&gt; Bilanss -&gt; Bilanss 12 kuud.<\/b><\/p>\n<p>&nbsp;<\/p>\n<p><img loading=\"lazy\" decoding=\"async\" class=\"alignnone wp-image-33409 size-full\" src=\"https:\/\/www.erplybooks.com\/wp-content\/uploads\/2023\/08\/image3-5.png\" alt=\"\" width=\"1999\" height=\"751\" srcset=\"https:\/\/www.erplybooks.com\/wp-content\/uploads\/2023\/08\/image3-5.png 1999w, https:\/\/www.erplybooks.com\/wp-content\/uploads\/2023\/08\/image3-5-1280x481.png 1280w, https:\/\/www.erplybooks.com\/wp-content\/uploads\/2023\/08\/image3-5-980x368.png 980w, https:\/\/www.erplybooks.com\/wp-content\/uploads\/2023\/08\/image3-5-480x180.png 480w\" sizes=\"auto, (min-width: 0px) and (max-width: 480px) 480px, (min-width: 481px) and (max-width: 980px) 980px, (min-width: 981px) and (max-width: 1280px) 1280px, (min-width: 1281px) 1999px, 100vw\" \/><\/p>\n<ul>\n<li><b>Aasta: <\/b><span style=\"font-weight: 400;\">siia saad kirjutada, mis aasta kohta bilanss kuvatakse<\/span><\/li>\n<li><b>Projekt<\/b><span style=\"font-weight: 400;\">: kui soovid projekti l\u00f5ikes kuvada 12 kuu bilanssi<\/span><\/li>\n<\/ul>\n<p>&nbsp;<\/p>\n<h2><span style=\"font-weight: 400;\">Bilansi allalaadimine\u00a0<\/span><\/h2>\n<p>&nbsp;<\/p>\n<p><span style=\"font-weight: 400;\">ERPLY Booksis on v\u00f5imalik bilanssi alla laadida kolmel viisil:<\/span><\/p>\n<ul>\n<li style=\"font-weight: 400;\" aria-level=\"1\"><span style=\"font-weight: 400;\">PDF formaadis<\/span><\/li>\n<li style=\"font-weight: 400;\" aria-level=\"1\"><span style=\"font-weight: 400;\">Exceli formaadis<\/span><\/li>\n<li style=\"font-weight: 400;\" aria-level=\"1\"><span style=\"font-weight: 400;\">PDF l\u00fchike (kajastab bilansis ka muutuse veergu ja bilansi seisu t\u00e4nase p\u00e4eva veergu)<\/span><\/li>\n<\/ul>\n<p>&nbsp;<\/p>\n<p><img loading=\"lazy\" decoding=\"async\" class=\"alignnone wp-image-33415 size-full\" src=\"https:\/\/www.erplybooks.com\/wp-content\/uploads\/2023\/08\/image4-5.png\" alt=\"\" width=\"2000\" height=\"736\" srcset=\"https:\/\/www.erplybooks.com\/wp-content\/uploads\/2023\/08\/image4-5.png 2000w, https:\/\/www.erplybooks.com\/wp-content\/uploads\/2023\/08\/image4-5-1280x471.png 1280w, https:\/\/www.erplybooks.com\/wp-content\/uploads\/2023\/08\/image4-5-980x361.png 980w, https:\/\/www.erplybooks.com\/wp-content\/uploads\/2023\/08\/image4-5-480x177.png 480w\" sizes=\"auto, (min-width: 0px) and (max-width: 480px) 480px, (min-width: 481px) and (max-width: 980px) 980px, (min-width: 981px) and (max-width: 1280px) 1280px, (min-width: 1281px) 2000px, 100vw\" \/><\/p>\n<p>&nbsp;<\/p>\n<p><span style=\"font-weight: 400;\">Kui soovid bilanssi alla laadida, siis vajuta sinist \u201c<\/span><b>Prindi<\/b><span style=\"font-weight: 400;\">\u201d nuppu ja sealt saad valida kas PDF-i v\u00f5i Exceli faili.\u00a0 <\/span><span style=\"font-weight: 400;\">Juhul, kui oled bilansi ise disaininud (protsess kirjeldatud allpool), siis saad valida ka <\/span><b>PDF (Enda disainitud raport) <\/b><span style=\"font-weight: 400;\">v\u00f5i <\/span><b>Excel (Enda disainitud raport).\u00a0<\/b><\/p>\n<p><span style=\"font-weight: 400;\">Enda disainitud bilansi n\u00e4gemiseks on vajalik lisaks veel seadistada kontoplaani all kontodele TAG\u2019id.\u00a0 TAG\u2019ide p\u00f5him\u00f5te seisneb selles, et lisades sama TAG\u2019i mitmele kontole, grupeeritakse need kontod kokku ning aruandes kuvatakse nende summat. Rohkem infot TAG\u2019ide seadistamise kohta saad lugeda <\/span><a href=\"https:\/\/www.erplybooks.com\/et\/disaini-bilanssi-ja-kasumiaruannet\/\"><span style=\"font-weight: 400;\">siit<\/span><\/a><span style=\"font-weight: 400;\">.\u00a0<\/span><\/p>\n<p>&nbsp;<\/p>\n<h2><span style=\"font-weight: 400;\">Bilansi ise disainimine<\/span><\/h2>\n<p>&nbsp;<\/p>\n<p><span style=\"font-weight: 400;\">Juhul, kui Sinu ettev\u00f5tte jaoks ei ole sobiv, milline on vaikimisi ERPLY Booksi bilanss, siis on v\u00f5imalik disainida endale sobiv bilanss vastavalt sellele, millist informatsiooni seal n\u00e4ha soovid.\u00a0<\/span><\/p>\n<p><span style=\"font-weight: 400;\">Bilansi ehitamiseks ava pealehelt <\/span><b>\u201cBilansi j\u00e4rjekord\u201d <\/b><span style=\"font-weight: 400;\">moodul.\u00a0<\/span><\/p>\n<p><img loading=\"lazy\" decoding=\"async\" class=\"alignnone wp-image-33421 size-full\" src=\"https:\/\/www.erplybooks.com\/wp-content\/uploads\/2023\/08\/image7-4.png\" alt=\"\" width=\"1999\" height=\"378\" srcset=\"https:\/\/www.erplybooks.com\/wp-content\/uploads\/2023\/08\/image7-4.png 1999w, https:\/\/www.erplybooks.com\/wp-content\/uploads\/2023\/08\/image7-4-1280x242.png 1280w, https:\/\/www.erplybooks.com\/wp-content\/uploads\/2023\/08\/image7-4-980x185.png 980w, https:\/\/www.erplybooks.com\/wp-content\/uploads\/2023\/08\/image7-4-480x91.png 480w\" sizes=\"auto, (min-width: 0px) and (max-width: 480px) 480px, (min-width: 481px) and (max-width: 980px) 980px, (min-width: 981px) and (max-width: 1280px) 1280px, (min-width: 1281px) 1999px, 100vw\" \/><\/p>\n<p><span style=\"font-weight: 400;\">Bilansi ehitamise loogika seisneb nelja erineval p\u00f5him\u00f5ttel:\u00a0<\/span><\/p>\n<ul>\n<li style=\"font-weight: 400;\" aria-level=\"1\"><b>Kontod<\/b><span style=\"font-weight: 400;\">: bilansi read tulevad reaalsetest kontoplaani kontodest<\/span><\/li>\n<li style=\"font-weight: 400;\" aria-level=\"1\"><b>Tasemed<\/b><span style=\"font-weight: 400;\">: bilanssi disainides koostatakse read vastavalt tasemetele, kus:\u00a0<\/span>\n<ul>\n<li style=\"font-weight: 400;\" aria-level=\"2\"><span style=\"font-weight: 400;\">1. tase on peamine<\/span><\/li>\n<li style=\"font-weight: 400;\" aria-level=\"2\"><span style=\"font-weight: 400;\">j\u00e4rgnevad tasemed (2. Ja 3. jne) on k\u00f5ik madalamad tasemed<\/span><\/li>\n<\/ul>\n<\/li>\n<li style=\"font-weight: 400;\" aria-level=\"1\"><b>Kokku read<\/b><span style=\"font-weight: 400;\">: need arvutatakse 1. taseme ridade summast<\/span><\/li>\n<li style=\"font-weight: 400;\" aria-level=\"1\"><b>Muud read<\/b><span style=\"font-weight: 400;\">: nende hulka kuuluvad k\u00f5ik muud v\u00e4\u00e4rtused, valemite abil arvutatud read ning t\u00fchjad read<\/span><\/li>\n<\/ul>\n<p><span style=\"font-weight: 400;\">Moodulis on erinevad lahtrid, mida tuleb t\u00e4ita. J\u00e4rgnevalt kirjeldame lahtrite p\u00f5him\u00f5tted lahti:\u00a0<\/span><\/p>\n<ul>\n<li style=\"font-weight: 400;\" aria-level=\"1\"><b>Nimi<\/b><span style=\"font-weight: 400;\">: siia kirjutad konto nime, mis tuleb kontoplaanist<\/span>\n<ul>\n<li style=\"font-weight: 400;\" aria-level=\"2\"><span style=\"font-weight: 400;\">Kui see rida on kontode vahemik, siis <\/span><span style=\"font-weight: 400;\">j\u00e4ta see rida t\u00fchjaks <\/span><span style=\"font-weight: 400;\">(sest sel juhul tuleb nimi konto nimest)<\/span><\/li>\n<\/ul>\n<\/li>\n<li style=\"font-weight: 400;\" aria-level=\"1\"><b>Indeks<\/b><span style=\"font-weight: 400;\">: n\u00e4itab, millises positsioonis element v\u00e4ljav\u00f5ttel on, see peab vastama kontovahemikule.\u00a0<\/span>\n<ul>\n<li style=\"font-weight: 400;\" aria-level=\"2\"><span style=\"font-weight: 400;\">Kui p\u00f5hitasemel on ka madalamad tasemed, peab indeksi vahemik olema piisavalt suur, et mahutada k\u00f5iki kontovahemikke<\/span><\/li>\n<\/ul>\n<\/li>\n<li style=\"font-weight: 400;\" aria-level=\"1\"><b>Hierarhia<\/b><span style=\"font-weight: 400;\">: n\u00e4itab, mis tasemel konto on. K\u00f5ige k\u00f5rgem ehk peamine tase on 1, sealt edasi l\u00e4hevad tasemed 2,3,4 jne. <\/span><span style=\"font-weight: 400;\">Kokkuv\u00f5tvalt on konto rida k\u00f5ige viimane (kuna konto m\u00e4\u00e4ratlus v\u00e4listab kontodelt k\u00f5ik tasemed). Ehk n\u00e4iteks kui on v\u00e4hemalt \u00fcks rida, millel on 6 taset, peab igal kontol olema minimaalne hierarhia 7.<\/span><\/li>\n<li style=\"font-weight: 400;\" aria-level=\"1\"><b>Vali<\/b><span style=\"font-weight: 400;\">: siia tuleb valida k\u00f5ige k\u00f5rgema taseme konto nimi<\/span><\/li>\n<\/ul>\n<p><b>NB! Enne kui saad \u201cVali\u201d lahtrit t\u00e4ita, tuleb aruanne vahepeal salvestada ning uuesti avada, et \u201cVali\u201d lahtrisse ilmuksid loodud kontod ehk esmalt lood konto (Nime veergu) ja seej\u00e4rel salvestad aruande ning uuesti avades saad valida veerust konto.<\/b><\/p>\n<ul>\n<li style=\"font-weight: 400;\" aria-level=\"1\"><b>Kas see on koondrida?<\/b><span style=\"font-weight: 400;\">: kui see rida on konto kogusumma rida, siis vali &#8220;Jah&#8221;, kui mitte, kui ei ole kogusumma rida, siis &#8220;Ei&#8221;.<\/span><\/li>\n<li style=\"font-weight: 400;\" aria-level=\"1\"><b>Valem<\/b><span style=\"font-weight: 400;\">: m\u00e4\u00e4ra valem, kasutades selles ridadele m\u00e4\u00e4ratud numbreid (index). Liita saad eelnevaid ridasid, j\u00e4rgnevaid ridasid liita ei saa. Valemisse l\u00e4hevad v\u00e4\u00e4rtused j\u00e4rjekorranumbri alusel. N\u00e4iteks, kui oled elemendile m\u00e4\u00e4ranud j\u00e4rjekorra numbri 100, siis saad j\u00e4rgmisi v\u00e4\u00e4rtusi kasutada valemi koostamisel (sum100 \u2013 rea algsaldo, changeSum100 \u2013 rea muutus perioodis).<\/span><\/li>\n<li style=\"font-weight: 400;\" aria-level=\"1\"><b>Konto-vahemik<\/b><span style=\"font-weight: 400;\">: siia kirjuta kontovahemik ehk need kontod, milliseid kontosid see\u00a0 konto sisaldab<\/span>\n<ul>\n<li style=\"font-weight: 400;\" aria-level=\"2\"><span style=\"font-weight: 400;\">n\u00e4iteks &#8220;1100-1105&#8221;.\u00a0<\/span><\/li>\n<li style=\"font-weight: 400;\" aria-level=\"2\"><span style=\"font-weight: 400;\">Samuti v\u00f5ib kontod eraldada komadega, n\u00e4iteks\u00a0 1100, 1101,1102,1103,1104,1105 v\u00f5i siis ka 1100-1102,1103-1105.\u00a0<\/span><\/li>\n<li style=\"font-weight: 400;\" aria-level=\"2\"><span style=\"font-weight: 400;\">NB: kontovahemikku saab kasutada ainult siis, kui teie konto numbrid on numbrilised.<\/span><\/li>\n<\/ul>\n<\/li>\n<li style=\"font-weight: 400;\" aria-level=\"1\"><b>Projekt<\/b><span style=\"font-weight: 400;\">: projekti veerus saad valida projekti, et n\u00e4ha selle kogusummasid (n\u00e4iteks kasutad erinevaid ladusid ja soovid bilansis enid eraldi kuvada)<\/span><\/li>\n<\/ul>\n<p><b>NB! Kui on soov ise ehitatud bilansis n\u00e4ha projektide j\u00e4rgi mingeid andmeid, <\/b><b>siis ei saa kasutada k\u00f5iki optimeerimispluginaid!\u00a0\u00a0<\/b><\/p>\n<ul>\n<li style=\"font-weight: 400;\" aria-level=\"1\"><b>Korrutis<\/b><span style=\"font-weight: 400;\">: n\u00e4iteks soovid v\u00e4ljaminevad summad t\u00e4histada miinusm\u00e4rgiga, siis lisa lahtrisse -1\u00a0<\/span><\/li>\n<\/ul>\n<p><b>N\u00e4ide<\/b><\/p>\n<p><img loading=\"lazy\" decoding=\"async\" class=\"alignnone wp-image-33427 size-full\" src=\"https:\/\/www.erplybooks.com\/wp-content\/uploads\/2023\/08\/image1-9.png\" alt=\"\" width=\"1999\" height=\"888\" srcset=\"https:\/\/www.erplybooks.com\/wp-content\/uploads\/2023\/08\/image1-9.png 1999w, https:\/\/www.erplybooks.com\/wp-content\/uploads\/2023\/08\/image1-9-1280x569.png 1280w, https:\/\/www.erplybooks.com\/wp-content\/uploads\/2023\/08\/image1-9-980x435.png 980w, https:\/\/www.erplybooks.com\/wp-content\/uploads\/2023\/08\/image1-9-480x213.png 480w\" sizes=\"auto, (min-width: 0px) and (max-width: 480px) 480px, (min-width: 481px) and (max-width: 980px) 980px, (min-width: 981px) and (max-width: 1280px) 1280px, (min-width: 1281px) 1999px, 100vw\" \/><\/p>\n<p><span style=\"font-weight: 400;\">Kui salvestada seadistused, v\u00e4rskendada lehte ning avada bilanss uuesti, n\u00e4eme, et see n\u00e4eb v\u00e4lja j\u00e4rgnev:\u00a0<\/span><\/p>\n<p><img loading=\"lazy\" decoding=\"async\" class=\"alignnone wp-image-33433 size-full\" src=\"https:\/\/www.erplybooks.com\/wp-content\/uploads\/2023\/08\/image6-4.png\" alt=\"\" width=\"1948\" height=\"950\" srcset=\"https:\/\/www.erplybooks.com\/wp-content\/uploads\/2023\/08\/image6-4.png 1948w, https:\/\/www.erplybooks.com\/wp-content\/uploads\/2023\/08\/image6-4-1280x624.png 1280w, https:\/\/www.erplybooks.com\/wp-content\/uploads\/2023\/08\/image6-4-980x478.png 980w, https:\/\/www.erplybooks.com\/wp-content\/uploads\/2023\/08\/image6-4-480x234.png 480w\" sizes=\"auto, (min-width: 0px) and (max-width: 480px) 480px, (min-width: 481px) and (max-width: 980px) 980px, (min-width: 981px) and (max-width: 1280px) 1280px, (min-width: 1281px) 1948px, 100vw\" \/><\/p>\n","protected":false},"excerpt":{"rendered":"<p>Bilanss ERPLY Booksis &nbsp; K\u00e4esolev juhend kirjeldab bikansi \u00fclesehitust ja selle erip\u00e4rasid ERPLY Booksis. Bilansi saad avada kui valid men\u00fc\u00fcs Aruanded -&gt; Bilanss.\u00a0 Avaneb bilansi moodul, kus on erinevad v\u00f5imalused n\u00e4gemaks kas v\u00f5rdlevat kasumit, kindla perioodi kasumit, detailset bilanssi v\u00f5i 12 kuu bilanssi. NB! Juhul, kui bilansi mooduli kasutamisel ilmneb probleeme selle kiirusega, siis soovitame [&hellip;]<\/p>\n","protected":false},"author":22,"featured_media":0,"parent":3312,"menu_order":0,"comment_status":"closed","ping_status":"closed","template":"","meta":{"_et_pb_use_builder":"","_et_pb_old_content":"","_et_gb_content_width":"","footnotes":""},"categories":[451,450],"tags":[33],"class_list":["post-33396","page","type-page","status-publish","hentry","category-aruandlus","category-seadistused","tag-bilanss"],"_links":{"self":[{"href":"https:\/\/www.erplybooks.com\/et\/wp-json\/wp\/v2\/pages\/33396","targetHints":{"allow":["GET"]}}],"collection":[{"href":"https:\/\/www.erplybooks.com\/et\/wp-json\/wp\/v2\/pages"}],"about":[{"href":"https:\/\/www.erplybooks.com\/et\/wp-json\/wp\/v2\/types\/page"}],"author":[{"embeddable":true,"href":"https:\/\/www.erplybooks.com\/et\/wp-json\/wp\/v2\/users\/22"}],"replies":[{"embeddable":true,"href":"https:\/\/www.erplybooks.com\/et\/wp-json\/wp\/v2\/comments?post=33396"}],"version-history":[{"count":0,"href":"https:\/\/www.erplybooks.com\/et\/wp-json\/wp\/v2\/pages\/33396\/revisions"}],"up":[{"embeddable":true,"href":"https:\/\/www.erplybooks.com\/et\/wp-json\/wp\/v2\/pages\/3312"}],"wp:attachment":[{"href":"https:\/\/www.erplybooks.com\/et\/wp-json\/wp\/v2\/media?parent=33396"}],"wp:term":[{"taxonomy":"category","embeddable":true,"href":"https:\/\/www.erplybooks.com\/et\/wp-json\/wp\/v2\/categories?post=33396"},{"taxonomy":"post_tag","embeddable":true,"href":"https:\/\/www.erplybooks.com\/et\/wp-json\/wp\/v2\/tags?post=33396"}],"curies":[{"name":"wp","href":"https:\/\/api.w.org\/{rel}","templated":true}]}}