{"id":33393,"date":"2023-08-11T11:45:23","date_gmt":"2023-08-11T11:45:23","guid":{"rendered":"https:\/\/www.erplybooks.com\/?page_id=33393"},"modified":"2026-02-06T14:58:00","modified_gmt":"2026-02-06T14:58:00","slug":"automaatsed-teated-emailile","status":"publish","type":"page","link":"https:\/\/www.erplybooks.com\/et\/juhendid\/automaatsed-teated-emailile\/","title":{"rendered":"Automaatsed teated emailile (Halda M\u00e4rguandeid)"},"content":{"rendered":"<h1>Automaatsed teated emailile<\/h1>\n<p>ERPLY Booksis on v\u00f5imalik seadistada ka automaatsed teated, mis saadetakse m\u00e4\u00e4ratud emailile. N\u00e4ited, millistel juhtudel v\u00f5ib seda vaja minna:<\/p>\n<ul>\n<li aria-level=\"1\">Soovid korra kuus emailile saata m\u00fc\u00fcgid klientide l\u00f5ikes ettev\u00f5tte juhile.<\/li>\n<li aria-level=\"1\">Soovid saada mingit konkreetset teadet (n\u00e4iteks saada mulle email kui minu tehtud m\u00fc\u00fcgiarve l\u00e4heb \u00fcle t\u00e4htaja 3 p\u00e4eva v\u00f5i n\u00e4iteks saada mulle meeldetuletus kui ma pole arvet kinnitanud kolme p\u00e4eva jooksul p\u00e4rast p\u00e4ringut)<\/li>\n<\/ul>\n<p>Selle seadistamiseks kirjuta pealehe otsingusse\u00a0<b>\u2018\u2019Halda m\u00e4rguandeid\u2019\u2019<\/b>\u00a0ja seej\u00e4rel avaneb j\u00e4rgnev:<\/p>\n<p>&nbsp;<\/p>\n<p><img loading=\"lazy\" decoding=\"async\" class=\"alignnone wp-image-28808 size-full\" src=\"https:\/\/www.erplybooks.com\/wp-content\/uploads\/2022\/10\/Screenshot-2022-10-10-at-12.37.52.png\" sizes=\"auto, (min-width: 0px) and (max-width: 480px) 480px, (min-width: 481px) and (max-width: 980px) 980px, (min-width: 981px) and (max-width: 1280px) 1280px, (min-width: 1281px) 1884px, 100vw\" srcset=\"https:\/\/www.erplybooks.com\/wp-content\/uploads\/2022\/10\/Screenshot-2022-10-10-at-12.37.52.png 1884w, https:\/\/www.erplybooks.com\/wp-content\/uploads\/2022\/10\/Screenshot-2022-10-10-at-12.37.52-1280x419.png 1280w, https:\/\/www.erplybooks.com\/wp-content\/uploads\/2022\/10\/Screenshot-2022-10-10-at-12.37.52-980x320.png 980w, https:\/\/www.erplybooks.com\/wp-content\/uploads\/2022\/10\/Screenshot-2022-10-10-at-12.37.52-480x157.png 480w\" alt=\"\" width=\"1884\" height=\"616\" \/><\/p>\n<p>&nbsp;<\/p>\n<p>&nbsp;<\/p>\n<h2>Veergude seadistamine<\/h2>\n<p>&nbsp;<\/p>\n<p>N\u00fc\u00fcd tuleb lisada j\u00e4rgnevad reeglid:<\/p>\n<ul>\n<li><b>JSON:\u00a0<\/b>{\u201ctables\u201d:\u201dDOCUMENT\u201d,\u201doutput\u201d:\u201dDOCUMENT.DATETIME|DOCUMENT.NUMBER|DOCUMENT.SUM_NO_VAT\u201d,\u201dgroupBy\u201d:\u201d\u201d,\u201dparameters\u201d:[{\u201crules\u201d:[{\u201ctableName\u201d:\u201dDOCUMENT\u201d,\u201dfieldName\u201d:\u201dCREATE_DATETIME\u201d,\u201dreferenceType\u201d:\u201dMORE_THAN\u201d,\u201dvalue\u201d:\u201d2022-09-30T21:00:00.000Z\u201d,\u201d<b>filterName<\/b>\u201c:\u201desimene\u201d}],\u201dindex\u201d:0}]}<\/li>\n<\/ul>\n<ul>\n<li><b>Sisu<\/b>: tuleb HTML-ina kirjutada, kirjeldatud allpool<\/li>\n<li><b>E-mail:<\/b>\u00a0kuhu saadetakse teavitus<\/li>\n<li><b>Teema<\/b>: emaili pealkiri<\/li>\n<li><b>N\u00e4ita gruppides<\/b>: selle m\u00e4\u00e4ramine on vajalik sel juhul, kui soovid, et saadetavad emailid oleks erinevad ja grupeeritud kindla tunnuse j\u00e4rgi<\/li>\n<\/ul>\n<p>N\u00e4iteks soovid saata emaili k\u00f5ikidele hankijatele, siis otsitakse k\u00f5ik hankijad korraga ja reegliga m\u00e4\u00e4rad \u00e4ra, et groupValue on registrikood ja seej\u00e4rel saadetakse email k\u00f5ikidele hankijatele eraldi.<\/p>\n<ul>\n<li><b>Summa<\/b>: Saad lisada summa, mis lisatakse emaili l\u00f5ppu. Siia on vaja lisada lahtrit mida grupeerid nt. meie JSON n\u00e4ide puhul see on DOCUMENT.SUM_NO_VAT<\/li>\n<li><b>Lisa filter:\u00a0<\/b>n\u00e4iteks esimene=DATE_MINUS3 (selgitus allpool)<\/li>\n<\/ul>\n<p>L\u00f5puks salvestage muudatused ja logige kontolt v\u00e4lja ja tagasi sisse, et muudatused rakenduksid.<\/p>\n<h2>Aruannete seadistamine otse PDF URL kaudu<\/h2>\n<p>Saate seadistada aruanded, kasutades soovitud aruande PDF-URL-i.<\/p>\n<p><strong>1. URL-i lisamine<\/strong>: PDF-URL tuleb lisada JSON asemel. N\u00e4iteks: https:\/\/a2.erplybooks.com\/service\/organisations\/{organisation_id}\/export\/ar\/balanceSheet?printWithAccounts=true&amp;removeZeroValues=true&amp;getSummary=false&amp;comparativeDateFrom=2023-01-01T23%3A59%3A59&amp;comparativeDateTo=2023-12-31T23%3A59%3A59&amp;dateFrom=LAST_MONTH_BEGINNING&amp;dateTo=LAST_MONTH_END&amp;useHtml=false&amp;lang=LANGUAGE_ET<\/p>\n<p>Asendage <code>{organisation_id}<\/code> oma organisatsiooni ID-ga ja valige sobivad kuup\u00e4evad, nagu on toodud allpool.<\/p>\n<p><strong>2. Kuup\u00e4evade m\u00e4\u00e4ramine<\/strong>: URL-is tuleb m\u00e4\u00e4rata kuup\u00e4evade v\u00e4\u00e4rtused. N\u00e4iteks:<\/p>\n<ul>\n<li><strong>LAST_MONTH_BEGINNING<\/strong>: eelmise kuu algus<\/li>\n<li><strong>LAST_MONTH_END<\/strong>: eelmise kuu l\u00f5pp<\/li>\n<\/ul>\n<p>Saate valida j\u00e4rgmised v\u00e4\u00e4rtused:<\/p>\n<ul>\n<li style=\"list-style-type: none;\">\n<ul>\n<li>LAST_YEAR_BEGINNING<\/li>\n<li>LAST_YEAR_QUARTER_BEGINNING<\/li>\n<li>THIS_QUARTER_BEGINNING<\/li>\n<li>THIS_YEAR_BEGINNING<\/li>\n<li>LAST_MONTH_BEGINNING<\/li>\n<li>THIS_MONTH_BEGINNING<\/li>\n<li>LAST_YEAR_END<\/li>\n<li>LAST_YEAR_QUARTER_END<\/li>\n<li>THIS_QUARTER_END<\/li>\n<li>THIS_YEAR_END<\/li>\n<li>LAST_MONTH_END<\/li>\n<li>THIS_MONTH_END<\/li>\n<\/ul>\n<\/li>\n<\/ul>\n<ul>\n<li style=\"list-style-type: none;\"><strong>3. E-maili seadistamine<\/strong>: N\u00e4iteks, kui soovite iga kuu 25. saata aruande firma juhile, kelle e-posti aadress on m\u00e4\u00e4ratud, seadistage aruande perioodiks eelmise kuu algus ja l\u00f5pp.<\/li>\n<li style=\"list-style-type: none;\"><strong>4. Mitme aruande saatmine<\/strong>: Kui 25. kuup\u00e4eval koostatakse mitu aruannet, kus e-posti pealkiri ja saaja on samad, saadetakse k\u00f5ik failid \u00fche e-mailiga.<\/li>\n<\/ul>\n<p><img loading=\"lazy\" decoding=\"async\" class=\"alignnone size-full wp-image-35407\" src=\"https:\/\/www.erplybooks.com\/wp-content\/uploads\/2024\/10\/3.png\" alt=\"\" width=\"1821\" height=\"514\" srcset=\"https:\/\/www.erplybooks.com\/wp-content\/uploads\/2024\/10\/3.png 1821w, https:\/\/www.erplybooks.com\/wp-content\/uploads\/2024\/10\/3-1280x361.png 1280w, https:\/\/www.erplybooks.com\/wp-content\/uploads\/2024\/10\/3-980x277.png 980w, https:\/\/www.erplybooks.com\/wp-content\/uploads\/2024\/10\/3-480x135.png 480w\" sizes=\"auto, (min-width: 0px) and (max-width: 480px) 480px, (min-width: 481px) and (max-width: 980px) 980px, (min-width: 981px) and (max-width: 1280px) 1280px, (min-width: 1281px) 1821px, 100vw\" \/><\/p>\n<h2>HTML-i kirjeldamine<\/h2>\n<p>&nbsp;<\/p>\n<p>HTML koosneb erinevatest osadest, mis liidetakse hiljem kokku. Eraldusm\u00e4rgina kasutatakse\u00a0<b>|<\/b>\u00a0.<\/p>\n<p>\u00dcldiselt n\u00e4eks HTML v\u00e4lja midagi sellist:<\/p>\n<p>Sissejuhatav tekst lisa siia|FIRST:ENTITY.BILLING_NAME|&lt;table style=\u201dborder:1px solid black;width:100%;border-collapse:collapse\u201d&gt;&lt;tbody&gt;&lt;tr&gt;&lt;th&gt;Osakond&lt;\/th&gt;&lt;th&gt;Artikkel&lt;\/th&gt;&lt;th&gt;Kogus&lt;\/th&gt;&lt;\/tr&gt;|ALL:PROJECT.NAME,ARTICLE.NAME,ARTICLE_ROW.QUANTITY|&lt;\/tbody&gt;&lt;\/table&gt;|SUM:Kokku:|Emaili l\u00f5pp siia<\/p>\n<p>&nbsp;<\/p>\n<h2>HTML-i osad<\/h2>\n<p>&nbsp;<\/p>\n<p>HTML-i osade kirjeldus:<\/p>\n<ul>\n<li aria-level=\"1\"><b>FIRST<\/b>:BooksContactName \u2013 v\u00f5tab nimekirjast esimeselt objektilt v\u00e4lja BooksContactName.<\/li>\n<\/ul>\n<p>N\u00e4iteks saadate koguste v\u00f5rdlemise saldosid hankijatele ja soovite m\u00e4\u00e4rata hankija nime: &lt;table style=\u201dborder:1px solid black;width:100%;border-collapse: collapse\u201d&gt;&lt;tbody&gt;&lt;tr&gt;&lt;th&gt;Veerg 1 nimi&lt;\/th&gt;&lt;th&gt;Veerg 2 nimi&lt;\/th&gt;&lt;th&gt;Veerg 3 nimi&lt;\/th&gt;&lt;\/tr&gt;\u00a0<b>\u2013 see on tabeli stiil ja p\u00e4ised.<\/b><\/p>\n<ul>\n<li aria-level=\"1\"><b>ALL<\/b>:BooksWarehouse,categoryName,purchasedQuantity \u2013 ALL t\u00e4hendab, et tabelisse lisatakse k\u00f5ik read<\/li>\n<\/ul>\n<p>Stiilina lisab tavap\u00e4rase &lt;td style=\u201dtext-align:right;border:1px solid black;border-collapse: collapse\u201d&gt;<\/p>\n<p>&lt;\/tbody&gt;&lt;\/table&gt; \u2013<b>\u00a0see on tabeli l\u00f5pp<\/b><\/p>\n<ul>\n<li aria-level=\"1\"><b>SUM<\/b>:Kokku: \u2013 kui Sul on seadistatud summeeriv v\u00e4\u00e4rtus, siis p\u00e4rast \u201cSUM:\u201d v\u00e4\u00e4rtust lisab selle, mis sinna kirjutatud on ja selle j\u00e4rgi summeeritud numbri, antud summat ei \u00fcmardata. N\u00e4iteks kui summa oleks 2482.00, siis oleks v\u00e4\u00e4rtus \u201cKokku: 2482.00\u201d<\/li>\n<\/ul>\n<p>Toome konkreetsema n\u00e4itena HTML-i kirjelduse v\u00e4lja juhul kui soovid saata tabeli kliendile, kus on n\u00e4ha dokumendi number, dokumendi kuup\u00e4ev ja dokumendi summa.<\/p>\n<p><b>HTML tuleks koostada j\u00e4rgnevalt:\u00a0<\/b><\/p>\n<p>Tere S\u00fcgis O\u00dc &lt;br&gt;&lt;br&gt;Saadame uued dokumendid. |&lt;br&gt;&lt;br&gt;&lt;table style=\u201dborder:1px solid black;width:100%;border-collapse: collapse\u201d&gt;&lt;tbody&gt;&lt;tr&gt;&lt;th&gt;Dokumendi number &lt;\/th&gt;&lt;th&gt;Kuup\u00e4ev&lt;\/th&gt;&lt;th&gt;Summa&lt;\/th&gt;&lt;\/tr&gt;|ALL:DOCUMENT.NUMBER,DOCUMENT.DATETIME,DOCUMENT.SUM_NO_VAT|&lt;\/tbody&gt;&lt;\/table&gt;&lt;br&gt;&lt;br&gt;|SUM:Kokku:\u00a0|&lt;br&gt;&lt;br&gt;Soovime teile ilusat p\u00e4eva, &lt;br&gt;&lt;br&gt;Teie Kevad O\u00dc<\/p>\n<p><b>Emailis n\u00e4eks see v\u00e4lja j\u00e4rgnevalt:\u00a0<\/b><\/p>\n<p>Tere S\u00fcgis O\u00dc<\/p>\n<p>Saadame uued dokumendid.<\/p>\n<table>\n<tbody>\n<tr>\n<td>\u00a0Dokumendi number<\/td>\n<td>\u00a0Kuup\u00e4ev<\/td>\n<td>\u00a0Summa<\/td>\n<\/tr>\n<tr>\n<td>1209494<\/td>\n<td>06.10.2022<\/td>\n<td>100.00<\/td>\n<\/tr>\n<tr>\n<td>1127727<\/td>\n<td>07.10.2022<\/td>\n<td>200.00<\/td>\n<\/tr>\n<\/tbody>\n<\/table>\n<p>Kokku: 300.00<\/p>\n<p>Soovime teile ilusat p\u00e4eva,<\/p>\n<p>Teie Kevad O\u00dc<\/p>\n<p>&nbsp;<\/p>\n<p>&nbsp;<\/p>\n<h2>Kuidas m\u00e4\u00e4rata \u2018\u2019Lisa filter\u2019\u2019 veergu?<\/h2>\n<p>&nbsp;<\/p>\n<p>Kuna emaili sisu ja tabel koostatakse vastavalt sellele, millised filtrid Aruandegeneraatoris m\u00e4\u00e4ratakse, siis peavad k\u00f5ik filtrid, mis generaatoris m\u00e4\u00e4ratakse ja mida s\u00fcsteem peab muutma,\u00a0 olema m\u00e4\u00e4ratud vastavalt reeglitele\u00a0<b>filterName<\/b>\u00a0juurde. Selle kaudu teab s\u00fcsteem, millist filtrit muuta.<\/p>\n<p>N\u00e4iteks tahad otsida uusi lepinguid, seega on kindlasti v\u00e4hemalt kaks filtrit Aruandegeneraatoris:<\/p>\n<ol>\n<li aria-level=\"1\">T\u00fc\u00fcp = leping<\/li>\n<li aria-level=\"1\">Loomiskuup\u00e4ev = hiljem kui v\u00f5rdne t\u00e4nane kuup\u00e4ev.<\/li>\n<\/ol>\n<p>Seega t\u00fc\u00fcbi filtrit muuta ei soovi, aga kuup\u00e4eva peab s\u00fcsteem m\u00e4\u00e4rama t\u00e4nase.<\/p>\n<p>&nbsp;<\/p>\n<h3>Filtrid, mida on v\u00f5imalik muuta<\/h3>\n<p>&nbsp;<\/p>\n<p><b>MONTH, YEAR<\/b>\u00a0ja\u00a0<b>DAY<\/b> on m\u00f5eldud indeksitele, kus v\u00e4\u00e4rtus ongi kuu, aasta v\u00f5i p\u00e4ev.<\/p>\n<h4><\/h4>\n<h4>1. Kuup\u00e4evad<\/h4>\n<ul>\n<li aria-level=\"1\"><b>DATE<\/b>\u00a0\u2013 m\u00f5eldud neile, kus on kuup\u00e4eva muutmine<\/li>\n<\/ul>\n<p>Need tagastavad t\u00e4ieliku kuup\u00e4eva stringina vormingus, mis on m\u00e4\u00e4ratud s\u00fcsteemis (nt\u00a0dd.MM.yyyy v\u00f5i yyyy-MM-dd)<\/p>\n<ul>\n<li><strong>CURRENT_DATE<\/strong> \u2013 tagastab praeguse kuup\u00e4eva (nt 06.02.2026 v\u00f5i 2026-02-06 )<\/li>\n<\/ul>\n<p>Kuup\u00e4eva saab ka liita ning lahutada. Selleks on vaja <strong>DATE <\/strong>juurde lisada <strong>_PLUS&lt;n&gt;<\/strong> (liitmisel)<strong> v\u00f5i _MINUS&lt;n&gt;\u00a0<\/strong>(lahutamisel)<\/p>\n<p>N\u00e4ited:<\/p>\n<ul>\n<li aria-level=\"1\">DATE_PLUS1 \u2013 lisab \u00fche p\u00e4eva (06.02.2026 \u2192 07.02.2026)<\/li>\n<li>DATE_MINUS10 \u2013 v\u00f5tab kuup\u00e4eva, mis oli 10 p\u00e4eva tagasi<\/li>\n<\/ul>\n<p>Kuup\u00e4evade m\u00e4rkimisel on v\u00f5imalik tagastada kuu algus- v\u00f5i l\u00f5ppkuup\u00e4eva.<\/p>\n<ul>\n<li>MONTH_BEGINNING&lt;n&gt; \u2013 tagastab <strong>esimese<\/strong> p\u00e4eva kuup\u00e4eva kuust, mis on <strong>n<\/strong> kuud tagasi\n<ul>\n<li>MONTH_BEGINNING1 \u2192 tagastab eelneva kuu esimese p\u00e4eva<\/li>\n<\/ul>\n<\/li>\n<li>MONTH_END&lt;n&gt; \u2013 tagastab <strong>viimase<\/strong> p\u00e4eva kuup\u00e4eva kuust, mis on n kuud tagasi\n<ul>\n<li>MONTH_END0 \u2192 tagastab praeguse\u00a0 kuu viimase p\u00e4eva<\/li>\n<\/ul>\n<\/li>\n<\/ul>\n<p>Samuti on vajadusel v\u00f5imalik lahutada ka tunde (<strong>MINUS_HOURS&lt;n&gt;<\/strong>), ehk lahutab <strong>n\u00a0<\/strong> tundi praegusest ajast. Kui lahutate piisavalt tunde, et minna \u00fcle kesk\u00f6\u00f6, muutub ka kuup\u00e4ev!<\/p>\n<p>N\u00e4ited:<\/p>\n<ul>\n<li>MINUS_HOURS2 \u2013 v\u00f5tab 2 tundi \u00e4ra (2026-02-06 01:00 \u2192 2026-02-05)<\/li>\n<\/ul>\n<h4><\/h4>\n<h4>2. Numbrid<\/h4>\n<ul>\n<li aria-level=\"1\"><b>CURRENT_MONTH, CURRENT_YEAR ja CURRENT_DAY<\/b> \u2013 antud v\u00e4\u00e4rtused n\u00e4itavad, mis kajastavad t\u00e4nast kuud, aastat v\u00f5i p\u00e4eva (kus pole plussi ja miinust)<\/li>\n<\/ul>\n<p>Nagu ka kuup\u00e4eva puhul, saab numbrites samamoodi liita ja lahutada (n\u00e4iteks mitu p\u00e4eva\/kuud\/aastat tagasi\/edasi tahad minna). Ehk siis <b>MONTH, YEAR ja<\/b>\u00a0<b>DAY <\/b>juurde lisatakse <strong>_PLUS&lt;n&gt; <\/strong>(liitmisel) v\u00f5i <strong>_MINUS&lt;n&gt;<\/strong>\u00a0(lahutamisel)<\/p>\n<p>N\u00e4ited:<\/p>\n<ul>\n<li aria-level=\"1\">DAY_PLUS7 \u2013 v\u00f5tab p\u00e4eva n\u00e4dala aja p\u00e4rast<\/li>\n<li aria-level=\"1\">MONTH_MINUS2 \u2013 v\u00f5tab \u00fcleeelmise kuu<\/li>\n<\/ul>\n<p><b>\u00a0Erandid:\u00a0<\/b><\/p>\n<ul>\n<li aria-level=\"1\">Kui on m\u00e4\u00e4ratud CURRENT_YEAR ja MONTH_MINUS ja kuuks valiti 12, siis aastaarvuks v\u00f5etakse -1, sest MONTH_MINUS \u00fctleb, et mine mingid kuud tagasi. Seega kui tuli eelmise aasta detsember, siis peab ka aasta muutuma.<\/li>\n<li aria-level=\"1\">Analoogselt kui on CURRENT_YEAR ja MONTH_PLUS ja kuu v\u00e4\u00e4rtuseks tuleb +1, siis aastale lisatakse samuti +1.<\/li>\n<\/ul>\n<h2><\/h2>\n<h2><\/h2>\n<h2><b>filterName<\/b> kasutus otse Aruandegeneraatoris<\/h2>\n<p>Lisaks saab <strong>filterName<\/strong>\u2019i kasutada ka otse Aruandegeneraatoris (Report Generator), mitte ainult m\u00e4rguannete haldamises. Selleks tuleb avada Aruandegeneraatori (Aruanded \u2192 Aruandegeneraator ) ning vajutada nupule:\u00a0<strong>Muud v\u00f5imalused<\/strong>.<\/p>\n<p><img loading=\"lazy\" decoding=\"async\" class=\"alignnone size-full wp-image-36896\" src=\"https:\/\/www.erplybooks.com\/wp-content\/uploads\/2026\/02\/Muud-voimalused.png\" alt=\"\" width=\"816\" height=\"100\" srcset=\"https:\/\/www.erplybooks.com\/wp-content\/uploads\/2026\/02\/Muud-voimalused.png 816w, https:\/\/www.erplybooks.com\/wp-content\/uploads\/2026\/02\/Muud-voimalused-480x59.png 480w\" sizes=\"auto, (min-width: 0px) and (max-width: 480px) 480px, (min-width: 481px) 816px, 100vw\" \/><\/p>\n<p>Pealse seda avaneb filtrites 4. lahter (Eelnevalt tuleb lisada filter)\u00a0 nimega: <strong>Nimi<\/strong><\/p>\n<p><img loading=\"lazy\" decoding=\"async\" class=\"alignnone size-full wp-image-36902\" src=\"https:\/\/www.erplybooks.com\/wp-content\/uploads\/2026\/02\/neljas-lahter.png\" alt=\"\" width=\"1583\" height=\"409\" srcset=\"https:\/\/www.erplybooks.com\/wp-content\/uploads\/2026\/02\/neljas-lahter.png 1583w, https:\/\/www.erplybooks.com\/wp-content\/uploads\/2026\/02\/neljas-lahter-1280x331.png 1280w, https:\/\/www.erplybooks.com\/wp-content\/uploads\/2026\/02\/neljas-lahter-980x253.png 980w, https:\/\/www.erplybooks.com\/wp-content\/uploads\/2026\/02\/neljas-lahter-480x124.png 480w\" sizes=\"auto, (min-width: 0px) and (max-width: 480px) 480px, (min-width: 481px) and (max-width: 980px) 980px, (min-width: 981px) and (max-width: 1280px) 1280px, (min-width: 1281px) 1583px, 100vw\" \/><\/p>\n<h3><\/h3>\n<h3>N\u00e4ide<\/h3>\n<p>Antud n\u00e4ites on vajalik leida Aruandegeneraatorist k\u00f5ik praeguse kuu kannete ID-d (Kanded.ID). Selle probleemi lahendamiseks tuleb lisada 2 filtrit, mis m\u00e4\u00e4ravad \u00f5ige ajavahemiku. Antud n\u00e4itel oli vajalik k\u00e4tte saada k\u00f5ik veebruarikuu kannete ID-d. Kuid juba kuu aja p\u00e4rast oleksid antud kuup\u00e4eva filtrid valed ning <strong>Kuup\u00e4eva\u00a0<\/strong>lahtrid oleks vaja muuta m\u00e4rtsi peale.\u00a0 Antud probleemi automatiseerimiseks saab kasutada 4. lahtrit, kuhu lisatakse <strong>MONTH_BEGINNING0<\/strong> ja <strong>MONTH_END0<\/strong>. Selle kasutamisel pole enam vaja enam <strong>Kuup\u00e4eva\u00a0<\/strong>lahtrit muuta ehk \u00f5ige kuu valimine toimub automaatselt.<\/p>\n<p>&nbsp;<\/p>\n<p><img loading=\"lazy\" decoding=\"async\" class=\"alignnone size-full wp-image-36908\" src=\"https:\/\/www.erplybooks.com\/wp-content\/uploads\/2026\/02\/Naide.png\" alt=\"\" width=\"1572\" height=\"469\" srcset=\"https:\/\/www.erplybooks.com\/wp-content\/uploads\/2026\/02\/Naide.png 1572w, https:\/\/www.erplybooks.com\/wp-content\/uploads\/2026\/02\/Naide-1280x382.png 1280w, https:\/\/www.erplybooks.com\/wp-content\/uploads\/2026\/02\/Naide-980x292.png 980w, https:\/\/www.erplybooks.com\/wp-content\/uploads\/2026\/02\/Naide-480x143.png 480w\" sizes=\"auto, (min-width: 0px) and (max-width: 480px) 480px, (min-width: 481px) and (max-width: 980px) 980px, (min-width: 981px) and (max-width: 1280px) 1280px, (min-width: 1281px) 1572px, 100vw\" \/><\/p>\n","protected":false},"excerpt":{"rendered":"<p>Automaatsed teated emailile ERPLY Booksis on v\u00f5imalik seadistada ka automaatsed teated, mis saadetakse m\u00e4\u00e4ratud emailile. N\u00e4ited, millistel juhtudel v\u00f5ib seda vaja minna: Soovid korra kuus emailile saata m\u00fc\u00fcgid klientide l\u00f5ikes ettev\u00f5tte juhile. Soovid saada mingit konkreetset teadet (n\u00e4iteks saada mulle email kui minu tehtud m\u00fc\u00fcgiarve l\u00e4heb \u00fcle t\u00e4htaja 3 p\u00e4eva v\u00f5i n\u00e4iteks saada mulle meeldetuletus [&hellip;]<\/p>\n","protected":false},"author":22,"featured_media":0,"parent":3312,"menu_order":0,"comment_status":"closed","ping_status":"closed","template":"","meta":{"_et_pb_use_builder":"","_et_pb_old_content":"","_et_gb_content_width":"","footnotes":""},"categories":[450],"tags":[1245],"class_list":["post-33393","page","type-page","status-publish","hentry","category-seadistused","tag-automaatsed-teated"],"_links":{"self":[{"href":"https:\/\/www.erplybooks.com\/et\/wp-json\/wp\/v2\/pages\/33393","targetHints":{"allow":["GET"]}}],"collection":[{"href":"https:\/\/www.erplybooks.com\/et\/wp-json\/wp\/v2\/pages"}],"about":[{"href":"https:\/\/www.erplybooks.com\/et\/wp-json\/wp\/v2\/types\/page"}],"author":[{"embeddable":true,"href":"https:\/\/www.erplybooks.com\/et\/wp-json\/wp\/v2\/users\/22"}],"replies":[{"embeddable":true,"href":"https:\/\/www.erplybooks.com\/et\/wp-json\/wp\/v2\/comments?post=33393"}],"version-history":[{"count":0,"href":"https:\/\/www.erplybooks.com\/et\/wp-json\/wp\/v2\/pages\/33393\/revisions"}],"up":[{"embeddable":true,"href":"https:\/\/www.erplybooks.com\/et\/wp-json\/wp\/v2\/pages\/3312"}],"wp:attachment":[{"href":"https:\/\/www.erplybooks.com\/et\/wp-json\/wp\/v2\/media?parent=33393"}],"wp:term":[{"taxonomy":"category","embeddable":true,"href":"https:\/\/www.erplybooks.com\/et\/wp-json\/wp\/v2\/categories?post=33393"},{"taxonomy":"post_tag","embeddable":true,"href":"https:\/\/www.erplybooks.com\/et\/wp-json\/wp\/v2\/tags?post=33393"}],"curies":[{"name":"wp","href":"https:\/\/api.w.org\/{rel}","templated":true}]}}