{"id":33184,"date":"2023-08-10T08:38:14","date_gmt":"2023-08-10T08:38:14","guid":{"rendered":"https:\/\/www.erplybooks.com\/?page_id=33184"},"modified":"2023-08-10T12:16:22","modified_gmt":"2023-08-10T12:16:22","slug":"telema-integratsioon","status":"publish","type":"page","link":"https:\/\/www.erplybooks.com\/et\/telema-integratsioon\/","title":{"rendered":"Telema integratsioon"},"content":{"rendered":"<h1><span style=\"font-weight: 400;\">Telema integratsiooni seadistamine<\/span><\/h1>\n<p>&nbsp;<\/p>\n<p><span style=\"font-weight: 400;\">N\u00fc\u00fcdsest on ERPLY Booksil integratsioon Telema eFlow teenusega. Kasutades ERPLY Booksi ja Telema eFlow integratsiooni on v\u00f5imalik s\u00fcnkroniseerida ERPLY Booksi ostudokumente.\u00a0<\/span><\/p>\n<p><span style=\"font-weight: 400;\">Integratsiooni seadistamiseks mine S\u00e4tted -&gt; Integratsioonid ning otsi \u00fcles Telema integratsioon ja seej\u00e4rel vajuta \u201cHalda\u201d nuppu.<\/span><\/p>\n<p>&nbsp;<\/p>\n<p><img loading=\"lazy\" decoding=\"async\" class=\"alignnone size-full wp-image-33197\" src=\"https:\/\/www.erplybooks.com\/wp-content\/uploads\/2023\/08\/image3-4.png\" alt=\"\" width=\"1999\" height=\"140\" srcset=\"https:\/\/www.erplybooks.com\/wp-content\/uploads\/2023\/08\/image3-4.png 1999w, https:\/\/www.erplybooks.com\/wp-content\/uploads\/2023\/08\/image3-4-1280x90.png 1280w, https:\/\/www.erplybooks.com\/wp-content\/uploads\/2023\/08\/image3-4-980x69.png 980w, https:\/\/www.erplybooks.com\/wp-content\/uploads\/2023\/08\/image3-4-480x34.png 480w\" sizes=\"auto, (min-width: 0px) and (max-width: 480px) 480px, (min-width: 481px) and (max-width: 980px) 980px, (min-width: 981px) and (max-width: 1280px) 1280px, (min-width: 1281px) 1999px, 100vw\" \/><\/p>\n<p><span style=\"font-weight: 400;\">Seej\u00e4rel avaneb aken, kuhu on vaja sisestada Telema kasutajakood ja API v\u00f5ti. Need andmed leiad Telemast. Kui andmed sisestatud, siis vajuta kindlasti \u201cSalvesta\u201d.<\/span><\/p>\n<p>&nbsp;<\/p>\n<p><img loading=\"lazy\" decoding=\"async\" class=\"alignnone wp-image-33185\" src=\"https:\/\/www.erplybooks.com\/wp-content\/uploads\/2023\/08\/image1-7.png\" alt=\"\" width=\"400\" height=\"266\" \/><\/p>\n<p><span style=\"font-weight: 400;\">N\u00fc\u00fcd, kui \u00fchendus EPRLY Booksi ja Telema vahel on loodud, siis saab andmeid s\u00fcnkroniseerida. Selleks vajuta Integratsioonide all \u201cS\u00fcnkroniseeri\u201d nuppu.\u00a0<\/span><\/p>\n<p><span style=\"font-weight: 400;\">Telemast andmete s\u00fcnkroniseerimist on v\u00f5imalik m\u00e4\u00e4rata ka automaatseks. Selleks otsi pealehelt \u201cAutomatic sync for integrations\u201d moodul ja lisa rida Telema integratsiooni kohta, valides t\u00fc\u00fcbi lahtrisse \u201cPARTNER_TELEMA\u201d<\/span><\/p>\n<p>&nbsp;<\/p>\n<p><img loading=\"lazy\" decoding=\"async\" class=\"alignnone wp-image-33191\" src=\"https:\/\/www.erplybooks.com\/wp-content\/uploads\/2023\/08\/image2-6.png\" alt=\"\" width=\"697\" height=\"268\" \/><\/p>\n","protected":false},"excerpt":{"rendered":"<p>Telema integratsiooni seadistamine &nbsp; N\u00fc\u00fcdsest on ERPLY Booksil integratsioon Telema eFlow teenusega. Kasutades ERPLY Booksi ja Telema eFlow integratsiooni on v\u00f5imalik s\u00fcnkroniseerida ERPLY Booksi ostudokumente.\u00a0 Integratsiooni seadistamiseks mine S\u00e4tted -&gt; Integratsioonid ning otsi \u00fcles Telema integratsioon ja seej\u00e4rel vajuta \u201cHalda\u201d nuppu. &nbsp; Seej\u00e4rel avaneb aken, kuhu on vaja sisestada Telema kasutajakood ja API v\u00f5ti. Need [&hellip;]<\/p>\n","protected":false},"author":24,"featured_media":0,"parent":0,"menu_order":0,"comment_status":"closed","ping_status":"closed","template":"","meta":{"_et_pb_use_builder":"","_et_pb_old_content":"","_et_gb_content_width":"","footnotes":""},"categories":[459],"tags":[750,1244],"class_list":["post-33184","page","type-page","status-publish","hentry","category-integratsioonid","tag-integratsioon-2","tag-telema-2"],"_links":{"self":[{"href":"https:\/\/www.erplybooks.com\/et\/wp-json\/wp\/v2\/pages\/33184","targetHints":{"allow":["GET"]}}],"collection":[{"href":"https:\/\/www.erplybooks.com\/et\/wp-json\/wp\/v2\/pages"}],"about":[{"href":"https:\/\/www.erplybooks.com\/et\/wp-json\/wp\/v2\/types\/page"}],"author":[{"embeddable":true,"href":"https:\/\/www.erplybooks.com\/et\/wp-json\/wp\/v2\/users\/24"}],"replies":[{"embeddable":true,"href":"https:\/\/www.erplybooks.com\/et\/wp-json\/wp\/v2\/comments?post=33184"}],"version-history":[{"count":0,"href":"https:\/\/www.erplybooks.com\/et\/wp-json\/wp\/v2\/pages\/33184\/revisions"}],"wp:attachment":[{"href":"https:\/\/www.erplybooks.com\/et\/wp-json\/wp\/v2\/media?parent=33184"}],"wp:term":[{"taxonomy":"category","embeddable":true,"href":"https:\/\/www.erplybooks.com\/et\/wp-json\/wp\/v2\/categories?post=33184"},{"taxonomy":"post_tag","embeddable":true,"href":"https:\/\/www.erplybooks.com\/et\/wp-json\/wp\/v2\/tags?post=33184"}],"curies":[{"name":"wp","href":"https:\/\/api.w.org\/{rel}","templated":true}]}}