{"id":3312,"date":"2017-02-08T14:35:01","date_gmt":"2017-02-08T14:35:01","guid":{"rendered":"http:\/\/www.erplybooks.com\/?page_id=3312\/"},"modified":"2026-04-29T08:16:30","modified_gmt":"2026-04-29T08:16:30","slug":"juhendid","status":"publish","type":"page","link":"https:\/\/www.erplybooks.com\/et\/juhendid\/","title":{"rendered":"Juhendid"},"content":{"rendered":"<p>[et_pb_section fb_built=&#8221;1&#8243; admin_label=&#8221;section&#8221; _builder_version=&#8221;3.22&#8243;][et_pb_row admin_label=&#8221;row&#8221; _builder_version=&#8221;3.25&#8243; background_size=&#8221;initial&#8221; background_position=&#8221;top_left&#8221; background_repeat=&#8221;repeat&#8221;][et_pb_column type=&#8221;4_4&#8243; _builder_version=&#8221;3.25&#8243; custom_padding=&#8221;|||&#8221; custom_padding__hover=&#8221;|||&#8221;][et_pb_text admin_label=&#8221;Text&#8221; _builder_version=&#8221;4.9.7&#8243; background_size=&#8221;initial&#8221; background_position=&#8221;top_left&#8221; background_repeat=&#8221;repeat&#8221; hover_enabled=&#8221;0&#8243; text_text_color=&#8221;#000000&#8243; header_text_color=&#8221;#5BC0DE&#8221; sticky_enabled=&#8221;0&#8243;]<\/p>\n<h4><strong>Seadistused<\/strong><\/h4>\n<p><a href=\"https:\/\/www.erplybooks.com\/et\/registreerumine\/\">Registreerumine<\/a><br \/>\n<a href=\"https:\/\/www.erplybooks.com\/et\/hinnakirja-seadistused-erply-booksis\/\">Hinnakirja seadistused<\/a><br \/>\n<a href=\"https:\/\/www.erplybooks.com\/et\/tellimuse-lopetamine\/\">Tellimuse l\u00f5petamine<\/a><br \/>\n<a href=\"https:\/\/www.erplybooks.com\/et\/juhendid\/kasutajate-haldus\/\">Kasutajate haldus<\/a><br \/>\n<a href=\"https:\/\/www.erplybooks.com\/et\/juhendid\/alustamine-nullbilansiga\/\">Alustamine nullbilansiga<\/a><br \/>\n<a href=\"https:\/\/www.erplybooks.com\/et\/dokumentatsioon\/andmete-importimine-erply-booksis\/\">Andmete importimine<\/a><br \/>\n<a href=\"https:\/\/www.erplybooks.com\/et\/juhendid\/kontaktide-haldamine-erply-booksis\/\">Kontaktide haldamine<\/a><br \/>\n<a href=\"https:\/\/www.erplybooks.com\/et\/kaibemaksu-liigid\/\">K\u00e4ibemaksu liigid<\/a><br \/>\n<a href=\"https:\/\/www.erplybooks.com\/et\/juhendid\/poordkaibemaks-erply-booksis\/\">P\u00f6\u00f6rdk\u00e4ibemaks<\/a><br \/>\n<a href=\"https:\/\/www.erplybooks.com\/et\/juhendid\/projektid-erply-booksis\/\"><span style=\"font-weight: 400;\">Projektid (dimensioonid)<\/span><\/a><br \/>\n<a href=\"https:\/\/www.erplybooks.com\/et\/dokumentatsioon\/projektigrupid\/\">Projektigrupid<\/a><br \/>\n<a href=\"https:\/\/www.erplybooks.com\/et\/dokumentatsioon\/seadistused\/uue-osakonna-lisamine\/\">Uue osakonna lisamine<\/a><br \/>\n<a href=\"https:\/\/www.erplybooks.com\/et\/juhendid\/kande-mallid\/\">Kande mallid<\/a><br \/>\n<a href=\"https:\/\/www.erplybooks.com\/et\/juhendid\/kannete-valideerimine\/\">Kannete valideerimine<\/a><br \/>\n<a href=\"https:\/\/www.erplybooks.com\/et\/juhendid\/automaatsed-kontode-reeglid-erply-booksis\/\">Automaatsed kontode reeglid<\/a><br \/>\n<a href=\"https:\/\/www.erplybooks.com\/et\/juhendid\/umardusreeglid-erply-booksis\/\">\u00dcmardusreeglid<\/a><br \/>\n<a href=\"https:\/\/www.erplybooks.com\/et\/juhendid\/lisainformatsiooni-lisamise-voimalused-moodulitesse\/\">Lisav\u00f5imalused moodulitesse<\/a><br \/>\n<a href=\"https:\/\/www.erplybooks.com\/et\/juhendid\/andmete-lukustamine\/\">Andmete lukustamine ja perioodi l\u00f5petamine<\/a><br \/>\n<a href=\"https:\/\/www.erplybooks.com\/et\/juhendid\/uldised-satted\/\">\u00dcldised s\u00e4tted<\/a><br \/>\n<a href=\"https:\/\/www.erplybooks.com\/et\/juhendid\/arveridade-uhendamine\/\">Arveridade \u00fchendamine<\/a><br \/>\n<a href=\"https:\/\/www.erplybooks.com\/et\/juhendid\/erply-booksi-ai-funktsionaalsus\/\">Erply Booksi AI-funktsionaalsus<\/a><br \/>\n<a href=\"https:\/\/www.erplybooks.com\/et\/juhendid\/lao-vahekonto\/\">Lao vahekonto ja lisanduvad kulud<\/a><br \/>\n<a href=\"https:\/\/www.erplybooks.com\/?page_id=37493\">Organisatsiooni info automaatne t\u00e4iendus<\/a><br \/>\n<a href=\"https:\/\/www.erplybooks.com\/et\/miniepoe-juhend\/\">Mini e-pood<\/a><br \/>\n<a href=\"https:\/\/www.erplybooks.com\/et\/?page_id=1954\">Kasutusjuhend (2015)<\/a><\/p>\n<h4><strong>T\u00f6\u00f6 lihtsustamise nipid<\/strong><\/h4>\n<p><a href=\"https:\/\/www.erplybooks.com\/et\/arvete-efektiivne-valimine\/\">Arvete efektiivne valimine<\/a><br \/>\n<a href=\"https:\/\/www.erplybooks.com\/et\/arvete-grupiviisiline-kinnitamine\/\">Arvete grupiviisiline kinnitamine<\/a><\/p>\n<h4><strong>M\u00fc\u00fck<\/strong><\/h4>\n<p><a href=\"https:\/\/www.erplybooks.com\/et\/juhendid\/muugiarved-erply-booksis\/\">M\u00fc\u00fcgiarved<\/a><br \/>\n<a href=\"https:\/\/www.erplybooks.com\/et\/juhendid\/kreeditarved\/\">Kreeditarved<\/a><br \/>\n<a href=\"https:\/\/www.erplybooks.com\/et\/juhendid\/ostu-muugi-artiklid-erply-booksis\/\">Ostu-m\u00fc\u00fcgi artiklid<\/a><br \/>\n<a href=\"https:\/\/www.erplybooks.com\/et\/juhendid\/arve-saatmine-e-mailiga\/\">Arve saatmine e-mailiga<\/a><br \/>\n<a href=\"https:\/\/www.erplybooks.com\/et\/juhendid\/perioodilised-arved\/\">Perioodilised arved<\/a><br \/>\n<a href=\"https:\/\/www.erplybooks.com\/et\/juhendid\/mitme-osakonnaga-kliendid\/\">\u00dcks klient, mitu osakonda &#8211; kuidas lahendada?<\/a><br \/>\n<a href=\"https:\/\/www.erplybooks.com\/et\/dokumentatsioon\/kinkekaardid-erply-booksis\/\"><span style=\"font-weight: 400;\">Kinkekaardid<\/span><\/a><br \/>\n<a href=\"https:\/\/www.erplybooks.com\/et\/juhendid\/faktooring\/\">Faktooring<\/a><br \/>\n<a href=\"https:\/\/www.erplybooks.com\/et\/dokumentatsioon\/kinnisvaramooduli-juhend\/\">Kinnisvaramoodul<\/a><\/p>\n<h4><strong>N\u00f5uete ja v\u00f5lgade haldamine<\/strong><\/h4>\n<p><a href=\"https:\/\/www.erplybooks.com\/et\/juhendid\/laekumata-arvete-meeldetuletused\/\">Laekumata arvete meeldetuletused<\/a><br \/>\n<a href=\"https:\/\/www.erplybooks.com\/et\/juhendid\/automaatsed-saldoteatised\/\"><span style=\"font-weight: 400;\">Automaatsed saldoteated<\/span><\/a><br \/>\n<a href=\"https:\/\/www.erplybooks.com\/et\/juhendid\/e-mailide-jalgimine\/\">E-mailide j\u00e4lgimine<\/a><br \/>\n<a href=\"https:\/\/www.erplybooks.com\/et\/juhendid\/laenuarvestus\/\">Laenuarvestuse juhend<\/a><\/p>\n<h4><strong>Ost<\/strong><\/h4>\n<p><a href=\"https:\/\/www.erplybooks.com\/et\/ostuarvete-postkast\/\">Ostuarvete postkast<\/a><br \/>\n<a href=\"https:\/\/www.erplybooks.com\/et\/dokumentatsioon\/arvete-kinnitamine\/\">Arvete kinnitamine<\/a><br \/>\n<a href=\"https:\/\/www.erplybooks.com\/et\/juhendid\/automaatne-loomine\/\">Ostuarvete automaatne loomine<\/a><br \/>\n<a href=\"https:\/\/www.erplybooks.com\/et\/juhendid\/kulude-periodiseerimine\/\">Kulude periodiseerimine<\/a><br \/>\n<a href=\"https:\/\/www.erplybooks.com\/et\/juhendid\/pohivarad\/\">P\u00f5hivarad<\/a><\/p>\n<h4><strong>Maksed ja ettemaksed<\/strong><\/h4>\n<p><a href=\"https:\/\/www.erplybooks.com\/et\/juhendid\/ettemaksed\/\">Ettemaksed<\/a><br \/>\n<a href=\"https:\/\/www.erplybooks.com\/et\/juhendid\/ettemakse-kaibemaks\/\">Ettemakse k\u00e4ibemaks<\/a><br \/>\n<a href=\"https:\/\/www.erplybooks.com\/et\/juhendid\/ettemaksugrupid\/\">Ettemaksugrupid<\/a><br \/>\n<a href=\"https:\/\/www.erplybooks.com\/et\/juhendid\/arvete-makstuks-markimine\/\">Arvete makstuks m\u00e4rkimine<\/a><br \/>\n<a href=\"https:\/\/www.erplybooks.com\/et\/dokumentatsioon\/erinevad-maksetuubid-erply-booksis\/\">Erinevad makset\u00fc\u00fcbid<\/a><br \/>\n<a href=\"https:\/\/www.erplybooks.com\/et\/juhendid\/maksete-ja-laekumiste-omavahelised-uhendused\/\">Maksete ja laekumiste omavahelised \u00fchendused<\/a><br \/>\n<a href=\"https:\/\/www.erplybooks.com\/et\/juhendid\/laekumiste-haldamine\/\">Laekumiste haldamine ERPLY kasutajale<\/a><br \/>\n<a href=\"https:\/\/www.erplybooks.com\/et\/tasaarveldused\/\">Tasaarveldused<\/a><\/p>\n<h4><strong>Pank<\/strong><\/h4>\n<p><a href=\"https:\/\/www.erplybooks.com\/et\/juhendid\/uue-pangakonto-lisamine\/\">Uus pangakonto<\/a><br \/>\n<a href=\"https:\/\/www.erplybooks.com\/et\/juhendid\/pangaimport-erply-booksis\/\">Pangaimport<\/a><br \/>\n<a href=\"https:\/\/www.erplybooks.com\/et\/juhendid\/pangareeglid\/\">Pangareeglid<\/a><br \/>\n<a href=\"https:\/\/www.erplybooks.com\/et\/susteemi-poolt-soovitatud-pangareeglid\/\">S\u00fcsteemi poolt soovitatud pangareeglid<\/a><br \/>\n<a href=\"https:\/\/www.erplybooks.com\/et\/juhendid\/pangavaljavotte-kohandamine-erply-booksis\/\">Pangav\u00e4ljav\u00f5tte kohandamine<\/a><br \/>\n<a href=\"https:\/\/www.erplybooks.com\/et\/automaatne-pangasaldo-kinnitamine-reconciliation\/\">Automaatne pangasaldo kinnitamine (reconciliation)<\/a><br \/>\n<a href=\"https:\/\/www.erplybooks.com\/et\/juhendid\/maksefaili-koostamine-ja-selle-eriparad-erply-booksis\/\">Maksefaili koostamine<\/a><br \/>\n<a href=\"https:\/\/www.erplybooks.com\/et\/juhendid\/maksefaili-koostamise-eriparad\/\">Maksefaili koostamise erip\u00e4rad<\/a><br \/>\n<a href=\"https:\/\/www.erplybooks.com\/et\/dokumentatsioon\/kaarditerminali-laekumised-erply-booksis\/\">Kaarditerminali laekumised<\/a><br \/>\n<a href=\"https:\/\/www.erplybooks.com\/et\/juhendid\/kaarditerminali-maksete-kinnitamine-pangas\/\">Kaarditerminali maksete kinnitamine pangas<\/a><br \/>\n<a href=\"https:\/\/www.erplybooks.com\/et\/juhendid\/viitenumbrid-erply-booksis\/\">Viitenumbrid<\/a><br \/>\n<a href=\" https:\/\/www.erplybooks.com\/et\/makselinkide-seadistamine\/\">Makselinkide seadistamine<\/a><\/p>\n<h4><strong>Palk<\/strong><\/h4>\n<p><a href=\"https:\/\/www.erplybooks.com\/et\/palgamooduli-juhendid\/\">Palgamoodul<\/a><br \/>\n<a href=\"https:\/\/www.erplybooks.com\/et\/juhendid\/tootajaga-arveldamine\/\">T\u00f6\u00f6tajaga arveldamine<\/a><\/p>\n<h4><strong>Aruandlus<\/strong><\/h4>\n<p><a href=\"https:\/\/www.erplybooks.com\/et\/juhendid\/aruandegeneraator\/\">Aruandegeneraator<\/a><br \/>\n<a href=\"https:\/\/www.erplybooks.com\/et\/juhendid\/finantsaruanded\/\">Finantsaruanded<\/a><br \/>\n<a href=\"https:\/\/www.erplybooks.com\/et\/juhendid\/koondaruanne\/\">Koondaruanne<\/a><br \/>\n<a href=\"https:\/\/www.erplybooks.com\/et\/juhendid\/arianaluutika-aruanded\/\">\u00c4rianal\u00fc\u00fctika aruanded<\/a><br \/>\n<a href=\"https:\/\/www.erplybooks.com\/et\/juhendid\/erply-muugi-ja-ostuaruannete-kompleksaruanded-erply-booksis\/\">ERPLY m\u00fc\u00fcgi- ja ostuaruannete kompleksaruanded<\/a><br \/>\n<a href=\"https:\/\/www.erplybooks.com\/et\/dokumentatsioon\/intrastat-aruanne\/\">Intrastat aruanne<\/a><br \/>\n<a href=\"https:\/\/www.erplybooks.com\/et\/juhendid\/kaibemaksuaruanne\/\">K\u00e4ibemaksuaruanne<\/a><br \/>\n<a href=\"https:\/\/www.erplybooks.com\/et\/juhendid\/eelarve-koostamine\/\">Eelarve koostamine ja j\u00e4lgimine<\/a><br \/>\n<a href=\"https:\/\/www.erplybooks.com\/sendierinevused-aruannetes\/\">Sendierinevused aruannetes<\/a><br \/>\n<a href=\"https:\/\/www.erplybooks.com\/et\/bilansi-saldod\/\">Bilansi saldod<\/a><\/p>\n<h4><strong>Valuuta<\/strong><\/h4>\n<p><a href=\"https:\/\/www.erplybooks.com\/et\/juhendid\/valuutad-erply-booksis\/\">Valuutadega arveldamine<\/a><br \/>\n<a href=\"https:\/\/www.erplybooks.com\/et\/valuutad-pangaimpordis\/\">Valuutad pangaimpordis <\/a><\/p>\n<h4><strong>Integratsioonid<\/strong><\/h4>\n<p><a href=\"https:\/\/www.erplybooks.com\/et\/erply-ladu-integratsioon\/\">Seadistamine ERPLY kasutajale<\/a><br \/>\n<a href=\"https:\/\/www.erplybooks.com\/et\/api\/\">API<\/a><br \/>\n<a href=\"https:\/\/www.erplybooks.com\/et\/partner-api\/\">Partner API<\/a><br \/>\n<a href=\"https:\/\/www.erplybooks.com\/et\/integratsioonid\/\">K\u00f5ik olemasolevad integratsioonid<\/a><\/p>\n<h4><strong>Vigade parandus<\/strong><\/h4>\n<p><a href=\"https:\/\/www.erplybooks.com\/et\/juhendid\/massmuudatuste-tegemine\/\">Massmuudatuste tegemine<\/a><br \/>\n<a href=\"https:\/\/www.erplybooks.com\/et\/dokumentatsioon\/vigade-parandus\/mis-teha-kui-bilanss-ei-klapi\/\">Mida teha, kui bilanss ei klapi?<\/a><br \/>\n<a href=\"https:\/\/www.erplybooks.com\/et\/dokumentatsioon\/pangaimpordis-ei-kuvata-koiki-tehinguid\/\">Pangaimpordis ei kuvata k\u00f5iki tehinguid<\/a><br \/>\n<a href=\"https:\/\/www.erplybooks.com\/et\/juhendid\/nouded-ostjatele-saldode-kontroll\/\">N\u00f5uded ostjatele &#8211; saldode kontroll<\/a><br \/>\n<a href=\"https:\/\/www.erplybooks.com\/et\/saldode-umardamine-kahe-komakohani\/\">Saldode \u00fcmardamine kahe komakohani<\/a><br \/>\n<a href=\"https:\/\/www.erplybooks.com\/et\/vigade-parandus\/laovaartuste-kontroll\/\">Laov\u00e4\u00e4rtuste kontroll<\/a><br \/>\n<a href=\"https:\/\/www.erplybooks.com\/et\/dokumentatsioon\/kuidas-toimida-kui-andmed-jaavad-sunkroniseerimata\/\">Kuidas toimida, kui andmed j\u00e4\u00e4vad s\u00fcnkroniseerimata?<\/a><br \/>\n<a href=\"https:\/\/www.erplybooks.com\/et\/andmete-muutmine-aruandegeneraatoris\/\">Andmete muutmine aruandegeneraatoris<\/a><br \/>\n<a href=\"https:\/\/www.erplybooks.com\/et\/juhendid\/andmete-importimine-ja-muutmine-aruandegeneraatoris\/\">Andmete importimine ja muutmine aruandegeneraatoris<\/a><\/p>\n<h4><strong>Tootmise planeerimine ja partiiarvestus<\/strong><\/h4>\n<p><a href=\"https:\/\/www.erplybooks.com\/et\/retseptide-sisestus\/\">Retseptide sisestus<\/a><br \/>\n<a href=\"https:\/\/www.erplybooks.com\/et\/juhendid\/partiipohine-laoarvestus\/\">Partiip\u00f5hine laoarvestus<\/a><br \/>\n<a href=\"https:\/\/www.erplybooks.com\/et\/artiklite-haldus-tootmisettevotetes\/\">Artiklite haldus tootmisettev\u00f5tetes<\/a><\/p>\n<h4><strong>Muu<\/strong><\/h4>\n<p><a href=\"https:\/\/www.erplybooks.com\/et\/sissetulevate-webhookide-juhend\/\">Sissetulevate Webhookide kasutusjuhend<\/a><br \/>\n<a href=\"https:\/\/www.erplybooks.com\/et\/webhooksi-seadistamise-juhend\/\">Webhooksi seadistamise juhend<\/a><\/p>\n<p>[\/et_pb_text][\/et_pb_column][\/et_pb_row][\/et_pb_section]<\/p>\n","protected":false},"excerpt":{"rendered":"<p>[et_pb_section fb_built=&#8221;1&#8243; admin_label=&#8221;section&#8221; _builder_version=&#8221;3.22&#8243;][et_pb_row admin_label=&#8221;row&#8221; _builder_version=&#8221;3.25&#8243; background_size=&#8221;initial&#8221; background_position=&#8221;top_left&#8221; background_repeat=&#8221;repeat&#8221;][et_pb_column type=&#8221;4_4&#8243; _builder_version=&#8221;3.25&#8243; custom_padding=&#8221;|||&#8221; custom_padding__hover=&#8221;|||&#8221;][et_pb_text admin_label=&#8221;Text&#8221; _builder_version=&#8221;4.9.7&#8243; background_size=&#8221;initial&#8221; background_position=&#8221;top_left&#8221; background_repeat=&#8221;repeat&#8221; hover_enabled=&#8221;0&#8243; text_text_color=&#8221;#000000&#8243; header_text_color=&#8221;#5BC0DE&#8221; sticky_enabled=&#8221;0&#8243;] Seadistused Registreerumine Hinnakirja seadistused Tellimuse l\u00f5petamine Kasutajate haldus Alustamine nullbilansiga Andmete importimine Kontaktide haldamine K\u00e4ibemaksu liigid P\u00f6\u00f6rdk\u00e4ibemaks Projektid (dimensioonid) Projektigrupid Uue osakonna lisamine Kande mallid Kannete valideerimine Automaatsed kontode reeglid \u00dcmardusreeglid Lisav\u00f5imalused moodulitesse [&hellip;]<\/p>\n","protected":false},"author":1,"featured_media":0,"parent":0,"menu_order":101,"comment_status":"closed","ping_status":"closed","template":"","meta":{"_et_pb_use_builder":"","_et_pb_old_content":"","_et_gb_content_width":"","footnotes":""},"categories":[449],"tags":[],"class_list":["post-3312","page","type-page","status-publish","hentry","category-juhendid"],"_links":{"self":[{"href":"https:\/\/www.erplybooks.com\/et\/wp-json\/wp\/v2\/pages\/3312","targetHints":{"allow":["GET"]}}],"collection":[{"href":"https:\/\/www.erplybooks.com\/et\/wp-json\/wp\/v2\/pages"}],"about":[{"href":"https:\/\/www.erplybooks.com\/et\/wp-json\/wp\/v2\/types\/page"}],"author":[{"embeddable":true,"href":"https:\/\/www.erplybooks.com\/et\/wp-json\/wp\/v2\/users\/1"}],"replies":[{"embeddable":true,"href":"https:\/\/www.erplybooks.com\/et\/wp-json\/wp\/v2\/comments?post=3312"}],"version-history":[{"count":0,"href":"https:\/\/www.erplybooks.com\/et\/wp-json\/wp\/v2\/pages\/3312\/revisions"}],"wp:attachment":[{"href":"https:\/\/www.erplybooks.com\/et\/wp-json\/wp\/v2\/media?parent=3312"}],"wp:term":[{"taxonomy":"category","embeddable":true,"href":"https:\/\/www.erplybooks.com\/et\/wp-json\/wp\/v2\/categories?post=3312"},{"taxonomy":"post_tag","embeddable":true,"href":"https:\/\/www.erplybooks.com\/et\/wp-json\/wp\/v2\/tags?post=3312"}],"curies":[{"name":"wp","href":"https:\/\/api.w.org\/{rel}","templated":true}]}}