{"id":329,"date":"2011-12-06T19:38:50","date_gmt":"2011-12-06T19:38:50","guid":{"rendered":"http:\/\/ajaveeb.margn.com\/?p=329"},"modified":"2023-06-27T08:20:45","modified_gmt":"2023-06-27T08:20:45","slug":"rahavoogude-aruanne","status":"publish","type":"page","link":"https:\/\/www.erplybooks.com\/et\/rahavoogude-aruanne\/","title":{"rendered":"Rahavoogude aruanne"},"content":{"rendered":"<p><strong>Rahavoogude aruanne on \u00fcks neljast aruandest, mis on kohustuslik kaasata ettev\u00f5tte majandusaasta aruandesse. Rahavoogude aruande kohta v\u00f5ib \u00f6elda ka, et see on k\u00f5ige keerulisem aruanne, mida nullist koostada. K\u00e4esolevas postituses anname \u00fclevaate, kuidas rahavoogude aruannet \u00fcldjuhul koostatakse ning kuidas on see Margn&#8217;s lahendatud.\u00a0<\/strong><\/p>\n<p>Rahavoogude aruanne kirjeldab seda, kuidas on organisatsiooni rahavood perioodis muutunud. Seda lahatakse kolme teguri alusel:<\/p>\n<ul>\n<li>Rahavood p\u00f5hitegevusest &#8211; rahavood, mis on otseselt seotud organisatsiooni p\u00f5hitegevusega.<\/li>\n<li>Rahavood investeerimistegevusest &#8211; rahavood, mis suunati erinevatesse investeeringutesse. Peamiselt koonduvad siia rahavood, mis on suunatud p\u00f5hivaradesse ja finantsinvesteeringutesse.<\/li>\n<li>Rahavood finantseerimistegevusest &#8211; rahavood, mis on suunatud ettev\u00f5ttele endale. Siia kuuluvad \u00fcldjuhul laenud ja omanike sissemaksed ning nendega seotud v\u00e4ljamaksed.<\/li>\n<\/ul>\n<p>Rahvusvaheliselt on kokku lepitud, et rahavoogude aruande kokkuv\u00f5te antakse j\u00e4rgmiselt:<\/p>\n<ol>\n<li>Raha ja selle ekvivalendid perioodi alul;<\/li>\n<li>Raha ja selle ekvivalentide muutus perioodis &#8211; arvutatakse p\u00f5hitegevuse, investeerimistegevuste ja finantseerimistegevuste rahavoogude summana;<\/li>\n<li>Raha ja selle ekvivalendid perioodi l\u00f5pus.<\/li>\n<\/ol>\n<p>Rahavoogude aruannet saab koostada kahel meetodil, milleks on <strong>otsene<\/strong> ja\u00a0<strong>kaudne<\/strong> meetod. Investeeringute ja finantseeringute rahavood ei erine kummagi meetodi korral. K\u00fcll aga erinevad p\u00f5hitegevuse rahavood, mis otsese meetodi korral l\u00e4htub reaalsetest rahaga seotud kannetest, kaudse meetodi puhul aga \u00e4rikasumist.<\/p>\n<p>Mis vahe on otsesel ja kaudsel rahavoogude aruandel?<\/p>\n<ul>\n<li>Otsene rahavoogude aruande koostamise meetod kasutab \u00fcksnes neid reaalselt liikunud rahalisi n\u00e4itajaid p\u00f5hitegevuse rahavoo arvutamisel: alustades klientide laekumistest ja maksetest tarnijatele kuni muude tasumisteni.<\/li>\n<li>Kaudne rahavoogude aruande koostamise meetod kasutab oma arvestuses aga \u00e4rikasumit. Kui k\u00f5ik kliendid on maksnud oma arved korralikult, k\u00f5ik tarnijate arved on tasutud, palgad jms makstud ning mitterahalisi muid tehinguid nagu amortisatsioon v\u00f5i varude arvele v\u00f5tmist (iseloodud vara) pole toimunud, siis ongi p\u00f5hitegevuse rahavooks \u00e4rikasum. Reaalsuses see aga \u00fcldjuhul paika ei pea, mist\u00f5ttu peab reaalse rahavoo jaoks \u00e4rikasumit korrigeerima. Kuna selline l\u00e4henemine arvestab kasumist maha mitterahalised kulud, ongi meetodi nimetuseks kaudne meetod.<\/li>\n<\/ul>\n<p><strong>Rahavoogude aruanne Margn&#8217;s<\/strong><\/p>\n<p>Margn&#8217;s on rahavoogude aruanne koostatud kaudsel meetodil, korrigeerides m\u00e4\u00e4ratud kontode muutuste alusel rahavoogude v\u00e4\u00e4rtusi. Rahavoogude aruanne pannakse kokku kontoplaani alusel &#8211; igale kontole on m\u00e4\u00e4ratud oma rahavoogude konto. Vaikimisi on need paika pandud Margn poolt, kuid neid saab vastavalt soovile ka muuta.<\/p>\n<p>Rahavoogude aruannet saab n\u00e4ha aruannete alt ning kohustuslikud parameetrid rahavoogude aruande genereerimisel on algus- ja l\u00f5ppkuup\u00e4ev &#8211; mis on \u00fchtlasi perioodi alguseks ja l\u00f5puks.<\/p>\n<p>&nbsp;<\/p>\n","protected":false},"excerpt":{"rendered":"<p>Rahavoogude aruanne on \u00fcks neljast aruandest, mis on kohustuslik kaasata ettev\u00f5tte majandusaasta aruandesse. Rahavoogude aruande kohta v\u00f5ib \u00f6elda ka, et see on k\u00f5ige keerulisem aruanne, mida nullist koostada. K\u00e4esolevas postituses anname \u00fclevaate, kuidas rahavoogude aruannet \u00fcldjuhul koostatakse ning kuidas on see Margn&#8217;s lahendatud.\u00a0 Rahavoogude aruanne kirjeldab seda, kuidas on organisatsiooni rahavood perioodis muutunud. Seda lahatakse [&hellip;]<\/p>\n","protected":false},"author":3,"featured_media":0,"parent":0,"menu_order":0,"comment_status":"closed","ping_status":"closed","template":"","meta":{"_et_pb_use_builder":"","_et_pb_old_content":"","_et_gb_content_width":"","footnotes":""},"categories":[15],"tags":[173,177],"class_list":["post-329","page","type-page","status-publish","hentry","category-raamatupidamine","tag-raamatupidamine","tag-rahavood"],"_links":{"self":[{"href":"https:\/\/www.erplybooks.com\/et\/wp-json\/wp\/v2\/pages\/329","targetHints":{"allow":["GET"]}}],"collection":[{"href":"https:\/\/www.erplybooks.com\/et\/wp-json\/wp\/v2\/pages"}],"about":[{"href":"https:\/\/www.erplybooks.com\/et\/wp-json\/wp\/v2\/types\/page"}],"author":[{"embeddable":true,"href":"https:\/\/www.erplybooks.com\/et\/wp-json\/wp\/v2\/users\/3"}],"replies":[{"embeddable":true,"href":"https:\/\/www.erplybooks.com\/et\/wp-json\/wp\/v2\/comments?post=329"}],"version-history":[{"count":0,"href":"https:\/\/www.erplybooks.com\/et\/wp-json\/wp\/v2\/pages\/329\/revisions"}],"wp:attachment":[{"href":"https:\/\/www.erplybooks.com\/et\/wp-json\/wp\/v2\/media?parent=329"}],"wp:term":[{"taxonomy":"category","embeddable":true,"href":"https:\/\/www.erplybooks.com\/et\/wp-json\/wp\/v2\/categories?post=329"},{"taxonomy":"post_tag","embeddable":true,"href":"https:\/\/www.erplybooks.com\/et\/wp-json\/wp\/v2\/tags?post=329"}],"curies":[{"name":"wp","href":"https:\/\/api.w.org\/{rel}","templated":true}]}}