{"id":3274,"date":"2017-02-08T14:25:23","date_gmt":"2017-02-08T14:25:23","guid":{"rendered":"http:\/\/www.erplybooks.com\/?page_id=3274\/"},"modified":"2023-07-11T07:42:08","modified_gmt":"2023-07-11T07:42:08","slug":"hinnakiri-raamatupidajale","status":"publish","type":"page","link":"https:\/\/www.erplybooks.com\/et\/hinnakiri-raamatupidajale\/","title":{"rendered":"Hinnakiri Raamatupidamisettev\u00f5ttele"},"content":{"rendered":"<p>Raamatupidaja hinnakiri on n\u00fc\u00fcd \u00fchendatud ettev\u00f5tte hinnakirjaga. Mine siia ja uuri l\u00e4hemalt: <a href=\"https:\/\/www.erplybooks.com\/et\/hinnakiri-ettevottele\/\">https:\/\/www.erplybooks.com\/et\/hinnakiri-ettevottele\/<\/a><\/p>\n","protected":false},"excerpt":{"rendered":"<p>Raamatupidaja hinnakiri on n\u00fc\u00fcd \u00fchendatud ettev\u00f5tte hinnakirjaga. Mine siia ja uuri l\u00e4hemalt: https:\/\/www.erplybooks.com\/et\/hinnakiri-ettevottele\/<\/p>\n","protected":false},"author":1,"featured_media":0,"parent":0,"menu_order":67,"comment_status":"closed","ping_status":"closed","template":"","meta":{"_et_pb_use_builder":"","_et_pb_old_content":"","_et_gb_content_width":"","footnotes":""},"categories":[1170],"tags":[847,915,466,829],"class_list":["post-3274","page","type-page","status-publish","hentry","category-hinnad","tag-ettevote","tag-hind","tag-hinnakiri","tag-raamatupidamisettevote"],"_links":{"self":[{"href":"https:\/\/www.erplybooks.com\/et\/wp-json\/wp\/v2\/pages\/3274","targetHints":{"allow":["GET"]}}],"collection":[{"href":"https:\/\/www.erplybooks.com\/et\/wp-json\/wp\/v2\/pages"}],"about":[{"href":"https:\/\/www.erplybooks.com\/et\/wp-json\/wp\/v2\/types\/page"}],"author":[{"embeddable":true,"href":"https:\/\/www.erplybooks.com\/et\/wp-json\/wp\/v2\/users\/1"}],"replies":[{"embeddable":true,"href":"https:\/\/www.erplybooks.com\/et\/wp-json\/wp\/v2\/comments?post=3274"}],"version-history":[{"count":0,"href":"https:\/\/www.erplybooks.com\/et\/wp-json\/wp\/v2\/pages\/3274\/revisions"}],"wp:attachment":[{"href":"https:\/\/www.erplybooks.com\/et\/wp-json\/wp\/v2\/media?parent=3274"}],"wp:term":[{"taxonomy":"category","embeddable":true,"href":"https:\/\/www.erplybooks.com\/et\/wp-json\/wp\/v2\/categories?post=3274"},{"taxonomy":"post_tag","embeddable":true,"href":"https:\/\/www.erplybooks.com\/et\/wp-json\/wp\/v2\/tags?post=3274"}],"curies":[{"name":"wp","href":"https:\/\/api.w.org\/{rel}","templated":true}]}}